{"id":11716,"date":"2020-06-25T09:31:11","date_gmt":"2020-06-25T09:31:11","guid":{"rendered":"https:\/\/ozonetech.com\/hamburger-menu-ozone-benefits\/"},"modified":"2024-10-11T10:04:46","modified_gmt":"2024-10-11T08:04:46","slug":"otsonin-hyodyt","status":"publish","type":"page","link":"https:\/\/ozonetech.com\/fi\/tietoa-otsonista\/otsonin-hyodyt\/","title":{"rendered":"Otsonin hy\u00f6dyt"},"content":{"rendered":"\n<section\n    class=\"block hero hero--regular\"\n    style=\"background-image: url('https:\/\/ozonetech.com\/wp-content\/uploads\/2021\/03\/about-ozone-1-1600x484.jpg'); --hero-opacity: 0.3\"\n>\n\n    <div class=\"container-fluid\">\n\n        <div class=\"content editor_content\">\n                         \n                <h2 class='h2'>Otsonin hy\u00f6dyt<\/h2>            \n                    <\/div>\n\n            <\/div>\n<\/section>\n\n\n<section class=\"component component_breadcrumbs\">\n\t<div class=\"container-fluid\">\n  \t<\/div>\n<\/section>\n\n\n<section\n    id=\"\"\n    class=\"block content-block\"\n\tstyle=\"--cb-bg: white; --cb-content: #000; padding-top: 30px; padding-bottom: 30px;\"\n>\n    \n\n<div class=\"container-fluid editor_content content content--narrow\">\n    <div class=\"row\">\n        <div class=\"col-12 editor_content\">\n            <h1>Otsonihapetusteknologian kymmenen parasta etua<\/h1>\n<p>Otsoni on kolmiatominen molekyyli, jonka kemiallinen kaava on O<sub>3<\/sub>. Se on vaaleansininen kaasu, jolla on erottuva haju, jonka useimmat ihmiset voivat havaita jopa niinkin pienin\u00e4 pitoisuuksina kuin 0,1 ppm. Luonnossa otsonia esiintyy pienin\u00e4 pitoisuuksina ja muodostuu maan ilmakeh\u00e4ss\u00e4 hapesta, ultraviolettivalon (UV) vaikutuksesta, s\u00e4hk\u00f6magneettisesta s\u00e4teilyst\u00e4 ja s\u00e4hk\u00f6purkauksista, esimerkiksi salamoista.<\/p>\n<p>Suurin otsonipitoisuus luonnossa l\u00f6ytyy on stratosf\u00e4\u00e4rin otsonikerroksesta, joka absorboi suurimman osan auringon ultraviolettis\u00e4teilyst\u00e4 (UV).<\/p>\n<p>Otsoni on my\u00f6s voimakas hapetin, joka liukenee helposti veteen ja pystyy hajottamaan monia erilaisia \u200b\u200byhdisteit\u00e4 ja mikro-organismeja. Ominaisuuksiensa vuoksi otsoni on ihanteellinen menetelm\u00e4 ilman ja veden k\u00e4sittelyyn, useimpia ep\u00e4puhtauksia vastaan. Lis\u00e4tietoja otsonin k\u00e4yt\u00f6st\u00e4 saat napsauttamalla t\u00e4t\u00e4.<\/p>\n<p>Tutkimukset osoittavat, ett\u00e4 otsoni on tehokkain tapa ilman- ja vedenk\u00e4sittelyyn, sek\u00e4 ajallisesti ett\u00e4 kustannusten n\u00e4k\u00f6kulmasta, lis\u00e4ksi sit\u00e4 voidaan soveltaa monenlaisissa teollisissa sovelluksissa. Otsonia k\u00e4ytett\u00e4ess\u00e4 kemikaalien tarve putoaa l\u00e4hes olemattomin, eik\u00e4 se j\u00e4t\u00e4 mahdollisesti haitallisia sivutuotteita tai j\u00e4\u00e4mi\u00e4. T\u00e4m\u00e4 tekee siit\u00e4 kest\u00e4vimm\u00e4n ja ymp\u00e4rist\u00f6yst\u00e4v\u00e4lliasimm\u00e4n k\u00e4sittelymenetelm\u00e4n.<\/p>\n<p>Olemme listanneet alla kymmenen t\u00e4rkeint\u00e4 hy\u00f6ty\u00e4, jotka tekev\u00e4t otsonista ihanteellisen valinnan kaikille teollisuudenaloille, jossa tarvitaan puhdasta ilmaa ja vett\u00e4:<\/p>\n<ol>\n<li>\u00a0Yli 50% tehokkaampi l\u00e4p\u00e4isem\u00e4\u00e4n bakteerikalvoja kuin kloori.<\/li>\n<li>Tappaa laajan valikoiman bakteereja yli 3000 kertaa nopeammin kuin kloori.<\/li>\n<li>Tehokas desinfiointiaine pienin\u00e4 pitoisuuksina.<\/li>\n<li>Hajoaa hapeksi, eik\u00e4 j\u00e4t\u00e4 sivutuotteita.<\/li>\n<li>FDA on hyv\u00e4ksynyt suoran kosketuksen elintarvikkeiden kanssa.<\/li>\n<li>Pident\u00e4\u00e4 useimpien elintarvikkeiden s\u00e4ilyvyytt\u00e4.<\/li>\n<li>Tehokas hajun-, maun- ja v\u00e4rinpoistoaine.<\/li>\n<li>Tuotetaan helposti ja tehokkaasti k\u00e4ytt\u00f6paikassa.<\/li>\n<li>Ihmisille helposti havaittavissa jo pieniss\u00e4 pitoisuuksissa, mik\u00e4 lis\u00e4\u00e4 turvallista k\u00e4ytt\u00f6\u00e4.<\/li>\n<li>Useimmissa maissa k\u00e4yt\u00f6ss\u00e4 on ihmisten altistumissuositukset.<\/li>\n<\/ol>\n<p>Olemme ker\u00e4nneet t\u00e4lle sivulle hy\u00f6dyllist\u00e4 perustietoa otsonista. Lue lis\u00e4\u00e4 t\u00e4\u00e4lt\u00e4.<\/p>\n        <\/div>\n    <\/div>\n<\/div>\n\n<\/section>\n","protected":false},"excerpt":{"rendered":"","protected":false},"author":21,"featured_media":0,"parent":11707,"menu_order":0,"comment_status":"closed","ping_status":"closed","template":"","meta":{"_acf_changed":false,"_seopress_robots_primary_cat":"","_seopress_titles_title":"","_seopress_titles_desc":"Otsonilla on voidaan poistaa lukematon m\u00e4\u00e4r\u00e4 eri bakteereita, yli 3000 kertaa nopeammin kuin kloorilla, mik\u00e4 s\u00e4\u00e4st\u00e4\u00e4 yrityksesi arvokasta aikaa.","_seopress_robots_index":"","inline_featured_image":false,"footnotes":""},"class_list":["post-11716","page","type-page","status-publish","hentry"],"acf":[],"_links":{"self":[{"href":"https:\/\/ozonetech.com\/fi\/wp-json\/wp\/v2\/pages\/11716","targetHints":{"allow":["GET"]}}],"collection":[{"href":"https:\/\/ozonetech.com\/fi\/wp-json\/wp\/v2\/pages"}],"about":[{"href":"https:\/\/ozonetech.com\/fi\/wp-json\/wp\/v2\/types\/page"}],"author":[{"embeddable":true,"href":"https:\/\/ozonetech.com\/fi\/wp-json\/wp\/v2\/users\/21"}],"replies":[{"embeddable":true,"href":"https:\/\/ozonetech.com\/fi\/wp-json\/wp\/v2\/comments?post=11716"}],"version-history":[{"count":16,"href":"https:\/\/ozonetech.com\/fi\/wp-json\/wp\/v2\/pages\/11716\/revisions"}],"predecessor-version":[{"id":41207,"href":"https:\/\/ozonetech.com\/fi\/wp-json\/wp\/v2\/pages\/11716\/revisions\/41207"}],"up":[{"embeddable":true,"href":"https:\/\/ozonetech.com\/fi\/wp-json\/wp\/v2\/pages\/11707"}],"wp:attachment":[{"href":"https:\/\/ozonetech.com\/fi\/wp-json\/wp\/v2\/media?parent=11716"}],"curies":[{"name":"wp","href":"https:\/\/api.w.org\/{rel}","templated":true}]}}