{"id":11707,"date":"2020-06-25T11:15:59","date_gmt":"2020-06-25T11:15:59","guid":{"rendered":"https:\/\/ozonetech.com\/hamburger-menu-about-ozone\/"},"modified":"2024-10-10T11:40:29","modified_gmt":"2024-10-10T09:40:29","slug":"tietoa-otsonista","status":"publish","type":"page","link":"https:\/\/ozonetech.com\/fi\/tietoa-otsonista\/","title":{"rendered":"Tietoa otsonista"},"content":{"rendered":"\n<section\n    class=\"block hero hero--regular\"\n    style=\"background-image: url('https:\/\/ozonetech.com\/wp-content\/uploads\/2021\/03\/about-ozone-1600x484.jpg'); --hero-opacity: 0.25\"\n>\n\n    <div class=\"container-fluid\">\n\n        <div class=\"content editor_content\">\n                         \n                <h2 class='h2'>Tietoa otsonista<\/h2>            \n                    <\/div>\n\n            <\/div>\n<\/section>\n\n\n<section class=\"component component_breadcrumbs\">\n\t<div class=\"container-fluid\">\n  \t<\/div>\n<\/section>\n\n\n<section\n    id=\"\"\n    class=\"block content-block\"\n\tstyle=\"--cb-bg: white; --cb-content: #000; padding-top: 30px; padding-bottom: 30px;\"\n>\n    \n\n<div class=\"container-fluid editor_content content content--narrow\">\n    <div class=\"row\">\n        <div class=\"col-12 editor_content\">\n            <h1>Tehokas hapettaja<\/h1>\n<p class=\"preamble\">Otsoni on eritt\u00e4in tehokas hapetusaine. Se liukenee helposti veteen ja eliminoi eritt\u00e4in hyvin mikro-organismit, jotka muodostavat ep\u00e4puhtauksia. Kun ongelma on ratkaistu, otsoni hajoaa. Menetelm\u00e4mme pakottaa otsonin reagoimaan ep\u00e4puhtauksiin ja hajottamaan ne, mink\u00e4 j\u00e4lkeen kaikki otsonij\u00e4\u00e4m\u00e4t palautuvat hapeksi.<\/p>\n<p><a href=\"https:\/\/ozonetech.com\/wp-content\/uploads\/2020\/12\/Datasheet-About-Ozone-v2.0-EN-web.pdf\" target=\"_blank\" rel=\"noopener\">Lataa tietoa otsonista pdf-tiedostona<\/a><\/p>\n        <\/div>\n    <\/div>\n<\/div>\n\n<div class=\"container-fluid editor_content\">\n    <div class=\"row\">\n        <div class=\"col-12 editor_content table-wrapper \" style=\"--table-text-color-header: #FFFFFF; --table-text-color-rows: #000000; --table-background-color-header: #5f5f5f; --table-background-color-rows-even: #efefef; --table-background-color-rows-odd: #dfdfdf; \">\n                            \n<table id=\"tablepress-171\" class=\"tablepress tablepress-id-171\" aria-describedby=\"tablepress-171-description\">\n<thead>\n<tr class=\"row-1\">\n\t<th class=\"column-1\">Kemiallinen kaava<\/th><th class=\"column-2\">O<sub>3<\/sub><\/th>\n<\/tr>\n<\/thead>\n<tbody class=\"row-striping\">\n<tr class=\"row-2\">\n\t<td class=\"column-1\">Molekyylipaino<\/td><td class=\"column-2\">47.998 g\/mol<\/td>\n<\/tr>\n<tr class=\"row-3\">\n\t<td class=\"column-1\">Tiheys, kaasu (0 \u00b0C, 101,3 kPa)<\/td><td class=\"column-2\">2.144 kg\/m<sup>3<\/sup><\/td>\n<\/tr>\n<tr class=\"row-4\">\n\t<td class=\"column-1\">Sulamispiste (101,3 kPa)<\/td><td class=\"column-2\">-192.5\u00b0C<\/td>\n<\/tr>\n<tr class=\"row-5\">\n\t<td class=\"column-1\">Kiehumispiste (101,3 kPa)<\/td><td class=\"column-2\">-111.9\u00b0C<\/td>\n<\/tr>\n<tr class=\"row-6\">\n\t<td class=\"column-1\">EU:n vaaraluokitus<\/td><td class=\"column-2\">Oxidant (O)<\/td>\n<\/tr>\n<\/tbody>\n<\/table>\n<span id=\"tablepress-171-description\" class=\"tablepress-table-description tablepress-table-description-id-171\"><\/span>\n<!-- #tablepress-171 from cache -->                                <\/div>\n    <\/div>\n<\/div>\n\n\n<div class=\"container-fluid editor_content content content--narrow\">\n    <div class=\"row\">\n        <div class=\"col-12 editor_content\">\n            <h3>Otsonin muodostumisen kemia<\/h3>\n<p>Otsonia voidaan tuottaa fotokemiallisesti UV-valolla tai s\u00e4hk\u00f6purkauksilla (koronapurkauksilla) happea t\u00e4ynn\u00e4 olevassa ymp\u00e4rist\u00f6ss\u00e4. Patentoidun tekniikkamme ansiosta laitteemme k\u00e4ytt\u00e4v\u00e4t koronapurkausten hy\u00f6tyj\u00e4 t\u00e4ysim\u00e4\u00e4r\u00e4isesti. Ilma tai happi johdetaan kahden elektrodin v\u00e4liin ja altistetaan s\u00e4hk\u00f6purkauksille. Happiatomit hajoavat silloin osittain ja muodostavat otsonia, kun vapaat happimolekyylit reagoivat l\u00e4sn\u00e4 oleviin happimolekyyleihin.<\/p>\n        <\/div>\n    <\/div>\n<\/div>\n\n\n<div class=\"container-fluid content content--narrow\">\n    <div class=\"row\">\n        <div class=\"col-md-6 order-1 editor_content \">\n            <p>Purkausenergian elektronit erottavat happimolekyylin atomit:<\/p>\n<p>O<sub>2<\/sub>\u00a0+ e<sup>&#8211;<\/sup> =&gt; O + O<\/p>\n<p>N\u00e4m\u00e4 vapaat atomit reagoivat suoraan kesken\u00e4\u00e4n tai happimolekyylien kanssa ja muodostavat otsonia:<\/p>\n<p>O<sub>2<\/sub>\u00a0+ O =&gt; O<sub>3<\/sub><\/p>\n        <\/div>\n        <div class=\"col-md-6 order-2 editor_content d-flex justify-content-center\">\n                                            <figure class=\"side-image \">\n                    <img loading=\"lazy\" decoding=\"async\" width=\"425\" height=\"320\" src=\"https:\/\/ozonetech.com\/wp-content\/uploads\/2021\/03\/ozone-molecule-e1615388404310.jpg\" class=\"attachment-full size-full\" alt=\"\" \/>                                    <\/figure>\n                    <\/div>\n    <\/div>\n<\/div>\n\n\n<div class=\"container-fluid editor_content content content--narrow\">\n    <div class=\"row\">\n        <div class=\"col-12 editor_content\">\n            <h3>Raja-arvot<\/h3>\n<p>Ruotsin ty\u00f6terveyslaitos on m\u00e4\u00e4ritt\u00e4nyt otsonille hygieeniset raja-arvot (hyv\u00e4ksytt\u00e4v\u00e4t keskim\u00e4\u00e4r\u00e4iset tasot hengitysilmassa). Kaksi k\u00e4ytetty\u00e4 p\u00e4\u00e4arvoa ovat:<\/p>\n<ul>\n<li>Tasoraja-arvo (LLV): Korkein sallittu keskim\u00e4\u00e4r\u00e4inen taso hengitysilmassa 8 tunnin aikana<\/li>\n<li>Kattoraja-arvo (CLV): Korkein sallittu keskim\u00e4\u00e4r\u00e4inen taso hengitysilmassa 15 minuutin aikana<\/li>\n<\/ul>\n<p>Otsonin tasoraja-arvo on 0,1 ppm (0,2 mg\/m<sup>3<\/sup>) ja kattoraja-arvo on 0,3 ppm (0,6 mg\/m<sup>3<\/sup>) (AFS 2015:7). Ty\u00f6terveyslaitoksen mukaan otsoni ei ole karsinogeeninen tai allergisoiva, eik\u00e4 se vaikuta lis\u00e4\u00e4ntymiskykyyn. Se ei my\u00f6sk\u00e4\u00e4n imeydy helposti ihoon.<\/p>\n<p>Yli 0,3 ppm:n otsonitasot \u00e4rsytt\u00e4v\u00e4t hengitysteit\u00e4 ja silmien limakalvoja. Noin 100 ppm:n tasot ovat vaarallisen myrkyllisi\u00e4 jo muutamassa minuutissa.<\/p>\n<div id=\"panels-ipe-paneid-414\" class=\"panels-ipe-portlet-wrapper panels-ipe-portlet-marker\">\n<div class=\"panels-ipe-portlet-content\">\n<div class=\"panel-pane pane-entity-field pane-node-body\">\n<div class=\"pane-content\">\n<div class=\"field field-name-body field-type-text-with-summary field-label-hidden\">\n<div class=\"field-items\">\n<div class=\"field-item even\">\n<p>Linkit: <a title=\"Information about ozone\" href=\"http:\/\/en.wikipedia.org\/wiki\/Ozone\" target=\"_blank\" rel=\"noopener\">Ozone (Wikipedia)<\/a>, <a title=\"Ozone limit values according to the Swedish National Board of Occupational Safety and Health\" href=\"http:\/\/www.av.se\/\" target=\"_blank\" rel=\"noopener\">Swedish National Board of Occupational Safety and Health<\/a>, <a title=\"Occupational exposure limits for ozone (AFS 2015: 7, applies Date of effect July 1, 2016)\" href=\"https:\/\/www.av.se\/arbetsmiljoarbete-och-inspektioner\/publikationer\/foreskrifter\/hygieniska-gransvarden-afs-20157-foreskrifter\/\" target=\"_blank\" rel=\"noopener\">AFS 2015:7<\/a><\/p>\n<\/div>\n<\/div>\n<\/div>\n<\/div>\n<\/div>\n<\/div>\n<\/div>\n        <\/div>\n    <\/div>\n<\/div>\n\n<\/section>\n\n\n\n<section class=\"block landing-page-grid\" style=\"--grid-bg: #fff; --grid-link: #5f5f5f; --grid-content: #000;\">\n\n    <div class=\"container-fluid grid\">\n\n                \n                    <div class=\"grid__list\">\n                                    <a class=\"item\" href=\"https:\/\/ozonetech.com\/fi\/tietoa-otsonista\/otsonin-hyodyt\/\" target=\"\">\n                        <span class=\"item__overlay\"><\/span>\n                        <span\n                            class=\"item__background-image\"\n                            style=\"background-image: url('https:\/\/ozonetech.com\/wp-content\/uploads\/2021\/03\/ozone.jpg');\"\n                        ><\/span>\n                        \n                        <span class=\"item__content\">\n                            <figure class=\"item__content--icon\">\n                                                            <\/figure>\n\n                            <span class=\"item__content--link\">\n                                <span>Otsonin hy\u00f6dyt<\/span><svg version=\"1.1\" id=\"Layer_1\" xmlns=\"http:\/\/www.w3.org\/2000\/svg\" x=\"0\" y=\"0\" viewBox=\"0 0 25 21.76\" xml:space=\"preserve\"><path fill=\"#FF691C\" d=\"M12.17 1.45l1.11-1.1c.46-.47 1.22-.47 1.68 0l9.69 9.68c.47.46.47 1.22 0 1.68l-9.69 9.69c-.46.47-1.22.47-1.68 0l-1.11-1.11c-.47-.47-.46-1.23.01-1.7l.01-.01 6-5.72h-17c-.66 0-1.2-.53-1.2-1.19v-1.6c0-.66.53-1.2 1.19-1.2h17.01l-6-5.72c-.48-.45-.5-1.2-.05-1.68.01 0 .02-.01.03-.02z\"\/><\/svg>                            <\/span>\n                        <\/span>\n                    <\/a>\n                                    <a class=\"item\" href=\"https:\/\/ozonetech.com\/fi\/tietoa-otsonista\/otsoni-ukk\/\" target=\"\">\n                        <span class=\"item__overlay\"><\/span>\n                        <span\n                            class=\"item__background-image\"\n                            style=\"background-image: url('https:\/\/ozonetech.com\/wp-content\/uploads\/2021\/03\/ozone.jpg');\"\n                        ><\/span>\n                        \n                        <span class=\"item__content\">\n                            <figure class=\"item__content--icon\">\n                                                            <\/figure>\n\n                            <span class=\"item__content--link\">\n                                <span>Otsoni, UKK<\/span><svg version=\"1.1\" id=\"Layer_1\" xmlns=\"http:\/\/www.w3.org\/2000\/svg\" x=\"0\" y=\"0\" viewBox=\"0 0 25 21.76\" xml:space=\"preserve\"><path fill=\"#FF691C\" d=\"M12.17 1.45l1.11-1.1c.46-.47 1.22-.47 1.68 0l9.69 9.68c.47.46.47 1.22 0 1.68l-9.69 9.69c-.46.47-1.22.47-1.68 0l-1.11-1.11c-.47-.47-.46-1.23.01-1.7l.01-.01 6-5.72h-17c-.66 0-1.2-.53-1.2-1.19v-1.6c0-.66.53-1.2 1.19-1.2h17.01l-6-5.72c-.48-.45-.5-1.2-.05-1.68.01 0 .02-.01.03-.02z\"\/><\/svg>                            <\/span>\n                        <\/span>\n                    <\/a>\n                                    <a class=\"item\" href=\"https:\/\/ozonetech.com\/fi\/tietoa-otsonista\/otsonin-turvallisuus\/\" target=\"\">\n                        <span class=\"item__overlay\"><\/span>\n                        <span\n                            class=\"item__background-image\"\n                            style=\"background-image: url('https:\/\/ozonetech.com\/wp-content\/uploads\/2021\/03\/ozone.jpg');\"\n                        ><\/span>\n                        \n                        <span class=\"item__content\">\n                            <figure class=\"item__content--icon\">\n                                                            <\/figure>\n\n                            <span class=\"item__content--link\">\n                                <span>Otsonin turvallisuus<\/span><svg version=\"1.1\" id=\"Layer_1\" xmlns=\"http:\/\/www.w3.org\/2000\/svg\" x=\"0\" y=\"0\" viewBox=\"0 0 25 21.76\" xml:space=\"preserve\"><path fill=\"#FF691C\" d=\"M12.17 1.45l1.11-1.1c.46-.47 1.22-.47 1.68 0l9.69 9.68c.47.46.47 1.22 0 1.68l-9.69 9.69c-.46.47-1.22.47-1.68 0l-1.11-1.11c-.47-.47-.46-1.23.01-1.7l.01-.01 6-5.72h-17c-.66 0-1.2-.53-1.2-1.19v-1.6c0-.66.53-1.2 1.19-1.2h17.01l-6-5.72c-.48-.45-.5-1.2-.05-1.68.01 0 .02-.01.03-.02z\"\/><\/svg>                            <\/span>\n                        <\/span>\n                    <\/a>\n                            <\/div>\n            <\/div>\n\n<\/section>","protected":false},"excerpt":{"rendered":"","protected":false},"author":21,"featured_media":0,"parent":0,"menu_order":0,"comment_status":"closed","ping_status":"closed","template":"","meta":{"_acf_changed":false,"_seopress_robots_primary_cat":"","_seopress_titles_title":"","_seopress_titles_desc":"Otsoni on voimakas hapetin. Se liukenee helposti veteen, ja poistaa mikro-organismit, jotka muodostavat ep\u00e4puhtauksia.","_seopress_robots_index":"","inline_featured_image":false,"footnotes":""},"class_list":["post-11707","page","type-page","status-publish","hentry"],"acf":[],"_links":{"self":[{"href":"https:\/\/ozonetech.com\/fi\/wp-json\/wp\/v2\/pages\/11707","targetHints":{"allow":["GET"]}}],"collection":[{"href":"https:\/\/ozonetech.com\/fi\/wp-json\/wp\/v2\/pages"}],"about":[{"href":"https:\/\/ozonetech.com\/fi\/wp-json\/wp\/v2\/types\/page"}],"author":[{"embeddable":true,"href":"https:\/\/ozonetech.com\/fi\/wp-json\/wp\/v2\/users\/21"}],"replies":[{"embeddable":true,"href":"https:\/\/ozonetech.com\/fi\/wp-json\/wp\/v2\/comments?post=11707"}],"version-history":[{"count":30,"href":"https:\/\/ozonetech.com\/fi\/wp-json\/wp\/v2\/pages\/11707\/revisions"}],"predecessor-version":[{"id":40973,"href":"https:\/\/ozonetech.com\/fi\/wp-json\/wp\/v2\/pages\/11707\/revisions\/40973"}],"wp:attachment":[{"href":"https:\/\/ozonetech.com\/fi\/wp-json\/wp\/v2\/media?parent=11707"}],"curies":[{"name":"wp","href":"https:\/\/api.w.org\/{rel}","templated":true}]}}