{"id":11674,"date":"2020-06-25T06:41:44","date_gmt":"2020-06-25T06:41:44","guid":{"rendered":"https:\/\/ozonetech.com\/products-sensors-monitors\/"},"modified":"2025-06-19T08:22:53","modified_gmt":"2025-06-19T06:22:53","slug":"anturit-ja-monitorit","status":"publish","type":"page","link":"https:\/\/ozonetech.com\/fi\/tuotteet\/anturit-ja-monitorit\/","title":{"rendered":"Anturit ja monitorit"},"content":{"rendered":"\n<section\n    class=\"block hero hero--regular\"\n    style=\"background-image: url('https:\/\/ozonetech.com\/wp-content\/uploads\/2021\/03\/sensors-and-monitors-1600x484.jpg'); --hero-opacity: 0.3\"\n>\n\n    <div class=\"container-fluid\">\n\n        <div class=\"content editor_content\">\n                         \n                <h2 class='h2'>Anturit ja monitorit<\/h2>            \n                    <\/div>\n\n            <\/div>\n<\/section>\n\n\n<section class=\"component component_breadcrumbs\">\n\t<div class=\"container-fluid\">\n  \t<\/div>\n<\/section>\n\n\n<section\n    id=\"\"\n    class=\"block content-block\"\n\tstyle=\"--cb-bg: light-gray; --cb-content: #000; padding-top: 30px; padding-bottom: 30px;\"\n>\n    \n\n<div class=\"container-fluid editor_content content content--narrow\">\n    <div class=\"row\">\n        <div class=\"col-12 editor_content\">\n            <h1>T\u00e4ydellinen valikoima erillisi\u00e4 tai integroituja otsoniantureita ja -monitoreja<\/h1>\n<div class=\"pane-content\">\n<div class=\"field field-name-body field-type-text-with-summary field-label-hidden\">\n<div class=\"field-items\">\n<div class=\"field-item even\">\n<p class=\"preamble\">Ozone Tech -j\u00e4rjestelm\u00e4t tarjoavat valikoiman huolellisesti valittuja korkealaatuisia otsonimittareita ja otsoniantureita, joita voidaan k\u00e4ytt\u00e4\u00e4 joko itsen\u00e4isesti tai ne voidaan integroida generaattoreihimme. Otsonimittarimme mahdollistavat reaaliaikaisen valvonnan luotettavasti ja helposti. Niiden kunnossapito ja kalibrointi vakaan ja tarkan toiminnan varmistamiseksi on helppoa. Monissa antureissa ja mittareissa on digitaalinen ja analoginen I\/O ja RS-232-liit\u00e4nt\u00e4.<\/p>\n<p>&nbsp;<\/p>\n<\/div>\n<\/div>\n<\/div>\n<\/div>\n        <\/div>\n    <\/div>\n<\/div>\n\n<div class=\"container-fluid editor_content\">\n    <div class=\"row\">\n        <div class=\"col-12 editor_content table-wrapper \" style=\"--table-text-color-header: #FFFFFF; --table-text-color-rows: #000000; --table-background-color-header: #5f5f5f; --table-background-color-rows-even: #efefef; --table-background-color-rows-odd: #dfdfdf; \">\n                            \n<table id=\"tablepress-164\" class=\"tablepress tablepress-id-164\" aria-describedby=\"tablepress-164-description\">\n<thead>\n<tr class=\"row-1\">\n\t<th colspan=\"4\" class=\"column-1\">Otsonimittareita<\/th>\n<\/tr>\n<\/thead>\n<tbody class=\"row-striping\">\n<tr class=\"row-2\">\n\t<td class=\"column-1\"><strong>Malli<\/strong><\/td><td class=\"column-2\"><strong>Alue (min.\/maks.)<\/strong><\/td><td class=\"column-3\"><strong>K\u00e4ytt\u00f6<\/strong><\/td><td class=\"column-4\"><strong>PDF<\/strong><\/td>\n<\/tr>\n<tr class=\"row-3\">\n\t<td class=\"column-1\">Ozone analyzer BMT 965 ST<\/td><td class=\"column-2\">2-600 g\/Nm<sup>3<\/sup><\/td><td class=\"column-3\">Korkea pitoisuus; otsonigeneraattori<\/td><td class=\"column-4\"><a target=\"blank\" href=\"https:\/\/ozonetech.com\/wp-content\/uploads\/2022\/10\/Datasheet-Ozone-Analyzer-BMT-965-ST.pdf\" rel=\"noopener\">Datasheet<\/a><\/td>\n<\/tr>\n<tr class=\"row-4\">\n\t<td class=\"column-1\">Ozone analyzer BMT 965 BT<\/td><td class=\"column-2\">2-600 g\/Nm<sup>3<\/sup><\/td><td class=\"column-3\">Korkea pitoisuus; otsonigeneraattori<\/td><td class=\"column-4\"><a target=\"blank\" href=\"https:\/\/ozonetech.com\/wp-content\/uploads\/2022\/10\/Datasheet-Ozone-Analyzer-BMT-965-BT.pdf\" rel=\"noopener\">Datasheet<\/a><\/td>\n<\/tr>\n<tr class=\"row-5\">\n\t<td class=\"column-1\">Ozone analyzer BMT 965 C<\/td><td class=\"column-2\">10-600 g\/Nm<sup>3<\/sup><\/td><td class=\"column-3\">Korkea pitoisuus; otsonigeneraattori<\/td><td class=\"column-4\"><a target=\"blank\" href=\"https:\/\/ozonetech.com\/wp-content\/uploads\/2022\/10\/Datasheet-Ozone-Analyzer-BMT-965-C.pdf\" rel=\"noopener\">Datasheet<\/a><\/td>\n<\/tr>\n<tr class=\"row-6\">\n\t<td class=\"column-1\">Ozone monitor BMT 932<\/td><td class=\"column-2\">0-250 ppm<\/td><td class=\"column-3\">Alh. pitoisuus; turvallisuus<\/td><td class=\"column-4\"><a target=\"blank\" href=\"https:\/\/ozonetech.com\/wp-content\/uploads\/2022\/10\/Datasheet-Ozone-Monitor-BMT-932-v.2.2.pdf\" rel=\"noopener\">Datasheet<\/a><\/td>\n<\/tr>\n<tr class=\"row-7\">\n\t<td class=\"column-1\">Ozone monitor BMT 932 C<\/td><td class=\"column-2\">0-250 ppm<\/td><td class=\"column-3\">Alh. pitoisuus; turvallisuus<\/td><td class=\"column-4\"><a target=\"blank\" href=\"https:\/\/ozonetech.com\/wp-content\/uploads\/2022\/10\/Datasheet-Ozone-Monitor-BMT-932-v.2.2.pdf\" rel=\"noopener\">Datasheet<\/a><\/td>\n<\/tr>\n<tr class=\"row-8\">\n\t<td class=\"column-1\">Ozone monitor API 465H<\/td><td class=\"column-2\">05 wt% \/ 0-20 wt%<\/td><td class=\"column-3\">Korkea pitoisuus; otsonigeneraattori<\/td><td class=\"column-4\"><a target=\"blank\" href=\"https:\/\/ozonetech.com\/wp-content\/uploads\/2020\/12\/Datasheet-Ozone-Monitor-API-465H-EN-v.2.0.pdf\" rel=\"noopener\">Tiedotteen<\/a><\/td>\n<\/tr>\n<tr class=\"row-9\">\n\t<td class=\"column-1\">Ozone analyzer API 465L<\/td><td class=\"column-2\">0-1 ppm\/0-500 ppm<\/td><td class=\"column-3\">Alh. pitoisuus; turvallisuus, prosessi<\/td><td class=\"column-4\"><a target=\"blank\" href=\"https:\/\/ozonetech.com\/wp-content\/uploads\/2020\/12\/Datasheet-Ozone-Analyzer-API-465L-EN-v.2.0-web.pdf\" rel=\"noopener\">Tiedotteen<\/a><\/td>\n<\/tr>\n<tr class=\"row-10\">\n\t<td class=\"column-1\">Ozone monitor API 452<\/td><td class=\"column-2\">0-5 wt% \/ 0-20 wt%<\/td><td class=\"column-3\">Otsonigeraattorin tehokkuus\/ohjaus<\/td><td class=\"column-4\"><a target=\"blank\" href=\"https:\/\/ozonetech.com\/wp-content\/uploads\/2020\/12\/Datasheet-Ozone-Sensor-API-452-EN-v.2.0-web.pdf\" rel=\"noopener\">Tiedotteen<\/a><\/td>\n<\/tr>\n<tr class=\"row-11\">\n\t<td class=\"column-1\">Ozone monitor API 454<\/td><td class=\"column-2\">0-5 wt% \/ 0-20 wt%<\/td><td class=\"column-3\">Otsonigeraattorin tehokkuus\/ohjaus<\/td><td class=\"column-4\"><a target=\"blank\" href=\"https:\/\/ozonetech.com\/wp-content\/uploads\/2020\/12\/Datasheet-Ozone-Monitor-API-454-EN-v.2.0-web.pdf\" rel=\"noopener\">Tiedotteen<\/a><\/td>\n<\/tr>\n<\/tbody>\n<\/table>\n<span id=\"tablepress-164-description\" class=\"tablepress-table-description tablepress-table-description-id-164\"><\/span>\n<!-- #tablepress-164 from cache -->                                <\/div>\n    <\/div>\n<\/div>\n<div class=\"container-fluid editor_content\">\n    <div class=\"row\">\n        <div class=\"col-12 editor_content table-wrapper \" style=\"--table-text-color-header: #FFFFFF; --table-text-color-rows: #000000; --table-background-color-header: #5f5f5f; --table-background-color-rows-even: #efefef; --table-background-color-rows-odd: #dfdfdf; \">\n                            \n<table id=\"tablepress-165\" class=\"tablepress tablepress-id-165\" aria-describedby=\"tablepress-165-description\">\n<thead>\n<tr class=\"row-1\">\n\t<th colspan=\"4\" class=\"column-1\">Otsoni- ja happianturit<\/th>\n<\/tr>\n<\/thead>\n<tbody class=\"row-striping\">\n<tr class=\"row-2\">\n\t<td class=\"column-1\"><strong>Malli<\/strong><\/td><td class=\"column-2\"><strong>Kaasu<\/strong><\/td><td class=\"column-3\"><strong>Alue<\/strong><\/td><td class=\"column-4\"><strong>PDF<\/strong><\/td>\n<\/tr>\n<tr class=\"row-3\">\n\t<td class=\"column-1\">Ozone sensor Series 200<\/td><td class=\"column-2\">O<sub>3<\/sub><\/td><td class=\"column-3\">0-0.5\/0.15\/0.5\/10 ppm 30<\/td><td class=\"column-4\"><a target=\"blank\" href=\"https:\/\/ozonetech.com\/wp-content\/uploads\/2020\/12\/Datasheet-Portable-Ozone-Monitor-Series-200-EN-v.2.0-web.pdf\" rel=\"noopener\">Tiedotteen<\/a><\/td>\n<\/tr>\n<tr class=\"row-4\">\n\t<td class=\"column-1\">Ozone sensor Series 300<\/td><td class=\"column-2\">O<sub>3<\/sub><\/td><td class=\"column-3\">0-0.5\/0.15\/0.5\/10 ppm 30<\/td><td class=\"column-4\"><a target=\"blank\" href=\"https:\/\/ozonetech.com\/wp-content\/uploads\/2020\/12\/Datasheet-Portable-Ozone-Monitor-Series-300-EN-v.2.0-web.pdf\" rel=\"noopener\">Tiedotteen<\/a><\/td>\n<\/tr>\n<tr class=\"row-5\">\n\t<td class=\"column-1\">Ozone sensor Series 500<\/td><td class=\"column-2\">O<sub>3<\/sub><\/td><td class=\"column-3\">0-0.5\/0.15\/0.5\/10 ppm 30<\/td><td class=\"column-4\"><a target=\"blank\" href=\"https:\/\/ozonetech.com\/wp-content\/uploads\/2020\/12\/Datasheet-Portable-Ozone-Monitor-Series-500-EN-v.2.0-web.pdf\" rel=\"noopener\">Tiedotteen<\/a><\/td>\n<\/tr>\n<tr class=\"row-6\">\n\t<td class=\"column-1\">Ozone sensor Series 900<\/td><td class=\"column-2\">O<sub>3<\/sub><\/td><td class=\"column-3\">0-0.5\/0.15\/0.5\/10 ppm 30<\/td><td class=\"column-4\"><a target=\"blank\" href=\"https:\/\/ozonetech.com\/wp-content\/uploads\/2020\/12\/Datasheet-Ozone-Monitor-Series-900-930-EN-v.2.0-web.pdf\" rel=\"noopener\">Tiedotteen<\/a><\/td>\n<\/tr>\n<tr class=\"row-7\">\n\t<td class=\"column-1\">Ozone sensor Series 930<\/td><td class=\"column-2\">O<sub>3<\/sub><\/td><td class=\"column-3\">0-0.15\/0.5\/10 ppm 30<\/td><td class=\"column-4\"><a target=\"blank\" href=\"https:\/\/ozonetech.com\/wp-content\/uploads\/2020\/12\/Datasheet-Ozone-Monitor-Series-900-930-EN-v.2.0-web.pdf\" rel=\"noopener\">Tiedotteen<\/a><\/td>\n<\/tr>\n<tr class=\"row-8\">\n\t<td class=\"column-1\">Ozone sensor module SM-7\/SM-EC<\/td><td class=\"column-2\">O<sub>3<\/sub><\/td><td class=\"column-3\">0.03-20 ppm\/0.08-50 ppm<\/td><td class=\"column-4\"><a target=\"blank\" href=\"https:\/\/ozonetech.com\/wp-content\/uploads\/2020\/12\/Datasheet-Ozone-Sensor-Module-SM7-SMEC-EN-v.2.0-web.pdf\" rel=\"noopener\">Tiedotteen<\/a><\/td>\n<\/tr>\n<\/tbody>\n<\/table>\n<span id=\"tablepress-165-description\" class=\"tablepress-table-description tablepress-table-description-id-165\"><\/span>\n<!-- #tablepress-165 from cache -->                                <\/div>\n    <\/div>\n<\/div>\n<div class=\"container-fluid editor_content\">\n    <div class=\"row\">\n        <div class=\"col-12 editor_content table-wrapper \" style=\"--table-text-color-header: #FFFFFF; --table-text-color-rows: #000000; --table-background-color-header: #5f5f5f; --table-background-color-rows-even: #efefef; --table-background-color-rows-odd: #dfdfdf; \">\n                            \n<table id=\"tablepress-166\" class=\"tablepress tablepress-id-166\" aria-describedby=\"tablepress-166-description\">\n<thead>\n<tr class=\"row-1\">\n\t<th colspan=\"4\" class=\"column-1\">Liuenneen kaasun anturit ja ohjaimet<\/th>\n<\/tr>\n<\/thead>\n<tbody class=\"row-striping\">\n<tr class=\"row-2\">\n\t<td class=\"column-1\"><strong>Malli<\/strong><\/td><td class=\"column-2\"><strong>Kaasu<\/strong><\/td><td class=\"column-3\"><strong>Alue<\/strong><\/td><td class=\"column-4\"><strong>PDF<\/strong><\/td>\n<\/tr>\n<tr class=\"row-3\">\n\t<td class=\"column-1\">Ozone sensor BMT 964 AQ\/HF<\/td><td class=\"column-2\">O<sub>3<\/sub><\/td><td class=\"column-3\"> 10, 50, 100, 150 mg\/L<\/td><td class=\"column-4\"><a target=\"blank\" href=\"https:\/\/ozonetech.com\/wp-content\/uploads\/2020\/12\/Datasheet-Ozone-Sensor-BMT-964-AQHF-EN-v.2.0-web.pdf\" rel=\"noopener\">Tiedotteen<\/a><\/td>\n<\/tr>\n<tr class=\"row-4\">\n\t<td class=\"column-1\">Measuring cell<\/td><td class=\"column-2\">O<sub>3<\/sub>, ClO<sub>2<\/sub>, HOCl, OCl, Cl<sub>2<\/sub><\/td><td class=\"column-3\"> 0-0.5\/0-2.0\/0-5\/0-10 mg\/L<\/td><td class=\"column-4\"><a target=\"blank\" href=\"https:\/\/ozonetech.com\/wp-content\/uploads\/2020\/12\/Datasheet-Measuring-Cell-EN-v.2.0-web.pdf\" rel=\"noopener\">Tiedotteen<\/a><\/td>\n<\/tr>\n<tr class=\"row-5\">\n\t<td class=\"column-1\">pH &amp; Redox Electrodes<\/td><td class=\"column-2\">&#8211;<\/td><td class=\"column-3\">&#8211;<\/td><td class=\"column-4\"><a target=\"blank\" href=\"https:\/\/ozonetech.com\/wp-content\/uploads\/2020\/12\/Datasheet-pHRd-electrodes-EN-v.2.0-web.pdf\" rel=\"noopener\">Tiedotteen<\/a><\/td>\n<\/tr>\n<tr class=\"row-6\">\n\t<td class=\"column-1\">pH &amp; Redox Transmitter<\/td><td class=\"column-2\">&#8211;<\/td><td class=\"column-3\">&#8211;<\/td><td class=\"column-4\"><a target=\"blank\" href=\"https:\/\/ozonetech.com\/wp-content\/uploads\/2020\/12\/Datasheet-pH-Redox-Transmitter-EN-v.2.0.pdf\" rel=\"noopener\">Tiedotteen<\/a><\/td>\n<\/tr>\n<\/tbody>\n<\/table>\n<span id=\"tablepress-166-description\" class=\"tablepress-table-description tablepress-table-description-id-166\"><\/span>\n<!-- #tablepress-166 from cache -->                                <\/div>\n    <\/div>\n<\/div>\n<div class=\"container-fluid editor_content\">\n    <div class=\"row\">\n        <div class=\"col-12 editor_content table-wrapper \" style=\"--table-text-color-header: #FFFFFF; --table-text-color-rows: #000000; --table-background-color-header: #5f5f5f; --table-background-color-rows-even: #efefef; --table-background-color-rows-odd: #dfdfdf; \">\n                            \n<table id=\"tablepress-167\" class=\"tablepress tablepress-id-167\" aria-describedby=\"tablepress-167-description\">\n<thead>\n<tr class=\"row-1\">\n\t<th colspan=\"4\" class=\"column-1\">Poistuneet Tuotteet<\/th>\n<\/tr>\n<\/thead>\n<tbody class=\"row-striping\">\n<tr class=\"row-2\">\n\t<td class=\"column-1\"><strong>Malli<\/strong><\/td><td class=\"column-2\"><strong>Kaasu<\/strong><\/td><td class=\"column-3\"><strong>Alue<\/strong><\/td><td class=\"column-4\"><strong>PDF<\/strong><\/td>\n<\/tr>\n<tr class=\"row-3\">\n\t<td class=\"column-1\">Ozone monitor Series 940<\/td><td class=\"column-2\">0-0.5 \/ 20 \/ 50 ppm <\/td><td class=\"column-3\">Alh. pitoisuus; prosessi; kiinte\u00e4<\/td><td class=\"column-4\"><a target=\"blank\" href=\"https:\/\/ozonetech.com\/wp-content\/uploads\/2021\/03\/Datasheet-Ozone-Monitor-Series-940-EN_web.pdf\" rel=\"noopener\">Tiedotteen<br \/>\n<\/a><\/td>\n<\/tr>\n<tr class=\"row-4\">\n\t<td class=\"column-1\">Ozone monitor UV-1<\/td><td class=\"column-2\">0-200 ppm<\/td><td class=\"column-3\">Alh. pitoisuus; otsonigeneraattori<\/td><td class=\"column-4\"><a target=\"blank\" href=\"https:\/\/ozonetech.com\/wp-content\/uploads\/2021\/03\/Datasheet-Ozone-Monitor-UV-1-EN_web.pdf\" rel=\"noopener\">Tiedotteen<br \/>\n<\/a><\/td>\n<\/tr>\n<tr class=\"row-5\">\n\t<td class=\"column-1\">Ozone analyzer API 450<\/td><td class=\"column-2\">0-1 ppm \/ 0-1000 ppm<\/td><td class=\"column-3\">Ymp. turvallisuuden valvonta\t<\/td><td class=\"column-4\"><a target=\"blank\" href=\"https:\/\/ozonetech.com\/wp-content\/uploads\/2021\/03\/Datasheet-Ozone-Analyzer-API-450-v1.0-EN-web.pdf\" rel=\"noopener\">Tiedotteen<br \/>\n<\/a><\/td>\n<\/tr>\n<tr class=\"row-6\">\n\t<td class=\"column-1\">Ozone analyzer API 450H<\/td><td class=\"column-2\">0-5\/15\/20% w\/w<\/td><td class=\"column-3\">Korkea pitoisuus; otsonigeneraattori<\/td><td class=\"column-4\"><a target=\"blank\" href=\"https:\/\/ozonetech.com\/wp-content\/uploads\/2021\/03\/Datasheet-Ozone-Analyzer-API-450H-v1.0-EN-web.pdf\" rel=\"noopener\">Tiedotteen<br \/>\n<\/a><\/td>\n<\/tr>\n<tr class=\"row-7\">\n\t<td class=\"column-1\">Ozone monitor API 460L<\/td><td class=\"column-2\">0-1 ppm\/0-500 ppm<\/td><td class=\"column-3\">Alh. pitoisuus; tutkimus; turvallisuus<\/td><td class=\"column-4\"><a target=\"blank\" href=\"https:\/\/ozonetech.com\/wp-content\/uploads\/2021\/03\/Datasheet-Ozone-Monitor-API-460L-v1.0-EN-web.pdf\" rel=\"noopener\">Tiedotteen<br \/>\n<\/a><\/td>\n<\/tr>\n<tr class=\"row-8\">\n\t<td class=\"column-1\">Ozone monitor API 460M<\/td><td class=\"column-2\">0-1000 ppm\/ 0-5 %<\/td><td class=\"column-3\">Keskipitoisuus; kosketuskammio<\/td><td class=\"column-4\"><a target=\"blank\" href=\"https:\/\/ozonetech.com\/wp-content\/uploads\/2021\/03\/Datasheet-Ozone-Monitor-API-460M-v1.0-EN-web.pdf\" rel=\"noopener\">Tiedotteen<br \/>\n<\/a><\/td>\n<\/tr>\n<tr class=\"row-9\">\n\t<td class=\"column-1\">Ozone monitor API 460H<\/td><td class=\"column-2\"> 05 wt% \/ 0-20 wt%<\/td><td class=\"column-3\">Korkea pitoisuus; otsonigeneraattori<\/td><td class=\"column-4\"><a target=\"blank\" href=\"https:\/\/ozonetech.com\/wp-content\/uploads\/2021\/03\/Datasheet-Ozone-Monitor-API-460H-v1.0-EN-web.pdf\" rel=\"noopener\">Tiedotteen<br \/>\n<\/a><\/td>\n<\/tr>\n<tr class=\"row-10\">\n\t<td class=\"column-1\">Ozone sensor OS1X<\/td><td class=\"column-2\">O<sub>3<\/sub><\/td><td class=\"column-3\">0.03-0.1 ppm<\/td><td class=\"column-4\"><a target=\"blank\" href=\"https:\/\/ozonetech.com\/wp-content\/uploads\/2021\/03\/Datasheet-Ozone-sensor-EN-v.2.0-web.pdf\" rel=\"noopener\">Tiedotteen<br \/>\n<\/a><\/td>\n<\/tr>\n<tr class=\"row-11\">\n\t<td class=\"column-1\">Ozone sensor OZ0020<\/td><td class=\"column-2\">O<sub>3<\/sub><\/td><td class=\"column-3\">&#8211;<\/td><td class=\"column-4\"><a target=\"blank\" href=\"https:\/\/ozonetech.com\/wp-content\/uploads\/2021\/03\/Datasheet-Ozone-sensor-OZ0020-EN-v.2.0-web.pdf\" rel=\"noopener\">Tiedotteen<br \/>\n<\/a><\/td>\n<\/tr>\n<tr class=\"row-12\">\n\t<td class=\"column-1\">Universal Controller ME5090\t<\/td><td class=\"column-2\">O<sub>3<\/sub><\/td><td class=\"column-3\">&#8211;<\/td><td class=\"column-4\"><a target=\"blank\" href=\"https:\/\/ozonetech.com\/wp-content\/uploads\/2021\/03\/Datasheet-Ozone-sensor-ME5090-EN-v.2.0-web.pdf\" rel=\"noopener\">Tiedotteen<br \/>\n<\/a><\/td>\n<\/tr>\n<tr class=\"row-13\">\n\t<td class=\"column-1\">Oxygen sensor OS-100<\/td><td class=\"column-2\">O<sub>3<\/sub><\/td><td class=\"column-3\">0-100 %<\/td><td class=\"column-4\">N\/A<\/td>\n<\/tr>\n<tr class=\"row-14\">\n\t<td class=\"column-1\">Ozone sensor C30ZX<\/td><td class=\"column-2\">O<sub>3<\/sub><\/td><td class=\"column-3\">0.02-0.3 ppm<\/td><td class=\"column-4\"><a target=\"blank\" href=\"https:\/\/ozonetech.com\/wp-content\/uploads\/2020\/12\/Datasheet-Ozone-Sensor-C30ZX-EN-v.2.0-web.pdf\" rel=\"noopener\">Tiedotteen<\/a><\/td>\n<\/tr>\n<tr class=\"row-15\">\n\t<td class=\"column-1\">Ozone sensor EZ-1X<\/td><td class=\"column-2\">O<sub>3<\/sub><\/td><td class=\"column-3\">0.02-0.14 ppm<\/td><td class=\"column-4\"><a target=\"blank\" href=\"https:\/\/ozonetech.com\/wp-content\/uploads\/2020\/12\/Datasheet-Ozone-Sensor-EZ1X-EN-v.2.0-web.pdf\" rel=\"noopener\">Tiedotteen<\/a><\/td>\n<\/tr>\n<tr class=\"row-16\">\n\t<td class=\"column-1\">Ozone monitor DO3<\/td><td class=\"column-2\">O<sub>3<\/sub><\/td><td class=\"column-3\">0.00-2.00 mg\/L<\/td><td class=\"column-4\"><a target=\"blank\" href=\"https:\/\/ozonetech.com\/wp-content\/uploads\/2020\/12\/Datasheet-Dissolved-Ozone-Monitor-DO3-EN-v.2.0-web.pdf\" rel=\"noopener\">Tiedotteen<\/a><\/td>\n<\/tr>\n<tr class=\"row-17\">\n\t<td class=\"column-1\">Ozone sensor SM50<\/td><td class=\"column-2\">O<sub>3<\/sub><\/td><td class=\"column-3\">0-0.15\/0.5\/10 ppm<\/td><td class=\"column-4\"><a target=\"blank\" href=\"https:\/\/ozonetech.com\/wp-content\/uploads\/2020\/12\/Datasheet-Ozone-Sensor-Module-SM50-EN-v.2.0-web.pdf\" rel=\"noopener\">Tiedotteen<\/a><\/td>\n<\/tr>\n<tr class=\"row-18\">\n\t<td class=\"column-1\">Ozone sensor SM70<\/td><td class=\"column-2\">O<sub>3<\/sub><\/td><td class=\"column-3\">0-0.15\/0.5\/10 ppm<\/td><td class=\"column-4\"><a target=\"blank\" href=\"https:\/\/ozonetech.com\/wp-content\/uploads\/2020\/12\/Datasheet-Ozone-Monitor-SM70-EN-v.2.0-web.pdf\" rel=\"noopener\">Tiedotteen<\/a><\/td>\n<\/tr>\n<tr class=\"row-19\">\n\t<td class=\"column-1\">Ozone analyzer BMT 964<\/td><td class=\"column-2\">O<sub>3<\/sub><\/td><td class=\"column-3\">0-600 g\/Nm<\/td><td class=\"column-4\"><a target=\"blank\" href=\"https:\/\/ozonetech.com\/wp-content\/uploads\/2020\/12\/Datasheet-Ozone-Analyzer-BMT-964-EN-2.0-web.pdf\" rel=\"noopener\">Datasheet<\/a><\/td>\n<\/tr>\n<tr class=\"row-20\">\n\t<td class=\"column-1\">Ozone analyzer BMT 964 BT<\/td><td class=\"column-2\">O<sub>3<\/sub><\/td><td class=\"column-3\">0-600 g\/Nm<\/td><td class=\"column-4\"><a target=\"blank\" href=\"https:\/\/ozonetech.com\/wp-content\/uploads\/2020\/12\/Datasheet-Ozone-Analyzer-BMT-964-BT-EN-v.2.0-web.pdf\" rel=\"noopener\">Datasheet<\/a><\/td>\n<\/tr>\n<\/tbody>\n<\/table>\n<span id=\"tablepress-167-description\" class=\"tablepress-table-description tablepress-table-description-id-167\"><\/span>\n<!-- #tablepress-167 from cache -->                                <\/div>\n    <\/div>\n<\/div>\n\n\n<div class=\"container-fluid editor_content content content--narrower\">\n    <div class=\"row\">\n        <div class=\"col-12 editor_content\">\n            <p><a id=\"form\"><\/a><\/p>\n<h2>Pyyd\u00e4 tarjous<\/h2>\n        <\/div>\n    <\/div>\n<\/div>\n\n\n\n<div class=\"container-fluid editor_content content content--narrow\">\n    <div class=\"row\">\n        <div class=\"col-12 editor_content\">\n            <p><!-- SharpSpring Form for Sensors & monitors Quotation EN --><br \/>\n<script type=\"text\/javascript\">\n    var ss_form = {'account': 'MzawMDE3MzI2BwA', 'formID': 'BcEBDQAwCAMwRUsYPPvQA_dv4W3blVvCsgLHXrSToK5ejE4MPw'};\n    ss_form.width = '100%';\n    ss_form.domain = 'app-3QNJA1Z2XY.marketingautomation.services';\n    ss_form.hidden = {'field_400000003544067': 'Ozonetech.com'};\n    ss_form.target_id = 'target'; \/\/ Optional parameter: forms will be placed inside the element with the specified id\n    \/\/ ss_form.polling = true; \/\/ Optional parameter: set to true ONLY if your page loads dynamically and the id needs to be polled continually.\n<\/script><br \/>\n<script type=\"text\/javascript\" src=\"https:\/\/koi-3QNJA1Z2XY.marketingautomation.services\/client\/form.js?ver=2.0.1\"><\/script><\/p>\n<div id=\"target\"><\/div>\n        <\/div>\n    <\/div>\n<\/div>\n\n<\/section>\n","protected":false},"excerpt":{"rendered":"","protected":false},"author":21,"featured_media":0,"parent":14852,"menu_order":0,"comment_status":"closed","ping_status":"closed","template":"","meta":{"_acf_changed":false,"_seopress_robots_primary_cat":"","_seopress_titles_title":"","_seopress_titles_desc":"Ozonetech tarjoaa korkealaatuisia antureita ja mittauslaitteita, joita voidaan joko k\u00e4ytt\u00e4\u00e4 itsen\u00e4isesti tai integroida j\u00e4rjestelmiin.","_seopress_robots_index":"","inline_featured_image":false,"footnotes":""},"class_list":["post-11674","page","type-page","status-publish","hentry"],"acf":[],"_links":{"self":[{"href":"https:\/\/ozonetech.com\/fi\/wp-json\/wp\/v2\/pages\/11674","targetHints":{"allow":["GET"]}}],"collection":[{"href":"https:\/\/ozonetech.com\/fi\/wp-json\/wp\/v2\/pages"}],"about":[{"href":"https:\/\/ozonetech.com\/fi\/wp-json\/wp\/v2\/types\/page"}],"author":[{"embeddable":true,"href":"https:\/\/ozonetech.com\/fi\/wp-json\/wp\/v2\/users\/21"}],"replies":[{"embeddable":true,"href":"https:\/\/ozonetech.com\/fi\/wp-json\/wp\/v2\/comments?post=11674"}],"version-history":[{"count":46,"href":"https:\/\/ozonetech.com\/fi\/wp-json\/wp\/v2\/pages\/11674\/revisions"}],"predecessor-version":[{"id":42584,"href":"https:\/\/ozonetech.com\/fi\/wp-json\/wp\/v2\/pages\/11674\/revisions\/42584"}],"up":[{"embeddable":true,"href":"https:\/\/ozonetech.com\/fi\/wp-json\/wp\/v2\/pages\/14852"}],"wp:attachment":[{"href":"https:\/\/ozonetech.com\/fi\/wp-json\/wp\/v2\/media?parent=11674"}],"curies":[{"name":"wp","href":"https:\/\/api.w.org\/{rel}","templated":true}]}}