{"id":11662,"date":"2020-06-25T06:35:11","date_gmt":"2020-06-25T06:35:11","guid":{"rendered":"https:\/\/ozonetech.com\/products-mixing-devices\/"},"modified":"2024-11-07T08:32:34","modified_gmt":"2024-11-07T07:32:34","slug":"sekoituslaitteet","status":"publish","type":"page","link":"https:\/\/ozonetech.com\/fi\/tuotteet\/sekoituslaitteet\/","title":{"rendered":"Sekoituslaitteet"},"content":{"rendered":"\n<section\n    class=\"block hero hero--regular\"\n    style=\"background-image: url('https:\/\/ozonetech.com\/wp-content\/uploads\/2021\/03\/ozone-equipment-1-1600x484.jpg'); --hero-opacity: 0.3\"\n>\n\n    <div class=\"container-fluid\">\n\n        <div class=\"content editor_content\">\n                         \n                <h2 class='h2'>Sekoituslaitteet<\/h2>            \n                    <\/div>\n\n            <\/div>\n<\/section>\n\n\n<section class=\"component component_breadcrumbs\">\n\t<div class=\"container-fluid\">\n  \t<\/div>\n<\/section>\n\n\n<section\n    id=\"\"\n    class=\"block content-block\"\n\tstyle=\"--cb-bg: white; --cb-content: #000; padding-top: 30px; padding-bottom: 30px;\"\n>\n    \n\n<div class=\"container-fluid editor_content content content--narrow\">\n    <div class=\"row\">\n        <div class=\"col-12 editor_content\">\n            <h1>Otsonin tehokas liuotus veteen<\/h1>\n<h3>Venturi-injektori<\/h3>\n<p>Venturi-injektorit toimivat paine-erolla ja sis\u00e4isell\u00e4 sekoitusmekanismilla, muodostaen tuhansia mikrokuplia ja n\u00e4in ollen lis\u00e4\u00e4 huomattavasti otsonikaasun kosketuspintaa nesteen kanssa.<\/p>\n<p>Venturi-injektorit ovat yksi tehokkaimmista menetelmist\u00e4 otsonin liuottamiseen veteen, kun paine ja veden virtaus ovat muuttumattomia.<\/p>\n<p>Venturi-injektorimme toimivat laajalla painespektrill\u00e4 ja vaativat minimaalisen paine-eron tulo- ja l\u00e4ht\u00f6puolen v\u00e4lill\u00e4 alipaineen muodostamiseksi imuaukossa.<\/p>\n<p>N\u00e4m\u00e4 injektorit ovat eritt\u00e4in luotettavia ja niill\u00e4 on pitk\u00e4 k\u00e4ytt\u00f6ik\u00e4<\/p>\n<p>Tarkempia teknisi\u00e4 tietoja l\u00f6ytyy alla olevasta taulukosta:<\/p>\n        <\/div>\n    <\/div>\n<\/div>\n\n<div class=\"container-fluid editor_content\">\n    <div class=\"row\">\n        <div class=\"col-12 editor_content table-wrapper \" style=\"--table-text-color-header: #FFFFFF; --table-text-color-rows: #000000; --table-background-color-header: #5f5f5f; --table-background-color-rows-even: #efefef; --table-background-color-rows-odd: #dfdfdf; \">\n                            \n<table id=\"tablepress-162\" class=\"tablepress tablepress-id-162\" aria-describedby=\"tablepress-162-description\">\n<thead>\n<tr class=\"row-1\">\n\t<th class=\"column-1\">Malli<\/th><th class=\"column-2\">Kaasunvirtaus<\/th><th class=\"column-3\">Vedenvirtaus<\/th><th class=\"column-4\">Paine<\/th><th class=\"column-5\">PDF<\/th>\n<\/tr>\n<\/thead>\n<tbody class=\"row-striping\">\n<tr class=\"row-2\">\n\t<td class=\"column-1\">Otsoni-injektori I-287<\/td><td class=\"column-2\">0.25 &#8211; 3.50 l\/min<\/td><td class=\"column-3\">1.10 &#8211; 5.25 l\/min<\/td><td class=\"column-4\">0.34 &#8211; 9.65 bar<\/td><td class=\"column-5\"><a target=\"blank\" href=\"https:\/\/ozonetech.com\/wp-content\/uploads\/2021\/03\/Datasheet-Ozone-Injector-287-4091-EN-v.2.1.pdf\" rel=\"noopener\">Tiedotteen<\/a><\/td>\n<\/tr>\n<tr class=\"row-3\">\n\t<td class=\"column-1\">Otsoni-injektori I-384<\/td><td class=\"column-2\">0.25 &#8211; 8.50 l\/min<\/td><td class=\"column-3\">2.50 &#8211; 12.6 l\/min<\/td><td class=\"column-4\">0.34 &#8211; 9.65 bar<\/td><td class=\"column-5\"><a target=\"blank\" href=\"https:\/\/ozonetech.com\/wp-content\/uploads\/2021\/03\/Datasheet-Ozone-Injector-287-4091-EN-v.2.1.pdf\" rel=\"noopener\">Tiedotteen<\/a><\/td>\n<\/tr>\n<tr class=\"row-4\">\n\t<td class=\"column-1\">Otsoni-injektori I-484<\/td><td class=\"column-2\">0.25 &#8211; 12.3 l\/min<\/td><td class=\"column-3\">3.10 &#8211; 23.5 l\/min<\/td><td class=\"column-4\">0.34 &#8211; 9.65 bar<\/td><td class=\"column-5\"><a target=\"blank\" href=\"https:\/\/ozonetech.com\/wp-content\/uploads\/2021\/03\/Datasheet-Ozone-Injector-287-4091-EN-v.2.1.pdf\" rel=\"noopener\">Tiedotteen<\/a><\/td>\n<\/tr>\n<tr class=\"row-5\">\n\t<td class=\"column-1\">Otsoni-injektori I-584<\/td><td class=\"column-2\">0.55 &#8211; 18.9 l\/min<\/td><td class=\"column-3\">7.30 &#8211; 39.0 l\/min<\/td><td class=\"column-4\">0.34 &#8211; 9.65 bar<\/td><td class=\"column-5\"><a target=\"blank\" href=\"https:\/\/ozonetech.com\/wp-content\/uploads\/2021\/03\/Datasheet-Ozone-Injector-287-4091-EN-v.2.1.pdf\" rel=\"noopener\">Tiedotteen<\/a><\/td>\n<\/tr>\n<tr class=\"row-6\">\n\t<td class=\"column-1\">Otsoni-injektori I-684<\/td><td class=\"column-2\">0.50 &#8211; 18.9 l\/min<\/td><td class=\"column-3\">11.0 &#8211; 57.5 l\/min<\/td><td class=\"column-4\">0.34 &#8211; 8.28 bar<\/td><td class=\"column-5\"><a target=\"blank\" href=\"https:\/\/ozonetech.com\/wp-content\/uploads\/2021\/03\/Datasheet-Ozone-Injector-287-4091-EN-v.2.1.pdf\" rel=\"noopener\">Tiedotteen<\/a><\/td>\n<\/tr>\n<tr class=\"row-7\">\n\t<td class=\"column-1\">Otsoni-injektori I-878<\/td><td class=\"column-2\">0.50 &#8211; 59.9 l\/min<\/td><td class=\"column-3\">15.1 &#8211; 73.1 l\/min<\/td><td class=\"column-4\">0.34 &#8211; 9.65 bar<\/td><td class=\"column-5\"><a target=\"blank\" href=\"https:\/\/ozonetech.com\/wp-content\/uploads\/2021\/03\/Datasheet-Ozone-Injector-287-4091-EN-v.2.1.pdf\" rel=\"noopener\">Tiedotteen<\/a><\/td>\n<\/tr>\n<tr class=\"row-8\">\n\t<td class=\"column-1\">Otsoni-injektori I-978<\/td><td class=\"column-2\">0.50 &#8211; 56.6 l\/min<\/td><td class=\"column-3\">17.0 &#8211; 87.1 l\/min<\/td><td class=\"column-4\">0.34 &#8211; 9.65 bar<\/td><td class=\"column-5\"><a target=\"blank\" href=\"https:\/\/ozonetech.com\/wp-content\/uploads\/2021\/03\/Datasheet-Ozone-Injector-287-4091-EN-v.2.1.pdf\" rel=\"noopener\">Tiedotteen<\/a><\/td>\n<\/tr>\n<tr class=\"row-9\">\n\t<td class=\"column-1\">Otsoni-injektori I-1078<\/td><td class=\"column-2\">1 &#8211; 77.9 l\/min<\/td><td class=\"column-3\">20.8 &#8211; 106 l\/min<\/td><td class=\"column-4\">0.34 &#8211; 9.65 bar<\/td><td class=\"column-5\"><a target=\"blank\" href=\"https:\/\/ozonetech.com\/wp-content\/uploads\/2021\/03\/Datasheet-Ozone-Injector-287-4091-EN-v.2.1.pdf\" rel=\"noopener\">Tiedotteen<\/a><\/td>\n<\/tr>\n<tr class=\"row-10\">\n\t<td class=\"column-1\">Otsoni-injektori I-1583<\/td><td class=\"column-2\">1 &#8211; 208 l\/min<\/td><td class=\"column-3\">40.5 &#8211; 209 l\/min<\/td><td class=\"column-4\">0.34 &#8211; 9.65 bar<\/td><td class=\"column-5\"><a target=\"blank\" href=\"https:\/\/ozonetech.com\/wp-content\/uploads\/2021\/03\/Datasheet-Ozone-Injector-287-4091-EN-v.2.1.pdf\" rel=\"noopener\">Tiedotteen<\/a><\/td>\n<\/tr>\n<tr class=\"row-11\">\n\t<td class=\"column-1\">Otsoni-injektori I-1584<\/td><td class=\"column-2\">1 &#8211; 153 l\/min<\/td><td class=\"column-3\">71.9 &#8211; 367 l\/min<\/td><td class=\"column-4\">0.34 &#8211; 9.65 bar<\/td><td class=\"column-5\"><a target=\"blank\" href=\"https:\/\/ozonetech.com\/wp-content\/uploads\/2021\/03\/Datasheet-Ozone-Injector-287-4091-EN-v.2.1.pdf\" rel=\"noopener\">Tiedotteen<\/a><\/td>\n<\/tr>\n<tr class=\"row-12\">\n\t<td class=\"column-1\">Otsoni-injektori I-2081<\/td><td class=\"column-2\">5 &#8211; 453 l\/min<\/td><td class=\"column-3\">133 &#8211; 591 l\/min<\/td><td class=\"column-4\">0.34 &#8211; 8.28 bar<\/td><td class=\"column-5\"><a target=\"blank\" href=\"https:\/\/ozonetech.com\/wp-content\/uploads\/2021\/03\/Datasheet-Ozone-Injector-287-4091-EN-v.2.1.pdf\" rel=\"noopener\">Tiedotteen<\/a><\/td>\n<\/tr>\n<tr class=\"row-13\">\n\t<td class=\"column-1\">Otsoni-injektori I-4090<\/td><td class=\"column-2\">1 &#8211; 1557 l\/min<\/td><td class=\"column-3\">269 &#8211; 1257 l\/min<\/td><td class=\"column-4\">0.34 &#8211; 8.28 bar<\/td><td class=\"column-5\"><a target=\"blank\" href=\"https:\/\/ozonetech.com\/wp-content\/uploads\/2021\/03\/Datasheet-Ozone-Injector-287-4091-EN-v.2.1.pdf\" rel=\"noopener\">Tiedotteen<\/a><\/td>\n<\/tr>\n<tr class=\"row-14\">\n\t<td class=\"column-1\">Otsoni-injektori I-4091<\/td><td class=\"column-2\">10 &#8211; 2548 l\/min<\/td><td class=\"column-3\">473 &#8211; 2192 l\/min<\/td><td class=\"column-4\">0.34 &#8211; 6.89 bar<\/td><td class=\"column-5\"><a target=\"blank\" href=\"https:\/\/ozonetech.com\/wp-content\/uploads\/2021\/03\/Datasheet-Ozone-Injector-287-4091-EN-v.2.1.pdf\" rel=\"noopener\">Tiedotteen<\/a><\/td>\n<\/tr>\n<\/tbody>\n<\/table>\n<span id=\"tablepress-162-description\" class=\"tablepress-table-description tablepress-table-description-id-162\"><\/span>\n                                <\/div>\n    <\/div>\n<\/div>\n\n\n<div class=\"container-fluid editor_content content content--narrow\">\n    <div class=\"row\">\n        <div class=\"col-12 editor_content\">\n            <h3>Ruiskutussuuttimet<\/h3>\n<p>Ruiskutussuuttimen k\u00e4ytt\u00f6 yhdess\u00e4 venturi-injektorin kanssa lis\u00e4\u00e4 suorituskyky\u00e4 ja mahdollistaa dynaamisen sekoittumisen paineen alla. T\u00e4m\u00e4 johtaa suurempiin massasiirtoihin ja siten otsonin perusteellisempaan seokseen veden kanssa, mik\u00e4 helpottaa kaasun sy\u00f6tt\u00f6\u00e4 mihin tahansa syvyyteen. T\u00e4m\u00e4 parantaa merkitt\u00e4v\u00e4sti j\u00e4rjestelmiemme suorituskyky\u00e4.<\/p>\n<p>Injektorisuuttimemme tarjoavat:<\/p>\n<ul>\n<li>Tehostettu kaasun ja nesteen rajapinnan uusiminen<\/li>\n<li>Dynaaminen sekoittuminen paineen alla suuremman massansiirron saavuttamiseksi<\/li>\n<li>Haluttu vastapaine injektorille<\/li>\n<li>K\u00e4sittelykaasujen sy\u00f6tt\u00f6 mihin tahansa syvyyteen<\/li>\n<li>Kompakti muotoilu helpottamaan k\u00e4ytt\u00f6\u00e4 ja asennusta<\/li>\n<li>Polypropeeni (PP) rakenne 3 tuuman ja sit\u00e4 suuremille suuttimille<\/li>\n<li>Polyvinyylideenifluoridi (PVDF) -rakenne 2 tuuman ja sit\u00e4 pienemmille suutimille<\/li>\n<li>B16A laaja valikoima malleja, jotka on suunniteltu vastaamaan k\u00e4ytt\u00f6tarvetta<\/li>\n<\/ul>\n<p>Lis\u00e4tietoja l\u00f6yd\u00e4t alla olevasta taulukosta:<\/p>\n        <\/div>\n    <\/div>\n<\/div>\n\n<div class=\"container-fluid editor_content\">\n    <div class=\"row\">\n        <div class=\"col-12 editor_content table-wrapper \" style=\"--table-text-color-header: #FFFFFF; --table-text-color-rows: #000000; --table-background-color-header: #5f5f5f; --table-background-color-rows-even: #efefef; --table-background-color-rows-odd: #dfdfdf; \">\n                            \n<table id=\"tablepress-163\" class=\"tablepress tablepress-id-163\" aria-describedby=\"tablepress-163-description\">\n<thead>\n<tr class=\"row-1\">\n\t<th class=\"column-1\">Malli<\/th><th class=\"column-2\">Kaasunvirtaus<\/th><th class=\"column-3\">PDF<\/th><th class=\"column-4\">Pyyd\u00e4 tarjous<\/th>\n<\/tr>\n<\/thead>\n<tbody class=\"row-striping\">\n<tr class=\"row-2\">\n\t<td class=\"column-1\">Otsonisuutin N-12<\/td><td class=\"column-2\">28 &#8211; 64 l\/min<\/td><td class=\"column-3\"><a target=\"blank\" href=\"https:\/\/ozonetech.com\/wp-content\/uploads\/2020\/12\/Datasheet-Injector-Nozzle-EN-v.3.0-web.pdf\" rel=\"noopener\">Tiedotteen<\/a><\/td><td class=\"column-4\"><a href=\"#form\">Pyyd\u00e4 tarjous<\/a><\/td>\n<\/tr>\n<tr class=\"row-3\">\n\t<td class=\"column-1\">Otsonisuutin N-13<\/td><td class=\"column-2\">57 &#8211; 129 l\/min<\/td><td class=\"column-3\"><a target=\"blank\" href=\"https:\/\/ozonetech.com\/wp-content\/uploads\/2020\/12\/Datasheet-Injector-Nozzle-EN-v.3.0-web.pdf\" rel=\"noopener\">Tiedotteen<\/a><\/td><td class=\"column-4\"><a href=\"#form\">Pyyd\u00e4 tarjous<\/a><\/td>\n<\/tr>\n<tr class=\"row-4\">\n\t<td class=\"column-1\">Otsonisuutin N-22<\/td><td class=\"column-2\">189 &#8211; 424 l\/min<\/td><td class=\"column-3\"><a target=\"blank\" href=\"https:\/\/ozonetech.com\/wp-content\/uploads\/2020\/12\/Datasheet-Injector-Nozzle-EN-v.3.0-web.pdf\" rel=\"noopener\">Tiedotteen<\/a><\/td><td class=\"column-4\"><a href=\"#form\">Pyyd\u00e4 tarjous<\/a><\/td>\n<\/tr>\n<tr class=\"row-5\">\n\t<td class=\"column-1\">Otsonisuutin N-25<\/td><td class=\"column-2\">284 &#8211; 644 l\/min<\/td><td class=\"column-3\"><a target=\"blank\" href=\"https:\/\/ozonetech.com\/wp-content\/uploads\/2020\/12\/Datasheet-Injector-Nozzle-EN-v.3.0-web.pdf\" rel=\"noopener\">Tiedotteen<\/a><\/td><td class=\"column-4\"><a href=\"#form\">Pyyd\u00e4 tarjous<\/a><\/td>\n<\/tr>\n<tr class=\"row-6\">\n\t<td class=\"column-1\">Otsonisuutin N-45<\/td><td class=\"column-2\">1136 &#8211; 2555 l\/min<\/td><td class=\"column-3\"><a target=\"blank\" href=\"https:\/\/ozonetech.com\/wp-content\/uploads\/2020\/12\/Datasheet-Injector-Nozzle-EN-v.3.0-web.pdf\" rel=\"noopener\">Tiedotteen<\/a><\/td><td class=\"column-4\"><a href=\"#form\">Pyyd\u00e4 tarjous<\/a><\/td>\n<\/tr>\n<\/tbody>\n<\/table>\n<span id=\"tablepress-163-description\" class=\"tablepress-table-description tablepress-table-description-id-163\"><\/span>\n                                <\/div>\n    <\/div>\n<\/div>\n\n\n<div class=\"container-fluid editor_content content content--narrower\">\n    <div class=\"row\">\n        <div class=\"col-12 editor_content\">\n            <p>&nbsp;<\/p>\n<h2>Pyyd\u00e4 tarjous<\/h2>\n        <\/div>\n    <\/div>\n<\/div>\n\n\n\n<div class=\"container-fluid editor_content content content--narrow\">\n    <div class=\"row\">\n        <div class=\"col-12 editor_content\">\n            <p><!-- SharpSpring Form for Mixing devices Quotation FI --><br \/>\n<script type=\"text\/javascript\">\n    var ss_form = {'account': 'MzawMDE3MzI2BwA', 'formID': 'SzVINEtOSrTUtTC2SNY1sTRJ001KTTTQTTROskw0NbFMSjS0BAA'};\n    ss_form.width = '100%';\n    ss_form.domain = 'app-3QNJA1Z2XY.marketingautomation.services';\n    ss_form.hidden = {'field_400000003544067': 'Ozonetech.com'};\n    \/\/ ss_form.target_id = 'target'; \/\/ Optional parameter: forms will be placed inside the element with the specified id\n    \/\/ ss_form.polling = true; \/\/ Optional parameter: set to true ONLY if your page loads dynamically and the id needs to be polled continually.\n<\/script><br \/>\n<script type=\"text\/javascript\" src=\"https:\/\/koi-3QNJA1Z2XY.marketingautomation.services\/client\/form.js?ver=2.0.1\"><\/script><\/p>\n        <\/div>\n    <\/div>\n<\/div>\n\n<\/section>\n","protected":false},"excerpt":{"rendered":"","protected":false},"author":21,"featured_media":0,"parent":14852,"menu_order":0,"comment_status":"closed","ping_status":"closed","template":"","meta":{"_acf_changed":false,"_seopress_robots_primary_cat":"","_seopress_titles_title":"","_seopress_titles_desc":"Otsoni-injektorit otsonin liuottamiseksi veteen. Suuttimet j\u00e4rjestelm\u00e4n suorituskyvyn parantamiseksi yhdess\u00e4 otsoni-injektorien kanssa.","_seopress_robots_index":"","inline_featured_image":false,"footnotes":""},"class_list":["post-11662","page","type-page","status-publish","hentry"],"acf":[],"_links":{"self":[{"href":"https:\/\/ozonetech.com\/fi\/wp-json\/wp\/v2\/pages\/11662","targetHints":{"allow":["GET"]}}],"collection":[{"href":"https:\/\/ozonetech.com\/fi\/wp-json\/wp\/v2\/pages"}],"about":[{"href":"https:\/\/ozonetech.com\/fi\/wp-json\/wp\/v2\/types\/page"}],"author":[{"embeddable":true,"href":"https:\/\/ozonetech.com\/fi\/wp-json\/wp\/v2\/users\/21"}],"replies":[{"embeddable":true,"href":"https:\/\/ozonetech.com\/fi\/wp-json\/wp\/v2\/comments?post=11662"}],"version-history":[{"count":29,"href":"https:\/\/ozonetech.com\/fi\/wp-json\/wp\/v2\/pages\/11662\/revisions"}],"predecessor-version":[{"id":42020,"href":"https:\/\/ozonetech.com\/fi\/wp-json\/wp\/v2\/pages\/11662\/revisions\/42020"}],"up":[{"embeddable":true,"href":"https:\/\/ozonetech.com\/fi\/wp-json\/wp\/v2\/pages\/14852"}],"wp:attachment":[{"href":"https:\/\/ozonetech.com\/fi\/wp-json\/wp\/v2\/media?parent=11662"}],"curies":[{"name":"wp","href":"https:\/\/api.w.org\/{rel}","templated":true}]}}