{"id":11652,"date":"2020-06-25T06:28:23","date_gmt":"2020-06-25T06:28:23","guid":{"rendered":"https:\/\/ozonetech.com\/product-ozone-equipment\/"},"modified":"2024-11-07T08:37:06","modified_gmt":"2024-11-07T07:37:06","slug":"otsonitarvikkeet-suljetut-jaahdytysjarjestelmat","status":"publish","type":"page","link":"https:\/\/ozonetech.com\/fi\/tuotteet\/otsonitarvikkeet-suljetut-jaahdytysjarjestelmat\/","title":{"rendered":"Otsonitarvikkeet &amp; suljetut j\u00e4\u00e4hdytysj\u00e4rjestelm\u00e4t"},"content":{"rendered":"\n<section\n    class=\"block hero hero--regular\"\n    style=\"background-image: url('https:\/\/ozonetech.com\/wp-content\/uploads\/2021\/03\/ozone-equipment-cooling-system-1600x484.jpg'); --hero-opacity: 0.3\"\n>\n\n    <div class=\"container-fluid\">\n\n        <div class=\"content editor_content\">\n                         \n                <h2 class='h2'>Otsonitarvikkeet &#038; suljetut j\u00e4\u00e4hdytysj\u00e4rjestelm\u00e4t<\/h2>            \n                    <\/div>\n\n            <\/div>\n<\/section>\n\n\n<section class=\"component component_breadcrumbs\">\n\t<div class=\"container-fluid\">\n  \t<\/div>\n<\/section>\n\n\n<section\n    id=\"\"\n    class=\"block content-block\"\n\tstyle=\"--cb-bg: white; --cb-content: #000; padding-top: 30px; padding-bottom: 30px;\"\n>\n    \n\n<div class=\"container-fluid editor_content content content--narrow\">\n    <div class=\"row\">\n        <div class=\"col-12 editor_content\">\n            <h1>Suljetut j\u00e4\u00e4hdytysj\u00e4rjestelm\u00e4t ja muut olennaiset otsonij\u00e4rjestelmien komponentit<\/h1>\n<p class=\"preamble\">K\u00e4\u00e4nteentekev\u00e4t otsoni- ja hapetusratkaisumme ja -j\u00e4rjestelm\u00e4mme vaativat monia olennaisia komponentteja ja lis\u00e4varusteita. Jotkut n\u00e4ist\u00e4 komponenteista ovat n\u00e4ht\u00e4i saatavilla ostut. Pyyd\u00e4 tarjous.<\/p>\n<h3>Suljetunpiirin j\u00e4\u00e4hdyttimet<\/h3>\n<p>Suljetut j\u00e4\u00e4hdytysj\u00e4rjestelm\u00e4t ovat t\u00e4ydellinen vaihtoehto, kun ulkoisia j\u00e4\u00e4hdytysl\u00e4hteit\u00e4 ei ole saatavilla ja\/tai j\u00e4\u00e4hdytyksen vedenkulutuskustannukset ovat liian korkeat.<\/p>\n<p>Voimme toimittaa mink\u00e4 tahansa vakioj\u00e4\u00e4hdytysj\u00e4rjestelm\u00e4mme lukuisilla vaihtoehtoisilla lis\u00e4varusteilla tarjotaksemme avaimet k\u00e4teen -ratkaisun erityisiin j\u00e4\u00e4hdytysvaatimuksiin.<\/p>\n<p>Suljetut j\u00e4\u00e4hdytysj\u00e4rjestelm\u00e4mme pystyv\u00e4t toimimaan jopa 40C asteen (tai 104 F) l\u00e4mp\u00f6tilassa ja 165 l\/h kapasiteetilla.<\/p>\n<h3>Ohjausj\u00e4rjestelm\u00e4t<\/h3>\n<p>Kehitt\u00e4m\u00e4mme ohjausj\u00e4rjestelm\u00e4 O3Eye\u2122 valvoo koko otsonij\u00e4rjestelm\u00e4\u00e4 ja kaikkia siihen kytkettyj\u00e4 oheislaitteita. Laitteesta saatavilla my\u00f6s tilatietoja ja h\u00e4lytyssignaaleja.<\/p>\n<p>Premium-huoltosopimuksemme avulla Ozonetech-j\u00e4rjestelm\u00e4si O3Eye\u2122 on yhdistetty online-et\u00e4valvontaohjelmaamme, ja asiakaspalvelutiimimme pystyy optimoimaan huoltosuunnitelmasi ja j\u00e4rjestelm\u00e4si k\u00e4ytt\u00f6ajan.<\/p>\n<p>Lis\u00e4tietoja suljetuista j\u00e4\u00e4hdytys- ja ohjausj\u00e4rjestelmist\u00e4mme, sek\u00e4 t\u00e4ll\u00e4 hetkell\u00e4 varastossa olevista j\u00e4rjestelmist\u00e4 alla olevista taulukoista.<\/p>\n        <\/div>\n    <\/div>\n<\/div>\n\n<div class=\"container-fluid editor_content\">\n    <div class=\"row\">\n        <div class=\"col-12 editor_content table-wrapper \" style=\"--table-text-color-header: #FFFFFF; --table-text-color-rows: #000000; --table-background-color-header: #5f5f5f; --table-background-color-rows-even: #efefef; --table-background-color-rows-odd: #dfdfdf; \">\n                            \n<table id=\"tablepress-161\" class=\"tablepress tablepress-id-161\" aria-describedby=\"tablepress-161-description\">\n<thead>\n<tr class=\"row-1\">\n\t<th class=\"column-1\">Malli<\/th><th class=\"column-2\">Kuvaus<\/th><th class=\"column-3\">PDF<\/th>\n<\/tr>\n<\/thead>\n<tbody class=\"row-striping\">\n<tr class=\"row-2\">\n\t<td class=\"column-1\">O3Eye\u2122<\/td><td class=\"column-2\">Ohjausj\u00e4rjestelm\u00e4<\/td><td class=\"column-3\"><a target=\"blank\" href=\"https:\/\/ozonetech.com\/wp-content\/uploads\/2020\/12\/Datasheet-Control-Monitor-O3Eye-EN-v.2.0-web.pdf\" rel=\"noopener\">Tiedotteen<\/a><\/td>\n<\/tr>\n<tr class=\"row-3\">\n\t<td class=\"column-1\">Closed cooling system WENR003s<\/td><td class=\"column-2\">Suljettu j\u00e4\u00e4hdytysj\u00e4rjestelm\u00e4 (3,4 kW:n j\u00e4\u00e4hd.kapasiteetti)<\/td><td class=\"column-3\"><a target=\"blank\" href=\"https:\/\/ozonetech.com\/wp-content\/uploads\/2021\/03\/Datasheet-Closed-Cooling-System-WENR003s-EN-v.2.0-web.pdf\" rel=\"noopener\">Tiedotteen<\/a><\/td>\n<\/tr>\n<tr class=\"row-4\">\n\t<td class=\"column-1\">Closed cooling system WBK1224<\/td><td class=\"column-2\">Suljettu j\u00e4\u00e4hdytysj\u00e4rjestelm\u00e4 (0,8 kW:n j\u00e4\u00e4hd.kapasiteetti)<\/td><td class=\"column-3\"><a target=\"blank\" href=\"https:\/\/ozonetech.com\/wp-content\/uploads\/2020\/12\/Datasheet-Closed-cooling-system-WBK1224xxx-EN-v.2.0-web.pdf\" rel=\"noopener\">Tiedotteen<\/a><\/td>\n<\/tr>\n<tr class=\"row-5\">\n\t<td class=\"column-1\">Closed cooling system WBK2380s<\/td><td class=\"column-2\">Suljettu j\u00e4\u00e4hdytysj\u00e4rjestelm\u00e4 (2,0 kW:n j\u00e4\u00e4hd.kapasiteetti)<\/td><td class=\"column-3\"><a target=\"blank\" href=\"https:\/\/ozonetech.com\/wp-content\/uploads\/2020\/12\/Datasheet-Closed-Cooling-System-WBK-5650s-1550-2380s-EN-v.2.0-web.pdf\" rel=\"noopener\">Tiedotteen<\/a><\/td>\n<\/tr>\n<tr class=\"row-6\">\n\t<td class=\"column-1\">Closed cooling system WBK1550\/5650s<\/td><td class=\"column-2\">Suljettu j\u00e4\u00e4hdytysj\u00e4rjestelm\u00e4 (1,3 kW:n j\u00e4\u00e4hd.kapasiteetti)<\/td><td class=\"column-3\"><a target=\"blank\" href=\"https:\/\/ozonetech.com\/wp-content\/uploads\/2020\/12\/Datasheet-Closed-Cooling-System-WBK-5650s-1550-2380s-EN-v.2.0-web.pdf\" rel=\"noopener\">Tiedotteen<\/a><\/td>\n<\/tr>\n<tr class=\"row-7\">\n\t<td class=\"column-1\">Otsoninkest\u00e4v\u00e4 teflonletku (PTFE)<\/td><td class=\"column-2\">Otsoninkest\u00e4v\u00e4t letkut (OD 4\/6\/8\/12 mm)<\/td><td class=\"column-3\">N\/A<\/td>\n<\/tr>\n<tr class=\"row-8\">\n\t<td class=\"column-1\">Otsoninkest\u00e4v\u00e4 o-rengas<\/td><td class=\"column-2\">7.66&#215;1.78 &#8211; 250&#215;3.0 (FPM)<\/td><td class=\"column-3\">N\/A<\/td>\n<\/tr>\n<tr class=\"row-9\">\n\t<td class=\"column-1\">Otsoninkest\u00e4v\u00e4t letkuliittimet ja venttiilit<\/td><td class=\"column-2\">Letkuliittimet ja venttiilit (6\u201312 mm)<\/td><td class=\"column-3\">N\/A<\/td>\n<\/tr>\n<\/tbody>\n<\/table>\n<span id=\"tablepress-161-description\" class=\"tablepress-table-description tablepress-table-description-id-161\"><\/span>\n<!-- #tablepress-161 from cache -->                                <\/div>\n    <\/div>\n<\/div>\n\n\n<div class=\"container-fluid editor_content content content--narrower\">\n    <div class=\"row\">\n        <div class=\"col-12 editor_content\">\n            <p><a id=\"form\"><\/a><\/p>\n<h2>Pyyd\u00e4 tarjous<\/h2>\n        <\/div>\n    <\/div>\n<\/div>\n\n\n\n<div class=\"container-fluid editor_content content content--narrow\">\n    <div class=\"row\">\n        <div class=\"col-12 editor_content\">\n            <p><!-- SharpSpring Form for OE Quotation FI  --><br \/>\n<script type=\"text\/javascript\">\n    var ss_form = {'account': 'MzawMDE3MzI2BwA', 'formID': 'SzZOSjawNEnRNTczNtA1MTJO1LU0NzHRNUw2A3KMDZJTUiwA'};\n    ss_form.width = '100%';\n    ss_form.domain = 'app-3QNJA1Z2XY.marketingautomation.services';\n    ss_form.hidden = {'field_400000003544067': 'Ozonetech.com'};\n    \/\/ ss_form.target_id = 'target'; \/\/ Optional parameter: forms will be placed inside the element with the specified id\n    \/\/ ss_form.polling = true; \/\/ Optional parameter: set to true ONLY if your page loads dynamically and the id needs to be polled continually.\n<\/script><br \/>\n<script type=\"text\/javascript\" src=\"https:\/\/koi-3QNJA1Z2XY.marketingautomation.services\/client\/form.js?ver=2.0.1\"><\/script><\/p>\n        <\/div>\n    <\/div>\n<\/div>\n\n<\/section>\n","protected":false},"excerpt":{"rendered":"","protected":false},"author":21,"featured_media":0,"parent":14852,"menu_order":0,"comment_status":"closed","ping_status":"closed","template":"","meta":{"_acf_changed":false,"_seopress_robots_primary_cat":"","_seopress_titles_title":"","_seopress_titles_desc":"T\u00e4\u00e4lt\u00e4 l\u00f6yd\u00e4t valikoiman muita joita voidaan k\u00e4ytt\u00e4\u00e4 otsonointij\u00e4rjestelmiemme yhteydess\u00e4","_seopress_robots_index":"","inline_featured_image":false,"footnotes":""},"class_list":["post-11652","page","type-page","status-publish","hentry"],"acf":[],"_links":{"self":[{"href":"https:\/\/ozonetech.com\/fi\/wp-json\/wp\/v2\/pages\/11652","targetHints":{"allow":["GET"]}}],"collection":[{"href":"https:\/\/ozonetech.com\/fi\/wp-json\/wp\/v2\/pages"}],"about":[{"href":"https:\/\/ozonetech.com\/fi\/wp-json\/wp\/v2\/types\/page"}],"author":[{"embeddable":true,"href":"https:\/\/ozonetech.com\/fi\/wp-json\/wp\/v2\/users\/21"}],"replies":[{"embeddable":true,"href":"https:\/\/ozonetech.com\/fi\/wp-json\/wp\/v2\/comments?post=11652"}],"version-history":[{"count":22,"href":"https:\/\/ozonetech.com\/fi\/wp-json\/wp\/v2\/pages\/11652\/revisions"}],"predecessor-version":[{"id":42040,"href":"https:\/\/ozonetech.com\/fi\/wp-json\/wp\/v2\/pages\/11652\/revisions\/42040"}],"up":[{"embeddable":true,"href":"https:\/\/ozonetech.com\/fi\/wp-json\/wp\/v2\/pages\/14852"}],"wp:attachment":[{"href":"https:\/\/ozonetech.com\/fi\/wp-json\/wp\/v2\/media?parent=11652"}],"curies":[{"name":"wp","href":"https:\/\/api.w.org\/{rel}","templated":true}]}}