{"id":11640,"date":"2020-06-25T06:21:16","date_gmt":"2020-06-25T06:21:16","guid":{"rendered":"https:\/\/ozonetech.com\/products-ozone-destructors\/"},"modified":"2024-11-07T10:49:50","modified_gmt":"2024-11-07T09:49:50","slug":"otsonin-hajottajat","status":"publish","type":"page","link":"https:\/\/ozonetech.com\/fi\/tuotteet\/otsonin-hajottajat\/","title":{"rendered":"Otsonin hajottajat"},"content":{"rendered":"\n<section\n    class=\"block hero hero--regular\"\n    style=\"background-image: url('https:\/\/ozonetech.com\/wp-content\/uploads\/2021\/03\/destructors-1600x484.jpg'); --hero-opacity: 0.3\"\n>\n\n    <div class=\"container-fluid\">\n\n        <div class=\"content editor_content\">\n                         \n                <h2 class='h2'>Otsonin hajottajat<\/h2>            \n                    <\/div>\n\n            <\/div>\n<\/section>\n\n\n<section class=\"component component_breadcrumbs\">\n\t<div class=\"container-fluid\">\n  \t<\/div>\n<\/section>\n\n\n<section\n    id=\"\"\n    class=\"block content-block\"\n\tstyle=\"--cb-bg: white; --cb-content: #000; padding-top: 30px; padding-bottom: 30px;\"\n>\n    \n<div class=\"container-fluid content content--narrow\">\n    <div class=\"row\">\n        <div class=\"col-md-6 order-1 editor_content \">\n            <h1>Kompaktit ja tehokkaat otsonin hajottajat<\/h1>\n<p class=\"preamble\">Otsoni on eritt\u00e4in voimakas ja reaktiivinen molekyyli, jolla on kyky hapettaa useimmat metallit ja orgaaniset aineet. Korkea otsonipitoisuus on hy\u00f6dyllinen useissa ilman- ja vedenk\u00e4sittelyprosesseissa, se ei kuitenkaan saa j\u00e4\u00e4d\u00e4 korkeaksi k\u00e4sittelyn j\u00e4lkeen, vaan se on tuhottava.<\/p>\n        <\/div>\n        <div class=\"col-md-6 order-2 editor_content d-flex justify-content-center\">\n                                            <figure class=\"side-image \">\n                    <img loading=\"lazy\" decoding=\"async\" width=\"425\" height=\"297\" src=\"https:\/\/ozonetech.com\/wp-content\/uploads\/2021\/03\/ozone-destructors-1.png\" class=\"attachment-full size-full\" alt=\"\" srcset=\"https:\/\/ozonetech.com\/wp-content\/uploads\/2021\/03\/ozone-destructors-1.png 425w, https:\/\/ozonetech.com\/wp-content\/uploads\/2021\/03\/ozone-destructors-1-300x210.png 300w\" sizes=\"auto, (max-width: 425px) 100vw, 425px\" \/>                                    <\/figure>\n                    <\/div>\n    <\/div>\n<\/div>\n\n\n<div class=\"container-fluid editor_content content content--narrow\">\n    <div class=\"row\">\n        <div class=\"col-12 editor_content\">\n            <p>Otsonih\u00e4vitt\u00e4j\u00e4mme muuntavat otsonin nopeasti takaisin hapeksi, Ilman hiilidioksidia tai myrkyllisi\u00e4 kaasuja, kuten hiilimonoksidia.<\/p>\n<p>Ozonetechin katalyyttiset otsonituhoajat on valmistettu ruostumattomasta ter\u00e4ksest\u00e4, ja ne takaavat maksimissaan 0,1 ppm pitoisuuden, riippumatta l\u00e4ht\u00f6\u00e4tasosta<\/p>\n<p>Kaikki otsoninh\u00e4vitt\u00e4j\u00e4t toimitetaan t\u00e4ydellisen\u00e4, tarvittavilla liit\u00e4nn\u00f6ill\u00e4, kytkimill\u00e4 ja katalyyttisella materiaalilla.<\/p>\n<p>Tarjoamme my\u00f6s r\u00e4\u00e4t\u00e4l\u00f6ityj\u00e4 otsonih\u00e4vitt\u00e4ji\u00e4, vakiomallistomme ulkopuolisille virtausm\u00e4\u00e4rille.<\/p>\n<p>Jos olet kiinnostunut kokonaisratkaisuiostamme suurempien otsonivirtausten k\u00e4sittelyyn, lue lis\u00e4\u00e4 <a href=\"https:\/\/ozonetech.com\/fi\/ratkaisut-jarjestelmat\/ilmankasittely\/otsonin-hajotus\/\">Contra-otsonih\u00e4vitt\u00e4j\u00e4<\/a> j\u00e4rjestelmist\u00e4mme.<\/p>\n<p>Tarkemmat tekniset tiedot l\u00f6ytyy alla olevasta taulukosta:<\/p>\n        <\/div>\n    <\/div>\n<\/div>\n\n<div class=\"container-fluid editor_content\">\n    <div class=\"row\">\n        <div class=\"col-12 editor_content table-wrapper \" style=\"--table-text-color-header: #FFFFFF; --table-text-color-rows: #000000; --table-background-color-header: #5f5f5f; --table-background-color-rows-even: #efefef; --table-background-color-rows-odd: #dfdfdf; \">\n                            \n<table id=\"tablepress-160\" class=\"tablepress tablepress-id-160\" aria-describedby=\"tablepress-160-description\">\n<thead>\n<tr class=\"row-1\">\n\t<th class=\"column-1\">Malli<\/th><th class=\"column-2\">Kapasiteetti<\/th><th class=\"column-3\">Suositeltu otsonigeneraattori<\/th><th class=\"column-4\">PDF<\/th>\n<\/tr>\n<\/thead>\n<tbody class=\"row-striping\">\n<tr class=\"row-2\">\n\t<td class=\"column-1\">Otsoninh\u00e4vitt\u00e4j\u00e4 OD-100<\/td><td class=\"column-2\">15 l\/min<\/td><td class=\"column-3\">ICT-sarja<\/td><td class=\"column-4\"><a target=\"blank\" href=\"https:\/\/ozonetech.com\/wp-content\/uploads\/2020\/12\/Datasheet-Ozone-Destructors-v.2.0-EN-web.pdf\" rel=\"noopener\">Tiedotteen<\/a><\/td>\n<\/tr>\n<tr class=\"row-3\">\n\t<td class=\"column-1\">Otsoninh\u00e4vitt\u00e4j\u00e4 OD-200<\/td><td class=\"column-2\">30 l\/min<\/td><td class=\"column-3\">ICT-sarja<\/td><td class=\"column-4\"><a target=\"blank\" href=\"https:\/\/ozonetech.com\/wp-content\/uploads\/2020\/12\/Datasheet-Ozone-Destructors-v.2.0-EN-web.pdf\" rel=\"noopener\">Tiedotteen<\/a><\/td>\n<\/tr>\n<tr class=\"row-4\">\n\t<td class=\"column-1\">Otsoninh\u00e4vitt\u00e4j\u00e4 OD-400<\/td><td class=\"column-2\">65 l\/min<\/td><td class=\"column-3\">ICT\/DCT-sarja<\/td><td class=\"column-4\"><a target=\"blank\" href=\"https:\/\/ozonetech.com\/wp-content\/uploads\/2020\/12\/Datasheet-Ozone-Destructors-v.2.0-EN-web.pdf\" rel=\"noopener\">Tiedotteen<\/a><\/td>\n<\/tr>\n<tr class=\"row-5\">\n\t<td class=\"column-1\">Otsoninh\u00e4vitt\u00e4j\u00e4 OD-1000<\/td><td class=\"column-2\">150 l\/min<\/td><td class=\"column-3\">ICT\/DCT-sarja<\/td><td class=\"column-4\"><a target=\"blank\" href=\"https:\/\/ozonetech.com\/wp-content\/uploads\/2020\/12\/Datasheet-Ozone-Destructors-v.2.0-EN-web.pdf\" rel=\"noopener\">Tiedotteen<\/a><\/td>\n<\/tr>\n<tr class=\"row-6\">\n\t<td class=\"column-1\">Otsoninh\u00e4vitt\u00e4j\u00e4 OD-5000<\/td><td class=\"column-2\">830 l\/min<\/td><td class=\"column-3\">ICT\/DCT-sarja<\/td><td class=\"column-4\"><a target=\"blank\" href=\"https:\/\/ozonetech.com\/wp-content\/uploads\/2020\/12\/Datasheet-Ozone-Destructors-v.2.0-EN-web.pdf\" rel=\"noopener\">Tiedotteen<\/a><\/td>\n<\/tr>\n<\/tbody>\n<\/table>\n<span id=\"tablepress-160-description\" class=\"tablepress-table-description tablepress-table-description-id-160\"><\/span>\n<!-- #tablepress-160 from cache -->                                <\/div>\n    <\/div>\n<\/div>\n\n\n<div class=\"container-fluid editor_content content content--narrower\">\n    <div class=\"row\">\n        <div class=\"col-12 editor_content\">\n            <p><a id=\"form\"><\/a><\/p>\n<h2>Pyyd\u00e4 tarjous<\/h2>\n        <\/div>\n    <\/div>\n<\/div>\n\n\n\n<div class=\"container-fluid editor_content content content--narrow\">\n    <div class=\"row\">\n        <div class=\"col-12 editor_content\">\n            <p><!-- SharpSpring Form for OD Quotation FI  --><br \/>\n<script type=\"text\/javascript\">\n    var ss_form = {'account': 'MzawMDE3MzI2BwA', 'formID': 'MzQ3szQxTTTUtTQwNdA1sbA0000ySU3WNTYwTE42STZPs0w0AAA'};\n    ss_form.width = '100%';\n    ss_form.domain = 'app-3QNJA1Z2XY.marketingautomation.services';\n    ss_form.hidden = {'field_400000003544067': 'Ozonetech.com'};\n    \/\/ ss_form.target_id = 'target'; \/\/ Optional parameter: forms will be placed inside the element with the specified id\n    \/\/ ss_form.polling = true; \/\/ Optional parameter: set to true ONLY if your page loads dynamically and the id needs to be polled continually.\n<\/script><br \/>\n<script type=\"text\/javascript\" src=\"https:\/\/koi-3QNJA1Z2XY.marketingautomation.services\/client\/form.js?ver=2.0.1\"><\/script><\/p>\n        <\/div>\n    <\/div>\n<\/div>\n\n<\/section>\n","protected":false},"excerpt":{"rendered":"","protected":false},"author":21,"featured_media":0,"parent":14852,"menu_order":0,"comment_status":"closed","ping_status":"closed","template":"","meta":{"_acf_changed":false,"_seopress_robots_primary_cat":"","_seopress_titles_title":"","_seopress_titles_desc":"Katso t\u00e4\u00e4lt\u00e4 useita muita otsonilaitteita, joita voidaan k\u00e4ytt\u00e4\u00e4 yhdess\u00e4 tuotteidemme kanssa ja otsonisovelluksissa.","_seopress_robots_index":"","inline_featured_image":false,"footnotes":""},"class_list":["post-11640","page","type-page","status-publish","hentry"],"acf":[],"_links":{"self":[{"href":"https:\/\/ozonetech.com\/fi\/wp-json\/wp\/v2\/pages\/11640","targetHints":{"allow":["GET"]}}],"collection":[{"href":"https:\/\/ozonetech.com\/fi\/wp-json\/wp\/v2\/pages"}],"about":[{"href":"https:\/\/ozonetech.com\/fi\/wp-json\/wp\/v2\/types\/page"}],"author":[{"embeddable":true,"href":"https:\/\/ozonetech.com\/fi\/wp-json\/wp\/v2\/users\/21"}],"replies":[{"embeddable":true,"href":"https:\/\/ozonetech.com\/fi\/wp-json\/wp\/v2\/comments?post=11640"}],"version-history":[{"count":47,"href":"https:\/\/ozonetech.com\/fi\/wp-json\/wp\/v2\/pages\/11640\/revisions"}],"predecessor-version":[{"id":42056,"href":"https:\/\/ozonetech.com\/fi\/wp-json\/wp\/v2\/pages\/11640\/revisions\/42056"}],"up":[{"embeddable":true,"href":"https:\/\/ozonetech.com\/fi\/wp-json\/wp\/v2\/pages\/14852"}],"wp:attachment":[{"href":"https:\/\/ozonetech.com\/fi\/wp-json\/wp\/v2\/media?parent=11640"}],"curies":[{"name":"wp","href":"https:\/\/api.w.org\/{rel}","templated":true}]}}