{"id":11629,"date":"2020-06-25T08:25:25","date_gmt":"2020-06-25T08:25:25","guid":{"rendered":"https:\/\/ozonetech.com\/products-dct-series\/"},"modified":"2024-11-07T08:17:11","modified_gmt":"2024-11-07T07:17:11","slug":"dct-sarja","status":"publish","type":"page","link":"https:\/\/ozonetech.com\/fi\/tuotteet\/otsonigeneraattorit\/dct-sarja\/","title":{"rendered":"DCT-sarja"},"content":{"rendered":"\n<section\n    class=\"block hero hero--regular\"\n    style=\"background-image: url('https:\/\/ozonetech.com\/wp-content\/uploads\/2021\/03\/dct-series-1600x484.jpg'); --hero-opacity: 0.3\"\n>\n\n    <div class=\"container-fluid\">\n\n        <div class=\"content editor_content\">\n                         \n                <h2 class='h2'>DCT-sarja<\/h2>            \n                    <\/div>\n\n            <\/div>\n<\/section>\n\n\n<section class=\"component component_breadcrumbs\">\n\t<div class=\"container-fluid\">\n  \t<\/div>\n<\/section>\n\n\n<section\n    id=\"\"\n    class=\"block content-block\"\n\tstyle=\"--cb-bg: white; --cb-content: #000; padding-top: 30px; padding-bottom: 30px;\"\n>\n    \n\n<div class=\"container-fluid editor_content content content--narrow\">\n    <div class=\"row\">\n        <div class=\"col-12 editor_content\">\n            <h1>DCT-sarja &#8211; tehokkaimmat korkean suorituskyvyn otsonigeneraattorimme<\/h1>\n<p class=\"preamble\">DCT-sarjan otsonigeneraattoreiden kotelo on ruostumatonta ter\u00e4st\u00e4. Oikeassa sivussa ovat liit\u00e4nn\u00e4t hapelle, otsonille ja j\u00e4\u00e4hdytysvedelle. Vasemmassa sivussa ovat kaikki s\u00e4hk\u00f6liit\u00e4nn\u00e4t ja pikaliittimet. Generaattori lukee jatkuvasti kaikkia j\u00e4rjestelm\u00e4parametreja ja antaa h\u00e4lytyksen ohjauspaneelin kautta, jos arvot ovat ep\u00e4normaalit. Ohjauspaneeli voidaan liitt\u00e4\u00e4 ulkoiseen tietokoneeseen<br \/>\ntai internetiin.<\/p>\n<p>&nbsp;<\/p>\n        <\/div>\n    <\/div>\n<\/div>\n\n\n<div class=\"container-fluid content content--narrow\">\n    <div class=\"row\">\n        <div class=\"col-md-6 order-1 editor_content \">\n            <h3>Edut<\/h3>\n<ul>\n<li>Korkea otsonipitoisuus<\/li>\n<li>Alhainen melutaso<\/li>\n<li>Kompakti rakenne mahdollistaa helpon asentamisen ja j\u00e4rjestelm\u00e4integraation<\/li>\n<li>PLC-ohjattu, sis\u00e4\u00e4nrakennettu ohjauspaneeli<\/li>\n<li>T\u00e4ydelliset et\u00e4ohjaus- ja valvontaominaisuudet<\/li>\n<li>T\u00e4rkeimm\u00e4t parametrit n\u00e4kyv\u00e4t paneelissa<\/li>\n<li>S\u00e4\u00e4dett\u00e4v\u00e4 otsonintuotantotaso (0\u2013100 %)<\/li>\n<li>H\u00e4lytysrele kaikille kriittisille j\u00e4rjestelm\u00e4parametreille<\/li>\n<li>Pikaliittimet kaikkiin s\u00e4hk\u00f6liit\u00e4nt\u00f6ihin<\/li>\n<li>CE-hyv\u00e4ksynt\u00e4<\/li>\n<\/ul>\n        <\/div>\n        <div class=\"col-md-6 order-2 editor_content d-flex justify-content-center\">\n                                            <figure class=\"side-image \">\n                    <img loading=\"lazy\" decoding=\"async\" width=\"425\" height=\"530\" src=\"https:\/\/ozonetech.com\/wp-content\/uploads\/2021\/03\/dct-series-ozonetech-2.jpg\" class=\"attachment-full size-full\" alt=\"\" srcset=\"https:\/\/ozonetech.com\/wp-content\/uploads\/2021\/03\/dct-series-ozonetech-2.jpg 425w, https:\/\/ozonetech.com\/wp-content\/uploads\/2021\/03\/dct-series-ozonetech-2-241x300.jpg 241w\" sizes=\"auto, (max-width: 425px) 100vw, 425px\" \/>                                    <\/figure>\n                    <\/div>\n    <\/div>\n<\/div>\n\n\n<div class=\"container-fluid editor_content content content--narrow\">\n    <div class=\"row\">\n        <div class=\"col-12 editor_content\">\n            <p>Voit katsoa yksityiskohtaisia tietoja napsauttamalla jotakin alla olevista tuotteista.<\/p>\n        <\/div>\n    <\/div>\n<\/div>\n\n<div class=\"container-fluid editor_content\">\n    <div class=\"row\">\n        <div class=\"col-12 editor_content table-wrapper \" style=\"--table-text-color-header: #FFFFFF; --table-text-color-rows: #000000; --table-background-color-header: #5f5f5f; --table-background-color-rows-even: #efefef; --table-background-color-rows-odd: #dfdfdf; \">\n                            \n<table id=\"tablepress-157\" class=\"tablepress tablepress-id-157\" aria-describedby=\"tablepress-157-description\">\n<thead>\n<tr class=\"row-1\">\n\t<th class=\"column-1\">Malli<\/th><th class=\"column-2\">Tuotanto (maks.)<\/th><th class=\"column-3\">Nimellispit.<\/th><th class=\"column-4\">Nimellisvirtaus<\/th><th class=\"column-5\">Paino<\/th><th class=\"column-6\">PDF<\/th>\n<\/tr>\n<\/thead>\n<tbody class=\"row-striping\">\n<tr class=\"row-2\">\n\t<td class=\"column-1\">DCT-500<\/td><td class=\"column-2\">0.5 kg\/h<\/td><td class=\"column-3\">215 g\/Nm<sup>3<\/sup><\/td><td class=\"column-4\">40 l\/min<\/td><td class=\"column-5\">150 kg<\/td><td class=\"column-6\"><a target=\"blank\" href=\"https:\/\/ozonetech.com\/wp-content\/uploads\/2020\/12\/Datasheet-Ozone-Generators-DCT-EN-v.2.0-web.pdf\" rel=\"noopener\">Tiedotteen<\/a><\/td>\n<\/tr>\n<tr class=\"row-3\">\n\t<td class=\"column-1\">DCT-1000<\/td><td class=\"column-2\">1.0 kg\/h<\/td><td class=\"column-3\">140 g\/Nm<sup>3<\/sup><\/td><td class=\"column-4\">120 l\/min<\/td><td class=\"column-5\">150 kg<\/td><td class=\"column-6\"><a target=\"blank\" href=\"https:\/\/ozonetech.com\/wp-content\/uploads\/2020\/12\/Datasheet-Ozone-Generators-DCT-EN-v.2.0-web.pdf\" rel=\"noopener\">Tiedotteen<\/a><\/td>\n<\/tr>\n<tr class=\"row-4\">\n\t<td class=\"column-1\">DCT-2000<\/td><td class=\"column-2\">2.0 kg\/h<\/td><td class=\"column-3\">140 g\/Nm<sup>3<\/sup><\/td><td class=\"column-4\">240 l\/min<\/td><td class=\"column-5\">300 kg<\/td><td class=\"column-6\"><a target=\"blank\" href=\"https:\/\/ozonetech.com\/wp-content\/uploads\/2020\/12\/Datasheet-Ozone-Generators-DCT-EN-v.2.0-web.pdf\" rel=\"noopener\">Tiedotteen<\/a><\/td>\n<\/tr>\n<tr class=\"row-5\">\n\t<td class=\"column-1\">DCT-3000<\/td><td class=\"column-2\">3.0 kg\/h<\/td><td class=\"column-3\">140 g\/Nm<sup>3<\/sup><\/td><td class=\"column-4\">360 l\/min<\/td><td class=\"column-5\">450 kg<\/td><td class=\"column-6\"><a target=\"blank\" href=\"https:\/\/ozonetech.com\/wp-content\/uploads\/2020\/12\/Datasheet-Ozone-Generators-DCT-EN-v.2.0-web.pdf\" rel=\"noopener\">Tiedotteen<\/a><\/td>\n<\/tr>\n<tr class=\"row-6\">\n\t<td class=\"column-1\">DCT-4000<\/td><td class=\"column-2\">4.0 kg\/h<\/td><td class=\"column-3\">140 g\/Nm<sup>3<\/sup><\/td><td class=\"column-4\">480 l\/min<\/td><td class=\"column-5\">600 kg<\/td><td class=\"column-6\"><a target=\"blank\" href=\"https:\/\/ozonetech.com\/wp-content\/uploads\/2020\/12\/Datasheet-Ozone-Generators-DCT-EN-v.2.0-web.pdf\" rel=\"noopener\">Tiedotteen<\/a><\/td>\n<\/tr>\n<tr class=\"row-7\">\n\t<td class=\"column-1\">DCT-5000<\/td><td class=\"column-2\">5.0 kg\/h<\/td><td class=\"column-3\">140 g\/Nm<sup>3<\/sup><\/td><td class=\"column-4\">600 l\/min<\/td><td class=\"column-5\">750 kg<\/td><td class=\"column-6\"><a target=\"blank\" href=\"https:\/\/ozonetech.com\/wp-content\/uploads\/2020\/12\/Datasheet-Ozone-Generators-DCT-EN-v.2.0-web.pdf\" rel=\"noopener\">Tiedotteen<\/a><\/td>\n<\/tr>\n<\/tbody>\n<\/table>\n<span id=\"tablepress-157-description\" class=\"tablepress-table-description tablepress-table-description-id-157\">Yli 5.0 kg\/g:n otsonintuotantotasoista saatte lis\u00e4tietoa ottamalla yhteytt\u00e4 meihin.<\/span>\n                                <\/div>\n    <\/div>\n<\/div>\n\n\n<div class=\"container-fluid editor_content content content--narrower\">\n    <div class=\"row\">\n        <div class=\"col-12 editor_content\">\n            <p><a id=\"form\"><\/a><\/p>\n<h2>Pyyd\u00e4 tarjous<\/h2>\n        <\/div>\n    <\/div>\n<\/div>\n\n\n\n<div class=\"container-fluid editor_content content content--narrow\">\n    <div class=\"row\">\n        <div class=\"col-12 editor_content\">\n            <p><!-- SharpSpring Form for DCT Quotation FI  --><br \/>\n<script type=\"text\/javascript\">\n    var ss_form = {'account': 'MzawMDE3MzI2BwA', 'formID': 'SzRIS7VMNbbUTbM0N9I1SUw00bVIsjDSTTYyTUyxSDZLNE4yBQA'};\n    ss_form.width = '100%';\n    ss_form.domain = 'app-3QNJA1Z2XY.marketingautomation.services';\n    ss_form.hidden = {'field_400000003544067': 'Ozonetech.com'};\n    \/\/ ss_form.target_id = 'target'; \/\/ Optional parameter: forms will be placed inside the element with the specified id\n    \/\/ ss_form.polling = true; \/\/ Optional parameter: set to true ONLY if your page loads dynamically and the id needs to be polled continually.\n<\/script><br \/>\n<script type=\"text\/javascript\" src=\"https:\/\/koi-3QNJA1Z2XY.marketingautomation.services\/client\/form.js?ver=2.0.1\"><\/script><\/p>\n        <\/div>\n    <\/div>\n<\/div>\n\n<\/section>\n","protected":false},"excerpt":{"rendered":"","protected":false},"author":21,"featured_media":0,"parent":14856,"menu_order":0,"comment_status":"closed","ping_status":"closed","template":"","meta":{"_acf_changed":false,"_seopress_robots_primary_cat":"","_seopress_titles_title":"","_seopress_titles_desc":"DCT otsonigeneraattorit mittaavat jatkuvati t\u00e4rkeit\u00e4 parametreja ja voidaan liitt\u00e4\u00e4 ulkoiseen tietokoneeseen tai internetiin","_seopress_robots_index":"","inline_featured_image":false,"footnotes":""},"class_list":["post-11629","page","type-page","status-publish","hentry"],"acf":[],"_links":{"self":[{"href":"https:\/\/ozonetech.com\/fi\/wp-json\/wp\/v2\/pages\/11629","targetHints":{"allow":["GET"]}}],"collection":[{"href":"https:\/\/ozonetech.com\/fi\/wp-json\/wp\/v2\/pages"}],"about":[{"href":"https:\/\/ozonetech.com\/fi\/wp-json\/wp\/v2\/types\/page"}],"author":[{"embeddable":true,"href":"https:\/\/ozonetech.com\/fi\/wp-json\/wp\/v2\/users\/21"}],"replies":[{"embeddable":true,"href":"https:\/\/ozonetech.com\/fi\/wp-json\/wp\/v2\/comments?post=11629"}],"version-history":[{"count":31,"href":"https:\/\/ozonetech.com\/fi\/wp-json\/wp\/v2\/pages\/11629\/revisions"}],"predecessor-version":[{"id":41987,"href":"https:\/\/ozonetech.com\/fi\/wp-json\/wp\/v2\/pages\/11629\/revisions\/41987"}],"up":[{"embeddable":true,"href":"https:\/\/ozonetech.com\/fi\/wp-json\/wp\/v2\/pages\/14856"}],"wp:attachment":[{"href":"https:\/\/ozonetech.com\/fi\/wp-json\/wp\/v2\/media?parent=11629"}],"curies":[{"name":"wp","href":"https:\/\/api.w.org\/{rel}","templated":true}]}}