{"id":11616,"date":"2020-06-25T08:17:45","date_gmt":"2020-06-25T08:17:45","guid":{"rendered":"https:\/\/ozonetech.com\/products-ict-series\/"},"modified":"2024-11-07T08:19:07","modified_gmt":"2024-11-07T07:19:07","slug":"ict-sarja","status":"publish","type":"page","link":"https:\/\/ozonetech.com\/fi\/tuotteet\/otsonigeneraattorit\/ict-sarja\/","title":{"rendered":"ICT-sarja"},"content":{"rendered":"\n<section\n    class=\"block hero hero--regular\"\n    style=\"background-image: url('https:\/\/ozonetech.com\/wp-content\/uploads\/2021\/03\/ict-series-1-1600x484.jpg'); --hero-opacity: 0.3\"\n>\n\n    <div class=\"container-fluid\">\n\n        <div class=\"content editor_content\">\n                         \n                <h2 class='h2'>ICT-sarja<\/h2>            \n                    <\/div>\n\n            <\/div>\n<\/section>\n\n\n<section class=\"component component_breadcrumbs\">\n\t<div class=\"container-fluid\">\n  \t<\/div>\n<\/section>\n\n\n<section\n    id=\"\"\n    class=\"block content-block\"\n\tstyle=\"--cb-bg: white; --cb-content: #000; padding-top: 30px; padding-bottom: 30px;\"\n>\n    \n\n<div class=\"container-fluid editor_content content content--narrow\">\n    <div class=\"row\">\n        <div class=\"col-12 editor_content\">\n            <h1>ICT-sarja &#8211; markkinoiden tehokkain ja pienikokoisin korkean suorituskyvyn otsonigeneraattori<\/h1>\n<p class=\"preamble\">T\u00e4m\u00e4n sarjan otsonigeneraattoreiden kotelot ovat ruostumatonta ter\u00e4st\u00e4 ja niiden pohjassa on liit\u00e4nn\u00e4t hapelle, otsonille ja j\u00e4\u00e4hdytysvedelle. S\u00e4hk\u00f6liit\u00e4nn\u00e4t ja kaikki pikaliittimet on sijoitettu my\u00f6s pohjaan. Ohjausyksikk\u00f6 tarkkailee t\u00e4rkeimpi\u00e4 parametreja ja h\u00e4lytt\u00e4\u00e4 ep\u00e4normaaleista arvoista releiden kautta ja LED-merkkivalolla. Lis\u00e4varusteena on mahdollista hankkia ulkoinen ohjausyksikk\u00f6, jossa on enemm\u00e4n toimintoja.<\/p>\n<p>&nbsp;<\/p>\n        <\/div>\n    <\/div>\n<\/div>\n\n\n<div class=\"container-fluid content content--narrow\">\n    <div class=\"row\">\n        <div class=\"col-md-6 order-1 editor_content \">\n            <h3>Edut<\/h3>\n<ul>\n<li>Korkea otsonipitoisuus<\/li>\n<li>Pieni koko<\/li>\n<li>S\u00e4\u00e4dett\u00e4v\u00e4 otsonintuotantotaso (20\u2013100 %)<\/li>\n<li>Sis\u00e4\u00e4nrakennettu LED-h\u00e4lytys ja h\u00e4lytysrele kriittisille j\u00e4rjestelm\u00e4parametreille<\/li>\n<li>Pikaliittimet kaikkiin s\u00e4hk\u00f6liit\u00e4nt\u00f6ihin<\/li>\n<li>Alhainen melutaso<\/li>\n<li>4\u201320 mA ohjattava (lis\u00e4varuste)<\/li>\n<li>CE-hyv\u00e4ksynt\u00e4<\/li>\n<\/ul>\n        <\/div>\n        <div class=\"col-md-6 order-2 editor_content d-flex justify-content-center\">\n                                            <figure class=\"side-image \">\n                    <img loading=\"lazy\" decoding=\"async\" width=\"256\" height=\"309\" src=\"https:\/\/ozonetech.com\/wp-content\/uploads\/2021\/03\/ict-120-ozonetech.png\" class=\"attachment-full size-full\" alt=\"\" srcset=\"https:\/\/ozonetech.com\/wp-content\/uploads\/2021\/03\/ict-120-ozonetech.png 256w, https:\/\/ozonetech.com\/wp-content\/uploads\/2021\/03\/ict-120-ozonetech-249x300.png 249w\" sizes=\"auto, (max-width: 256px) 100vw, 256px\" \/>                                    <\/figure>\n                    <\/div>\n    <\/div>\n<\/div>\n\n\n<div class=\"container-fluid editor_content content content--narrow\">\n    <div class=\"row\">\n        <div class=\"col-12 editor_content\">\n            <p>Voit katsoa yksityiskohtaisia tietoja napsauttamalla jotakin alla olevista tuotteista.<\/p>\n        <\/div>\n    <\/div>\n<\/div>\n\n<div class=\"container-fluid editor_content\">\n    <div class=\"row\">\n        <div class=\"col-12 editor_content table-wrapper \" style=\"--table-text-color-header: #FFFFFF; --table-text-color-rows: #000000; --table-background-color-header: #5f5f5f; --table-background-color-rows-even: #efefef; --table-background-color-rows-odd: #dfdfdf; \">\n                            \n<table id=\"tablepress-156\" class=\"tablepress tablepress-id-156\" aria-describedby=\"tablepress-156-description\">\n<thead>\n<tr class=\"row-1\">\n\t<th class=\"column-1\">Malli<\/th><th class=\"column-2\">Tuotanto (maks.)<\/th><th class=\"column-3\">Maks.pit.<\/th><th class=\"column-4\">Nimellispit<\/th><th class=\"column-5\">Mitat (KxLxS)<\/th><th class=\"column-6\">Paino<\/th><th class=\"column-7\">PDF<\/th>\n<\/tr>\n<\/thead>\n<tbody class=\"row-striping\">\n<tr class=\"row-2\">\n\t<td class=\"column-1\">ICT-05<\/td><td class=\"column-2\">5 g\/h<\/td><td class=\"column-3\">240 g\/Nm<sup>3<sup><\/td><td class=\"column-4\">140 g\/Nm<sup>3<sup><\/td><td class=\"column-5\">300x200x155 mm<\/td><td class=\"column-6\">8.5 kg<\/td><td class=\"column-7\"><a href=\"https:\/\/ozonetech.com\/wp-content\/uploads\/2020\/12\/Datasheet-Ozone-Generators-ICT-20-500-EN-v.2.0.pdf\">Tiedotteen<\/a><\/td>\n<\/tr>\n<tr class=\"row-3\">\n\t<td class=\"column-1\">ICT-05 Lab<\/td><td class=\"column-2\">5 g\/h<\/td><td class=\"column-3\">240 g\/Nm<sup>3<sup><\/td><td class=\"column-4\">140 g\/Nm<sup>3<sup><\/td><td class=\"column-5\">300x200x155 mm<\/td><td class=\"column-6\">8.5 kg<\/td><td class=\"column-7\"><a href=\"https:\/\/ozonetech.com\/wp-content\/uploads\/2020\/12\/Datasheet-Ozone-Generators-ICT-20-500-EN-v.2.0.pdf\">Tiedotteen<\/a><\/td>\n<\/tr>\n<tr class=\"row-4\">\n\t<td class=\"column-1\">ICT-10<\/td><td class=\"column-2\">10 g\/h<\/td><td class=\"column-3\">240 g\/Nm<sup>3<sup><\/td><td class=\"column-4\">70 g\/Nm<sup>3<sup><\/td><td class=\"column-5\">300x200x155 mm<\/td><td class=\"column-6\">8.5 kg<\/td><td class=\"column-7\"><a href=\"https:\/\/ozonetech.com\/wp-content\/uploads\/2020\/12\/Datasheet-Ozone-Generators-ICT-20-500-EN-v.2.0.pdf\">Tiedotteen<\/a><\/td>\n<\/tr>\n<tr class=\"row-5\">\n\t<td class=\"column-1\">ICT-20<\/td><td class=\"column-2\">20 g\/h<\/td><td class=\"column-3\">240 g\/Nm<sup>3<sup><\/td><td class=\"column-4\">135 g\/Nm<sup>3<sup><\/td><td class=\"column-5\">400x400x200 mm<\/td><td class=\"column-6\">21 kg<\/td><td class=\"column-7\"><a href=\"https:\/\/ozonetech.com\/wp-content\/uploads\/2020\/12\/Datasheet-Ozone-Generators-ICT-20-500-EN-v.2.0.pdf\">Tiedotteen<\/a><\/td>\n<\/tr>\n<tr class=\"row-6\">\n\t<td class=\"column-1\">ICT-40<\/td><td class=\"column-2\">40 g\/h<\/td><td class=\"column-3\">240 g\/Nm<sup>3<sup><\/td><td class=\"column-4\">135 g\/Nm<sup>3<sup><\/td><td class=\"column-5\">400x400x200 mm<\/td><td class=\"column-6\">22 kg<\/td><td class=\"column-7\"><a href=\"https:\/\/ozonetech.com\/wp-content\/uploads\/2020\/12\/Datasheet-Ozone-Generators-ICT-20-500-EN-v.2.0.pdf\">Tiedotteen<\/a><\/td>\n<\/tr>\n<tr class=\"row-7\">\n\t<td class=\"column-1\">ICT-60<\/td><td class=\"column-2\">60 g\/h<\/td><td class=\"column-3\">240 g\/Nm<sup>3<sup><\/td><td class=\"column-4\">135 g\/Nm<sup>3<sup><\/td><td class=\"column-5\">400x400x200 mm<\/td><td class=\"column-6\">23 kg<\/td><td class=\"column-7\"><a href=\"https:\/\/ozonetech.com\/wp-content\/uploads\/2020\/12\/Datasheet-Ozone-Generators-ICT-20-500-EN-v.2.0.pdf\">Tiedotteen<\/a><\/td>\n<\/tr>\n<tr class=\"row-8\">\n\t<td class=\"column-1\">ICT-80<\/td><td class=\"column-2\">80 g\/h<\/td><td class=\"column-3\">240 g\/Nm<sup>3<sup><\/td><td class=\"column-4\">135 g\/Nm<sup>3<sup><\/td><td class=\"column-5\">400x400x200 mm<\/td><td class=\"column-6\">26 kg<\/td><td class=\"column-7\"><a href=\"https:\/\/ozonetech.com\/wp-content\/uploads\/2020\/12\/Datasheet-Ozone-Generators-ICT-20-500-EN-v.2.0.pdf\">Tiedotteen<\/a><\/td>\n<\/tr>\n<tr class=\"row-9\">\n\t<td class=\"column-1\">ICT-100<\/td><td class=\"column-2\">100 g\/h<\/td><td class=\"column-3\">240 g\/Nm<sup>3<sup><\/td><td class=\"column-4\">135 g\/Nm<sup>3<sup><\/td><td class=\"column-5\">400x400x200 mm<\/td><td class=\"column-6\">27 kg<\/td><td class=\"column-7\"><a href=\"https:\/\/ozonetech.com\/wp-content\/uploads\/2020\/12\/Datasheet-Ozone-Generators-ICT-20-500-EN-v.2.0.pdf\">Tiedotteen<\/a><\/td>\n<\/tr>\n<tr class=\"row-10\">\n\t<td class=\"column-1\">ICT-120<\/td><td class=\"column-2\">120 g\/h<\/td><td class=\"column-3\">240 g\/Nm<sup>3<sup><\/td><td class=\"column-4\">135 g\/Nm<sup>3<sup><\/td><td class=\"column-5\">400x400x200 mm<\/td><td class=\"column-6\">28 kg<\/td><td class=\"column-7\"><a href=\"https:\/\/ozonetech.com\/wp-content\/uploads\/2020\/12\/Datasheet-Ozone-Generators-ICT-20-500-EN-v.2.0.pdf\">Tiedotteen<\/a><\/td>\n<\/tr>\n<tr class=\"row-11\">\n\t<td class=\"column-1\">ICT-500<\/td><td class=\"column-2\">500 g\/h<\/td><td class=\"column-3\">240 g\/Nm<sup>3<sup><\/td><td class=\"column-4\">135 g\/Nm<sup>3<sup><\/td><td class=\"column-5\">1000x1000x400 mm\t<\/td><td class=\"column-6\">102 kg<\/td><td class=\"column-7\"><a href=\"https:\/\/ozonetech.com\/wp-content\/uploads\/2020\/12\/Datasheet-Ozone-Generators-ICT-20-500-EN-v.2.0.pdf\">Tiedotteen<\/a><\/td>\n<\/tr>\n<\/tbody>\n<\/table>\n<span id=\"tablepress-156-description\" class=\"tablepress-table-description tablepress-table-description-id-156\">Vuodesta 1993 l\u00e4htien, ICT otsonigeneraattori sarjaa on myyty ja markkinoitu my\u00f6s nimill\u00e4 Water Maid\u2122 sek\u00e4 WM sarja.<\/span>\n<!-- #tablepress-156 from cache -->                                <\/div>\n    <\/div>\n<\/div>\n\n\n<div class=\"container-fluid editor_content content content--narrower\">\n    <div class=\"row\">\n        <div class=\"col-12 editor_content\">\n            <p><a id=\"form\"><\/a><\/p>\n<h2>Pyyd\u00e4 tarjous<\/h2>\n        <\/div>\n    <\/div>\n<\/div>\n\n\n\n<div class=\"container-fluid editor_content content content--narrow\">\n    <div class=\"row\">\n        <div class=\"col-12 editor_content\">\n            <p><!-- SharpSpring Form for ICT Quotation FI  --><br \/>\n<script type=\"text\/javascript\">\n    var ss_form = {'account': 'MzawMDE3MzI2BwA', 'formID': 'S0xJMzYztLTQNU9KStQ1MUhO0U1KTTHStUy1SEs0MDY1MTO1BAA'};\n    ss_form.width = '100%';\n    ss_form.domain = 'app-3QNJA1Z2XY.marketingautomation.services';\n    ss_form.hidden = {'field_400000003544067': 'Ozonetech.com'};\n    \/\/ ss_form.target_id = 'target'; \/\/ Optional parameter: forms will be placed inside the element with the specified id\n    \/\/ ss_form.polling = true; \/\/ Optional parameter: set to true ONLY if your page loads dynamically and the id needs to be polled continually.\n<\/script><br \/>\n<script type=\"text\/javascript\" src=\"https:\/\/koi-3QNJA1Z2XY.marketingautomation.services\/client\/form.js?ver=2.0.1\"><\/script><\/p>\n        <\/div>\n    <\/div>\n<\/div>\n\n<\/section>\n","protected":false},"excerpt":{"rendered":"","protected":false},"author":21,"featured_media":0,"parent":14856,"menu_order":0,"comment_status":"closed","ping_status":"closed","template":"","meta":{"_acf_changed":false,"_seopress_robots_primary_cat":"","_seopress_titles_title":"","_seopress_titles_desc":"ICT-sarjan otsonigeneraattorit valmistetaan ruostumattomasta ter\u00e4ksest\u00e4, ja siin\u00e4 on j\u00e4\u00e4hdyty, happi ja otsoni liit\u00e4nn\u00e4t","_seopress_robots_index":"","inline_featured_image":false,"footnotes":""},"class_list":["post-11616","page","type-page","status-publish","hentry"],"acf":[],"_links":{"self":[{"href":"https:\/\/ozonetech.com\/fi\/wp-json\/wp\/v2\/pages\/11616","targetHints":{"allow":["GET"]}}],"collection":[{"href":"https:\/\/ozonetech.com\/fi\/wp-json\/wp\/v2\/pages"}],"about":[{"href":"https:\/\/ozonetech.com\/fi\/wp-json\/wp\/v2\/types\/page"}],"author":[{"embeddable":true,"href":"https:\/\/ozonetech.com\/fi\/wp-json\/wp\/v2\/users\/21"}],"replies":[{"embeddable":true,"href":"https:\/\/ozonetech.com\/fi\/wp-json\/wp\/v2\/comments?post=11616"}],"version-history":[{"count":29,"href":"https:\/\/ozonetech.com\/fi\/wp-json\/wp\/v2\/pages\/11616\/revisions"}],"predecessor-version":[{"id":41996,"href":"https:\/\/ozonetech.com\/fi\/wp-json\/wp\/v2\/pages\/11616\/revisions\/41996"}],"up":[{"embeddable":true,"href":"https:\/\/ozonetech.com\/fi\/wp-json\/wp\/v2\/pages\/14856"}],"wp:attachment":[{"href":"https:\/\/ozonetech.com\/fi\/wp-json\/wp\/v2\/media?parent=11616"}],"curies":[{"name":"wp","href":"https:\/\/api.w.org\/{rel}","templated":true}]}}