{"id":11603,"date":"2020-06-25T07:51:07","date_gmt":"2020-06-25T07:51:07","guid":{"rendered":"https:\/\/ozonetech.com\/products-ftx-series\/"},"modified":"2024-11-07T08:29:42","modified_gmt":"2024-11-07T07:29:42","slug":"ftx-sarja","status":"publish","type":"page","link":"https:\/\/ozonetech.com\/fi\/tuotteet\/otsonigeneraattorit\/ftx-sarja\/","title":{"rendered":"FTX-sarja"},"content":{"rendered":"\n<section\n    class=\"block hero hero--regular\"\n    style=\"background-image: url('https:\/\/ozonetech.com\/wp-content\/uploads\/2021\/03\/ftx-series-1600x484.jpg'); --hero-opacity: 0.3\"\n>\n\n    <div class=\"container-fluid\">\n\n        <div class=\"content editor_content\">\n                         \n                <h1 class='h1'>FTX-sarja<\/h1>            \n                    <\/div>\n\n            <\/div>\n<\/section>\n\n\n<section class=\"component component_breadcrumbs\">\n\t<div class=\"container-fluid\">\n  \t<\/div>\n<\/section>\n\n\n<section\n    id=\"\"\n    class=\"block content-block\"\n\tstyle=\"--cb-bg: light-gray; --cb-content: #000; padding-top: 30px; padding-bottom: 30px;\"\n>\n    \n\n<div class=\"container-fluid editor_content content content--narrow\">\n    <div class=\"row\">\n        <div class=\"col-12 editor_content\">\n            <h2>FTX-sarja &#8211; meid\u00e4n tehokkaat ilmasy\u00f6tteiset otsonigeneraattorimme<\/h2>\n<p class=\"preamble\">Otsonigeneraattorin kotelo on ruostumatonta ter\u00e4st\u00e4. Kaikissa malleissa on helppok\u00e4ytt\u00f6iset tehons\u00e4\u00e4timet, jotka mahdollistavat 0\u2013100 prosenttisen otsonin tuotannon. Generaattori voidaan sammuttaa ja kytke\u00e4 automaattisesti p\u00e4\u00e4lle, jos sit\u00e4 k\u00e4ytet\u00e4\u00e4n otsonikytkimen kanssa. Generaattori toimitetaan sek\u00e4 digitaalisilla ett\u00e4 4\u201320 mA:n tuloliittimill\u00e4 ja k\u00e4yt\u00f6n merkkivalolla.<\/p>\n<p>&nbsp;<\/p>\n        <\/div>\n    <\/div>\n<\/div>\n\n\n<div class=\"container-fluid content content--narrow\">\n    <div class=\"row\">\n        <div class=\"col-md-6 order-1 editor_content \">\n            <h3>Edut<\/h3>\n<ul>\n<li>Ruostumaton ter\u00e4skotelo<\/li>\n<li>S\u00e4\u00e4dett\u00e4v\u00e4 otsonintuotantotaso (0\u2013100 %)<\/li>\n<li>Alhainen melutaso<\/li>\n<li>Rele ja 4\u201320 mA:n liittimet<\/li>\n<li>Pieni koko<\/li>\n<li>CE-hyv\u00e4ksynt\u00e4<\/li>\n<\/ul>\n<p>Voit katsoa yksityiskohtaisia tietoja napsauttamalla jotakin alla olevista tuotteista.<\/p>\n        <\/div>\n        <div class=\"col-md-6 order-2 editor_content d-flex justify-content-center\">\n                                            <figure class=\"side-image \">\n                    <img loading=\"lazy\" decoding=\"async\" width=\"1500\" height=\"1303\" src=\"https:\/\/ozonetech.com\/wp-content\/uploads\/2021\/03\/ftx12000-ozonetech.jpg\" class=\"attachment-full size-full\" alt=\"\" srcset=\"https:\/\/ozonetech.com\/wp-content\/uploads\/2021\/03\/ftx12000-ozonetech.jpg 1500w, https:\/\/ozonetech.com\/wp-content\/uploads\/2021\/03\/ftx12000-ozonetech-300x261.jpg 300w, https:\/\/ozonetech.com\/wp-content\/uploads\/2021\/03\/ftx12000-ozonetech-1024x890.jpg 1024w, https:\/\/ozonetech.com\/wp-content\/uploads\/2021\/03\/ftx12000-ozonetech-768x667.jpg 768w\" sizes=\"auto, (max-width: 1500px) 100vw, 1500px\" \/>                                    <\/figure>\n                    <\/div>\n    <\/div>\n<\/div>\n<div class=\"container-fluid editor_content\">\n    <div class=\"row\">\n        <div class=\"col-12 editor_content table-wrapper \" style=\"--table-text-color-header: #FFFFFF; --table-text-color-rows: #000000; --table-background-color-header: #5f5f5f; --table-background-color-rows-even: #efefef; --table-background-color-rows-odd: #dfdfdf; \">\n                            \n<table id=\"tablepress-155\" class=\"tablepress tablepress-id-155\" aria-describedby=\"tablepress-155-description\">\n<thead>\n<tr class=\"row-1\">\n\t<th class=\"column-1\">Malli<\/th><th class=\"column-2\">Virrankulutus (maks.)<\/th><th class=\"column-3\">Ilmanvirtaus<\/th><th class=\"column-4\">Mitat (KxLxS)<\/th><th class=\"column-5\">Paino<\/th><th class=\"column-6\">PDF<\/th>\n<\/tr>\n<\/thead>\n<tbody class=\"row-striping\">\n<tr class=\"row-2\">\n\t<td class=\"column-1\">FTX-6000<\/td><td class=\"column-2\">125 W<\/td><td class=\"column-3\">40 l\/s<\/td><td class=\"column-4\">300x200x150 mm<\/td><td class=\"column-5\">6.5 kg<\/td><td class=\"column-6\"><a target=\"blank\" href=\"https:\/\/ozonetech.com\/wp-content\/uploads\/2020\/12\/Datasheet-Ozone-Generators-FTX-series-EN-v.2.0-web.pdf\" rel=\"noopener\">Tiedotteen<\/a><\/td>\n<\/tr>\n<tr class=\"row-3\">\n\t<td class=\"column-1\">FTX-12000<\/td><td class=\"column-2\">250 W<\/td><td class=\"column-3\">80 l\/s<\/td><td class=\"column-4\">400x400x200 mm<\/td><td class=\"column-5\">16.0 kg<\/td><td class=\"column-6\"><a target=\"blank\" href=\"https:\/\/ozonetech.com\/wp-content\/uploads\/2020\/12\/Datasheet-Ozone-Generators-FTX-series-EN-v.2.0-web.pdf\" rel=\"noopener\">Tiedotteen<\/a><\/td>\n<\/tr>\n<\/tbody>\n<\/table>\n<span id=\"tablepress-155-description\" class=\"tablepress-table-description tablepress-table-description-id-155\"><\/span>\n<!-- #tablepress-155 from cache -->                                <\/div>\n    <\/div>\n<\/div>\n\n\n<div class=\"container-fluid editor_content content content--narrower\">\n    <div class=\"row\">\n        <div class=\"col-12 editor_content\">\n            <p><a id=\"form\"><\/a><\/p>\n<h2>Request a quote<\/h2>\n        <\/div>\n    <\/div>\n<\/div>\n\n\n\n<div class=\"container-fluid editor_content content content--narrow\">\n    <div class=\"row\">\n        <div class=\"col-12 editor_content\">\n            <p><!-- SharpSpring Form for FTX Quotation FI  --><br \/>\n<script type=\"text\/javascript\">\n    var ss_form = {'account': 'MzawMDE3MzI2BwA', 'formID': 'M0xLMUy0TE3WTUo2NdQ1sTAz0rU0NErUNbc0TjEyNTZNTjI1AAA'};\n    ss_form.width = '100%';\n    ss_form.domain = 'app-3QNJA1Z2XY.marketingautomation.services';\n    ss_form.hidden = {'field_400000003544067': 'Ozonetech.com'};\n    \/\/ ss_form.target_id = 'target'; \/\/ Optional parameter: forms will be placed inside the element with the specified id\n    \/\/ ss_form.polling = true; \/\/ Optional parameter: set to true ONLY if your page loads dynamically and the id needs to be polled continually.\n<\/script><br \/>\n<script type=\"text\/javascript\" src=\"https:\/\/koi-3QNJA1Z2XY.marketingautomation.services\/client\/form.js?ver=2.0.1\"><\/script><\/p>\n        <\/div>\n    <\/div>\n<\/div>\n\n<\/section>\n","protected":false},"excerpt":{"rendered":"","protected":false},"author":21,"featured_media":0,"parent":14856,"menu_order":0,"comment_status":"closed","ping_status":"closed","template":"","meta":{"_acf_changed":false,"_seopress_robots_primary_cat":"","_seopress_titles_title":"","_seopress_titles_desc":"Kaikissa malleissa on helppok\u00e4ytt\u00f6inen tehons\u00e4\u00e4t\u00f6, joka mahdollistaa 0-100% otsonin tuotannon. Generaattori voidaan sammuttaa ja k\u00e4ynnist\u00e4\u00e4 automaattisesti.","_seopress_robots_index":"","inline_featured_image":false,"footnotes":""},"class_list":["post-11603","page","type-page","status-publish","hentry"],"acf":[],"_links":{"self":[{"href":"https:\/\/ozonetech.com\/fi\/wp-json\/wp\/v2\/pages\/11603","targetHints":{"allow":["GET"]}}],"collection":[{"href":"https:\/\/ozonetech.com\/fi\/wp-json\/wp\/v2\/pages"}],"about":[{"href":"https:\/\/ozonetech.com\/fi\/wp-json\/wp\/v2\/types\/page"}],"author":[{"embeddable":true,"href":"https:\/\/ozonetech.com\/fi\/wp-json\/wp\/v2\/users\/21"}],"replies":[{"embeddable":true,"href":"https:\/\/ozonetech.com\/fi\/wp-json\/wp\/v2\/comments?post=11603"}],"version-history":[{"count":32,"href":"https:\/\/ozonetech.com\/fi\/wp-json\/wp\/v2\/pages\/11603\/revisions"}],"predecessor-version":[{"id":42012,"href":"https:\/\/ozonetech.com\/fi\/wp-json\/wp\/v2\/pages\/11603\/revisions\/42012"}],"up":[{"embeddable":true,"href":"https:\/\/ozonetech.com\/fi\/wp-json\/wp\/v2\/pages\/14856"}],"wp:attachment":[{"href":"https:\/\/ozonetech.com\/fi\/wp-json\/wp\/v2\/media?parent=11603"}],"curies":[{"name":"wp","href":"https:\/\/api.w.org\/{rel}","templated":true}]}}