{"id":11594,"date":"2020-06-25T14:05:57","date_gmt":"2020-06-25T14:05:57","guid":{"rendered":"https:\/\/ozonetech.com\/products-act-series\/"},"modified":"2025-11-10T09:07:18","modified_gmt":"2025-11-10T08:07:18","slug":"act-sarja","status":"publish","type":"page","link":"https:\/\/ozonetech.com\/fi\/tuotteet\/otsonigeneraattorit\/act-sarja\/","title":{"rendered":"ACT-sarja"},"content":{"rendered":"\n<section\n    id=\"\"\n    class=\"block content-block\"\n\tstyle=\"--cb-bg: #fff; --cb-content: #000; \"\n>\n    \n\n<div class=\"container-fluid editor_content content content--narrow\">\n    <div class=\"row\">\n        <div class=\"col-12 editor_content\">\n            <h1>Valitse otsonigeneraattorisi desinfiointiin, j\u00e4tehuoneeseen, rasvaloukkuun ja pumppulaitokseen.<\/h1>\n        <\/div>\n    <\/div>\n<\/div>\n\n<\/section>\n\n\n\n\n\n<section class=\"component component_breadcrumbs\">\n\t<div class=\"container-fluid\">\n  \t<\/div>\n<\/section>\n\n\n<section\n    id=\"\"\n    class=\"block content-block\"\n\tstyle=\"--cb-bg: #fff; --cb-content: #000; \"\n>\n    <div class=\"container-fluid editor_content\">\n    <div class=\"row\">\n        <div class=\"col-12 editor_content table-wrapper \" style=\"--table-text-color-header: #FFFFFF; --table-text-color-rows: #000000; --table-background-color-header: #dfdfdf; --table-background-color-rows-even: #efefef; --table-background-color-rows-odd: #dfdfdf; \">\n                            \n<table id=\"tablepress-154\" class=\"tablepress tablepress-id-154\" aria-describedby=\"tablepress-154-description\">\n<thead>\n<tr class=\"row-1\">\n\t<td class=\"column-1\"><\/td><th class=\"column-2\"><img decoding=\"async\" src=\"https:\/\/ozonetech.com\/wp-content\/uploads\/2021\/03\/act-3000-ots-190x144-2.png\" \/><\/th><th class=\"column-3\"><img decoding=\"async\" src=\"https:\/\/ozonetech.com\/wp-content\/uploads\/2021\/03\/act-3000-ots-190x144-2.png\" \/><\/th><th class=\"column-4\"><img decoding=\"async\" src=\"https:\/\/ozonetech.com\/wp-content\/uploads\/2021\/03\/act-3000p-ots-190x144-2.png\" \/><\/th><th class=\"column-5\"><img decoding=\"async\" src=\"https:\/\/ozonetech.com\/wp-content\/uploads\/2021\/03\/act-5000-ots-190x144-2.png\" \/><\/th>\n<\/tr>\n<\/thead>\n<tbody class=\"row-striping\">\n<tr class=\"row-2\">\n\t<td class=\"column-1\">Malli<\/td><td class=\"column-2\">ACT-3000<\/td><td class=\"column-3\">ACT-3000 sein\u00e4kiinnikkeen kanssa<\/td><td class=\"column-4\">ACT-3000P asennuspakkauksen kanssa<\/td><td class=\"column-5\">ACT-5000<\/td>\n<\/tr>\n<tr class=\"row-3\">\n\t<td class=\"column-1\">Sovelluskohde<\/td><td class=\"column-2\">Suljettujen tilojen desinfiointi<\/td><td class=\"column-3\">J\u00e4tehuoneiden desinfiointi, korvaa j\u00e4\u00e4hdytysyksik\u00f6t<\/td><td class=\"column-4\">Hajunpoisto rasvaloukuissa, puppulaitoksissa yms.<\/td><td class=\"column-5\">Suurempien tilojen desinfiointi<\/td>\n<\/tr>\n<tr class=\"row-4\">\n\t<td class=\"column-1\">Kapasiteetti<\/td><td class=\"column-2\">50 m<sup>2<\/sup> asti<\/td><td class=\"column-3\">50 m<sup>2<\/sup> asti<\/td><td class=\"column-4\">&#8211;<\/td><td class=\"column-5\">Yli 50 m<sup>2<\/sup><\/td>\n<\/tr>\n<tr class=\"row-5\">\n\t<td class=\"column-1\">Lis\u00e4osat<\/td><td class=\"column-2\">&#8211;<\/td><td class=\"column-3\">Sein\u00e4kiinnike<\/td><td class=\"column-4\">Kalvopumppu, sein\u00e4kiinnike, otsoni-injektori, putkisto<\/td><td class=\"column-5\">&#8211;<\/td>\n<\/tr>\n<tr class=\"row-6\">\n\t<td class=\"column-1\">Lis\u00e4tietoja<\/td><td class=\"column-2\"><a target=\"blank\" href=\"https:\/\/ozonetech.com\/wp-content\/uploads\/2020\/12\/Datasheet-Ozone-Generators-ACT-3000-EN-v2.0-web.pdf\" rel=\"noopener\">Tiedotteen<\/a><\/td><td class=\"column-3\"><a target=\"blank\" href=\"https:\/\/ozonetech.com\/wp-content\/uploads\/2020\/12\/Datasheet-Ozone-Generators-ACT-3000-EN-v2.0-web.pdf\" rel=\"noopener\">Tiedotteen<\/a><\/td><td class=\"column-4\"><a target=\"blank\" href=\"https:\/\/ozonetech.com\/wp-content\/uploads\/2020\/12\/Datasheet-Ozone-Generators-ACT-3000P-EN-v.2.0-web.pdf\" rel=\"noopener\">Tiedotteen<\/a><\/td><td class=\"column-5\"><a target=\"blank\" href=\"https:\/\/ozonetech.com\/wp-content\/uploads\/2020\/12\/Datasheet-Ozone-Generators-ACT-5000-EN-v.2.0-web.pdf\" rel=\"noopener\">Tiedotteen<\/a><\/td>\n<\/tr>\n<\/tbody>\n<\/table>\n<span id=\"tablepress-154-description\" class=\"tablepress-table-description tablepress-table-description-id-154\"><\/span>\n<!-- #tablepress-154 from cache -->                                <\/div>\n    <\/div>\n<\/div>\n\n\n<div class=\"container-fluid editor_content content content--narrower\">\n    <div class=\"row\">\n        <div class=\"col-12 editor_content\">\n            <h2>Pyyd\u00e4 tarjous<\/h2>\n        <\/div>\n    <\/div>\n<\/div>\n\n\n\n<div class=\"container-fluid editor_content content content--narrow\">\n    <div class=\"row\">\n        <div class=\"col-12 editor_content\">\n            <p><script type=\"text\/javascript\">\n    var ss_form = {'account': 'MzawMDE3MzI2BwA', 'formID': 'M0o0N081SErTNTNISdM1sUhL0bVINUjTTUtLNbQ0NLNMNkhOBAA'};\n    ss_form.width = '100%';\n    ss_form.height = '1000';\n    ss_form.domain = 'app-3QNJA1Z2XY.marketingautomation.services';\n    ss_form.hidden = {'field_400000003544067': 'Ozonetech.com'};\n    ss_form.target_id = 'target'; \/\/ Optional parameter: forms will be placed inside the element with the specified id\n    \/\/ ss_form.polling = true; \/\/ Optional parameter: set to true ONLY if your page loads dynamically and the id needs to be polled continually.\n<\/script><br \/>\n<script type=\"text\/javascript\" src=\"https:\/\/koi-3QNJA1Z2XY.marketingautomation.services\/client\/form.js?ver=2.0.1\"><\/script><\/p>\n<div id=\"target\"><\/div>\n        <\/div>\n    <\/div>\n<\/div>\n\n<\/section>\n\n\n\n<section class=\"block landing-page-grid\" style=\"--grid-bg: #fff; --grid-link: #5f5f5f; --grid-content: #000;\">\n\n    <div class=\"container-fluid grid\">\n\n                \n                    <div class=\"grid__list\">\n                                    <a class=\"item\" href=\"https:\/\/ozonetech.com\/fi\/sovellukset\/hajut-ja-desinfiointi\/tulipalosta-aiheutuvien-hajujen-puhdistus\/\" target=\"\">\n                        <span class=\"item__overlay\"><\/span>\n                        <span\n                            class=\"item__background-image\"\n                            style=\"background-image: url('https:\/\/ozonetech.com\/wp-content\/uploads\/2021\/03\/fire-sanitation.jpg');\"\n                        ><\/span>\n                        \n                        <span class=\"item__content\">\n                            <figure class=\"item__content--icon\">\n                                                            <\/figure>\n\n                            <span class=\"item__content--link\">\n                                <span>Tulipalosta aiheutuvien hajujen puhdistus<\/span><svg version=\"1.1\" id=\"Layer_1\" xmlns=\"http:\/\/www.w3.org\/2000\/svg\" x=\"0\" y=\"0\" viewBox=\"0 0 25 21.76\" xml:space=\"preserve\"><path fill=\"#FF691C\" d=\"M12.17 1.45l1.11-1.1c.46-.47 1.22-.47 1.68 0l9.69 9.68c.47.46.47 1.22 0 1.68l-9.69 9.69c-.46.47-1.22.47-1.68 0l-1.11-1.11c-.47-.47-.46-1.23.01-1.7l.01-.01 6-5.72h-17c-.66 0-1.2-.53-1.2-1.19v-1.6c0-.66.53-1.2 1.19-1.2h17.01l-6-5.72c-.48-.45-.5-1.2-.05-1.68.01 0 .02-.01.03-.02z\"\/><\/svg>                            <\/span>\n                        <\/span>\n                    <\/a>\n                                    <a class=\"item\" href=\"https:\/\/ozonetech.com\/fi\/sovellukset\/ilmankasittely\/rasvaloukkujen-hajuongelmat\/\" target=\"\">\n                        <span class=\"item__overlay\"><\/span>\n                        <span\n                            class=\"item__background-image\"\n                            style=\"background-image: url('https:\/\/ozonetech.com\/wp-content\/uploads\/2021\/03\/grease-trap.jpg');\"\n                        ><\/span>\n                        \n                        <span class=\"item__content\">\n                            <figure class=\"item__content--icon\">\n                                                            <\/figure>\n\n                            <span class=\"item__content--link\">\n                                <span>Rasvaloukkujen hajuongelmat<\/span><svg version=\"1.1\" id=\"Layer_1\" xmlns=\"http:\/\/www.w3.org\/2000\/svg\" x=\"0\" y=\"0\" viewBox=\"0 0 25 21.76\" xml:space=\"preserve\"><path fill=\"#FF691C\" d=\"M12.17 1.45l1.11-1.1c.46-.47 1.22-.47 1.68 0l9.69 9.68c.47.46.47 1.22 0 1.68l-9.69 9.69c-.46.47-1.22.47-1.68 0l-1.11-1.11c-.47-.47-.46-1.23.01-1.7l.01-.01 6-5.72h-17c-.66 0-1.2-.53-1.2-1.19v-1.6c0-.66.53-1.2 1.19-1.2h17.01l-6-5.72c-.48-.45-.5-1.2-.05-1.68.01 0 .02-.01.03-.02z\"\/><\/svg>                            <\/span>\n                        <\/span>\n                    <\/a>\n                                    <a class=\"item\" href=\"https:\/\/ozonetech.com\/fi\/sovellukset\/hajut-ja-desinfiointi\/jatehuoneiden-hajuongelmat\/\" target=\"\">\n                        <span class=\"item__overlay\"><\/span>\n                        <span\n                            class=\"item__background-image\"\n                            style=\"background-image: url('https:\/\/ozonetech.com\/wp-content\/uploads\/2021\/03\/garbage-room-5.jpg');\"\n                        ><\/span>\n                        \n                        <span class=\"item__content\">\n                            <figure class=\"item__content--icon\">\n                                                            <\/figure>\n\n                            <span class=\"item__content--link\">\n                                <span>J\u00e4tehuoneiden hajuongelmat<\/span><svg version=\"1.1\" id=\"Layer_1\" xmlns=\"http:\/\/www.w3.org\/2000\/svg\" x=\"0\" y=\"0\" viewBox=\"0 0 25 21.76\" xml:space=\"preserve\"><path fill=\"#FF691C\" d=\"M12.17 1.45l1.11-1.1c.46-.47 1.22-.47 1.68 0l9.69 9.68c.47.46.47 1.22 0 1.68l-9.69 9.69c-.46.47-1.22.47-1.68 0l-1.11-1.11c-.47-.47-.46-1.23.01-1.7l.01-.01 6-5.72h-17c-.66 0-1.2-.53-1.2-1.19v-1.6c0-.66.53-1.2 1.19-1.2h17.01l-6-5.72c-.48-.45-.5-1.2-.05-1.68.01 0 .02-.01.03-.02z\"\/><\/svg>                            <\/span>\n                        <\/span>\n                    <\/a>\n                                    <a class=\"item\" href=\"https:\/\/ozonetech.com\/fi\/sovellukset\/hajut-ja-desinfiointi\/vesivahingot\/\" target=\"\">\n                        <span class=\"item__overlay\"><\/span>\n                        <span\n                            class=\"item__background-image\"\n                            style=\"background-image: url('https:\/\/ozonetech.com\/wp-content\/uploads\/2021\/03\/water-damage.jpg');\"\n                        ><\/span>\n                        \n                        <span class=\"item__content\">\n                            <figure class=\"item__content--icon\">\n                                                            <\/figure>\n\n                            <span class=\"item__content--link\">\n                                <span>Vesivahingot<\/span><svg version=\"1.1\" id=\"Layer_1\" xmlns=\"http:\/\/www.w3.org\/2000\/svg\" x=\"0\" y=\"0\" viewBox=\"0 0 25 21.76\" xml:space=\"preserve\"><path fill=\"#FF691C\" d=\"M12.17 1.45l1.11-1.1c.46-.47 1.22-.47 1.68 0l9.69 9.68c.47.46.47 1.22 0 1.68l-9.69 9.69c-.46.47-1.22.47-1.68 0l-1.11-1.11c-.47-.47-.46-1.23.01-1.7l.01-.01 6-5.72h-17c-.66 0-1.2-.53-1.2-1.19v-1.6c0-.66.53-1.2 1.19-1.2h17.01l-6-5.72c-.48-.45-.5-1.2-.05-1.68.01 0 .02-.01.03-.02z\"\/><\/svg>                            <\/span>\n                        <\/span>\n                    <\/a>\n                                    <a class=\"item\" href=\"https:\/\/ozonetech.com\/fi\/sovellukset\/hajut-ja-desinfiointi\/kunnostus-elintarviketuotannossa\/\" target=\"\">\n                        <span class=\"item__overlay\"><\/span>\n                        <span\n                            class=\"item__background-image\"\n                            style=\"background-image: url('https:\/\/ozonetech.com\/wp-content\/uploads\/2021\/03\/remedition-in-food-production.jpg');\"\n                        ><\/span>\n                        \n                        <span class=\"item__content\">\n                            <figure class=\"item__content--icon\">\n                                                            <\/figure>\n\n                            <span class=\"item__content--link\">\n                                <span>Kunnostus elintarviketuotannossa<\/span><svg version=\"1.1\" id=\"Layer_1\" xmlns=\"http:\/\/www.w3.org\/2000\/svg\" x=\"0\" y=\"0\" viewBox=\"0 0 25 21.76\" xml:space=\"preserve\"><path fill=\"#FF691C\" d=\"M12.17 1.45l1.11-1.1c.46-.47 1.22-.47 1.68 0l9.69 9.68c.47.46.47 1.22 0 1.68l-9.69 9.69c-.46.47-1.22.47-1.68 0l-1.11-1.11c-.47-.47-.46-1.23.01-1.7l.01-.01 6-5.72h-17c-.66 0-1.2-.53-1.2-1.19v-1.6c0-.66.53-1.2 1.19-1.2h17.01l-6-5.72c-.48-.45-.5-1.2-.05-1.68.01 0 .02-.01.03-.02z\"\/><\/svg>                            <\/span>\n                        <\/span>\n                    <\/a>\n                                    <a class=\"item\" href=\"https:\/\/ozonetech.com\/fi\/sovellukset\/hajut-ja-desinfiointi\/ilmanvaihto-bakteerit-ja-homeet\/\" target=\"\">\n                        <span class=\"item__overlay\"><\/span>\n                        <span\n                            class=\"item__background-image\"\n                            style=\"background-image: url('https:\/\/ozonetech.com\/wp-content\/uploads\/2021\/03\/air-conditioning.jpg');\"\n                        ><\/span>\n                        \n                        <span class=\"item__content\">\n                            <figure class=\"item__content--icon\">\n                                                            <\/figure>\n\n                            <span class=\"item__content--link\">\n                                <span>Ilmanvaihto \u2013 bakteerit ja homeet<\/span><svg version=\"1.1\" id=\"Layer_1\" xmlns=\"http:\/\/www.w3.org\/2000\/svg\" x=\"0\" y=\"0\" viewBox=\"0 0 25 21.76\" xml:space=\"preserve\"><path fill=\"#FF691C\" d=\"M12.17 1.45l1.11-1.1c.46-.47 1.22-.47 1.68 0l9.69 9.68c.47.46.47 1.22 0 1.68l-9.69 9.69c-.46.47-1.22.47-1.68 0l-1.11-1.11c-.47-.47-.46-1.23.01-1.7l.01-.01 6-5.72h-17c-.66 0-1.2-.53-1.2-1.19v-1.6c0-.66.53-1.2 1.19-1.2h17.01l-6-5.72c-.48-.45-.5-1.2-.05-1.68.01 0 .02-.01.03-.02z\"\/><\/svg>                            <\/span>\n                        <\/span>\n                    <\/a>\n                                    <a class=\"item\" href=\"https:\/\/ozonetech.com\/fi\/sovellukset\/hajut-ja-desinfiointi\/home-ja-kosteusvaurioiden-korjaaminen\/\" target=\"\">\n                        <span class=\"item__overlay\"><\/span>\n                        <span\n                            class=\"item__background-image\"\n                            style=\"background-image: url('https:\/\/ozonetech.com\/wp-content\/uploads\/2021\/03\/mold-sanitation.jpg');\"\n                        ><\/span>\n                        \n                        <span class=\"item__content\">\n                            <figure class=\"item__content--icon\">\n                                                            <\/figure>\n\n                            <span class=\"item__content--link\">\n                                <span>Home- ja kosteusvaurioiden korjaaminen<\/span><svg version=\"1.1\" id=\"Layer_1\" xmlns=\"http:\/\/www.w3.org\/2000\/svg\" x=\"0\" y=\"0\" viewBox=\"0 0 25 21.76\" xml:space=\"preserve\"><path fill=\"#FF691C\" d=\"M12.17 1.45l1.11-1.1c.46-.47 1.22-.47 1.68 0l9.69 9.68c.47.46.47 1.22 0 1.68l-9.69 9.69c-.46.47-1.22.47-1.68 0l-1.11-1.11c-.47-.47-.46-1.23.01-1.7l.01-.01 6-5.72h-17c-.66 0-1.2-.53-1.2-1.19v-1.6c0-.66.53-1.2 1.19-1.2h17.01l-6-5.72c-.48-.45-.5-1.2-.05-1.68.01 0 .02-.01.03-.02z\"\/><\/svg>                            <\/span>\n                        <\/span>\n                    <\/a>\n                                    <a class=\"item\" href=\"https:\/\/ozonetech.com\/fi\/sovellukset\/hajut-ja-desinfiointi\/pumppulaitosten\/\" target=\"\">\n                        <span class=\"item__overlay\"><\/span>\n                        <span\n                            class=\"item__background-image\"\n                            style=\"background-image: url('https:\/\/ozonetech.com\/wp-content\/uploads\/2021\/03\/pump-pits.jpg');\"\n                        ><\/span>\n                        \n                        <span class=\"item__content\">\n                            <figure class=\"item__content--icon\">\n                                                            <\/figure>\n\n                            <span class=\"item__content--link\">\n                                <span>Pumppulaitosten hajuongelmat<\/span><svg version=\"1.1\" id=\"Layer_1\" xmlns=\"http:\/\/www.w3.org\/2000\/svg\" x=\"0\" y=\"0\" viewBox=\"0 0 25 21.76\" xml:space=\"preserve\"><path fill=\"#FF691C\" d=\"M12.17 1.45l1.11-1.1c.46-.47 1.22-.47 1.68 0l9.69 9.68c.47.46.47 1.22 0 1.68l-9.69 9.69c-.46.47-1.22.47-1.68 0l-1.11-1.11c-.47-.47-.46-1.23.01-1.7l.01-.01 6-5.72h-17c-.66 0-1.2-.53-1.2-1.19v-1.6c0-.66.53-1.2 1.19-1.2h17.01l-6-5.72c-.48-.45-.5-1.2-.05-1.68.01 0 .02-.01.03-.02z\"\/><\/svg>                            <\/span>\n                        <\/span>\n                    <\/a>\n                                    <a class=\"item\" href=\"https:\/\/ozonetech.com\/fi\/sovellukset\/hajut-ja-desinfiointi\/huoneet-ja-tilat\/\" target=\"\">\n                        <span class=\"item__overlay\"><\/span>\n                        <span\n                            class=\"item__background-image\"\n                            style=\"background-image: url('https:\/\/ozonetech.com\/wp-content\/uploads\/2021\/03\/odor-problems-in-rooms-and-premises.jpg');\"\n                        ><\/span>\n                        \n                        <span class=\"item__content\">\n                            <figure class=\"item__content--icon\">\n                                                            <\/figure>\n\n                            <span class=\"item__content--link\">\n                                <span>Huoneet ja tilat<\/span><svg version=\"1.1\" id=\"Layer_1\" xmlns=\"http:\/\/www.w3.org\/2000\/svg\" x=\"0\" y=\"0\" viewBox=\"0 0 25 21.76\" xml:space=\"preserve\"><path fill=\"#FF691C\" d=\"M12.17 1.45l1.11-1.1c.46-.47 1.22-.47 1.68 0l9.69 9.68c.47.46.47 1.22 0 1.68l-9.69 9.69c-.46.47-1.22.47-1.68 0l-1.11-1.11c-.47-.47-.46-1.23.01-1.7l.01-.01 6-5.72h-17c-.66 0-1.2-.53-1.2-1.19v-1.6c0-.66.53-1.2 1.19-1.2h17.01l-6-5.72c-.48-.45-.5-1.2-.05-1.68.01 0 .02-.01.03-.02z\"\/><\/svg>                            <\/span>\n                        <\/span>\n                    <\/a>\n                                    <a class=\"item\" href=\"https:\/\/ozonetech.com\/fi\/sovellukset\/hajut-ja-desinfiointi\/tupakointihuoneet\/\" target=\"\">\n                        <span class=\"item__overlay\"><\/span>\n                        <span\n                            class=\"item__background-image\"\n                            style=\"background-image: url('https:\/\/ozonetech.com\/wp-content\/uploads\/2021\/03\/smoke-sanitation.jpg');\"\n                        ><\/span>\n                        \n                        <span class=\"item__content\">\n                            <figure class=\"item__content--icon\">\n                                                            <\/figure>\n\n                            <span class=\"item__content--link\">\n                                <span>Tupakointihuoneet<\/span><svg version=\"1.1\" id=\"Layer_1\" xmlns=\"http:\/\/www.w3.org\/2000\/svg\" x=\"0\" y=\"0\" viewBox=\"0 0 25 21.76\" xml:space=\"preserve\"><path fill=\"#FF691C\" d=\"M12.17 1.45l1.11-1.1c.46-.47 1.22-.47 1.68 0l9.69 9.68c.47.46.47 1.22 0 1.68l-9.69 9.69c-.46.47-1.22.47-1.68 0l-1.11-1.11c-.47-.47-.46-1.23.01-1.7l.01-.01 6-5.72h-17c-.66 0-1.2-.53-1.2-1.19v-1.6c0-.66.53-1.2 1.19-1.2h17.01l-6-5.72c-.48-.45-.5-1.2-.05-1.68.01 0 .02-.01.03-.02z\"\/><\/svg>                            <\/span>\n                        <\/span>\n                    <\/a>\n                                    <a class=\"item\" href=\"https:\/\/ozonetech.com\/fi\/sovellukset\/hajut-ja-desinfiointi\/madatyssailioiden-hajuongelmat\/\" target=\"\">\n                        <span class=\"item__overlay\"><\/span>\n                        <span\n                            class=\"item__background-image\"\n                            style=\"background-image: url('https:\/\/ozonetech.com\/wp-content\/uploads\/2021\/03\/digester-chamber.jpg');\"\n                        ><\/span>\n                        \n                        <span class=\"item__content\">\n                            <figure class=\"item__content--icon\">\n                                                            <\/figure>\n\n                            <span class=\"item__content--link\">\n                                <span>M\u00e4d\u00e4tyss\u00e4ili\u00f6iden hajuongelmat<\/span><svg version=\"1.1\" id=\"Layer_1\" xmlns=\"http:\/\/www.w3.org\/2000\/svg\" x=\"0\" y=\"0\" viewBox=\"0 0 25 21.76\" xml:space=\"preserve\"><path fill=\"#FF691C\" d=\"M12.17 1.45l1.11-1.1c.46-.47 1.22-.47 1.68 0l9.69 9.68c.47.46.47 1.22 0 1.68l-9.69 9.69c-.46.47-1.22.47-1.68 0l-1.11-1.11c-.47-.47-.46-1.23.01-1.7l.01-.01 6-5.72h-17c-.66 0-1.2-.53-1.2-1.19v-1.6c0-.66.53-1.2 1.19-1.2h17.01l-6-5.72c-.48-.45-.5-1.2-.05-1.68.01 0 .02-.01.03-.02z\"\/><\/svg>                            <\/span>\n                        <\/span>\n                    <\/a>\n                                    <a class=\"item\" href=\"https:\/\/ozonetech.com\/fi\/sovellukset\/hajut-ja-desinfiointi\/virukset-ja-bakteerit\/\" target=\"\">\n                        <span class=\"item__overlay\"><\/span>\n                        <span\n                            class=\"item__background-image\"\n                            style=\"background-image: url('https:\/\/ozonetech.com\/wp-content\/uploads\/2021\/03\/virus-bacteria.jpg');\"\n                        ><\/span>\n                        \n                        <span class=\"item__content\">\n                            <figure class=\"item__content--icon\">\n                                                            <\/figure>\n\n                            <span class=\"item__content--link\">\n                                <span>Virukset ja bakteerit<\/span><svg version=\"1.1\" id=\"Layer_1\" xmlns=\"http:\/\/www.w3.org\/2000\/svg\" x=\"0\" y=\"0\" viewBox=\"0 0 25 21.76\" xml:space=\"preserve\"><path fill=\"#FF691C\" d=\"M12.17 1.45l1.11-1.1c.46-.47 1.22-.47 1.68 0l9.69 9.68c.47.46.47 1.22 0 1.68l-9.69 9.69c-.46.47-1.22.47-1.68 0l-1.11-1.11c-.47-.47-.46-1.23.01-1.7l.01-.01 6-5.72h-17c-.66 0-1.2-.53-1.2-1.19v-1.6c0-.66.53-1.2 1.19-1.2h17.01l-6-5.72c-.48-.45-.5-1.2-.05-1.68.01 0 .02-.01.03-.02z\"\/><\/svg>                            <\/span>\n                        <\/span>\n                    <\/a>\n                            <\/div>\n            <\/div>\n\n<\/section>","protected":false},"excerpt":{"rendered":"","protected":false},"author":21,"featured_media":0,"parent":14856,"menu_order":0,"comment_status":"closed","ping_status":"closed","template":"","meta":{"_acf_changed":false,"_seopress_robots_primary_cat":"","_seopress_titles_title":"","_seopress_titles_desc":"Otsonigeneraattorit puhdistukseen suljettuihin pieniin sek\u00e4 suuriin tiloihin, roskahuoneisiin. Hajujen poisto rasvan erottimet, pumppukaivot","_seopress_robots_index":"","inline_featured_image":false,"footnotes":""},"class_list":["post-11594","page","type-page","status-publish","hentry"],"acf":[],"_links":{"self":[{"href":"https:\/\/ozonetech.com\/fi\/wp-json\/wp\/v2\/pages\/11594","targetHints":{"allow":["GET"]}}],"collection":[{"href":"https:\/\/ozonetech.com\/fi\/wp-json\/wp\/v2\/pages"}],"about":[{"href":"https:\/\/ozonetech.com\/fi\/wp-json\/wp\/v2\/types\/page"}],"author":[{"embeddable":true,"href":"https:\/\/ozonetech.com\/fi\/wp-json\/wp\/v2\/users\/21"}],"replies":[{"embeddable":true,"href":"https:\/\/ozonetech.com\/fi\/wp-json\/wp\/v2\/comments?post=11594"}],"version-history":[{"count":40,"href":"https:\/\/ozonetech.com\/fi\/wp-json\/wp\/v2\/pages\/11594\/revisions"}],"predecessor-version":[{"id":42770,"href":"https:\/\/ozonetech.com\/fi\/wp-json\/wp\/v2\/pages\/11594\/revisions\/42770"}],"up":[{"embeddable":true,"href":"https:\/\/ozonetech.com\/fi\/wp-json\/wp\/v2\/pages\/14856"}],"wp:attachment":[{"href":"https:\/\/ozonetech.com\/fi\/wp-json\/wp\/v2\/media?parent=11594"}],"curies":[{"name":"wp","href":"https:\/\/api.w.org\/{rel}","templated":true}]}}