{"id":11585,"date":"2020-06-25T09:29:04","date_gmt":"2020-06-25T09:29:04","guid":{"rendered":"https:\/\/ozonetech.com\/rena-kitchen-solutions\/"},"modified":"2024-11-07T08:34:36","modified_gmt":"2024-11-07T07:34:36","slug":"rena-keittioratkaisut","status":"publish","type":"page","link":"https:\/\/ozonetech.com\/fi\/ratkaisut-jarjestelmat\/keittion-poistoilma\/rena-keittioratkaisut\/","title":{"rendered":"RENA-keitti\u00f6ratkaisut"},"content":{"rendered":"\n<section\n    class=\"block hero hero--regular\"\n    style=\"background-image: url('https:\/\/ozonetech.com\/wp-content\/uploads\/2021\/03\/rena-kitchen-solutions-1600x484.jpg'); --hero-opacity: 0.3\"\n>\n\n    <div class=\"container-fluid\">\n\n        <div class=\"content editor_content\">\n                         \n                <h2 class='h2'>RENA-keitti\u00f6ratkaisut<\/h2>            \n                    <\/div>\n\n            <\/div>\n<\/section>\n\n\n<section class=\"component component_breadcrumbs\">\n\t<div class=\"container-fluid\">\n  \t<\/div>\n<\/section>\n\n\n<section\n    id=\"\"\n    class=\"block content-block\"\n\tstyle=\"--cb-bg: white; --cb-content: #000; padding-top: 30px; padding-bottom: 30px;\"\n>\n    \n\n<div class=\"container-fluid editor_content content content--narrow\">\n    <div class=\"row\">\n        <div class=\"col-12 editor_content\">\n            <h1>Tehokkain ja kest\u00e4vin tapa k\u00e4sitell\u00e4 ammattikeitti\u00f6iden poistoilmaa<\/h1>\n<p class=\"preamble\">RENA on tehokkain j\u00e4rjestelm\u00e4ratkaisumme. Se on kehitetty ammattikeitti\u00f6ihin ja ravintoloihin, joissa on yksi kupu tai useita kupuja. Osat asennetaan ruostumattomasta ter\u00e4ksest\u00e4 valmistettuun levyyn, joka sijoitetaan keitti\u00f6n viereen tai kauemmas toiseen tilaan.<\/p>\n<p><img loading=\"lazy\" decoding=\"async\" class=\"alignnone size-large wp-image-26559\" src=\"https:\/\/ozonetech.com\/wp-content\/uploads\/2021\/03\/rena-yksityiskohta-1-1024x575.jpg\" alt=\"\" width=\"1024\" height=\"575\" srcset=\"https:\/\/ozonetech.com\/wp-content\/uploads\/2021\/03\/rena-yksityiskohta-1-1024x575.jpg 1024w, https:\/\/ozonetech.com\/wp-content\/uploads\/2021\/03\/rena-yksityiskohta-1-300x168.jpg 300w, https:\/\/ozonetech.com\/wp-content\/uploads\/2021\/03\/rena-yksityiskohta-1-768x431.jpg 768w, https:\/\/ozonetech.com\/wp-content\/uploads\/2021\/03\/rena-yksityiskohta-1-726x408.jpg 726w, https:\/\/ozonetech.com\/wp-content\/uploads\/2021\/03\/rena-yksityiskohta-1-771x433.jpg 771w, https:\/\/ozonetech.com\/wp-content\/uploads\/2021\/03\/rena-yksityiskohta-1.jpg 1500w\" sizes=\"auto, (max-width: 1024px) 100vw, 1024px\" \/><\/p>\n<p>Turvallisuustaso on korkea. Otsonituotanto loppuu, jos jotakin ep\u00e4tavallista tapahtuu. J\u00e4rjestelm\u00e4 on et\u00e4valvottu. Saamme h\u00e4lytykset suoraan huoltokeskukseen, jossa vika voidaan korjata sek\u00e4 k\u00e4ynnist\u00e4\u00e4 j\u00e4rjestelm\u00e4 uudelleen.<\/p>\n<p>Otsonik\u00e4sittelyst\u00e4 on monia etuja. Paloturvallisuus paranee, kun keitti\u00f6n kanavien rasvaj\u00e4\u00e4m\u00e4t poistetaan. Kanavissa voidaan k\u00e4ytt\u00e4\u00e4 edullisempia materiaaleja kuin ruostumaton ter\u00e4s, koska paloturvallisuus on parempi. K\u00e4ryj\u00e4 on huomattavasti v\u00e4hemm\u00e4n ymp\u00e4rist\u00f6\u00f6n p\u00e4\u00e4sev\u00e4ss\u00e4 ilmassa. Kun poistoilman rasva v\u00e4henee, ilman l\u00e4mp\u00f6energia voidaan ottaa talteen. L\u00e4mmityskustannukset pienentyv\u00e4t jopa 80%, kun energia otetaan talteen.<\/p>\n<p>RENA Kitchen Solutions -ratkaisuilla on eritt\u00e4in <a href=\"https:\/\/ozonetech.com\/fi\/sovellukset\/keittion-poistoilma\/keittion-poistoilman-kasittely\/\"><strong>alhaiset k\u00e4ytt\u00f6kustannukset<\/strong><\/a> ja kunnossapitotarve on minimaalinen. Raaka-aine (ilma) on ilmaista. Mit\u00e4\u00e4n ei tarvitse ostaa, kuljettaa tai hallinnoida. V\u00e4lt\u00e4t liikkuvat osat, mekaanisen puhdistuksen, t\u00e4ytteet, j\u00e4tteet ja j\u00e4\u00e4m\u00e4t.<\/p>\n<p>Otsonilla puhdistaminen on tehokas ja luotettava menetelm\u00e4 ammattikeitti\u00f6iden ja ravintoloiden keitti\u00f6iden poistoilmakanavien puhdistamiseen. T\u00e4m\u00e4n ovat huomanneet tuhannet kiinteist\u00f6nomistajat, kunnat, suurkeitti\u00f6t ja ravintolat maailmanlaajuisesti.<\/p>\n        <\/div>\n    <\/div>\n<\/div>\n\n\n\n<div class=\"container-fluid editor_content content content--narrow\">\n    <div class=\"row\">\n        <div class=\"col-12 editor_content\">\n            <h3>Tekniset tiedot<\/h3>\n<p>RENA-ratkaisuihimme sy\u00f6tet\u00e4\u00e4n kuivaa, puhdasta happea ja ne j\u00e4\u00e4hdytet\u00e4\u00e4n nesteell\u00e4. T\u00e4m\u00e4 on hyvin tehokas ja luotettava tekniikka otsonin tuottamiseen. Puhdistuskapasiteetti pysyy tasaisena p\u00e4iv\u00e4st\u00e4 ja vuodesta toiseen. Otsonin tuotanto on s\u00e4\u00e4dett\u00e4viss\u00e4 portaattomasti ja sit\u00e4 on helppo muuttaa tarvittaessa.<\/p>\n<p>Yksi RENA-j\u00e4rjestelm\u00e4 riitt\u00e4\u00e4 tuottamaan otsonin useampaan kupuun, suuriin ilmavirtauksiin ja korkeisiin rasvakuormiin.<\/p>\n<p>RENA-malleja on seitsem\u00e4n erilaisille ilmavirtauksille. Otsonij\u00e4rjestelm\u00e4n osat asennetaan ruostumattomasta ter\u00e4ksest\u00e4 valmistettuun levyyn, mik\u00e4 helpottaa asentamista.<\/p>\n        <\/div>\n    <\/div>\n<\/div>\n\n<div class=\"container-fluid editor_content\">\n    <div class=\"row\">\n        <div class=\"col-12 editor_content table-wrapper \" style=\"--table-text-color-header: #FFFFFF; --table-text-color-rows: #000000; --table-background-color-header: #5f5f5f; --table-background-color-rows-even: #efefef; --table-background-color-rows-odd: #dfdfdf; \">\n                            \n<table id=\"tablepress-153\" class=\"tablepress tablepress-id-153 tbody-has-connected-cells\" aria-describedby=\"tablepress-153-description\">\n<thead>\n<tr class=\"row-1\">\n\t<th colspan=\"2\" class=\"column-1\"><strong>Otsonin tuotanto<\/strong><\/th>\n<\/tr>\n<\/thead>\n<tbody class=\"row-striping\">\n<tr class=\"row-2\">\n\t<td class=\"column-1\">Jakelu<\/td><td class=\"column-2\">Otsonin m\u00e4\u00e4r\u00e4 voidaan s\u00e4\u00e4t\u00e4\u00e4 jokaiseen kupuun erikseen<\/td>\n<\/tr>\n<tr class=\"row-3\">\n\t<td colspan=\"2\" class=\"column-1\"><strong> J\u00e4\u00e4hdytystekniikka<\/strong><\/td>\n<\/tr>\n<tr class=\"row-4\">\n\t<td class=\"column-1\">Nestej\u00e4\u00e4hdytys<\/td><td class=\"column-2\">Vesijohtovesi \/ suljettu j\u00e4\u00e4hdytysj\u00e4rjestelm\u00e4<\/td>\n<\/tr>\n<tr class=\"row-5\">\n\t<td colspan=\"2\" class=\"column-1\"><strong>Otsonij\u00e4rjestelm\u00e4<\/strong><\/td>\n<\/tr>\n<tr class=\"row-6\">\n\t<td class=\"column-1\">Koko vaaka (L x K x S)<\/td><td class=\"column-2\">970 x 750 x 265 mm<\/td>\n<\/tr>\n<tr class=\"row-7\">\n\t<td class=\"column-1\">Koko pysty (L x K x S)<\/td><td class=\"column-2\">695 x 1100 x 265 mm<\/td>\n<\/tr>\n<tr class=\"row-8\">\n\t<td class=\"column-1\">Melutaso<\/td><td class=\"column-2\"><50 dBA <\/td>\n<\/tr>\n<\/tbody>\n<\/table>\n<span id=\"tablepress-153-description\" class=\"tablepress-table-description tablepress-table-description-id-153\"><\/span>\n<!-- #tablepress-153 from cache -->                                <\/div>\n    <\/div>\n<\/div>\n\n\n<div class=\"container-fluid editor_content content content--narrow\">\n    <div class=\"row\">\n        <div class=\"col-12 editor_content\">\n            <p><em>Lue lis\u00e4\u00e4 <a href=\"https:\/\/ozonetech.com\/wp-content\/uploads\/2020\/12\/Brochure-RENA-Kitchen-Solutions-overview-v1.2-EN-web.pdf\" target=\"_blank\" rel=\"noopener\"><strong>esitteest\u00e4mme<\/strong><\/a> ja l\u00f6yd\u00e4 oikea malli j\u00e4rjestelm\u00e4\u00e4nne.\u00a0<\/em><\/p>\n        <\/div>\n    <\/div>\n<\/div>\n\n\n\n<div class=\"container-fluid editor_content content content--narrower\">\n    <div class=\"row\">\n        <div class=\"col-12 editor_content\">\n            <p><a id=\"form\"><\/a><\/p>\n<h2>Pyyd\u00e4 tarjous<\/h2>\n        <\/div>\n    <\/div>\n<\/div>\n\n\n\n<div class=\"container-fluid editor_content content content--narrow\">\n    <div class=\"row\">\n        <div class=\"col-12 editor_content\">\n            <p><!-- SharpSpring Form for RENA Kitchen Solutions Quotation FI  --><br \/>\n<script type=\"text\/javascript\">\n    var ss_form = {'account': 'MzawMDE3MzI2BwA', 'formID': 'MzOxSDQ1NEzUtTA3StI1MUhM0U1KNkzVNTczMUizTDazMDEyBAA'};\n    ss_form.width = '100%';\n    ss_form.domain = 'app-3QNJA1Z2XY.marketingautomation.services';\n    ss_form.hidden = {'field_400000003544067': 'Ozonetech.com'};\n    \/\/ ss_form.target_id = 'target'; \/\/ Optional parameter: forms will be placed inside the element with the specified id\n    \/\/ ss_form.polling = true; \/\/ Optional parameter: set to true ONLY if your page loads dynamically and the id needs to be polled continually.\n<\/script><br \/>\n<script type=\"text\/javascript\" src=\"https:\/\/koi-3QNJA1Z2XY.marketingautomation.services\/client\/form.js?ver=2.0.1\"><\/script><\/p>\n        <\/div>\n    <\/div>\n<\/div>\n\n<\/section>\n","protected":false},"excerpt":{"rendered":"","protected":false},"author":21,"featured_media":0,"parent":14840,"menu_order":0,"comment_status":"closed","ping_status":"closed","template":"","meta":{"_acf_changed":false,"_seopress_robots_primary_cat":"","_seopress_titles_title":"","_seopress_titles_desc":"","_seopress_robots_index":"","inline_featured_image":false,"footnotes":""},"class_list":["post-11585","page","type-page","status-publish","hentry"],"acf":[],"_links":{"self":[{"href":"https:\/\/ozonetech.com\/fi\/wp-json\/wp\/v2\/pages\/11585","targetHints":{"allow":["GET"]}}],"collection":[{"href":"https:\/\/ozonetech.com\/fi\/wp-json\/wp\/v2\/pages"}],"about":[{"href":"https:\/\/ozonetech.com\/fi\/wp-json\/wp\/v2\/types\/page"}],"author":[{"embeddable":true,"href":"https:\/\/ozonetech.com\/fi\/wp-json\/wp\/v2\/users\/21"}],"replies":[{"embeddable":true,"href":"https:\/\/ozonetech.com\/fi\/wp-json\/wp\/v2\/comments?post=11585"}],"version-history":[{"count":36,"href":"https:\/\/ozonetech.com\/fi\/wp-json\/wp\/v2\/pages\/11585\/revisions"}],"predecessor-version":[{"id":42030,"href":"https:\/\/ozonetech.com\/fi\/wp-json\/wp\/v2\/pages\/11585\/revisions\/42030"}],"up":[{"embeddable":true,"href":"https:\/\/ozonetech.com\/fi\/wp-json\/wp\/v2\/pages\/14840"}],"wp:attachment":[{"href":"https:\/\/ozonetech.com\/fi\/wp-json\/wp\/v2\/media?parent=11585"}],"curies":[{"name":"wp","href":"https:\/\/api.w.org\/{rel}","templated":true}]}}