{"id":11560,"date":"2020-06-22T14:59:07","date_gmt":"2020-06-22T14:59:07","guid":{"rendered":"https:\/\/ozonetech.com\/solutions-systems-water-treatment-rena-vivo-systems\/"},"modified":"2024-10-10T11:28:14","modified_gmt":"2024-10-10T09:28:14","slug":"rena-vivo","status":"publish","type":"page","link":"https:\/\/ozonetech.com\/fi\/ratkaisut-jarjestelmat\/vedenkasittely\/rena-vivo\/","title":{"rendered":"RENA Vivo -otsonij\u00e4rjestelm\u00e4t"},"content":{"rendered":"\n<section\n    class=\"block hero hero--regular\"\n    style=\"background-image: url('https:\/\/ozonetech.com\/wp-content\/uploads\/2021\/03\/rena-vivo-1-1600x484.jpg'); --hero-opacity: 0.3\"\n>\n\n    <div class=\"container-fluid\">\n\n        <div class=\"content editor_content\">\n                         \n                <h2 class='h2'>RENA Vivo -otsonij\u00e4rjestelm\u00e4t<\/h2>            \n                    <\/div>\n\n            <\/div>\n<\/section>\n\n\n<section class=\"component component_breadcrumbs\">\n\t<div class=\"container-fluid\">\n  \t<\/div>\n<\/section>\n\n\n<section\n    id=\"\"\n    class=\"block content-block\"\n\tstyle=\"--cb-bg: light-gray; --cb-content: #000; padding-top: 30px; padding-bottom: 30px;\"\n>\n    \n\n<div class=\"container-fluid editor_content content content--narrow\">\n    <div class=\"row\">\n        <div class=\"col-12 editor_content\">\n            <h1>Ozonetech RENA Vivo &#8211; Tehokkain j\u00e4rjestelm\u00e4 prosessilaitteiden pushdistukseen<\/h1>\n<p class=\"preamble\">Ozonetechin RENA Vivo -tuotesegmentti on sarja k\u00e4ytt\u00f6valmiita CIP-j\u00e4rjestelmi\u00e4 elintarvike- ja juomateollisuuteen, panimoihin, vesiviljelyyn, meijereihin sek\u00e4 l\u00e4\u00e4keteollisuuteen ja offshore-teollisuuteen. RENA Vivo on otsonij\u00e4rjestelm\u00e4, jota k\u00e4ytet\u00e4\u00e4n prosessilaitteiden puhdistamiseen, prosessiveden laadunvarmistukseen ja j\u00e4teveden k\u00e4sittelyyn.<\/p>\n<p>J\u00e4rjestelm\u00e4ss\u00e4 on ohjausj\u00e4rjestelm\u00e4 ja intuitiivinen HMI, otsonituotannon s\u00e4\u00e4tely ja ohjaus sek\u00e4 integroidut happigeneraattorit. RENA Vivo -segmentti k\u00e4ytt\u00e4\u00e4 aina happisy\u00f6tt\u00f6isi\u00e4 otsonigeneraattoreita ja korkeita otsonipitoisuuksia maksimaalisen tehon saavuttamiseksi.<\/p>\n        <\/div>\n    <\/div>\n<\/div>\n\n\n<div class=\"container-fluid content content--narrow\">\n    <div class=\"row\">\n        <div class=\"col-md-6 order-1 editor_content \">\n            <p>Vivo-segmentti mahdollistaa seuraavat toiminnalliset parannukset:<\/p>\n<ul>\n<li>Lyhent\u00e4\u00e4 CIP-aikaa 20\u201330 minuuttia lyhyemm\u00e4n desinfiointiajan ja huuhtelun puuttumisen ansiosta.<\/li>\n<li>Eliminoi kaikki desinfiointiaineet, joita on k\u00e4ytetty k\u00e4sittelyyn tai puhdistamiseen<\/li>\n<li>V\u00e4hent\u00e4\u00e4 energiankulutusta korvaamalla kuuman veden kylm\u00e4ll\u00e4 otsonilla<\/li>\n<li>Varmistaa t\u00e4ysin mikrobeista vapaan veden<\/li>\n<li>Ei kemikaalien k\u00e4sittely\u00e4, kuljettamista tai kustannuksia<\/li>\n<li>K\u00e4sittelee monimutkaiset j\u00e4teveden ainesosat paikan p\u00e4\u00e4ll\u00e4<\/li>\n<li>Kemikaaliton sy\u00f6tt\u00f6 ja prosessiveden laadunvarmistus<\/li>\n<\/ul>\n        <\/div>\n        <div class=\"col-md-6 order-2 editor_content d-flex justify-content-center\">\n                                            <figure class=\"side-image wp-caption\">\n                    <img loading=\"lazy\" decoding=\"async\" width=\"1500\" height=\"1455\" src=\"https:\/\/ozonetech.com\/wp-content\/uploads\/2021\/03\/rena-vivo-segment-ozone.jpg\" class=\"attachment-full size-full\" alt=\"\" srcset=\"https:\/\/ozonetech.com\/wp-content\/uploads\/2021\/03\/rena-vivo-segment-ozone.jpg 1500w, https:\/\/ozonetech.com\/wp-content\/uploads\/2021\/03\/rena-vivo-segment-ozone-300x291.jpg 300w, https:\/\/ozonetech.com\/wp-content\/uploads\/2021\/03\/rena-vivo-segment-ozone-1024x993.jpg 1024w, https:\/\/ozonetech.com\/wp-content\/uploads\/2021\/03\/rena-vivo-segment-ozone-768x745.jpg 768w\" sizes=\"auto, (max-width: 1500px) 100vw, 1500px\" \/>                                            <p class=\"wp-caption-text\">\n                            Vasemmalla: RENA Vivo B-sarja edest\u00e4 Oikealla: RENA Vivo B-sarja takaa                        <\/p>\n                                    <\/figure>\n                    <\/div>\n    <\/div>\n<\/div>\n\n\n<div class=\"container-fluid editor_content content content--narrow\">\n    <div class=\"row\">\n        <div class=\"col-12 editor_content\">\n            <h3>RENA Vivo system<\/h3>\n        <\/div>\n    <\/div>\n<\/div>\n\n\n<div class=\"container-fluid editor_content content content--narrow\">\n    <div class=\"row\">\n        <div class=\"col-md-6\">\n            <h4>RENA Vivo A-sarja<\/h4>\n<p>RENA Vivo A-sarja on eritt\u00e4in tehokas j\u00e4rjestelm\u00e4, joka on r\u00e4\u00e4t\u00e4l\u00f6ity pieniin elintarvike- ja juomateollisuuslaitoksiin, panimoihin ja pienten j\u00e4tevirtausten k\u00e4sittelyyn eri toimialoilla, paikan p\u00e4\u00e4ll\u00e4 puhdistamiseen (CIP) ja vedenk\u00e4sittelyyn. Se tuottaa tehokkaasti otsonoitua vett\u00e4. Kompakti rakenne 120 x 80 x 180 cm. Ottoteho on k\u00e4yt\u00f6n aikana alhainen, enint\u00e4\u00e4n 900 W.<\/p>\n        <\/div>\n        <div class=\"col-md-6\">\n            <h4>RENA Vivo B-sarja<\/h4>\n<p>B-sarja on Ozonetechin r\u00e4\u00e4t\u00e4l\u00f6ity j\u00e4rjestelm\u00e4 suurempiin tuotantolaitoksiin, CIP-k\u00e4ytt\u00f6\u00f6n panimoihin, suuriin meijereihin ja l\u00e4\u00e4ketehtaisiin. Se on kuitenkin viel\u00e4 kompakti kooltaan 120 x 80 x 270 cm.<\/p>\n        <\/div>\n    <\/div>\n<\/div>\n<div class=\"container-fluid editor_content content content--narrow\">\n    <div class=\"row\">\n        <div class=\"col-md-6\">\n            <h4>RENA Vivo C-sarja<\/h4>\n<p>C-sarja on tehokkain otsonij\u00e4rjestelm\u00e4mme. Se on r\u00e4\u00e4t\u00e4l\u00f6ity ratkaisemaan monimutkaisia haasteita, kuten l\u00e4\u00e4kej\u00e4\u00e4mien ja monimutkaisten aineiden hajottaminen. Se on t\u00e4ydellinen ratkaisu, joka varmistaa laadukkaan prosessiveden sy\u00f6t\u00f6n suuret virtaukset ja volyymit. Siin\u00e4 on toimitettaessa integroitu happigeneraattori tai ulkoinen hapensy\u00f6tt\u00f6.<\/p>\n        <\/div>\n        <div class=\"col-md-6\">\n            <p>Lataa <a href=\"https:\/\/ozonetech.com\/wp-content\/uploads\/2022\/12\/Brochure-Rena-Water-Treatment-Solutions-v1.5-EN.pdf\" target=\"_blank\" rel=\"noopener\"><strong>RENA Water Systems -esitteemme<\/strong><\/a> t\u00e4\u00e4lt\u00e4.<\/p>\n        <\/div>\n    <\/div>\n<\/div><\/section>\n\n\n\n<section\n    id=\"\"\n    class=\"block content-block\"\n\tstyle=\"--cb-bg: white; --cb-content: #000; padding-top: 30px; padding-bottom: 30px;\"\n>\n    \n\n<div class=\"container-fluid editor_content content content--narrow\">\n    <div class=\"row\">\n        <div class=\"col-12 editor_content\">\n            <h4>Ainutlaatuiset ominaisuudet k\u00e4ytt\u00f6valmiissa j\u00e4rjestelm\u00e4ss\u00e4<\/h4>\n<p>RENA Vivo -segmentti on k\u00e4ytt\u00f6valmis j\u00e4rjestelm\u00e4, joka on suunniteltu tuottamaan otsonoitua vett\u00e4 moniin k\u00e4ytt\u00f6tarkoituksiin. Alla olevassa taulukossa on yhteenveto j\u00e4rjestelm\u00e4n tiedoista:<\/p>\n        <\/div>\n    <\/div>\n<\/div>\n\n<\/section>\n\n\n\n<section\n    id=\"\"\n    class=\"block content-block\"\n\tstyle=\"--cb-bg: #fff; --cb-content: #000; \"\n>\n    <div class=\"container-fluid editor_content\">\n    <div class=\"row\">\n        <div class=\"col-12 editor_content table-wrapper \" style=\"--table-text-color-header: #FFFFFF; --table-text-color-rows: #000000; --table-background-color-header: #5f5f5f; --table-background-color-rows-even: #efefef; --table-background-color-rows-odd: #dfdfdf; \">\n                            \n<table id=\"tablepress-151\" class=\"tablepress tablepress-id-151\" aria-describedby=\"tablepress-151-description\">\n<thead>\n<tr class=\"row-1\">\n\t<th class=\"column-1\">Ominaisuus<\/th><th class=\"column-2\">A-sarja<\/th><th class=\"column-3\">B-sarja<\/th><th class=\"column-4\">C-sarja<\/th>\n<\/tr>\n<\/thead>\n<tbody class=\"row-striping\">\n<tr class=\"row-2\">\n\t<td class=\"column-1\">Korkeatehoinen otsonigeneraattori HELS\u2122-tekniikalla<\/td><td class=\"column-2\">Aina<\/td><td class=\"column-3\">Aina<\/td><td class=\"column-4\">Aina<\/td>\n<\/tr>\n<tr class=\"row-3\">\n\t<td class=\"column-1\">Integroitu happigeneraattori<\/td><td class=\"column-2\">Tyypillinen<\/td><td class=\"column-3\">Kyll\u00e4<\/td><td class=\"column-4\">Erillinen happirikastin<\/td>\n<\/tr>\n<tr class=\"row-4\">\n\t<td class=\"column-1\">Integroitu otsonikaasunpoistaja<\/td><td class=\"column-2\">Aina<\/td><td class=\"column-3\">Aina<\/td><td class=\"column-4\">Aina<\/td>\n<\/tr>\n<tr class=\"row-5\">\n\t<td class=\"column-1\">Otsoninh\u00e4vitt\u00e4j\u00e4<\/td><td class=\"column-2\">Tyypillinen<\/td><td class=\"column-3\">Tyypillinen<\/td><td class=\"column-4\">Tyypillinen<\/td>\n<\/tr>\n<tr class=\"row-6\">\n\t<td class=\"column-1\">Ymp\u00e4rist\u00f6n otsonin tunnistin<\/td><td class=\"column-2\">Kyll\u00e4<\/td><td class=\"column-3\">Kyll\u00e4<\/td><td class=\"column-4\">Kyll\u00e4<\/td>\n<\/tr>\n<tr class=\"row-7\">\n\t<td class=\"column-1\">Integroitu kosketus- ja\/tai reaktios\u00e4ili\u00f6<\/td><td class=\"column-2\">50 L<\/td><td class=\"column-3\">150 L<\/td><td class=\"column-4\">300 tai 500 L<\/td>\n<\/tr>\n<tr class=\"row-8\">\n\t<td class=\"column-1\">Kehittynyt ohjausj\u00e4rjestelm\u00e4 ja HMI<\/td><td class=\"column-2\">Kyll\u00e4, 7&#8243;:n kosketuspaneeli<\/td><td class=\"column-3\">Kyll\u00e4, 9&#8243;:n kosketuspaneeli<\/td><td class=\"column-4\">Kyll\u00e4, 9&#8243;:n kosketuspaneeli<\/td>\n<\/tr>\n<tr class=\"row-9\">\n\t<td class=\"column-1\">Automaattinen ORP-seuranta<\/td><td class=\"column-2\">Kyll\u00e4<\/td><td class=\"column-3\">Kyll\u00e4<\/td><td class=\"column-4\">Kyll\u00e4<\/td>\n<\/tr>\n<tr class=\"row-10\">\n\t<td class=\"column-1\">1 ppm liuenneen otsonin virtauskapasiteetti\t<\/td><td class=\"column-2\">4-35 m<sup>3<\/sup>\/h<\/td><td class=\"column-3\">18-110 m<sup>3<\/sup>\/h<\/td><td class=\"column-4\">35-210 m<sup>3<\/sup>\/h<\/td>\n<\/tr>\n<tr class=\"row-11\">\n\t<td class=\"column-1\">Hydrauliliit\u00e4nn\u00e4t<\/td><td class=\"column-2\">DN25<\/td><td class=\"column-3\">DN50<\/td><td class=\"column-4\">DN50\/65<\/td>\n<\/tr>\n<tr class=\"row-12\">\n\t<td class=\"column-1\">Mitat (mm, K x P x L)<\/td><td class=\"column-2\">1800x1200x800<\/td><td class=\"column-3\">2128x1200x800<\/td><td class=\"column-4\">2092x1600x1200<\/td>\n<\/tr>\n<\/tbody>\n<\/table>\n<span id=\"tablepress-151-description\" class=\"tablepress-table-description tablepress-table-description-id-151\"><\/span>\n<!-- #tablepress-151 from cache -->                                <\/div>\n    <\/div>\n<\/div>\n<\/section>\n\n\n\n<section\n    id=\"\"\n    class=\"block content-block\"\n\tstyle=\"--cb-bg: light-gray; --cb-content: #000; padding-top: 30px; padding-bottom: 30px;\"\n>\n    \n\n<div class=\"container-fluid editor_content content content--narrow\">\n    <div class=\"row\">\n        <div class=\"col-12 editor_content\">\n            <h4>Koko-ohjeet<\/h4>\n<p><em>Ilmaisee RENA Vivo -sarjan valintaa prosessilaitteiden CIP-puhdistamista tai prosessiveden laadunvarmistusta varten. Suositukset 3 log-yksik\u00f6n bakteerien inaktivoinnista 10 minuutissa.<\/em><\/p>\n        <\/div>\n    <\/div>\n<\/div>\n\n<\/section>\n\n\n\n<section\n    id=\"\"\n    class=\"block content-block\"\n\tstyle=\"--cb-bg: #fff; --cb-content: #000; \"\n>\n    <div class=\"container-fluid editor_content\">\n    <div class=\"row\">\n        <div class=\"col-12 editor_content table-wrapper \" style=\"--table-text-color-header: #FFFFFF; --table-text-color-rows: #000000; --table-background-color-header: #5f5f5f; --table-background-color-rows-even: #efefef; --table-background-color-rows-odd: #dfdfdf; \">\n                            \n<table id=\"tablepress-152\" class=\"tablepress tablepress-id-152\" aria-describedby=\"tablepress-152-description\">\n<thead>\n<tr class=\"row-1\">\n\t<th colspan=\"3\" class=\"column-1\">Tilavuus (m<sup>3<\/sup>)<\/th><th colspan=\"3\" class=\"column-4\">Virtaus (m<SUP>3<\/SUP>\/hr)<\/th>\n<\/tr>\n<\/thead>\n<tbody class=\"row-striping\">\n<tr class=\"row-2\">\n\t<td class=\"column-1\"><\/td><td class=\"column-2\">10<\/td><td class=\"column-3\">15<\/td><td class=\"column-4\">20<\/td><td class=\"column-5\">30<\/td><td class=\"column-6\">50<\/td>\n<\/tr>\n<tr class=\"row-3\">\n\t<td class=\"column-1\">0.2<\/td><td class=\"column-2\">A<\/td><td class=\"column-3\">A<\/td><td class=\"column-4\">B<\/td><td class=\"column-5\">B<\/td><td class=\"column-6\">B<\/td>\n<\/tr>\n<tr class=\"row-4\">\n\t<td class=\"column-1\">0.5<\/td><td class=\"column-2\">A<\/td><td class=\"column-3\">A<\/td><td class=\"column-4\">B<\/td><td class=\"column-5\">B<\/td><td class=\"column-6\">B<\/td>\n<\/tr>\n<tr class=\"row-5\">\n\t<td class=\"column-1\">1<\/td><td class=\"column-2\">A<\/td><td class=\"column-3\">A<\/td><td class=\"column-4\">B<\/td><td class=\"column-5\">B<\/td><td class=\"column-6\">B<\/td>\n<\/tr>\n<tr class=\"row-6\">\n\t<td class=\"column-1\">5<\/td><td class=\"column-2\">B<\/td><td class=\"column-3\">B<\/td><td class=\"column-4\">B<\/td><td class=\"column-5\">B<\/td><td class=\"column-6\">C<\/td>\n<\/tr>\n<tr class=\"row-7\">\n\t<td class=\"column-1\">10<\/td><td class=\"column-2\">C<\/td><td class=\"column-3\">C<\/td><td class=\"column-4\">C<\/td><td class=\"column-5\">C<\/td><td class=\"column-6\">C<\/td>\n<\/tr>\n<tr class=\"row-8\">\n\t<td class=\"column-1\">15<\/td><td class=\"column-2\">C<\/td><td class=\"column-3\">C<\/td><td class=\"column-4\">C<\/td><td class=\"column-5\">C<\/td><td class=\"column-6\">C<\/td>\n<\/tr>\n<\/tbody>\n<\/table>\n<span id=\"tablepress-152-description\" class=\"tablepress-table-description tablepress-table-description-id-152\"><\/span>\n<!-- #tablepress-152 from cache -->                                <\/div>\n    <\/div>\n<\/div>\n<\/section>\n","protected":false},"excerpt":{"rendered":"","protected":false},"author":21,"featured_media":0,"parent":14827,"menu_order":0,"comment_status":"closed","ping_status":"closed","template":"","meta":{"_acf_changed":false,"_seopress_robots_primary_cat":"","_seopress_titles_title":"","_seopress_titles_desc":"RENA Vivo -sarjan ratkaisut ovat CIP-j\u00e4rjestelmi\u00e4 avaimet k\u00e4teen toimituksella, joita k\u00e4ytet\u00e4\u00e4n elintarvike-, juoma- ja panimolaitoksissa, vesiviljelyss\u00e4, maidontuotannossa ja l\u00e4\u00e4kealalla.","_seopress_robots_index":"","inline_featured_image":false,"footnotes":""},"class_list":["post-11560","page","type-page","status-publish","hentry"],"acf":[],"_links":{"self":[{"href":"https:\/\/ozonetech.com\/fi\/wp-json\/wp\/v2\/pages\/11560","targetHints":{"allow":["GET"]}}],"collection":[{"href":"https:\/\/ozonetech.com\/fi\/wp-json\/wp\/v2\/pages"}],"about":[{"href":"https:\/\/ozonetech.com\/fi\/wp-json\/wp\/v2\/types\/page"}],"author":[{"embeddable":true,"href":"https:\/\/ozonetech.com\/fi\/wp-json\/wp\/v2\/users\/21"}],"replies":[{"embeddable":true,"href":"https:\/\/ozonetech.com\/fi\/wp-json\/wp\/v2\/comments?post=11560"}],"version-history":[{"count":59,"href":"https:\/\/ozonetech.com\/fi\/wp-json\/wp\/v2\/pages\/11560\/revisions"}],"predecessor-version":[{"id":40924,"href":"https:\/\/ozonetech.com\/fi\/wp-json\/wp\/v2\/pages\/11560\/revisions\/40924"}],"up":[{"embeddable":true,"href":"https:\/\/ozonetech.com\/fi\/wp-json\/wp\/v2\/pages\/14827"}],"wp:attachment":[{"href":"https:\/\/ozonetech.com\/fi\/wp-json\/wp\/v2\/media?parent=11560"}],"curies":[{"name":"wp","href":"https:\/\/api.w.org\/{rel}","templated":true}]}}