{"id":11547,"date":"2020-06-22T14:29:27","date_gmt":"2020-06-22T14:29:27","guid":{"rendered":"https:\/\/ozonetech.com\/solutions-systems-water-treatment-rena-vitro\/"},"modified":"2024-10-10T11:24:55","modified_gmt":"2024-10-10T09:24:55","slug":"rena-vitro","status":"publish","type":"page","link":"https:\/\/ozonetech.com\/fi\/ratkaisut-jarjestelmat\/vedenkasittely\/rena-vitro\/","title":{"rendered":"AOP-j\u00e4rjestelm\u00e4 RENA Vitro\u2122"},"content":{"rendered":"\n<section\n    class=\"block hero hero--regular\"\n    style=\"background-image: url('https:\/\/ozonetech.com\/wp-content\/uploads\/2021\/03\/rena-vitro-solutions-ozonetech-2-1600x484.jpg'); --hero-opacity: 0.3\"\n>\n\n    <div class=\"container-fluid\">\n\n        <div class=\"content editor_content\">\n                         \n                <h2 class='h2'>AOP-j\u00e4rjestelm\u00e4 RENA Vitro\u2122 <\/h2>            \n                    <\/div>\n\n            <\/div>\n<\/section>\n\n\n<section class=\"component component_breadcrumbs\">\n\t<div class=\"container-fluid\">\n  \t<\/div>\n<\/section>\n\n\n<section\n    id=\"\"\n    class=\"block content-block\"\n\tstyle=\"--cb-bg: white; --cb-content: #000; padding-top: 30px; padding-bottom: 30px;\"\n>\n    \n\n<div class=\"container-fluid editor_content content content--narrow\">\n    <div class=\"row\">\n        <div class=\"col-12 editor_content\">\n            <h1>Ozonetech RENA Vitro\u2122 &#8211; Tehokkain ja kest\u00e4vin ratkaisu prosessi- ja j\u00e4tevesille<\/h1>\n<p class=\"preamble\"><strong>RENA Vitro\u2122<\/strong> on patentoitu kehittyneen hapetusprosessin (AOP) j\u00e4rjestelm\u00e4, joka tarjoaa tehokkaan k\u00e4sittelyratkaisun:<\/p>\n<ul>\n<li>k\u00e4sittelee voimakkaasti saastuneet, vaikeat prosessi- ja j\u00e4tevedet (COD&lt;50000 mg \/ l) mitattuna TOC, COD tai BOD (orgaaninen pitoisuus) ja \/ tai<\/li>\n<li>hajottaa vaikeat haitalliset orgaaniset kemialliset yhdisteet osittain tai kokonaan, esimerkiksi kompleksin muodostajat ja metallikompleksit tuottamatta haitallisia sivuaineita tai lietett\u00e4.<\/li>\n<\/ul>\n<p>AOP-k\u00e4sittelyss\u00e4 orgaanisten aineiden hapetus tapahtuu ensisijaisesti hydroksyyliradikaalien reaktioiden kautta. Hydroksyyliradikaalit ovat kaikkein tehokkaimpia saatavilla olevia hapettajia (katso taulukko alla).<\/p>\n        <\/div>\n    <\/div>\n<\/div>\n\n\n<div class=\"container-fluid content content--narrow\">\n    <div class=\"row\">\n        <div class=\"col-md-6 order-1 editor_content \">\n            <p>Koska hapetuskyky on voimakkaampi, suurin ero tavalliseen hapetukseen n\u00e4hden on kyky hajottaa vaikeampia aineita sek\u00e4 lyhyempi prosessiaika. AOP-prosessi hajottaa vaikeat aineet osittain tai kokonaan vaarattomiksi tai v\u00e4hemm\u00e4n vaarallisiksi aineiksi, esimerkiksi karboksyylihapoksi, hiilidioksidiksi, typeksi, suoloiksi ja vedeksi.<\/p>\n        <\/div>\n        <div class=\"col-md-6 order-2 editor_content d-flex justify-content-center\">\n                                            <figure class=\"side-image \">\n                    <img loading=\"lazy\" decoding=\"async\" width=\"300\" height=\"300\" src=\"https:\/\/ozonetech.com\/wp-content\/uploads\/2021\/01\/Ozonetech-rena-vitro-ozone-system-e1614697946457.jpg\" class=\"attachment-full size-full\" alt=\"\" \/>                                    <\/figure>\n                    <\/div>\n    <\/div>\n<\/div>\n\n\n<div class=\"container-fluid editor_content content content--narrow\">\n    <div class=\"row\">\n        <div class=\"col-12 editor_content\">\n            <p>Hydroksyyliradikaalimme tuotetaan yhdist\u00e4m\u00e4ll\u00e4 otsoni (O<sub>3<\/sub>) ja patentoitu katalyytti. Joskus otsonia k\u00e4ytet\u00e4\u00e4n yhdess\u00e4 ultraviolettis\u00e4teilyn (UV) tai vetyperoksidin (H<sub>2<\/sub>O<sub>2<\/sub>) kanssa synnytt\u00e4m\u00e4\u00e4n hydroksyyliradikaaleja. Synergia toteutuu \u201d1+1=3\u201d, mik\u00e4 tekee yhdistelm\u00e4st\u00e4 tehokkaamman kuin yksitt\u00e4in sarjoina k\u00e4ytettyn\u00e4. AOP moninkertaistaa hapetuksen tehon.<\/p>\n<p>Pienin RENA Vitro\u2122 on 3 kertaa EUR-kuormalavan kokoinen, koko riippuu virtauksesta.<\/p>\n        <\/div>\n    <\/div>\n<\/div>\n\n<div class=\"container-fluid editor_content\">\n    <div class=\"row\">\n        <div class=\"col-12 editor_content table-wrapper \" style=\"--table-text-color-header: #FFFFFF; --table-text-color-rows: #000000; --table-background-color-header: #5f5f5f; --table-background-color-rows-even: #efefef; --table-background-color-rows-odd: #dfdfdf; \">\n                            \n<table id=\"tablepress-150\" class=\"tablepress tablepress-id-150\" aria-describedby=\"tablepress-150-description\">\n<thead>\n<tr class=\"row-1\">\n\t<th class=\"column-1\">Hapettava aine<\/th><th class=\"column-2\">EOP (V)<\/th>\n<\/tr>\n<\/thead>\n<tbody class=\"row-striping\">\n<tr class=\"row-2\">\n\t<td class=\"column-1\">Hydroksyyliradikaali (OH\u2219)<\/td><td class=\"column-2\">2.80<\/td>\n<\/tr>\n<tr class=\"row-3\">\n\t<td class=\"column-1\">Happiatomi (O)<\/td><td class=\"column-2\">2.42<\/td>\n<\/tr>\n<tr class=\"row-4\">\n\t<td class=\"column-1\">Otsoni (O<sub>3<\/sub>)<\/td><td class=\"column-2\">2.07<\/td>\n<\/tr>\n<tr class=\"row-5\">\n\t<td class=\"column-1\">Vetyperoksidi (H<sub>2<\/sub>O<sub>2<\/sub>)<\/td><td class=\"column-2\">1.78<\/td>\n<\/tr>\n<tr class=\"row-6\">\n\t<td class=\"column-1\">Hypokloriitti<\/td><td class=\"column-2\">1.49<\/td>\n<\/tr>\n<tr class=\"row-7\">\n\t<td class=\"column-1\">Kloori (Cl)<\/td><td class=\"column-2\">1.36<\/td>\n<\/tr>\n<tr class=\"row-8\">\n\t<td class=\"column-1\">Klooridioksidi (ClO<sub>2<\/sub>)<\/td><td class=\"column-2\">1.27<\/td>\n<\/tr>\n<tr class=\"row-9\">\n\t<td class=\"column-1\">Happi (O<sub>2<\/sub>)<\/td><td class=\"column-2\">1.23<\/td>\n<\/tr>\n<\/tbody>\n<\/table>\n<span id=\"tablepress-150-description\" class=\"tablepress-table-description tablepress-table-description-id-150\"><\/span>\n<!-- #tablepress-150 from cache -->                                <\/div>\n    <\/div>\n<\/div>\n\n\n<div class=\"container-fluid editor_content content content--narrow\">\n    <div class=\"row\">\n        <div class=\"col-12 editor_content\">\n            <h3>AOP:n edut<\/h3>\n<ul>\n<li>Eritt\u00e4in tehokas hapetus<\/li>\n<li>Nopea hapetus<\/li>\n<li>V\u00e4hent\u00e4\u00e4 j\u00e4tteiden kokonaism\u00e4\u00e4r\u00e4\u00e4<\/li>\n<li>V\u00e4hent\u00e4\u00e4 myrkyllisyytt\u00e4 ja osittain tai kokonaan saasteiden mineralisoitumisen.<\/li>\n<li>Ei tuota uusia yhdisteit\u00e4, jotka vaatisivat lis\u00e4k\u00e4sittely\u00e4, kuten kloorin sivutuotteet.<\/li>\n<li>Ei tuota lietett\u00e4, kuten fysikaaliset kemialliset prosessit<\/li>\n<li>Ep\u00e4selektiivinen hapetus mahdollistaa useiden ep\u00e4puhtauksien k\u00e4sittelyn kerralla<\/li>\n<\/ul>\n<div id=\"panels-ipe-paneid-414\" class=\"panels-ipe-portlet-wrapper panels-ipe-portlet-marker\">\n<div class=\"panels-ipe-portlet-content\">\n<div class=\"panel-pane pane-entity-field pane-node-body\">\n<div class=\"pane-content\">\n<div class=\"field field-name-body field-type-text-with-summary field-label-hidden\">\n<div class=\"field-items\">\n<div class=\"field-item even\">\n<p>AOP on r\u00e4\u00e4t\u00e4l\u00f6it\u00e4v\u00e4 tietyn ratkaisun kemiaan.<\/p>\n<\/div>\n<\/div>\n<\/div>\n<\/div>\n<\/div>\n<\/div>\n<\/div>\n        <\/div>\n    <\/div>\n<\/div>\n\n<\/section>\n","protected":false},"excerpt":{"rendered":"","protected":false},"author":21,"featured_media":0,"parent":14827,"menu_order":0,"comment_status":"closed","ping_status":"closed","template":"","meta":{"_acf_changed":false,"_seopress_robots_primary_cat":"","_seopress_titles_title":"","_seopress_titles_desc":"RENA Vitro\u2122 on patentoitu katalyyttinen AOP-ratkaisumme, joka mahdollistaa tehokkaan k\u00e4sittelyn voimakkaasti saastuneille j\u00e4tevesille ja haitallisille kemikaaleille.","_seopress_robots_index":"","inline_featured_image":false,"footnotes":""},"class_list":["post-11547","page","type-page","status-publish","hentry"],"acf":[],"_links":{"self":[{"href":"https:\/\/ozonetech.com\/fi\/wp-json\/wp\/v2\/pages\/11547","targetHints":{"allow":["GET"]}}],"collection":[{"href":"https:\/\/ozonetech.com\/fi\/wp-json\/wp\/v2\/pages"}],"about":[{"href":"https:\/\/ozonetech.com\/fi\/wp-json\/wp\/v2\/types\/page"}],"author":[{"embeddable":true,"href":"https:\/\/ozonetech.com\/fi\/wp-json\/wp\/v2\/users\/21"}],"replies":[{"embeddable":true,"href":"https:\/\/ozonetech.com\/fi\/wp-json\/wp\/v2\/comments?post=11547"}],"version-history":[{"count":31,"href":"https:\/\/ozonetech.com\/fi\/wp-json\/wp\/v2\/pages\/11547\/revisions"}],"predecessor-version":[{"id":40909,"href":"https:\/\/ozonetech.com\/fi\/wp-json\/wp\/v2\/pages\/11547\/revisions\/40909"}],"up":[{"embeddable":true,"href":"https:\/\/ozonetech.com\/fi\/wp-json\/wp\/v2\/pages\/14827"}],"wp:attachment":[{"href":"https:\/\/ozonetech.com\/fi\/wp-json\/wp\/v2\/media?parent=11547"}],"curies":[{"name":"wp","href":"https:\/\/api.w.org\/{rel}","templated":true}]}}