{"id":11533,"date":"2020-06-22T14:08:04","date_gmt":"2020-06-22T14:08:04","guid":{"rendered":"https:\/\/ozonetech.com\/solutions-systems-water-treatment\/"},"modified":"2024-10-10T11:21:15","modified_gmt":"2024-10-10T09:21:15","slug":"rena-tellus","status":"publish","type":"page","link":"https:\/\/ozonetech.com\/fi\/ratkaisut-jarjestelmat\/vedenkasittely\/rena-tellus\/","title":{"rendered":"RENA Tellus r\u00e4\u00e4t\u00e4l\u00f6idyt otsonij\u00e4rjestelm\u00e4t"},"content":{"rendered":"\n<section\n    class=\"block hero hero--regular\"\n    style=\"background-image: url('https:\/\/ozonetech.com\/wp-content\/uploads\/2021\/03\/rena-tellus-1-1600x484.jpg'); --hero-opacity: 0.3\"\n>\n\n    <div class=\"container-fluid\">\n\n        <div class=\"content editor_content\">\n                         \n                <h2 class='h2'>RENA Tellus \u2013 r\u00e4\u00e4t\u00e4l\u00f6idyt otsonij\u00e4rjestelm\u00e4t<\/h2>            \n                    <\/div>\n\n            <\/div>\n<\/section>\n\n\n<section class=\"component component_breadcrumbs\">\n\t<div class=\"container-fluid\">\n  \t<\/div>\n<\/section>\n\n\n\n\n\n\n\n\n<section\n    id=\"\"\n    class=\"block content-block\"\n\tstyle=\"--cb-bg: white; --cb-content: #000; padding-top: 30px; padding-bottom: 30px;\"\n>\n    \n\n<div class=\"container-fluid editor_content content content--narrow\">\n    <div class=\"row\">\n        <div class=\"col-12 editor_content\">\n            <h1>RENA Tellus &#8211; avaimet k\u00e4teen -ratkaisu, joka on r\u00e4\u00e4t\u00e4l\u00f6ity ja korkean kapasiteetin omaava otsonik\u00e4sittelyj\u00e4rjestelm\u00e4<\/h1>\n<h3>RENA Tellus<\/h3>\n<p class=\"preamble\">Ozonetech esittelee RENA Tellus -segmentin \u2013 r\u00e4\u00e4t\u00e4l\u00f6idyt otsonik\u00e4sittelyj\u00e4rjestelm\u00e4t isoihin laitoksiin. Otsoni- ja otsoni-AOP-j\u00e4rjestelmien sek\u00e4 RENA Vivo- ja Vitro-segmenttien lis\u00e4ksi Ozonetech r\u00e4\u00e4t\u00e4l\u00f6i isojen laitosten otsonik\u00e4sittelyj\u00e4rjestelmi\u00e4. Tellus-segmentti on mukautettu asiakkaiden erityistarpeisiin ja vaatimuksiin.<\/p>\n<p>RENA Tellus -j\u00e4rjestelm\u00e4t suunnitellaan tyypillisesti teollisuusj\u00e4tevesien pilottiprojektiemme pohjalta konsulttipalvelujemme avulla, jotta asiakkaiden erityistarpeet j\u00e4tevesivirtojen k\u00e4sittelyss\u00e4 voidaan tyydytt\u00e4\u00e4.<\/p>\n<p>Katso kuva alla.<\/p>\n<div id=\"attachment_22707\" style=\"width: 1034px\" class=\"wp-caption alignnone\"><img loading=\"lazy\" decoding=\"async\" aria-describedby=\"caption-attachment-22707\" class=\"size-large wp-image-22707\" src=\"https:\/\/ozonetech.com\/wp-content\/uploads\/2021\/03\/rena-tellus-ozonetech-1024x621.jpg\" alt=\"Ozonetech RENA Tellus Ozone System\" width=\"1024\" height=\"621\" srcset=\"https:\/\/ozonetech.com\/wp-content\/uploads\/2021\/03\/rena-tellus-ozonetech-1024x621.jpg 1024w, https:\/\/ozonetech.com\/wp-content\/uploads\/2021\/03\/rena-tellus-ozonetech-300x182.jpg 300w, https:\/\/ozonetech.com\/wp-content\/uploads\/2021\/03\/rena-tellus-ozonetech-768x465.jpg 768w, https:\/\/ozonetech.com\/wp-content\/uploads\/2021\/03\/rena-tellus-ozonetech.jpg 1500w\" sizes=\"auto, (max-width: 1024px) 100vw, 1024px\" \/><p id=\"caption-attachment-22707\" class=\"wp-caption-text\">Ozonetech RENA Tellus Ozone System<\/p><\/div>\n<p>RENA Tellus -segmentin kapasiteetti on laaja, tyypillisesti 1\u2013500 m<sup>3<\/sup>\/vrk erilaisilla COD- ja BOD-pitoisuuksilla, enint\u00e4\u00e4n 1 000 \u2013 2 000 mg\/l. Suunnittelemme my\u00f6s toimituksia, joilla saavutetaan muiden kriittisten parametrien, kuten sameuden, orgaanisen hiilen, erityisaineiden ja mikrosaasteen, poistaminen tai v\u00e4hent\u00e4minen.<\/p>\n<p>R\u00e4\u00e4t\u00e4l\u00f6idyt ratkaisut sis\u00e4lt\u00e4v\u00e4t aina t\u00e4rkeimm\u00e4t parametrit mahdollisimman tehokkaan k\u00e4sittelyn saavuttamiseksi. Ne kattavat korkeiden pitoisuuksien hapensy\u00f6tt\u00f6j\u00e4rjestelm\u00e4n, kompaktit, vesij\u00e4\u00e4hdytteiset otsonigeneraattorit, otsoni-injektiomekanismit ja huipputason ohjauslaitteet suorituskyvyn seurantaan. Toimitamme r\u00e4\u00e4t\u00e4l\u00f6ityj\u00e4 reaktio- ja kosketuss\u00e4ili\u00f6it\u00e4, jotka sallivat kunnollisen reaktiokinetiikan, joka perustuu k\u00e4siteltyjen j\u00e4tevesivirtojen ominaisuuksiin. Jokainen j\u00e4rjestelm\u00e4 voidaan suunnitella siten, ett\u00e4 liuenneen otsonin, pH:n, l\u00e4mp\u00f6tilan ja hapetuspotentiaalin mittaaminen voidaan tehd\u00e4 verkossa.<\/p>\n        <\/div>\n    <\/div>\n<\/div>\n\n\n<div class=\"container-fluid editor_content content content--narrow\">\n    <div class=\"row\">\n        <div class=\"col-md-6\">\n            <h4>RENA Tellus X<\/h4>\n<p>Tellus-segmentin X-sarja kuuluu j\u00e4rjestelmiimme, jossa otsonia k\u00e4ytet\u00e4\u00e4n ensisijaisena k\u00e4sittelyn\u00e4. T\u00e4m\u00e4 merkitsee sit\u00e4, ett\u00e4 otsoni on p\u00e4\u00e4tekniikka, jonka ymp\u00e4rille j\u00e4rjestelm\u00e4 on suunniteltu ja se tuottaa useimmat tai kaikki mitattavien k\u00e4sittelyarvojen v\u00e4hennykset.<\/p>\n        <\/div>\n        <div class=\"col-md-6\">\n            <h4>RENA Tellus Y<\/h4>\n<p>Y-sarja on rakennettu ainutlaatuisen katalyyttisen kehittyneen hapetusprosessin (AOP) ymp\u00e4rille. T\u00e4m\u00e4n eritt\u00e4in tehokkaan k\u00e4sittelymenetelm\u00e4n perustana on my\u00f6s otsoni, mutta se on suunniteltu isoihin teollisuuslaitoksiin. RENA Tellus Y on r\u00e4\u00e4t\u00e4l\u00f6ity j\u00e4rjestelm\u00e4, joka pohjautuu RENA Vitro -segmenttiin.<\/p>\n        <\/div>\n    <\/div>\n<\/div><\/section>\n\n\n\n\n\n\n<section\n    id=\"\"\n    class=\"block content-block\"\n\tstyle=\"--cb-bg: white; --cb-content: #000; padding-top: 30px; padding-bottom: 30px;\"\n>\n    \n\n<div class=\"container-fluid editor_content content content--narrow\">\n    <div class=\"row\">\n        <div class=\"col-12 editor_content\">\n            <h3>Yleiskatsaus ominaisuuksista ja palveluista<\/h3>\n<p>Alla olevassa taulukossa on Tellus-segmentin eroavaisuuksia ja p\u00e4\u00e4ominaisuuksia.<\/p>\n<p><em>RENA Tellus X- ja Y-sarjojen p\u00e4\u00e4ominaisuudet.<\/em><\/p>\n        <\/div>\n    <\/div>\n<\/div>\n\n<div class=\"container-fluid editor_content\">\n    <div class=\"row\">\n        <div class=\"col-12 editor_content table-wrapper \" style=\"--table-text-color-header: #FFFFFF; --table-text-color-rows: #000000; --table-background-color-header: #5f5f5f; --table-background-color-rows-even: #efefef; --table-background-color-rows-odd: #dfdfdf; \">\n                            \n<table id=\"tablepress-149\" class=\"tablepress tablepress-id-149\" aria-describedby=\"tablepress-149-description\">\n<thead>\n<tr class=\"row-1\">\n\t<th class=\"column-1\">Ominaisuus<\/th><th class=\"column-2\">X-sarjat<\/th><th class=\"column-3\">Y-sarjat<\/th>\n<\/tr>\n<\/thead>\n<tbody class=\"row-striping\">\n<tr class=\"row-2\">\n\t<td class=\"column-1\">Ensisijainen k\u00e4sittelytekniikka<\/td><td class=\"column-2\">Otsoni<\/td><td class=\"column-3\">Otsoni-AOP (kehittynyt hapetusprosessi)<\/td>\n<\/tr>\n<tr class=\"row-3\">\n\t<td class=\"column-1\">Saastepitoisuus (COD)<\/td><td class=\"column-2\">4000 mg\/L<\/td><td class=\"column-3\">8000 mg\/L<\/td>\n<\/tr>\n<tr class=\"row-4\">\n\t<td class=\"column-1\">Reaktio ja puskuris\u00e4ili\u00f6<\/td><td class=\"column-2\">3-40 m<sup>3<\/sup><\/td><td class=\"column-3\">3-20 m<sup>3<\/sup><\/td>\n<\/tr>\n<tr class=\"row-5\">\n\t<td class=\"column-1\">Katalyyttinen k\u00e4sittely<\/td><td class=\"column-2\">Ei<\/td><td class=\"column-3\">Kyll\u00e4<\/td>\n<\/tr>\n<tr class=\"row-6\">\n\t<td class=\"column-1\">Hapensy\u00f6tt\u00f6j\u00e4rjestelm\u00e4<\/td><td class=\"column-2\">Aina<\/td><td class=\"column-3\">Aina<\/td>\n<\/tr>\n<tr class=\"row-7\">\n\t<td class=\"column-1\">Prosessinohjaus, jossa ihmisen ja koneen v\u00e4linen rajapinta (HMI)<\/td><td class=\"column-2\">Aina<\/td><td class=\"column-3\">Aina<\/td>\n<\/tr>\n<tr class=\"row-8\">\n\t<td class=\"column-1\">Esi- ja j\u00e4lkik\u00e4sittelymenetelm\u00e4t (jos vaaditaan)<\/td><td class=\"column-2\">pH-s\u00e4\u00e4t\u00f6, saostus<\/td><td class=\"column-3\">UV, hiilisuodatin, pH-s\u00e4\u00e4t\u00f6, katalyyttinen reaktio, saostus<\/td>\n<\/tr>\n<tr class=\"row-9\">\n\t<td class=\"column-1\">Vaahdonker\u00e4ilyj\u00e4rjestelm\u00e4<\/td><td class=\"column-2\">Jos vaaditaan<\/td><td class=\"column-3\">Kyll\u00e4<\/td>\n<\/tr>\n<tr class=\"row-10\">\n\t<td class=\"column-1\">Liit\u00e4nn\u00e4t ulkoiseen SCADA-j\u00e4rjestelm\u00e4\u00e4n<\/td><td class=\"column-2\">Kyll\u00e4<\/td><td class=\"column-3\">Kyll\u00e4<\/td>\n<\/tr>\n<tr class=\"row-11\">\n\t<td class=\"column-1\">Otsoni-injektiomekanismi<\/td><td class=\"column-2\">Aina<\/td><td class=\"column-3\">Aina<\/td>\n<\/tr>\n<tr class=\"row-12\">\n\t<td class=\"column-1\">Integroitu j\u00e4\u00e4hdytysj\u00e4rjestelm\u00e4<\/td><td class=\"column-2\">Kyll\u00e4<\/td><td class=\"column-3\">Kyll\u00e4<\/td>\n<\/tr>\n<tr class=\"row-13\">\n\t<td class=\"column-1\">Integroidut ilmakompressorit<\/td><td class=\"column-2\">Pyydett\u00e4ess\u00e4<\/td><td class=\"column-3\">Pyydett\u00e4ess\u00e4<\/td>\n<\/tr>\n<tr class=\"row-14\">\n\t<td class=\"column-1\">Korkeatehoiset otsonilaitteet<\/td><td class=\"column-2\">Aina<\/td><td class=\"column-3\">Aina<\/td>\n<\/tr>\n<\/tbody>\n<\/table>\n<span id=\"tablepress-149-description\" class=\"tablepress-table-description tablepress-table-description-id-149\"><\/span>\n<!-- #tablepress-149 from cache -->                                <\/div>\n    <\/div>\n<\/div>\n<\/section>\n","protected":false},"excerpt":{"rendered":"","protected":false},"author":21,"featured_media":0,"parent":14827,"menu_order":0,"comment_status":"closed","ping_status":"closed","template":"","meta":{"_acf_changed":false,"_seopress_robots_primary_cat":"","_seopress_titles_title":"","_seopress_titles_desc":"Rena Tellus-kategoria - r\u00e4\u00e4t\u00e4l\u00f6idyt otsonij\u00e4rjestelm\u00e4t suurille laitoksille, teollisuuden j\u00e4tevesi pilottihankkeidemme perusteella.","_seopress_robots_index":"","inline_featured_image":false,"footnotes":""},"class_list":["post-11533","page","type-page","status-publish","hentry"],"acf":[],"_links":{"self":[{"href":"https:\/\/ozonetech.com\/fi\/wp-json\/wp\/v2\/pages\/11533","targetHints":{"allow":["GET"]}}],"collection":[{"href":"https:\/\/ozonetech.com\/fi\/wp-json\/wp\/v2\/pages"}],"about":[{"href":"https:\/\/ozonetech.com\/fi\/wp-json\/wp\/v2\/types\/page"}],"author":[{"embeddable":true,"href":"https:\/\/ozonetech.com\/fi\/wp-json\/wp\/v2\/users\/21"}],"replies":[{"embeddable":true,"href":"https:\/\/ozonetech.com\/fi\/wp-json\/wp\/v2\/comments?post=11533"}],"version-history":[{"count":29,"href":"https:\/\/ozonetech.com\/fi\/wp-json\/wp\/v2\/pages\/11533\/revisions"}],"predecessor-version":[{"id":40891,"href":"https:\/\/ozonetech.com\/fi\/wp-json\/wp\/v2\/pages\/11533\/revisions\/40891"}],"up":[{"embeddable":true,"href":"https:\/\/ozonetech.com\/fi\/wp-json\/wp\/v2\/pages\/14827"}],"wp:attachment":[{"href":"https:\/\/ozonetech.com\/fi\/wp-json\/wp\/v2\/media?parent=11533"}],"curies":[{"name":"wp","href":"https:\/\/api.w.org\/{rel}","templated":true}]}}