{"id":11521,"date":"2020-06-23T06:22:37","date_gmt":"2020-06-23T06:22:37","guid":{"rendered":"https:\/\/ozonetech.com\/solutions-systems-water-treatment-2\/"},"modified":"2024-10-10T11:18:33","modified_gmt":"2024-10-10T09:18:33","slug":"raataloidyt-jatevedenkasittelyprojektit","status":"publish","type":"page","link":"https:\/\/ozonetech.com\/fi\/ratkaisut-jarjestelmat\/vedenkasittely\/raataloidyt-jatevedenkasittelyprojektit\/","title":{"rendered":"R\u00e4\u00e4t\u00e4l\u00f6idyt j\u00e4tevedenk\u00e4sittelyprojektit"},"content":{"rendered":"\n<section\n    class=\"block hero hero--regular\"\n    style=\"background-image: url('https:\/\/ozonetech.com\/wp-content\/uploads\/2021\/03\/water-treatment-pilot-projects-1600x484.jpg'); --hero-opacity: 0.3\"\n>\n\n    <div class=\"container-fluid\">\n\n        <div class=\"content editor_content\">\n                         \n                <h2 class='h2'>R\u00e4\u00e4t\u00e4l\u00f6idyt j\u00e4tevedenk\u00e4sittelyprojektit<\/h2>            \n                    <\/div>\n\n            <\/div>\n<\/section>\n\n\n<section class=\"component component_breadcrumbs\">\n\t<div class=\"container-fluid\">\n  \t<\/div>\n<\/section>\n\n\n<section\n    id=\"\"\n    class=\"block content-block\"\n\tstyle=\"--cb-bg: #fff; --cb-content: #000; \"\n>\n    \n\n<div class=\"container-fluid editor_content content content--narrow\">\n    <div class=\"row\">\n        <div class=\"col-12 editor_content\">\n            <h1>Prosessiveden tehokas k\u00e4sittely alkaa pilottiprojektista<\/h1>\n<h3>Projektin toteutus \u2013 alusta loppuun<\/h3>\n<p class=\"preamble\">Teollisuuden j\u00e4tevesien k\u00e4sittely on monimutkainen teht\u00e4v\u00e4. Prosessij\u00e4tevesill\u00e4 on ainutlaatuisia ominaisuuksia, jotka vaativat erityist\u00e4 huomiota ymp\u00e4rist\u00f6m\u00e4\u00e4r\u00e4ysten tai yrityksen k\u00e4yt\u00e4nt\u00f6jen noudattamiseksi. Ozonetech tiet\u00e4\u00e4, ett\u00e4 kaikkien j\u00e4tevesivirtojen k\u00e4sittely vaatii r\u00e4\u00e4t\u00e4l\u00f6idyn ratkaisun. Tarjoamme t\u00e4ysimittaisia k\u00e4sittelyj\u00e4rjestelmi\u00e4, jotka pohjautuvat pilottiprojekteihin, joissa k\u00e4ytet\u00e4\u00e4n yrityksemme kokemusta ja pilottij\u00e4rjestelmi\u00e4.<\/p>\n        <\/div>\n    <\/div>\n<\/div>\n\n\n<div class=\"container-fluid editor_content content content--narrow\">\n    <div class=\"row\">\n        <div class=\"col-md-6\">\n            <h4>Esitutkimus<\/h4>\n<p>Tiiviiss\u00e4 yhteisty\u00f6ss\u00e4 asiakkaan kanssa Ozonetechin insin\u00f6\u00f6rit arvioivat t\u00e4ysimittaisen j\u00e4rjestelm\u00e4n toteutettavuutta ottaen huomioon t\u00e4rke\u00e4t j\u00e4tevesiparametrit, kuten kemiallisen ja biologisen hapenkulutuksen, hiukkaset ja ainesosien tyypit. Jos t\u00e4ysimittainen j\u00e4rjestelm\u00e4 todetaan mahdolliseksi, pilottiprojekti jatkuu.<\/p>\n        <\/div>\n        <div class=\"col-md-6\">\n            <h4>Seulonta<\/h4>\n<p>Suoritetaan esik\u00e4sittely, jotta l\u00f6ydet\u00e4\u00e4n parhaat j\u00e4rjestelm\u00e4parametrit, kuten soveltuva pH, vaahdon hallinta ja tarvittaessa esisuodatus laboratoriossamme. T\u00e4ss\u00e4 vaiheessa sovelletaan parasta saatavilla olevaa tekniikkaa (BAT) koskevia periaatteita. Vaikka otsoni on ratkaisujemme pohjana, tarvitsemme kehittyneit\u00e4 tekniikoita, kuten kehittynyt hapetusprosessi (AOP), UV ja aktiivihiili tarpeen mukaan.<\/p>\n        <\/div>\n    <\/div>\n<\/div>\n<div class=\"container-fluid editor_content content content--narrow\">\n    <div class=\"row\">\n        <div class=\"col-md-6\">\n            <h4>Pilottitason k\u00e4sittely<\/h4>\n<p>Sopivimpien esik\u00e4sittely- ja j\u00e4rjestelm\u00e4parametrien pohjalta suoritetaan pilottiajoja, joissa otetaan n\u00e4ytteit\u00e4 j\u00e4tevedest\u00e4 pilottij\u00e4rjestelm\u00e4\u00e4mme. N\u00e4ytteet l\u00e4hetet\u00e4\u00e4n akkreditoituun laboratorioon tarvittavien parametrien analysoimiseksi.<\/p>\n        <\/div>\n        <div class=\"col-md-6\">\n            <h4>Raportti<\/h4>\n<p>K\u00e4sittelyn aikana otettujen j\u00e4tevesin\u00e4ytteiden tarvittavien parametrien analysoinnin j\u00e4lkeen asiakas saa ammattimaisen raportin, joka sis\u00e4lt\u00e4\u00e4 kuvauksen k\u00e4ytetyst\u00e4 tekniikasta, menetelmist\u00e4, yleisist\u00e4 k\u00e4sittelytuloksista, kinetiikasta ja muista t\u00e4rkeist\u00e4 l\u00f6yd\u00f6ksist\u00e4. N\u00e4m\u00e4 tulokset ovat t\u00e4ysimittaisen k\u00e4sittelyj\u00e4rjestelm\u00e4n pohjana.<\/p>\n        <\/div>\n    <\/div>\n<\/div>\n<div class=\"container-fluid editor_content content content--narrow\">\n    <div class=\"row\">\n        <div class=\"col-md-6\">\n            <h4>T\u00e4ysimittaisen j\u00e4rjestelm\u00e4n tarjous<\/h4>\n<p>Pilottiprojektin raportin tulosten ja arvioiden perusteella tarjoamme asiakkaalle t\u00e4ysimittaisen j\u00e4rjestelm\u00e4n suunnitelman. J\u00e4rjestelm\u00e4n suorituskyky vastaa pilottij\u00e4rjestelm\u00e4n k\u00e4sittelyvaatimuksia.<\/p>\n        <\/div>\n        <div class=\"col-md-6\">\n                    <\/div>\n    <\/div>\n<\/div>\n\n<div class=\"container-fluid editor_content content content--narrow\">\n    <div class=\"row\">\n        <div class=\"col-12 editor_content\">\n            <p><img loading=\"lazy\" decoding=\"async\" class=\"aligncenter wp-image-25011 size-large\" src=\"https:\/\/ozonetech.com\/wp-content\/uploads\/2021\/03\/projektin-toteutus-alusta-loppuun-e1615215760925-1024x220.png\" alt=\"\" width=\"1024\" height=\"220\" srcset=\"https:\/\/ozonetech.com\/wp-content\/uploads\/2021\/03\/projektin-toteutus-alusta-loppuun-e1615215760925-1024x220.png 1024w, https:\/\/ozonetech.com\/wp-content\/uploads\/2021\/03\/projektin-toteutus-alusta-loppuun-e1615215760925-300x64.png 300w, https:\/\/ozonetech.com\/wp-content\/uploads\/2021\/03\/projektin-toteutus-alusta-loppuun-e1615215760925-768x165.png 768w, https:\/\/ozonetech.com\/wp-content\/uploads\/2021\/03\/projektin-toteutus-alusta-loppuun-e1615215760925.png 1466w\" sizes=\"auto, (max-width: 1024px) 100vw, 1024px\" \/><\/p>\n        <\/div>\n    <\/div>\n<\/div>\n\n<\/section>\n\n\n\n<section\n    id=\"\"\n    class=\"block content-block\"\n\tstyle=\"--cb-bg: white; --cb-content: #000; padding-top: 30px; padding-bottom: 30px;\"\n>\n    \n\n<div class=\"container-fluid editor_content content content--narrow\">\n    <div class=\"row\">\n        <div class=\"col-12 editor_content\">\n            <h3>Laaja valikoima toimialoja<\/h3>\n        <\/div>\n    <\/div>\n<\/div>\n\n\n<div class=\"container-fluid editor_content content content--narrow\">\n    <div class=\"row\">\n        <div class=\"col-md-6\">\n            <h4>L\u00e4\u00e4keteollisuus<\/h4>\n<p>L\u00e4\u00e4kej\u00e4\u00e4m\u00e4t ovat kasvava ongelma biologisissa k\u00e4sittelylaitoksissa niiden monimutkaisen molekyylirakenteen takia. Otsonik\u00e4sittely on osoittautunut tekniikaksi, joka poistaa n\u00e4m\u00e4 mikrosaasteet suoraan tuotantolaitoksista, sairaaloista tai kunnallisista j\u00e4tevedenpuhdistamoista.<\/p>\n<p><em><strong>Esimerkkej\u00e4 k\u00e4sitelt\u00e4vist\u00e4 aineista:<\/strong> parasetamoli, kodeiini, propofoli, diklofenaakki.<\/em><\/p>\n        <\/div>\n        <div class=\"col-md-6\">\n            <h4>Prosessiteollisuuden j\u00e4tevesi<\/h4>\n<p>Olipa teollisuuden prosessivesi sitten per\u00e4isin \u00f6ljyteollisuudesta, kemikaalien tuotannosta, kierr\u00e4tyksest\u00e4 tai tekstiiliteollisuudesta, j\u00e4tevedess\u00e4 on tyypillisesti yhdisteit\u00e4, jotka ovat vaikeita ja kalliita k\u00e4sitell\u00e4 ymp\u00e4rist\u00f6m\u00e4\u00e4r\u00e4yksi\u00e4 noudattaen. Meid\u00e4n tekniikkamme tarjoaa kustannustehokkaan ratkaisun.<\/p>\n<p><em><strong>Esimerkkej\u00e4 vaikuttavien aineiden ja parametrien k\u00e4sittelyst\u00e4:<\/strong> amiinit, alkoholit, aldehydit, \u00f6ljy, BOD, COD, TOC.<\/em><\/p>\n        <\/div>\n    <\/div>\n<\/div>\n\n<div class=\"container-fluid editor_content content content--narrow\">\n    <div class=\"row\">\n        <div class=\"col-12 editor_content\">\n            <h4>Elintarvike- ja juomateollisuus<\/h4>\n<p>Elintarvike- ja juomateollisuuden j\u00e4teprosessivesiss\u00e4 on usein korkeita COD- ja BOD-tasoja, jotka ovat seurausta orgaanisten materiaalien ja kemikaalien k\u00e4yt\u00f6st\u00e4. Otsonitekniikka auttaa j\u00e4tevesikuorman v\u00e4hent\u00e4misess\u00e4. Ozonetechin pilottiprojektit auttavat l\u00f6yt\u00e4m\u00e4\u00e4n soveltuvimman t\u00e4ysimittaisen j\u00e4rjestelm\u00e4n ja kapasiteetin, jolla k\u00e4sittelytavoitteet saavutetaan.<\/p>\n<p><em><strong>Esimerkkej\u00e4 vaikuttavien aineiden k\u00e4sittelyst\u00e4:<\/strong> BOD, COD, TOC, v\u00e4ri, sameus<\/em><\/p>\n<h2 style=\"text-align: center;\"><img loading=\"lazy\" decoding=\"async\" class=\"aligncenter wp-image-22631 size-large\" src=\"https:\/\/ozonetech.com\/wp-content\/uploads\/2021\/03\/industry-collage-1024x371.jpg\" alt=\"\" width=\"1024\" height=\"371\" srcset=\"https:\/\/ozonetech.com\/wp-content\/uploads\/2021\/03\/industry-collage-1024x371.jpg 1024w, https:\/\/ozonetech.com\/wp-content\/uploads\/2021\/03\/industry-collage-300x109.jpg 300w, https:\/\/ozonetech.com\/wp-content\/uploads\/2021\/03\/industry-collage-768x279.jpg 768w, https:\/\/ozonetech.com\/wp-content\/uploads\/2021\/03\/industry-collage.jpg 1500w\" sizes=\"auto, (max-width: 1024px) 100vw, 1024px\" \/><\/h2>\n        <\/div>\n    <\/div>\n<\/div>\n\n<\/section>\n\n\n\n<section class=\"block big-cta\" style=\"--cta-bg: #5f5f5f; --cta-text: #fff; --cta-btn: #299f23; --cta-btn-hover: #5f5f5f; --cta-btn-text-hover: #299f23; --cta-border: #299f23 \">\n    <div class=\"container-fluid d-flex flex-column align-items-center editor-content\">\n        \n        <h3 class='h3'>Ota meihin yhteytt\u00e4<\/h3>\n        <div class=\"content\">\n            Ota yhteytt\u00e4 vedenk\u00e4sittely insin\u00f6\u00f6ritiimiimme        <\/div>\n\n        <div class=\"btn-container\">\n                            <a href='http:\/\/www.mellifiq.com' class='btn btn--secondary' target='_blank'>Ota meihin yhteytt\u00e4<\/a>                    <\/div>\n    <\/div>\n<\/section>\n","protected":false},"excerpt":{"rendered":"","protected":false},"author":21,"featured_media":0,"parent":14827,"menu_order":0,"comment_status":"closed","ping_status":"closed","template":"","meta":{"_acf_changed":false,"_seopress_robots_primary_cat":"","_seopress_titles_title":"","_seopress_titles_desc":"Tarjoamme t\u00e4ysimittaisia k\u00e4sittelyj\u00e4rjestelmi\u00e4 pilottiprojektien pohjalta.","_seopress_robots_index":"","inline_featured_image":false,"footnotes":""},"class_list":["post-11521","page","type-page","status-publish","hentry"],"acf":[],"_links":{"self":[{"href":"https:\/\/ozonetech.com\/fi\/wp-json\/wp\/v2\/pages\/11521","targetHints":{"allow":["GET"]}}],"collection":[{"href":"https:\/\/ozonetech.com\/fi\/wp-json\/wp\/v2\/pages"}],"about":[{"href":"https:\/\/ozonetech.com\/fi\/wp-json\/wp\/v2\/types\/page"}],"author":[{"embeddable":true,"href":"https:\/\/ozonetech.com\/fi\/wp-json\/wp\/v2\/users\/21"}],"replies":[{"embeddable":true,"href":"https:\/\/ozonetech.com\/fi\/wp-json\/wp\/v2\/comments?post=11521"}],"version-history":[{"count":43,"href":"https:\/\/ozonetech.com\/fi\/wp-json\/wp\/v2\/pages\/11521\/revisions"}],"predecessor-version":[{"id":40876,"href":"https:\/\/ozonetech.com\/fi\/wp-json\/wp\/v2\/pages\/11521\/revisions\/40876"}],"up":[{"embeddable":true,"href":"https:\/\/ozonetech.com\/fi\/wp-json\/wp\/v2\/pages\/14827"}],"wp:attachment":[{"href":"https:\/\/ozonetech.com\/fi\/wp-json\/wp\/v2\/media?parent=11521"}],"curies":[{"name":"wp","href":"https:\/\/api.w.org\/{rel}","templated":true}]}}