{"id":11333,"date":"2020-06-24T11:18:41","date_gmt":"2020-06-24T11:18:41","guid":{"rendered":"https:\/\/ozonetech.com\/solutions-systems-air-treatment-rena-pro-systems\/"},"modified":"2024-10-10T10:57:59","modified_gmt":"2024-10-10T08:57:59","slug":"rena-pro-otsonijarjestelmat","status":"publish","type":"page","link":"https:\/\/ozonetech.com\/fi\/ratkaisut-jarjestelmat\/ilmankasittely\/rena-pro-otsonijarjestelmat\/","title":{"rendered":"RENA Pro -otsonij\u00e4rjestelm\u00e4t"},"content":{"rendered":"\n<section\n    class=\"block hero hero--regular\"\n    style=\"background-image: url('https:\/\/ozonetech.com\/wp-content\/uploads\/2021\/03\/rena-pro-systems-2-1600x484.jpg'); --hero-opacity: 0.3\"\n>\n\n    <div class=\"container-fluid\">\n\n        <div class=\"content editor_content\">\n                         \n                <h2 class='h2'>RENA Pro -otsonij\u00e4rjestelm\u00e4t<\/h2>            \n                    <\/div>\n\n            <\/div>\n<\/section>\n\n\n<section class=\"component component_breadcrumbs\">\n\t<div class=\"container-fluid\">\n  \t<\/div>\n<\/section>\n\n\n<section\n    id=\"\"\n    class=\"block content-block\"\n\tstyle=\"--cb-bg: white; --cb-content: #000; padding-top: 30px; padding-bottom: 30px;\"\n>\n    \n\n<div class=\"container-fluid editor_content content content--narrow\">\n    <div class=\"row\">\n        <div class=\"col-12 editor_content\">\n            <h1>RENA Pro<\/h1>\n<p class=\"preamble\">RENA Pro on poikkeuksellisen modulaarinen alusta, joka mukauttaa otsonikapasiteetin asiakkaiden tarpeiden ja vaatimusten mukaiseksi. T\u00e4st\u00e4 syyst\u00e4 meill\u00e4 on viisi sarjaa RENA Pro -ratkaisuja, jotka luokitellaan otsonikapasiteetin mukaan kirjaimilla A\u2013E.<\/p>\n        <\/div>\n    <\/div>\n<\/div>\n\n\n\n<div class=\"container-fluid editor_content content content--narrow\">\n    <div class=\"row\">\n        <div class=\"col-12 editor_content\">\n            <h4>RENA Pro -ratkaisun kokonaisedut:<\/h4>\n<div class=\"caption mceTemp draggable panopoly-images-processed\">\n<div class=\"caption-width-container\"><\/div>\n<\/div>\n<ul>\n<li>Eritt\u00e4in tehokas otsonintuotanto v\u00e4hent\u00e4\u00e4 energiankulutusta ja pienent\u00e4\u00e4 jalanj\u00e4lke\u00e4<\/li>\n<li>Vakaa ja luotettava otsonintuotanto jatkuvasti:<\/li>\n<li>Korkealaatuinen sy\u00f6tt\u00f6kaasu (tiivistetty, kuiva happi happigeneraattorista)<\/li>\n<li><strong>Pure ozone output<\/strong>., kuten NOx, ei typpihappoa (HNO<sub>3<\/sub>) tai suolojen muodostumista. Pident\u00e4\u00e4 j\u00e4rjestelm\u00e4n k\u00e4ytt\u00f6ik\u00e4\u00e4.<\/li>\n<li>Tehokas l\u00e4mm\u00f6nhallinta (nestej\u00e4\u00e4hdytys) takaa vakaan ja luotettavan toiminnan. Pident\u00e4\u00e4 my\u00f6s j\u00e4rjestelm\u00e4n k\u00e4ytt\u00f6ik\u00e4\u00e4.<\/li>\n<li>Minimaalinen kunnossapito \u00e4lykk\u00e4\u00e4n suunnittelun ansiosta; puhdas, kuiva happi sy\u00f6tt\u00f6kaasuna ja nestej\u00e4\u00e4hdytys.<\/li>\n<li>Otsonin jakelu teflonletkua pitkin<\/li>\n<li>Vankka rakenne vaikeisiin olosuhteisiin<\/li>\n<li><strong>Lis\u00e4varuste:<\/strong> et\u00e4ohjaus ja &#8211;<a href=\"https:\/\/ozonetech.com\/fi\/tuotteet\/otsonitarvikkeet-suljetut-jaahdytysjarjestelmat\/\">O3Eye\u2122-valvonta<\/a><\/li>\n<\/ul>\n<p>Edell\u00e4 lueteltujen etujen lis\u00e4ksi, RENA Pro -ratkaisu tarjoaa erityist\u00e4 etua H<sub>2<\/sub>S-ratkaisuihin.<\/p>\n<ul>\n<li>Erinomainen H<sub>2<\/sub>S:n v\u00e4hennyskyky<\/li>\n<li><a href=\"https:\/\/ozonetech.com\/fi\/sovellukset\/ilmankasittely\/hajukaasujen-hallinta\/\"><strong>Hajuntorjunta<\/strong><\/a><\/li>\n<li>Pienempi riski korroosio-ongelmiin<\/li>\n<\/ul>\n        <\/div>\n    <\/div>\n<\/div>\n\n\n\n<div class=\"container-fluid editor_content content content--narrow\">\n    <div class=\"row\">\n        <div class=\"col-12 editor_content\">\n            <div id=\"attachment_22182\" style=\"width: 860px\" class=\"wp-caption aligncenter\"><img loading=\"lazy\" decoding=\"async\" aria-describedby=\"caption-attachment-22182\" class=\"size-full wp-image-22182\" src=\"https:\/\/ozonetech.com\/wp-content\/uploads\/2021\/03\/rena-pro-a-series.jpg\" alt=\"Five Ozonetech Rena Pro A-series with integrated oxygen concentrator, sensor and monitoring equipment O3Eye\u2122\" width=\"850\" height=\"480\" srcset=\"https:\/\/ozonetech.com\/wp-content\/uploads\/2021\/03\/rena-pro-a-series.jpg 850w, https:\/\/ozonetech.com\/wp-content\/uploads\/2021\/03\/rena-pro-a-series-300x169.jpg 300w, https:\/\/ozonetech.com\/wp-content\/uploads\/2021\/03\/rena-pro-a-series-768x434.jpg 768w\" sizes=\"auto, (max-width: 850px) 100vw, 850px\" \/><p id=\"caption-attachment-22182\" class=\"wp-caption-text\">Figure 1 &#8211; Rena Pro A-series with integrated oxygen concentrator, sensor and monitoring equipment O3Eye\u2122.<\/p><\/div>\n<div class=\"caption mceTemp draggable panopoly-images-processed\">\n<div class=\"caption-width-container\">\n<div class=\"caption-inner\">\n<p class=\"caption-text\" style=\"text-align: center;\">Kuva 1 \u2013 RENA Pro A-sarja, jossa integroitu happirikastin, anturi ja O3Eye\u2122-valvontalaite.<\/p>\n<\/div>\n<\/div>\n<\/div>\n        <\/div>\n    <\/div>\n<\/div>\n\n\n<div class=\"container-fluid editor_content content content--narrow\">\n    <div class=\"row\">\n        <div class=\"col-md-6\">\n            <h4>RENA Pro A-sarja<\/h4>\n<p>A-sarjan j\u00e4rjestelmill\u00e4 on pienin otsonikapasiteetti. Ne soveltuvat yleens\u00e4 enint\u00e4\u00e4n ilmavirtauksiin 2 500 m<sup>3<\/sup>\/h. N\u00e4m\u00e4 j\u00e4rjestelm\u00e4t sopivat hyvin korkealaatuisen otsonin toimittamiseen esimerkiksi mikrobien desinfiointiin (kuten salmonella) tai tehokkaaseen hajujen poistoon ilmastointij\u00e4rjestelmist\u00e4.<\/p>\n        <\/div>\n        <div class=\"col-md-6\">\n            <h4>RENA Pro B-sarja<\/h4>\n<p>RENA Pro B-sarja on yleisin j\u00e4rjestelm\u00e4, sill\u00e4 se k\u00e4sittelee kaikki virtaukset v\u00e4lilt\u00e4 500 \u2013 30 000 m<sup>3<\/sup>\/h, mik\u00e4 tekee siit\u00e4 t\u00e4ydellisen ratkaisun hajujen poistoon ilmastointij\u00e4rjestelmist\u00e4 (pienemm\u00e4n kapasiteetin B-sarjat) ja H<sub>2<\/sub>S:n poistoon j\u00e4tevedenpuhdistamoista (suuremman kapasiteetin B-sarjat). Laitteiden rakenne on kompakti vaatien tilaa vain 80 x 60 x 180 cm. J\u00e4\u00e4hdytysnesteen m\u00e4\u00e4r\u00e4 vaihtelee 1\u20136 l\/min mallista riippuen. J\u00e4\u00e4hdytysneste voidaan valmistaa paikan p\u00e4\u00e4ll\u00e4 tai r\u00e4\u00e4t\u00e4l\u00f6idyll\u00e4 suljetulla j\u00e4\u00e4hdytysj\u00e4rjestelm\u00e4ll\u00e4. Tehon tarve vaihtelee samoin ollen v\u00e4hint\u00e4\u00e4n 0,25 kW.<\/p>\n        <\/div>\n    <\/div>\n<\/div>\n\n<div class=\"container-fluid editor_content content content--narrow\">\n    <div class=\"row\">\n        <div class=\"col-12 editor_content\">\n            <h4>RENA Pro C-sarja<\/h4>\n<p>C-sarjaa k\u00e4ytet\u00e4\u00e4n suurissa ilmavirtauksissa tai saastepitoisuuksissa, kuten teollisen mittakaavan H<sub>2<\/sub>S:n poistossa, esim. metaaninjalostuksessa. Vaihtoehtoisesti sit\u00e4 voidaan k\u00e4ytt\u00e4\u00e4, jos otsonia tarvitaan monilla alueilla pienin\u00e4 pitoisuuksina. Yksikk\u00f6 voi toimia silloin kuin \u201dotsonikeskus\u201d, jonka otsonikapasiteetti on jaettu asiakkaan tarpeiden mukaan. J\u00e4\u00e4hdytysnesteen tarve on v\u00e4hint\u00e4\u00e4n 12 l\/min, ja tehon tarve on v\u00e4hint\u00e4\u00e4n 1,5 kW<\/p>\n<div id=\"attachment_22113\" style=\"width: 1034px\" class=\"wp-caption alignleft\"><img loading=\"lazy\" decoding=\"async\" aria-describedby=\"caption-attachment-22113\" class=\"wp-image-22113 size-large\" src=\"https:\/\/ozonetech.com\/wp-content\/uploads\/2021\/03\/rena-pro-c-series-1024x819.jpg\" alt=\"RENA Pro C-sarja\" width=\"1024\" height=\"819\" srcset=\"https:\/\/ozonetech.com\/wp-content\/uploads\/2021\/03\/rena-pro-c-series-1024x819.jpg 1024w, https:\/\/ozonetech.com\/wp-content\/uploads\/2021\/03\/rena-pro-c-series-300x240.jpg 300w, https:\/\/ozonetech.com\/wp-content\/uploads\/2021\/03\/rena-pro-c-series-768x614.jpg 768w, https:\/\/ozonetech.com\/wp-content\/uploads\/2021\/03\/rena-pro-c-series.jpg 1500w\" sizes=\"auto, (max-width: 1024px) 100vw, 1024px\" \/><p id=\"caption-attachment-22113\" class=\"wp-caption-text\">Vasemmalla: RENA Pro C-sarja edest\u00e4. Oikealla: RENA Pro C-sarja sivulta.<\/p><\/div>\n        <\/div>\n    <\/div>\n<\/div>\n\n\n<div class=\"container-fluid editor_content content content--narrow\">\n    <div class=\"row\">\n        <div class=\"col-md-6\">\n            <h4>RENA Pro D-sarja<\/h4>\n<p>TD-sarjaa k\u00e4ytet\u00e4\u00e4n ratkaisuihin, joihin C-sarja ei riit\u00e4. T\u00e4llaisia ovat suuret teollisuusratkaisut, kuten VOC-poisto maali- ja pinnoiteteollisuudessa tai voimakkaasti saastuneet ilmavirrat, joissa voi olla H<sub>2<\/sub>S-yhdisteit\u00e4 tai merkaptaaneja, esim. j\u00e4tevesi tai <strong><a href=\"https:\/\/mellifiq.com\/markets\/biogas-plants\/\" target=\"_blank\" rel=\"noopener\">biokaasu<\/a><\/strong>.<\/p>\n        <\/div>\n        <div class=\"col-md-6\">\n            <h4>RENA Pro E-sarja<\/h4>\n<p>Kaikkein tehokkain RENA Pro -otsonij\u00e4rjestelm\u00e4 ilmank\u00e4sittelyyn. N\u00e4m\u00e4 j\u00e4rjestelm\u00e4t voivat potentiaalisesti k\u00e4sitell\u00e4 jopa ilmanvirtaukset 120 000 m<sup>3<\/sup>\/h, joita voi olla eritt\u00e4in tehokkaissa teollisissa ratkaisuissa, joissa on suuri virtaus ja saastepitoisuus.<\/p>\n        <\/div>\n    <\/div>\n<\/div>\n\n<div class=\"container-fluid editor_content content content--narrow\">\n    <div class=\"row\">\n        <div class=\"col-12 editor_content\">\n            <div id=\"attachment_22143\" style=\"width: 1034px\" class=\"wp-caption aligncenter\"><img loading=\"lazy\" decoding=\"async\" aria-describedby=\"caption-attachment-22143\" class=\"wp-image-22143 size-large\" src=\"https:\/\/ozonetech.com\/wp-content\/uploads\/2021\/03\/RENA-Pro-E-1024x851.jpg\" alt=\"Ozone System RENA Pro E\" width=\"1024\" height=\"851\" srcset=\"https:\/\/ozonetech.com\/wp-content\/uploads\/2021\/03\/RENA-Pro-E-1024x851.jpg 1024w, https:\/\/ozonetech.com\/wp-content\/uploads\/2021\/03\/RENA-Pro-E-300x249.jpg 300w, https:\/\/ozonetech.com\/wp-content\/uploads\/2021\/03\/RENA-Pro-E-768x638.jpg 768w, https:\/\/ozonetech.com\/wp-content\/uploads\/2021\/03\/RENA-Pro-E.jpg 1500w\" sizes=\"auto, (max-width: 1024px) 100vw, 1024px\" \/><p id=\"caption-attachment-22143\" class=\"wp-caption-text\">Vasemmalla: RENA Pro E-sarja edest\u00e4. Oikealla: RENA Pro E-sarja takaa.<\/p><\/div>\n<p>&nbsp;<\/p>\n        <\/div>\n    <\/div>\n<\/div>\n\n\n\n<div class=\"container-fluid editor_content content content--narrow\">\n    <div class=\"row\">\n        <div class=\"col-12 editor_content\">\n            <h4>RENA Pro X<\/h4>\n<p>RENA Pro X on r\u00e4\u00e4t\u00e4l\u00f6ity ratkaisu, joka soveltuu erityisesti vaativaan k\u00e4ytt\u00f6\u00f6n, joka vaatii suuremman kapasiteetin kuin E-sarja. Vaatimusten mukaisesti otsonikapasiteetti voi olla jopa 3 kg tunnissa. Samoin kuin muitakin sarjoja, sit\u00e4 voidaan t\u00e4ydent\u00e4\u00e4 lis\u00e4varusteilla, kuten valvontalaitteilla, HMI-rajapinnalla ja happirikastimella.<\/p>\n<p><em>\u00c4l\u00e4 ep\u00e4r\u00f6i <a href=\"https:\/\/mellifiq.com\/contact\/\" target=\"_blank\" rel=\"noopener\"><strong>pyyt\u00e4\u00e4 tietoa<\/strong><\/a> RENA Pro X -j\u00e4rjestelm\u00e4st\u00e4!<\/em><\/p>\n        <\/div>\n    <\/div>\n<\/div>\n\n\n\n<div class=\"container-fluid editor_content content content--narrow\">\n    <div class=\"row\">\n        <div class=\"col-12 editor_content\">\n            <h3>Yhteenveto<\/h3>\n<p>RENA Pro on Ozonetechin t\u00e4ydellisin ja tehokkain otsonik\u00e4sittelyratkaisu ilmanpuhdistamiseen. Ratkaisu on jaettu A-, B-, C-, D- ja E-sarjaan riippuen ratkaisun ja asiakkaan vaatimuksista.<\/p>\n        <\/div>\n    <\/div>\n<\/div>\n\n<div class=\"container-fluid editor_content\">\n    <div class=\"row\">\n        <div class=\"col-12 editor_content table-wrapper \" style=\"--table-text-color-header: #FFFFFF; --table-text-color-rows: #000000; --table-background-color-header: #5f5f5f; --table-background-color-rows-even: #efefef; --table-background-color-rows-odd: #dfdfdf; \">\n                            \n<table id=\"tablepress-142\" class=\"tablepress tablepress-id-142 tbody-has-connected-cells\" aria-describedby=\"tablepress-142-description\">\n<thead>\n<tr class=\"row-1\">\n\t<th colspan=\"2\" class=\"column-1\"><strong>Tekniset tiedot<\/strong><\/th>\n<\/tr>\n<\/thead>\n<tbody class=\"row-striping\">\n<tr class=\"row-2\">\n\t<td class=\"column-1\"><strong>Otsonintuotanto<\/strong><\/td><td class=\"column-2\"><\/td>\n<\/tr>\n<tr class=\"row-3\">\n\t<td class=\"column-1\">Pitoisuudet enint\u00e4\u00e4n<\/td><td class=\"column-2\">240 g\/Nm<sup>3<\/sup><\/td>\n<\/tr>\n<tr class=\"row-4\">\n\t<td class=\"column-1\">Jakelu<\/td><td class=\"column-2\">Joustava<\/td>\n<\/tr>\n<tr class=\"row-5\">\n\t<td colspan=\"2\" class=\"column-1\"><strong>Sy\u00f6tt\u00f6 (kaasu)<\/strong><\/td>\n<\/tr>\n<tr class=\"row-6\">\n\t<td class=\"column-1\">Happi<\/td><td class=\"column-2\">Maksimi kastepiste 70 \u2103 \/ 158 \u2109<\/td>\n<\/tr>\n<tr class=\"row-7\">\n\t<td class=\"column-1\">Paine, sis\u00e4inen<\/td><td class=\"column-2\">0.8 &#8211; 1.2 bar g (11.6 &#8211; 17.4 psi g)<\/td>\n<\/tr>\n<tr class=\"row-8\">\n\t<td class=\"column-1\">Kaasunvirtaus<\/td><td class=\"column-2\">0.6 to 60 l\/min<\/td>\n<\/tr>\n<tr class=\"row-9\">\n\t<td colspan=\"2\" class=\"column-1\"><strong> J\u00e4\u00e4hdytys<\/strong><\/td>\n<\/tr>\n<tr class=\"row-10\">\n\t<td class=\"column-1\">Laatu<\/td><td class=\"column-2\">J\u00e4\u00e4hdytysneste tai vesi, suodatettu<\/td>\n<\/tr>\n<tr class=\"row-11\">\n\t<td class=\"column-1\">Paine, tulo<\/td><td class=\"column-2\">2 &#8211; 4 bar g (29 &#8211; 58 psi g)<\/td>\n<\/tr>\n<tr class=\"row-12\">\n\t<td class=\"column-1\">L\u00e4mp\u00f6tila<\/td><td class=\"column-2\">5 &#8211; 12 \u2103 (41 &#8211; 53.6\u2109)<\/td>\n<\/tr>\n<tr class=\"row-13\">\n\t<td colspan=\"2\" class=\"column-1\"><strong>Virtaus<\/strong><\/td>\n<\/tr>\n<tr class=\"row-14\">\n\t<td class=\"column-1\">A-sarja<\/td><td class=\"column-2\">0.5 l\/min<\/td>\n<\/tr>\n<tr class=\"row-15\">\n\t<td class=\"column-1\">B-sarja<\/td><td class=\"column-2\">1 &#8211; 6 l\/min<\/td>\n<\/tr>\n<tr class=\"row-16\">\n\t<td class=\"column-1\">C-sarja<\/td><td class=\"column-2\">6 &#8211; 12 l\/min<\/td>\n<\/tr>\n<tr class=\"row-17\">\n\t<td class=\"column-1\">D-sarja<\/td><td class=\"column-2\">12 &#8211; 18 l\/min<\/td>\n<\/tr>\n<tr class=\"row-18\">\n\t<td class=\"column-1\">E-sarja<\/td><td class=\"column-2\">16 &#8211; 24 l\/min<\/td>\n<\/tr>\n<tr class=\"row-19\">\n\t<td colspan=\"2\" class=\"column-1\"><strong>S\u00e4hk\u00f6ominaisuudet<\/strong><\/td>\n<\/tr>\n<tr class=\"row-20\">\n\t<td class=\"column-1\">J\u00e4nnite<\/td><td class=\"column-2\">230 VAC, 50 Hz<br \/>\n<\/td>\n<\/tr>\n<tr class=\"row-21\">\n\t<td colspan=\"2\" class=\"column-1\"><strong>Teho<\/strong><\/td>\n<\/tr>\n<tr class=\"row-22\">\n\t<td class=\"column-1\">A-sarja<\/td><td class=\"column-2\">0.125 &#8211; 0.5 kW<\/td>\n<\/tr>\n<tr class=\"row-23\">\n\t<td class=\"column-1\">B-sarja<\/td><td class=\"column-2\">0.25 &#8211; 2.75 kW<\/td>\n<\/tr>\n<tr class=\"row-24\">\n\t<td class=\"column-1\">C-sarja<\/td><td class=\"column-2\">1.5 &#8211; 3.5 kW<\/td>\n<\/tr>\n<tr class=\"row-25\">\n\t<td class=\"column-1\">D-sarja<\/td><td class=\"column-2\">3.0 &#8211; 5.0 kW<\/td>\n<\/tr>\n<tr class=\"row-26\">\n\t<td class=\"column-1\">E-sarja<\/td><td class=\"column-2\">4.0 &#8211; 7.0 kW<\/td>\n<\/tr>\n<tr class=\"row-27\">\n\t<td colspan=\"2\" class=\"column-1\"><strong>Liit\u00e4nn\u00e4t<\/strong><\/td>\n<\/tr>\n<tr class=\"row-28\">\n\t<td class=\"column-1\">O<sub>2<\/sub> sis\u00e4\u00e4n<\/td><td class=\"column-2\">(A-sarja) 6 mm, pistoliitin<br \/>\n(yli A) 8 mm, pistoliitin<\/td>\n<\/tr>\n<tr class=\"row-29\">\n\t<td class=\"column-1\">O<sub>3<\/sub> ulos<\/td><td class=\"column-2\">(A-sarja) 6 mm, putkiliit\u00e4nt\u00e4<br \/>\n(yli A) 8 mm, putkiliit\u00e4nt\u00e4<\/td>\n<\/tr>\n<tr class=\"row-30\">\n\t<td class=\"column-1\">Nestem\u00e4inen j\u00e4\u00e4hdytysaine, tulo<\/td><td class=\"column-2\">8 mm, pistoliitin<\/td>\n<\/tr>\n<tr class=\"row-31\">\n\t<td class=\"column-1\">Nestem\u00e4inen j\u00e4\u00e4hdytysaine, ulos<\/td><td class=\"column-2\">8 mm, pistoliitin<\/td>\n<\/tr>\n<tr class=\"row-32\">\n\t<td colspan=\"2\" class=\"column-1\"><strong>Otsonij\u00e4rjestelm\u00e4<\/strong><\/td>\n<\/tr>\n<tr class=\"row-33\">\n\t<td class=\"column-1\">Koko (W x D x H)<\/td><td class=\"column-2\">800 x 600 x 1800 mm<\/td>\n<\/tr>\n<tr class=\"row-34\">\n\t<td class=\"column-1\">IP-luokka<\/td><td class=\"column-2\">64<\/td>\n<\/tr>\n<\/tbody>\n<\/table>\n<span id=\"tablepress-142-description\" class=\"tablepress-table-description tablepress-table-description-id-142\"><\/span>\n<!-- #tablepress-142 from cache -->                                <\/div>\n    <\/div>\n<\/div>\n<div class=\"container-fluid editor_content\">\n    <div class=\"row\">\n        <div class=\"col-12 editor_content table-wrapper \" style=\"--table-text-color-header: #FFFFFF; --table-text-color-rows: #000000; --table-background-color-header: #5f5f5f; --table-background-color-rows-even: #efefef; --table-background-color-rows-odd: #dfdfdf; \">\n                            \n<table id=\"tablepress-143\" class=\"tablepress tablepress-id-143\" aria-describedby=\"tablepress-143-description\">\n<thead>\n<tr class=\"row-1\">\n\t<th colspan=\"6\" class=\"column-1\"><strong>Osat<\/strong><\/th>\n<\/tr>\n<\/thead>\n<tbody class=\"row-striping\">\n<tr class=\"row-2\">\n\t<td class=\"column-1\"><strong>Toiminta<\/strong><\/td><td class=\"column-2\"><strong>A-sarja<\/strong><\/td><td class=\"column-3\"><strong>B-sarja<\/strong><\/td><td class=\"column-4\"><strong>C-sarja<\/strong><\/td><td class=\"column-5\"><strong>D-sarja<\/strong><\/td><td class=\"column-6\"><strong>E-sarja<\/strong><\/td>\n<\/tr>\n<tr class=\"row-3\">\n\t<td class=\"column-1\">Korkeatehoinen otsonigeneraattori hy\u00f6dynt\u00e4\u00e4 HELS\u2122-tekniikkaa<\/td><td class=\"column-2\">Aina<\/td><td class=\"column-3\">Aina<\/td><td class=\"column-4\">Aina<\/td><td class=\"column-5\">Aina<\/td><td class=\"column-6\">Aina<\/td>\n<\/tr>\n<tr class=\"row-4\">\n\t<td class=\"column-1\">Integroitu happirikastin<\/td><td class=\"column-2\">Tyypillinen<\/td><td class=\"column-3\">Kyll\u00e4<\/td><td class=\"column-4\">Kyll\u00e4<\/td><td class=\"column-5\">Erillinen happirikastin<\/td><td class=\"column-6\">Erillinen happirikastin<\/td>\n<\/tr>\n<tr class=\"row-5\">\n\t<td class=\"column-1\">Ymp\u00e4rist\u00f6n otsonin tunnistin<\/td><td class=\"column-2\">Kyll\u00e4<\/td><td class=\"column-3\">Kyll\u00e4<\/td><td class=\"column-4\">Kyll\u00e4<\/td><td class=\"column-5\">Kyll\u00e4<\/td><td class=\"column-6\">Kyll\u00e4<\/td>\n<\/tr>\n<tr class=\"row-6\">\n\t<td class=\"column-1\">Turvallisuuden valvonta O3EYE\u2122<\/td><td class=\"column-2\">Valinnainen<\/td><td class=\"column-3\">Kyll\u00e4<\/td><td class=\"column-4\">Kyll\u00e4<\/td><td class=\"column-5\">Kyll\u00e4<\/td><td class=\"column-6\">Kyll\u00e4<\/td>\n<\/tr>\n<tr class=\"row-7\">\n\t<td class=\"column-1\">Kehittynyt ohjausj\u00e4rjestelm\u00e4 ja HMI<\/td><td class=\"column-2\">Valinnainen<\/td><td class=\"column-3\">Valinnainen<\/td><td class=\"column-4\">Valinnainen<\/td><td class=\"column-5\">Valinnainen<\/td><td class=\"column-6\">Valinnainen<\/td>\n<\/tr>\n<\/tbody>\n<\/table>\n<span id=\"tablepress-143-description\" class=\"tablepress-table-description tablepress-table-description-id-143\"><\/span>\n<!-- #tablepress-143 from cache -->                                <\/div>\n    <\/div>\n<\/div>\n<\/section>\n\n\n\n<section\n    id=\"\"\n    class=\"block content-block\"\n\tstyle=\"--cb-bg: light-gray; --cb-content: #000; padding-top: 30px; padding-bottom: 30px;\"\n>\n    \n\n<div class=\"container-fluid editor_content content content--narrow\">\n    <div class=\"row\">\n        <div class=\"col-12 editor_content\">\n            <h3>Mik\u00e4 on oikea ratkaisu teille?<\/h3>\n<p>RENA Pro -j\u00e4rjestelm\u00e4\u00e4 voidaan k\u00e4ytt\u00e4\u00e4 monissa kaupallisissa ja teollisissa ratkaisuissa, joissa tarvitaan otsonik\u00e4sittely\u00e4. T\u00e4rkeint\u00e4 on l\u00f6yt\u00e4\u00e4 oikea malli ja versio tarpeisiinne.<\/p>\n<p>Alta l\u00f6yd\u00e4t yleiset koko-ohjeet RENA Pro -ratkaisuista.<\/p>\n<p>&nbsp;<\/p>\n        <\/div>\n    <\/div>\n<\/div>\n\n<div class=\"container-fluid editor_content\">\n    <div class=\"row\">\n        <div class=\"col-12 editor_content table-wrapper \" style=\"--table-text-color-header: #FFFFFF; --table-text-color-rows: #000000; --table-background-color-header: #5f5f5f; --table-background-color-rows-even: #efefef; --table-background-color-rows-odd: #dfdfdf; \">\n                            \n<table id=\"tablepress-144\" class=\"tablepress tablepress-id-144\" aria-describedby=\"tablepress-144-description\">\n<thead>\n<tr class=\"row-1\">\n\t<th class=\"column-1\">Malli<\/th><th class=\"column-2\">Ilmanvirtaus [m<sup>3<\/sup>\/h]<br \/>\n[Suuri m\u00e4\u00e4r\u00e4 ep\u00e4puhtauksia]<\/th><th class=\"column-3\">Ilmanvirtaus [m<sup>3<\/sup>\/h] <br \/>\n[Pieni m\u00e4\u00e4r\u00e4 ep\u00e4puhtauksia]<\/th>\n<\/tr>\n<\/thead>\n<tbody class=\"row-striping\">\n<tr class=\"row-2\">\n\t<td class=\"column-1\">A-sarja<\/td><td class=\"column-2\">0 &#8211; 500<\/td><td class=\"column-3\">0 &#8211; 2,500<\/td>\n<\/tr>\n<tr class=\"row-3\">\n\t<td class=\"column-1\">B-sarja<\/td><td class=\"column-2\">500 &#8211; 6,000<\/td><td class=\"column-3\">2,500 &#8211; 30,000<\/td>\n<\/tr>\n<tr class=\"row-4\">\n\t<td class=\"column-1\">C-sarja<\/td><td class=\"column-2\">6,000 &#8211; 12,000<\/td><td class=\"column-3\">30,000 &#8211; 60,000<\/td>\n<\/tr>\n<tr class=\"row-5\">\n\t<td class=\"column-1\">D-sarja<\/td><td class=\"column-2\">12,000 &#8211; 18,000<\/td><td class=\"column-3\">60,000 &#8211; 90,000<\/td>\n<\/tr>\n<tr class=\"row-6\">\n\t<td class=\"column-1\">E-sarja<\/td><td class=\"column-2\">18,000 &#8211; 24,000<\/td><td class=\"column-3\">90,000 &#8211; 120,000<\/td>\n<\/tr>\n<\/tbody>\n<\/table>\n<span id=\"tablepress-144-description\" class=\"tablepress-table-description tablepress-table-description-id-144\"><\/span>\n<!-- #tablepress-144 from cache -->                                <\/div>\n    <\/div>\n<\/div>\n\n\n<div class=\"container-fluid editor_content content content--narrow\">\n    <div class=\"row\">\n        <div class=\"col-12 editor_content\">\n            <p>N\u00e4iss\u00e4 ohjeissa oletetaan ep\u00e4puhtauksien m\u00e4\u00e4r\u00e4n ja k\u00e4ytett\u00e4viss\u00e4 olevan kosketusajan olevan samat.<\/p>\n<p>Optimaalisen ratkaisun suunnittelu vaatii useita parametreja, kuten:<\/p>\n<ul>\n<li>Ilmanvirtaus (m<sup>3<\/sup>\/h)<\/li>\n<li>Ep\u00e4puhtauksien tyyppi (VOC, rikki, ammoniakki, mikro-organismit jne.)<\/li>\n<li>Ep\u00e4puhtauksien pitoisuus (ppm)<\/li>\n<li>K\u00e4ytett\u00e4viss\u00e4 oleva tila (lattia-ala ja mahdolliset korkeusrajoitukset)<\/li>\n<li>Kosketusaika (nykyinen putkisto\/ilmanvaihto)<\/li>\n<li>Asiakkaan vaatimukset (hajujen poisto tai vastaavat vaatimukset)<\/li>\n<\/ul>\n<p>Tiukempien vaatimusten t\u00e4ytt\u00e4miseksi tai vaikeita olosuhteita varten RENA Pro -j\u00e4rjestelm\u00e4\u00e4 voidaan t\u00e4ydent\u00e4\u00e4 muilla tekniikoilla, kuten <a href=\"https:\/\/ozonetech.com\/fi\/ratkaisut-jarjestelmat\/ilmankasittely\/uv-c-air\/\"><strong>UV-C Air 515<\/strong><\/a> (AOP) tai <a href=\"https:\/\/mellifiq.com\/brands\/nodora\/\" target=\"_blank\" rel=\"noopener\"><strong>Nodora hajujen poistamiseksi<\/strong><\/a>.<\/p>\n<p>\u00c4l\u00e4 ep\u00e4r\u00f6i <a href=\"https:\/\/mellifiq.com\/contact\/\" target=\"_blank\" rel=\"noopener\"><strong>ottaa yhteytt\u00e4<\/strong><\/a> optimaalisen ilmank\u00e4sittelyj\u00e4rjestelm\u00e4n varmistamiseksi!<\/p>\n<p><em>Jos tarvitset <strong>korkealaatuista otsonik\u00e4sittely\u00e4 vedenpuhdistukseen<\/strong>, katso <strong><a href=\"https:\/\/ozonetech.com\/fi\/ratkaisut-jarjestelmat\/vedenkasittely\/rena-vivo\/\">RENA Vivo -sarja<\/a><\/strong>.<\/em><\/p>\n        <\/div>\n    <\/div>\n<\/div>\n\n<\/section>\n","protected":false},"excerpt":{"rendered":"","protected":false},"author":21,"featured_media":0,"parent":14819,"menu_order":0,"comment_status":"closed","ping_status":"closed","template":"","meta":{"_acf_changed":false,"_seopress_robots_primary_cat":"","_seopress_titles_title":"","_seopress_titles_desc":"RENA Pro on huippuluokan otsonointij\u00e4rjestelm\u00e4 ilmank\u00e4sittelyyn. Lukemattomia k\u00e4ytt\u00f6koteita, teollisuuden eri toimialoilla","_seopress_robots_index":"","inline_featured_image":false,"footnotes":""},"class_list":["post-11333","page","type-page","status-publish","hentry"],"acf":[],"_links":{"self":[{"href":"https:\/\/ozonetech.com\/fi\/wp-json\/wp\/v2\/pages\/11333","targetHints":{"allow":["GET"]}}],"collection":[{"href":"https:\/\/ozonetech.com\/fi\/wp-json\/wp\/v2\/pages"}],"about":[{"href":"https:\/\/ozonetech.com\/fi\/wp-json\/wp\/v2\/types\/page"}],"author":[{"embeddable":true,"href":"https:\/\/ozonetech.com\/fi\/wp-json\/wp\/v2\/users\/21"}],"replies":[{"embeddable":true,"href":"https:\/\/ozonetech.com\/fi\/wp-json\/wp\/v2\/comments?post=11333"}],"version-history":[{"count":57,"href":"https:\/\/ozonetech.com\/fi\/wp-json\/wp\/v2\/pages\/11333\/revisions"}],"predecessor-version":[{"id":40782,"href":"https:\/\/ozonetech.com\/fi\/wp-json\/wp\/v2\/pages\/11333\/revisions\/40782"}],"up":[{"embeddable":true,"href":"https:\/\/ozonetech.com\/fi\/wp-json\/wp\/v2\/pages\/14819"}],"wp:attachment":[{"href":"https:\/\/ozonetech.com\/fi\/wp-json\/wp\/v2\/media?parent=11333"}],"curies":[{"name":"wp","href":"https:\/\/api.w.org\/{rel}","templated":true}]}}