{"id":11306,"date":"2020-06-24T09:40:12","date_gmt":"2020-06-24T09:40:12","guid":{"rendered":"https:\/\/ozonetech.com\/solutions-systems-air-treatment-ozone-destruction\/"},"modified":"2024-10-10T11:00:41","modified_gmt":"2024-10-10T09:00:41","slug":"otsonin-hajotus","status":"publish","type":"page","link":"https:\/\/ozonetech.com\/fi\/ratkaisut-jarjestelmat\/ilmankasittely\/otsonin-hajotus\/","title":{"rendered":"Otsonin hajotus"},"content":{"rendered":"\n<section\n    class=\"block hero hero--regular\"\n    style=\"background-image: url('https:\/\/ozonetech.com\/wp-content\/uploads\/2021\/03\/contra-1600x484.jpg'); --hero-opacity: 0.3\"\n>\n\n    <div class=\"container-fluid\">\n\n        <div class=\"content editor_content\">\n                         \n                <h2 class='h2'>Otsonin\u00a0hajotus\u00a0 \u2013 Contra<\/h2>            \n                    <\/div>\n\n            <\/div>\n<\/section>\n\n\n<section class=\"component component_breadcrumbs\">\n\t<div class=\"container-fluid\">\n  \t<\/div>\n<\/section>\n\n\n<section\n    id=\"\"\n    class=\"block content-block\"\n\tstyle=\"--cb-bg: white; --cb-content: #000; padding-top: 30px; padding-bottom: 30px;\"\n>\n    \n\n<div class=\"container-fluid editor_content content content--narrow\">\n    <div class=\"row\">\n        <div class=\"col-12 editor_content\">\n            <h1>J\u00e4\u00e4nn\u00f6sotsonin tehokas hajotus<\/h1>\n<p class=\"preamble\">Tied\u00e4mme, ett\u00e4 otsoni on eritt\u00e4in tehokas molekyyli, joka on hy\u00f6dyllinen sek\u00e4 ilman- ett\u00e4 vedenk\u00e4sittelyss\u00e4. Joissakin tapauksissa otsonia voi olla k\u00e4sittelyn j\u00e4lkeen j\u00e4ljell\u00e4 suuria pitoisuuksia, mik\u00e4 vaatii otsonin h\u00e4vitt\u00e4mist\u00e4. Olemme kehitt\u00e4neet innovatiivisen ratkaisun, jolla voidaan h\u00e4vitt\u00e4\u00e4 suuria otsonim\u00e4\u00e4ri\u00e4: otsoninh\u00e4vitysj\u00e4rjestelm\u00e4n nimelt\u00e4 Contra.<\/p>\n<p>Vedenpuhdistuksessa voi j\u00e4\u00e4d\u00e4 j\u00e4ljelle suuria otsonipitoisuuksia vesivaiheen injektoinnin j\u00e4lkeen. Vaikka k\u00e4yt\u00e4mmekin huipputekniikkaa otsonin veteen liukenemisen maksimoimiseksi, osa otsonista j\u00e4\u00e4 liukenemattomaksi. Contra sopii erinomaisesti suuriin vesij\u00e4rjestelmiin, joissa k\u00e4ytet\u00e4\u00e4n paljon otsonia. Suuria otsonipitoisuuksia esiintyy my\u00f6s ilmank\u00e4sittelyss\u00e4, kun puhdistetaan suuria ilmam\u00e4\u00e4ri\u00e4.<\/p>\n        <\/div>\n    <\/div>\n<\/div>\n\n\n\n<div class=\"container-fluid editor_content content content--narrow\">\n    <div class=\"row\">\n        <div class=\"col-12 editor_content\">\n            <h3>Ratkaisun rakenne<\/h3>\n<p>Contra on t\u00e4ydellinen ratkaisu otsonin h\u00e4vitt\u00e4miseen. Se on kiinnitetty EUR-kuormalavaan. J\u00e4rjestelm\u00e4 koostuu useista osista asiakkaan tarpeiden mukaan, kuten alla on kuvattu.<\/p>\n<div class=\"caption caption-right mceTemp draggable panopoly-image-original panopoly-images-processed\">\n<div class=\"caption-width-container\">\n<div class=\"caption-inner\"><\/div>\n<\/div>\n<\/div>\n<div style=\"width: 310px\" class=\"wp-caption alignright\"><img loading=\"lazy\" decoding=\"async\" class=\"alignnone size-medium wp-image-14261\" src=\"https:\/\/ozonetech.com\/wp-content\/uploads\/2021\/01\/Contra-ozone-destruction-system-229x300.png\" alt=\"\" width=\"300\" height=\"392\" srcset=\"https:\/\/ozonetech.com\/wp-content\/uploads\/2021\/01\/Contra-ozone-destruction-system-229x300.png 229w, https:\/\/ozonetech.com\/wp-content\/uploads\/2021\/01\/Contra-ozone-destruction-system.png 593w\" sizes=\"auto, (max-width: 300px) 100vw, 300px\" \/><p class=\"wp-caption-text\">This is the Ozone destruction system &#8211; Contra<\/p><\/div>\n<p>Jos otsonivirta on eritt\u00e4in kosteaa, on lauhdetta varten asennettava huurteenpoistin ja purkausventtiili. Huurteenpoistin poistaa vesipisarat, joita esiintyy ylikyll\u00e4steisiss\u00e4 olosuhteissa. Koska kondensaatiota on v\u00e4ltett\u00e4v\u00e4 j\u00e4rjestelm\u00e4ss\u00e4, voidaan l\u00e4mp\u00f6tilan nostamiseksi 10\u201315 \u00b0C asentaa l\u00e4mmitin materiaalia koskevien suositusten mukaisesti. L\u00e4mp\u00f6tilaa ennen l\u00e4mmitint\u00e4 ja sen j\u00e4lkeen on seurattava, ja laitteen tehoa s\u00e4\u00e4det\u00e4\u00e4n ohjauspaneelista. J\u00e4rjestelm\u00e4\u00e4n voi kuulua lis\u00e4ksi paineanturi, joka laskee paineh\u00e4vi\u00f6n pedin yl\u00e4puolella. Otsonianturi voidaan my\u00f6s asentaa seuraamaan poistovirtauksen otsonipitoisuutta. J\u00e4rjestelm\u00e4n t\u00e4ydent\u00e4\u00e4 tuuletin, joka s\u00e4\u00e4telee ilmanvirtausnopeutta. Ilmavirtauksen asetuspistett\u00e4 seurataan koko ajan, ja se pidet\u00e4\u00e4n vakiona s\u00e4\u00e4t\u00e4m\u00e4ll\u00e4 tuulettimen tehoa ohjauspaneelista.<\/p>\n<p>Olemme kehitt\u00e4neet nelj\u00e4 ratkaisua k\u00e4sitelt\u00e4v\u00e4n virtausnopeuden ja asiakkaan tarpeiden mukaan.<\/p>\n        <\/div>\n    <\/div>\n<\/div>\n\n<\/section>\n\n\n\n<section\n    id=\"\"\n    class=\"block content-block\"\n\tstyle=\"--cb-bg: light-gray; --cb-content: #000; padding-top: 30px; padding-bottom: 30px;\"\n>\n    <div class=\"container-fluid editor_content\">\n    <div class=\"row\">\n        <div class=\"col-12 editor_content table-wrapper \" style=\"--table-text-color-header: #FFFFFF; --table-text-color-rows: #000000; --table-background-color-header: #5f5f5f; --table-background-color-rows-even: #efefef; --table-background-color-rows-odd: #dfdfdf; \">\n                            \n<table id=\"tablepress-138\" class=\"tablepress tablepress-id-138\" aria-describedby=\"tablepress-138-description\">\n<thead>\n<tr class=\"row-1\">\n\t<th class=\"column-1\">Malli<\/th><th class=\"column-2\">Kapasiteetti maks.<\/th><th class=\"column-3\">Otsonipitoisuus maks.<\/th>\n<\/tr>\n<\/thead>\n<tbody class=\"row-striping\">\n<tr class=\"row-2\">\n\t<td class=\"column-1\">Contra \u2013 50<\/td><td class=\"column-2\">50 m<sup>3<\/sup>\/h<\/td><td class=\"column-3\">300 g\/m<sup>3<\/sup><\/td>\n<\/tr>\n<tr class=\"row-3\">\n\t<td class=\"column-1\">Contra \u2013 150<\/td><td class=\"column-2\">150 m<sup>3<\/sup>\/h<\/td><td class=\"column-3\">300 g\/m<sup>3<\/sup><\/td>\n<\/tr>\n<tr class=\"row-4\">\n\t<td class=\"column-1\">Contra \u2013 300<\/td><td class=\"column-2\">300 m<sup>3<\/sup>\/h<\/td><td class=\"column-3\">300 g\/m<sup>3<\/sup><\/td>\n<\/tr>\n<tr class=\"row-5\">\n\t<td class=\"column-1\">Contra \u2013 500<\/td><td class=\"column-2\">500 m<sup>3<\/sup>\/h<\/td><td class=\"column-3\">300 g\/m<sup>3<\/sup><\/td>\n<\/tr>\n<\/tbody>\n<\/table>\n<span id=\"tablepress-138-description\" class=\"tablepress-table-description tablepress-table-description-id-138\"><\/span>\n<!-- #tablepress-138 from cache -->                                <\/div>\n    <\/div>\n<\/div>\n\n\n<div class=\"container-fluid editor_content content content--narrow\">\n    <div class=\"row\">\n        <div class=\"col-12 editor_content\">\n            <h3>Otsoninh\u00e4vitysmateriaali<\/h3>\n<p>Otsonin h\u00e4vitt\u00e4misess\u00e4 k\u00e4ytetty materiaali on katalyytti, joka on suunniteltu erityisesti t\u00e4h\u00e4n tarkoitukseen. Se on sama materiaali kuin <a href=\"https:\/\/ozonetech.com\/fi\/tuotteet\/otsoninhavittajat\/\">OD 100-5000<\/a> -tuotesarjassa. Katalyytti varmistaa sen, ett\u00e4 ulostulevan otsonin pitoisuus on 0,1 ppm riippumatta sy\u00f6tetyn otsonin pitoisuudesta. Petimateriaali on koteloitu ruostumattomaan 316L-ter\u00e4smoduuliin, jossa on liittimet\/liit\u00e4nn\u00e4t ja katalyyttinen materiaali. Mik\u00e4li tarpeen, katalyyttinen materiaali on helppo vaihtaa kotelomoduulin aukon kautta.<\/p>\n<p><strong>Huomaa:<\/strong> <em>Kosteudella, p\u00f6lyll\u00e4, hiukkasilla ym. voi olla negatiivinen vaikutus katalyytin k\u00e4ytt\u00f6ik\u00e4\u00e4n. Katalyyttimyrkyt, kuten rikkiyhdisteet, typpioksidit ja hiilivedyt, voivat aiheuttaa peruuttamattomia vaurioita katalyyttiin.<\/em><\/p>\n<h3>K\u00e4ytt\u00f6alueet<\/h3>\n<ul>\n<li>Suuret vedenpuhdistusratkaisut, kuten <a href=\"https:\/\/ozonetech.com\/fi\/sovellukset\/vedenkasittely-hakemukset\/juomavesi\/\"><strong>juomavesi<\/strong><\/a> ja <a href=\"https:\/\/ozonetech.com\/fi\/sovellukset\/vedenkasittely-hakemukset\/bod-ja-cod-kasittely-otsonilla\/\"><strong>COD ja BOD-k\u00e4sittely<\/strong><\/a><\/li>\n<li>Ilman desinfiointi otsonilla<\/li>\n<\/ul>\n<h3>Hy\u00f6dyt<\/h3>\n<ul>\n<li>Tehokas otsonin h\u00e4vitt\u00e4minen alle arvon 0,1 ppm<\/li>\n<li>H\u00e4vitysteho ei riipu sy\u00f6tt\u00f6pitoisuudesta<\/li>\n<li>T\u00e4ydellinen ratkaisu monenlaisiin virtoihin<\/li>\n<li>Pieni tilantarve: yksi EUR-kuormalava<\/li>\n<li>Kest\u00e4v\u00e4 ratkaisu, joka vaatii vain v\u00e4h\u00e4n kunnossapitoa<\/li>\n<li>Modulaarinen malli, joustava m\u00e4\u00e4ritys<\/li>\n<li>Pitk\u00e4 k\u00e4ytt\u00f6ik\u00e4<\/li>\n<\/ul>\n        <\/div>\n    <\/div>\n<\/div>\n\n<\/section>\n\n\n\n<section\n    id=\"\"\n    class=\"block content-block\"\n\tstyle=\"--cb-bg: white; --cb-content: #000; padding-top: 30px; padding-bottom: 30px;\"\n>\n    <div class=\"container-fluid editor_content\">\n    <div class=\"row\">\n        <div class=\"col-12 editor_content table-wrapper \" style=\"--table-text-color-header: #FFFFFF; --table-text-color-rows: #000000; --table-background-color-header: #5f5f5f; --table-background-color-rows-even: #efefef; --table-background-color-rows-odd: #dfdfdf; \">\n                            \n<table id=\"tablepress-139\" class=\"tablepress tablepress-id-139 tbody-has-connected-cells\" aria-describedby=\"tablepress-139-description\">\n<thead>\n<tr class=\"row-1\">\n\t<th colspan=\"2\" class=\"column-1\"><strong>Tekniset tiedot<\/strong><\/th>\n<\/tr>\n<\/thead>\n<tbody class=\"row-striping\">\n<tr class=\"row-2\">\n\t<td colspan=\"2\" class=\"column-1\"><strong>Otsoninh\u00e4vitysratkaisun tekniset tiedot<\/strong><\/td>\n<\/tr>\n<tr class=\"row-3\">\n\t<td class=\"column-1\">Otsoni-ilmanvirtaus<\/td><td class=\"column-2\">0 \u2013 50 m<sup>3<\/sup>\/h  \u2013  Contra \u2013 50<br \/>\n0 \u2013 150 m<sup>3<\/sup>\/h \u2013 Contra \u2013 150<br \/>\n0 \u2013 300 m<sup>3<\/sup>\/h \u2013 Contra \u2013 300<br \/>\n0 \u2013 500 m<sup>3<\/sup>\/h \u2013 Contra \u2013 500<\/td>\n<\/tr>\n<tr class=\"row-4\">\n\t<td class=\"column-1\">Otsonin poistopitoisuus<\/td><td class=\"column-2\">0.1 ppm<\/td>\n<\/tr>\n<tr class=\"row-5\">\n\t<td class=\"column-1\">L\u00e4mp\u00f6tila<\/td><td class=\"column-2\">0 \u2013 80 \u00b0C<\/td>\n<\/tr>\n<tr class=\"row-6\">\n\t<td class=\"column-1\">Suhteellinen kosteus<\/td><td class=\"column-2\">0 \u2013 100 % RH<\/td>\n<\/tr>\n<tr class=\"row-7\">\n\t<td class=\"column-1\">Katalyytin kotelointimateriaali<\/td><td class=\"column-2\">316 L rostfritt st\u00e5l<\/td>\n<\/tr>\n<\/tbody>\n<\/table>\n<span id=\"tablepress-139-description\" class=\"tablepress-table-description tablepress-table-description-id-139\"><\/span>\n<!-- #tablepress-139 from cache -->                                <\/div>\n    <\/div>\n<\/div>\n<div class=\"container-fluid editor_content\">\n    <div class=\"row\">\n        <div class=\"col-12 editor_content table-wrapper \" style=\"--table-text-color-header: #FFFFFF; --table-text-color-rows: #000000; --table-background-color-header: #5f5f5f; --table-background-color-rows-even: #efefef; --table-background-color-rows-odd: #dfdfdf; \">\n                            \n<table id=\"tablepress-140\" class=\"tablepress tablepress-id-140\" aria-describedby=\"tablepress-140-description\">\n<thead>\n<tr class=\"row-1\">\n\t<th colspan=\"2\" class=\"column-1\"><strong>Osaluettelo<\/strong><\/th>\n<\/tr>\n<\/thead>\n<tbody class=\"row-striping\">\n<tr class=\"row-2\">\n\t<td class=\"column-1\"><strong>Yksikk\u00f6<\/strong><\/td><td class=\"column-2\"><strong>Kuvaus<\/strong><\/td>\n<\/tr>\n<tr class=\"row-3\">\n\t<td class=\"column-1\">Katalyyttimoduuli<\/td><td class=\"column-2\">SS 316L -moduuli katalyyttisen materiaalin kotelointiin Moduulin kunnossapito ja materiaalin vaihtaminen, mik\u00e4li tarpeen, on helppoa<\/td>\n<\/tr>\n<tr class=\"row-4\">\n\t<td class=\"column-1\">Katalyyttipeti<\/td><td class=\"column-2\">Otsoninh\u00e4vityskatalyytti<\/td>\n<\/tr>\n<tr class=\"row-5\">\n\t<td class=\"column-1\">Letkut<\/td><td class=\"column-2\">Letkut, joita k\u00e4ytet\u00e4\u00e4n j\u00e4rjestelm\u00e4n osien yhdist\u00e4miseen sek\u00e4 prosessivirtaukseen. Erilaisia liit\u00e4nt\u00f6j\u00e4 saatavilla<\/td>\n<\/tr>\n<tr class=\"row-6\">\n\t<td class=\"column-1\">Tuuletin<\/td><td class=\"column-2\">Tuuletinta k\u00e4ytet\u00e4\u00e4n halutun ilmanvirtausnopeuden saavuttamiseen<\/td>\n<\/tr>\n<tr class=\"row-7\">\n\t<td class=\"column-1\">Ohjausj\u00e4rjestelm\u00e4<\/td><td class=\"column-2\">Ohjausj\u00e4rjestelm\u00e4 tuulettimen tehon s\u00e4\u00e4t\u00e4miseen sek\u00e4 ilmanvirtauksen nopeuden tasaisena pit\u00e4miseen<\/td>\n<\/tr>\n<\/tbody>\n<\/table>\n<span id=\"tablepress-140-description\" class=\"tablepress-table-description tablepress-table-description-id-140\"><\/span>\n<!-- #tablepress-140 from cache -->                                <\/div>\n    <\/div>\n<\/div>\n<div class=\"container-fluid editor_content\">\n    <div class=\"row\">\n        <div class=\"col-12 editor_content table-wrapper \" style=\"--table-text-color-header: #FFFFFF; --table-text-color-rows: #000000; --table-background-color-header: #5f5f5f; --table-background-color-rows-even: #efefef; --table-background-color-rows-odd: #dfdfdf; \">\n                            \n<table id=\"tablepress-141\" class=\"tablepress tablepress-id-141\" aria-describedby=\"tablepress-141-description\">\n<thead>\n<tr class=\"row-1\">\n\t<th colspan=\"2\" class=\"column-1\"><strong>Lis\u00e4varusteet<\/strong><\/th>\n<\/tr>\n<\/thead>\n<tbody class=\"row-striping\">\n<tr class=\"row-2\">\n\t<td class=\"column-1\"><strong>Yksikk\u00f6<\/strong><\/td><td class=\"column-2\"><strong>Kuvaus<\/strong><\/td>\n<\/tr>\n<tr class=\"row-3\">\n\t<td class=\"column-1\">F7-tyypin suodatin<\/td><td class=\"column-2\">Suodatin poistaa p\u00f6lyn ja hiukkaset ennen katalyyttipeti\u00e4<\/td>\n<\/tr>\n<tr class=\"row-4\">\n\t<td class=\"column-1\">Huurteenpoistin<\/td><td class=\"column-2\">Huurteenpoistin poistaa vesipisarat<\/td>\n<\/tr>\n<tr class=\"row-5\">\n\t<td class=\"column-1\">L\u00e4mmitin<\/td><td class=\"column-2\">L\u00e4mmittimell\u00e4 v\u00e4ltet\u00e4\u00e4n katalyyttimateriaalin kondensaatio<\/td>\n<\/tr>\n<tr class=\"row-6\">\n\t<td class=\"column-1\">Linjan otsonianturi<\/td><td class=\"column-2\">Anturi, joka seuraa jatkuvasti otsonipitoisuutta j\u00e4rjestelm\u00e4n ulostulossa<\/td>\n<\/tr>\n<tr class=\"row-7\">\n\t<td class=\"column-1\">Ymp\u00e4rist\u00f6n otsonin anturi<\/td><td class=\"column-2\">Anturi, joka seuraa jatkuvasti otsonipitoisuutta ymp\u00e4rist\u00f6ss\u00e4<\/td>\n<\/tr>\n<tr class=\"row-8\">\n\t<td class=\"column-1\">Paineanturi<\/td><td class=\"column-2\">Anturi, joka tarkistaa paineh\u00e4vi\u00f6n katalyyttipedin yl\u00e4puolella<\/td>\n<\/tr>\n<\/tbody>\n<\/table>\n<span id=\"tablepress-141-description\" class=\"tablepress-table-description tablepress-table-description-id-141\"><\/span>\n<!-- #tablepress-141 from cache -->                                <\/div>\n    <\/div>\n<\/div>\n\n\n<div class=\"container-fluid editor_content content content--narrow\">\n    <div class=\"row\">\n        <div class=\"col-12 editor_content\">\n            <p><em>Lis\u00e4tietoa pienemmist\u00e4 otsoninh\u00e4vitt\u00e4misj\u00e4rjestelmist\u00e4 l\u00f6ytyy\u00a0<a href=\"https:\/\/ozonetech.com\/fi\/tuotteet\/otsoninhavittajat\/\"><strong>otsoninh\u00e4vitt\u00e4ji\u00e4<\/strong><\/a>\u00a0koskevalta tuotesivulta.<\/em><\/p>\n        <\/div>\n    <\/div>\n<\/div>\n\n<\/section>\n","protected":false},"excerpt":{"rendered":"","protected":false},"author":21,"featured_media":0,"parent":14819,"menu_order":0,"comment_status":"closed","ping_status":"closed","template":"","meta":{"_acf_changed":false,"_seopress_robots_primary_cat":"","_seopress_titles_title":"","_seopress_titles_desc":"Contra on kokonaisvaltainen asiakkaan tarpeiden mukainen otsoninh\u00e4vitysj\u00e4rjestelm\u00e4, mitoitettu EUR kuormalavan mittojen mukaisesti","_seopress_robots_index":"","inline_featured_image":false,"footnotes":""},"class_list":["post-11306","page","type-page","status-publish","hentry"],"acf":[],"_links":{"self":[{"href":"https:\/\/ozonetech.com\/fi\/wp-json\/wp\/v2\/pages\/11306","targetHints":{"allow":["GET"]}}],"collection":[{"href":"https:\/\/ozonetech.com\/fi\/wp-json\/wp\/v2\/pages"}],"about":[{"href":"https:\/\/ozonetech.com\/fi\/wp-json\/wp\/v2\/types\/page"}],"author":[{"embeddable":true,"href":"https:\/\/ozonetech.com\/fi\/wp-json\/wp\/v2\/users\/21"}],"replies":[{"embeddable":true,"href":"https:\/\/ozonetech.com\/fi\/wp-json\/wp\/v2\/comments?post=11306"}],"version-history":[{"count":42,"href":"https:\/\/ozonetech.com\/fi\/wp-json\/wp\/v2\/pages\/11306\/revisions"}],"predecessor-version":[{"id":40799,"href":"https:\/\/ozonetech.com\/fi\/wp-json\/wp\/v2\/pages\/11306\/revisions\/40799"}],"up":[{"embeddable":true,"href":"https:\/\/ozonetech.com\/fi\/wp-json\/wp\/v2\/pages\/14819"}],"wp:attachment":[{"href":"https:\/\/ozonetech.com\/fi\/wp-json\/wp\/v2\/media?parent=11306"}],"curies":[{"name":"wp","href":"https:\/\/api.w.org\/{rel}","templated":true}]}}