{"id":11277,"date":"2020-06-24T09:24:57","date_gmt":"2020-06-24T09:24:57","guid":{"rendered":"https:\/\/ozonetech.com\/solutions-systems-air-treatment-cfd-simulaton-service\/"},"modified":"2024-10-10T11:07:24","modified_gmt":"2024-10-10T09:07:24","slug":"cfd-simulaatio","status":"publish","type":"page","link":"https:\/\/ozonetech.com\/fi\/ratkaisut-jarjestelmat\/ilmankasittely\/cfd-simulaatio\/","title":{"rendered":"CFD Simulaatio"},"content":{"rendered":"\n<section\n    class=\"block hero hero--regular\"\n    style=\"background-image: url('https:\/\/ozonetech.com\/wp-content\/uploads\/2021\/03\/Streamlines-2-1600x484.jpg'); --hero-opacity: 0.3\"\n>\n\n    <div class=\"container-fluid\">\n\n        <div class=\"content editor_content\">\n                         \n                <h2 class='h2'>CFD Simulaatio<\/h2>            \n                    <\/div>\n\n            <\/div>\n<\/section>\n\n\n<section class=\"component component_breadcrumbs\">\n\t<div class=\"container-fluid\">\n  \t<\/div>\n<\/section>\n\n\n<section\n    id=\"\"\n    class=\"block content-block\"\n\tstyle=\"--cb-bg: white; --cb-content: #000; padding-top: 30px; padding-bottom: 30px;\"\n>\n    \n\n<div class=\"container-fluid editor_content content content--narrow\">\n    <div class=\"row\">\n        <div class=\"col-12 editor_content\">\n            <h1>Tarkat virtausdynamiikan tietokonesimulaatiot<\/h1>\n<p class=\"preamble\">Numeerinen virtausdynamiikka (CFD) on yhteisnimitys yht\u00e4l\u00f6j\u00e4rjestelmille, joita k\u00e4ytet\u00e4\u00e4n kaasun tai nesteen virtauksen suunnan, nopeuden ja turbulenssin ennustamiseen.<\/p>\n<p>Ozonetech tarjoaa huipputeknisi\u00e4 ratkaisuja. Nyt otamme viel\u00e4 askeleen eteenp\u00e4in, ja tarjoamme kehittyneit\u00e4 CFD-simulointeja osana ty\u00f6prosessiamme sek\u00e4 ilma- ett\u00e4 vesiratkaisuissa.<\/p>\n        <\/div>\n    <\/div>\n<\/div>\n\n\n\n<div class=\"container-fluid editor_content content content--narrow\">\n    <div class=\"row\">\n        <div class=\"col-12 editor_content\">\n            <h3><strong>Todellisuus ei ole ihanteellinen!\u00a0<\/strong><\/h3>\n<p>On helppoa olettaa, ett\u00e4 prosessivirtaa ja laitteistoja koskevat olosuhteet ovat ihanteelliset, mutta monissa tapauksissa ne eiv\u00e4t sit\u00e4 ole ja aiheuttavat suuria poikkeamia laskelmien ja todellisuuden v\u00e4lille, erityisesti teollisessa mittakaavassa.<\/p>\n<p><em>CFD-simuloinnin hy\u00f6dyt:<\/em><\/p>\n<ul>\n<li>Saat parhaan mahdollisen tuloksen \u2013 s\u00e4\u00e4st\u00e4t rahaa ja vaivaa, kun sinun ei tarvitse korjata suunnitteluvirheit\u00e4!<\/li>\n<li>Ennustaa huonot sekoittamisolosuhteet tai pys\u00e4htyneet vy\u00f6hykkeet, jotka voisivat johtaa odottamattomaan tehokkuuden laskuun tai korroosioon.<\/li>\n<li>Varmistaa parhaat injektiokohdat \u2013 saat enemm\u00e4n irti otsoniratkaisusta<\/li>\n<li>Yhdist\u00e4 CFD muihin ominaisuuksiin, jotta saat optimaalisen l\u00e4mm\u00f6nsiirron, j\u00e4\u00e4hdytyksen, reaktiotuoton ja suodattimien k\u00e4yt\u00f6n.<\/li>\n<\/ul>\n<p>Simulaatioista voidaan tehd\u00e4 niin yksinkertaisia tai monimutkaisia kuin asiakas haluaa. Tarjoamme simulaatioita, jotka vaihtelevat yksinkertaisista ja nopeista monimutkaisiin ongelmasta riippuen. Tarjoamme seuraavia palveluja:<\/p>\n<ul>\n<li>Virtauskuvion analysointi \u2013 tutki virtauksen jakaantumista<\/li>\n<li>Virtaus sekoituslaitteiden takia \u2013 onko sekoitusteho riitt\u00e4v\u00e4?<\/li>\n<li>Pitoisuusprofiilitutkimus \u2013 maksimoi sekoitusteho, v\u00e4henn\u00e4 korroosiota<\/li>\n<li>L\u00e4mm\u00f6nsiirron analyysi \u2013 ota kaikki irti l\u00e4mm\u00f6n kierr\u00e4tyksest\u00e4 ja v\u00e4lt\u00e4 kriittiset l\u00e4mp\u00f6tilat<\/li>\n<li>Reaktiotekniikka \u2013 simuloi kemiallisia reaktioita laitteissa, yhdistettyn\u00e4 l\u00e4mm\u00f6nsiirtoon se tarjoaa my\u00f6s tietoa reaktioiden tuottamasta l\u00e4mm\u00f6st\u00e4<\/li>\n<li>Monivaihej\u00e4rjestelm\u00e4t \u2013 simuloimalla veden kuplia ja laitteiden kuplia yhdess\u00e4 massasiirron ja yht\u00e4l\u00f6iden laskemisen kanssa, voit arvioida otsonin liukenemista veteen<\/li>\n<\/ul>\n<p>Lue lis\u00e4\u00e4 <a href=\"https:\/\/ozonetech.com\/fi\/ratkaisut-jarjestelmat\/ilmankasittely\/\">ty\u00f6skentelytavoistamme<\/a> tai <a href=\"https:\/\/ozonetech.com\/contact\/\" target=\"_blank\" rel=\"noopener\">ota meihin yhteytt\u00e4<\/a> jos sinulla on erityist\u00e4 kysytt\u00e4v\u00e4\u00e4.<\/p>\n        <\/div>\n    <\/div>\n<\/div>\n\n<\/section>\n\n\n\n<section\n    id=\"\"\n    class=\"block content-block\"\n\tstyle=\"--cb-bg: white; --cb-content: #000; padding-top: 30px; padding-bottom: 30px;\"\n>\n    \n<div class=\"content\">\n    <\/div><\/section>\n","protected":false},"excerpt":{"rendered":"","protected":false},"author":21,"featured_media":0,"parent":14819,"menu_order":0,"comment_status":"closed","ping_status":"closed","template":"","meta":{"_acf_changed":false,"_seopress_robots_primary_cat":"","_seopress_titles_title":"","_seopress_titles_desc":"Ozonetech tarjoaa uusimpi\u00e4 suunnitteluratkaisuja, olemme askeleen edell\u00e4 ja tarjoamme edistyneit\u00e4 CFD-simulaatioita osana prosessiamme.","_seopress_robots_index":"","inline_featured_image":false,"footnotes":""},"class_list":["post-11277","page","type-page","status-publish","hentry"],"acf":[],"_links":{"self":[{"href":"https:\/\/ozonetech.com\/fi\/wp-json\/wp\/v2\/pages\/11277","targetHints":{"allow":["GET"]}}],"collection":[{"href":"https:\/\/ozonetech.com\/fi\/wp-json\/wp\/v2\/pages"}],"about":[{"href":"https:\/\/ozonetech.com\/fi\/wp-json\/wp\/v2\/types\/page"}],"author":[{"embeddable":true,"href":"https:\/\/ozonetech.com\/fi\/wp-json\/wp\/v2\/users\/21"}],"replies":[{"embeddable":true,"href":"https:\/\/ozonetech.com\/fi\/wp-json\/wp\/v2\/comments?post=11277"}],"version-history":[{"count":39,"href":"https:\/\/ozonetech.com\/fi\/wp-json\/wp\/v2\/pages\/11277\/revisions"}],"predecessor-version":[{"id":40831,"href":"https:\/\/ozonetech.com\/fi\/wp-json\/wp\/v2\/pages\/11277\/revisions\/40831"}],"up":[{"embeddable":true,"href":"https:\/\/ozonetech.com\/fi\/wp-json\/wp\/v2\/pages\/14819"}],"wp:attachment":[{"href":"https:\/\/ozonetech.com\/fi\/wp-json\/wp\/v2\/media?parent=11277"}],"curies":[{"name":"wp","href":"https:\/\/api.w.org\/{rel}","templated":true}]}}