{"id":11271,"date":"2020-06-24T08:59:58","date_gmt":"2020-06-24T08:59:58","guid":{"rendered":"https:\/\/ozonetech.com\/solutions-systems-air-treatment\/"},"modified":"2024-10-10T11:03:44","modified_gmt":"2024-10-10T09:03:44","slug":"ilman-ja-hajujen-analysointi","status":"publish","type":"page","link":"https:\/\/ozonetech.com\/fi\/ratkaisut-jarjestelmat\/ilmankasittely\/ilman-ja-hajujen-analysointi\/","title":{"rendered":"Ilman ja hajujen analysointi"},"content":{"rendered":"\n<section\n    class=\"block hero hero--regular\"\n    style=\"background-image: url('https:\/\/ozonetech.com\/wp-content\/uploads\/2021\/03\/air-odor-anlysis-1600x484.jpg'); --hero-opacity: 0.3\"\n>\n\n    <div class=\"container-fluid\">\n\n        <div class=\"content editor_content\">\n                         \n                <h2 class='h2'>Ilman ja hajujen analysointi<\/h2>            \n                    <\/div>\n\n            <\/div>\n<\/section>\n\n\n<section class=\"component component_breadcrumbs\">\n\t<div class=\"container-fluid\">\n  \t<\/div>\n<\/section>\n\n\n<section\n    id=\"\"\n    class=\"block content-block\"\n\tstyle=\"--cb-bg: light-gray; --cb-content: #000; padding-top: 30px; padding-bottom: 30px;\"\n>\n    \n\n<div class=\"container-fluid editor_content content content--narrow\">\n    <div class=\"row\">\n        <div class=\"col-12 editor_content\">\n            <h1>Edistynyt tieteellinen analyysi ilman ja hajukaasujen koostumuksesta<\/h1>\n<p class=\"preamble\">Ilmaongelmien k\u00e4sittely, erityisesti hajujen, on eritt\u00e4in haastavaa. Osa haasteista johtuu puhdistettavaa ilmaa koskevista ep\u00e4varmuustekij\u00f6ist\u00e4. T\u00e4m\u00e4n ongelman ratkaisemiseksi tarjoamme ilma-analyyseja, jolloin saamme enemm\u00e4n tietoa ilman laadusta ja pystymme suunnittelemaan todellisen r\u00e4\u00e4t\u00e4l\u00f6idyn otsoniratkaisun.<\/p>\n<p>Tarjoamme monia analyyseja, joilla tunnistetaan ja mitataan ilman ep\u00e4puhtauksia. Tulosten perusteella osaamme valita oikean ratkaisun laajasta valikoimastamme. Teemme analyysit asiakkaiden toiveiden mukaisesti joko talon sis\u00e4ll\u00e4 tai yhteisty\u00f6ss\u00e4 sertifioitujen, riippumattomien kumppaneiden kanssa. Pyrimme aina mahdollisimman tarkkoihin analyyseihin, joten k\u00e4yt\u00e4mme huipputekniikalla varustettuja v\u00e4lineit\u00e4.<\/p>\n        <\/div>\n    <\/div>\n<\/div>\n\n\n\n<div class=\"container-fluid editor_content content content--narrow\">\n    <div class=\"row\">\n        <div class=\"col-12 editor_content\">\n            <h3>Analysoidut ilmaa koskevat muuttujat<\/h3>\n<p>Alla on luettelo yleisimmin analysoiduista muuttujista omien ratkaisujemme mukaan.<\/p>\n<p><em>My\u00f6s muita analyyseja on saatavilla. Lis\u00e4tietoa saat <a href=\"https:\/\/ozonetech.com\/contact\/\" target=\"_blank\" rel=\"noopener\"><strong>ottamalla meihin yhteyden.<\/strong><\/a><\/em><\/p>\n        <\/div>\n    <\/div>\n<\/div>\n\n\n<div class=\"container-fluid editor_content content content--narrow\">\n    <div class=\"row\">\n        <div class=\"col-md-6\">\n            <h4>Ilmayhdisteiden pitoisuudet<\/h4>\n<ul>\n<li>H<sub>2<\/sub>S<\/li>\n<li>Haihtuvat orgaaniset yhdisteet \u2013 VOC (pitoisuus FID-menetelm\u00e4ll\u00e4 ja tunnistus GC-MS-menetelm\u00e4ll\u00e4)<\/li>\n<li>Otsoni<\/li>\n<li>NH<sub>3<\/sub><\/li>\n<li>Merkaptaanit<\/li>\n<li>Metaani<\/li>\n<li>Typpioksidit (NOx)<\/li>\n<\/ul>\n        <\/div>\n        <div class=\"col-md-6\">\n            <h4>Prosessiolosuhteet<\/h4>\n<ul>\n<li>Kosteus<\/li>\n<li>L\u00e4mp\u00f6tila<\/li>\n<li>Virtausnopeus<\/li>\n<li>Paine ja paineh\u00e4vi\u00f6<\/li>\n<\/ul>\n        <\/div>\n    <\/div>\n<\/div>\n\n<div class=\"container-fluid editor_content content content--narrow\">\n    <div class=\"row\">\n        <div class=\"col-12 editor_content\">\n            <h3>Hajujen analysointi<\/h3>\n<p>Hajuarvot ovat kaikkein vaikeimpia mitata, koska mik\u00e4\u00e4n elektroninen instrumentti ei pysty tarkkoihin mittauksiin. Jokainen yksitt\u00e4inen \u201dhaju\u201d on erilaisten yhdisteiden monimutkainen seos. Kun t\u00e4m\u00e4 seos p\u00e4\u00e4see ihmisnen\u00e4n reseptoreihin, jokaisella yhdisteell\u00e4 on erilainen vuorovaikutus reseptoreiden kanssa. Jotkin yhdisteet tunnistetaan jo ppb-pitoisuuksina (miljoonasosia), kun taas toiset ovat t\u00e4ysin hajuttomia. Lis\u00e4ksi on otettava huomioon n\u00e4ytteen hedoninen s\u00e4vy, koska se voi vaikuttaa hajun mittaamiseen. Hedoninen s\u00e4vy on indikaattori, joka kuvaa sit\u00e4, kuinka miellytt\u00e4v\u00e4ksi haju koetaan muihin verrattuna. Voimakas mutta miellytt\u00e4v\u00e4 haju siedet\u00e4\u00e4n, mutta v\u00e4h\u00e4inenkin ep\u00e4miellytt\u00e4v\u00e4 haju on k\u00e4sitelt\u00e4v\u00e4.<\/p>\n<p><img loading=\"lazy\" decoding=\"async\" class=\"alignnone size-large wp-image-22043 aligncenter\" src=\"https:\/\/ozonetech.com\/wp-content\/uploads\/2021\/03\/Smell-flower-1024x683.jpg\" alt=\"\" width=\"1024\" height=\"683\" srcset=\"https:\/\/ozonetech.com\/wp-content\/uploads\/2021\/03\/Smell-flower-1024x683.jpg 1024w, https:\/\/ozonetech.com\/wp-content\/uploads\/2021\/03\/Smell-flower-300x200.jpg 300w, https:\/\/ozonetech.com\/wp-content\/uploads\/2021\/03\/Smell-flower-768x512.jpg 768w, https:\/\/ozonetech.com\/wp-content\/uploads\/2021\/03\/Smell-flower.jpg 1500w\" sizes=\"auto, (max-width: 1024px) 100vw, 1024px\" \/><\/p>\n        <\/div>\n    <\/div>\n<\/div>\n\n\n\n<div class=\"container-fluid editor_content content content--narrow\">\n    <div class=\"row\">\n        <div class=\"col-12 editor_content\">\n            <p>Jo t\u00e4m\u00e4n perusteella on mahdollista ymm\u00e4rt\u00e4\u00e4, kuinka monimutkaista hajujen mittaus on. N\u00e4iden lis\u00e4ksi on viel\u00e4 monia muita tekij\u00f6it\u00e4, kuten \u201dhajujen peittyminen\u201d ja \u201dnen\u00e4n v\u00e4syminen\u201d.<\/p>\n<p>Olemme kehitt\u00e4neen kaksi vaihtoehtoista menetelm\u00e4\u00e4 hajujen tarkkaan mittaamiseen. Ensimm\u00e4inen vaihtoehto on laskennallinen ty\u00f6kalu, joka huomioi yhdisteiden pitoisuudet ja hajuaktiivisuuden, mik\u00e4 johtaa ennusteeseen koko ilmaseoksen hajuarvoista. Ty\u00f6kalumme avulla saadaan tarkkoja hajuarvoja ja relevantteja vertailuja erilaisten tapausten v\u00e4lill\u00e4 (esim. otsonik\u00e4sittelyll\u00e4 tai ilman sit\u00e4).<\/p>\n<p>Toinen tarjoamamme vaihtoehto on todellinen hajujen mittaus, joka on sertifioitu standardin EN 13725:2003 mukaisesti hajujen analysointiin. Koska mik\u00e4\u00e4n v\u00e4line ei pysty korvaamaan ihmisen nen\u00e4\u00e4, analyysin suorittaa arviointipaneeli, joka haistaa n\u00e4ytteit\u00e4 eri laimennoksissa. Arvioijat m\u00e4\u00e4ritt\u00e4v\u00e4t, mill\u00e4 laimennusasteella on viel\u00e4 hajusis\u00e4lt\u00f6\u00e4, ja t\u00e4m\u00e4 m\u00e4\u00e4ritt\u00e4\u00e4 n\u00e4ytteen hajuraja-arvon. T\u00e4m\u00e4 mittaus tehd\u00e4\u00e4n yhteisty\u00f6ss\u00e4 riippumattomien kumppaneidemme kanssa.<\/p>\n<p>&nbsp;<\/p>\n        <\/div>\n    <\/div>\n<\/div>\n\n\n\n<div class=\"container-fluid editor_content content content--narrow\">\n    <div class=\"row\">\n        <div class=\"col-12 editor_content\">\n            <h3>Raportti ja ratkaisumalli<\/h3>\n<p>Ilma- ja hajuanalyysin j\u00e4lkeen me toimitamme t\u00e4st\u00e4 raportin, jossa on selvitys ilman hajukomponenteista. Analyysiraportin yhteyteen voimme my\u00f6s sis\u00e4llytt\u00e4\u00e4 ratkaisun ilmank\u00e4sittelyyn. Ehdotuksessamme esitet\u00e4\u00e4n ratkaisumalli ja laitteiden kuvaus. Ratkaisussa hy\u00f6dynnet\u00e4\u00e4n analyysituloksia ja asiakkaan vaatimuksia. Niiden perusteella ratkaisu r\u00e4\u00e4t\u00e4l\u00f6id\u00e4\u00e4n tapauskohtaisesti.<\/p>\n        <\/div>\n    <\/div>\n<\/div>\n\n<\/section>\n","protected":false},"excerpt":{"rendered":"","protected":false},"author":21,"featured_media":0,"parent":14819,"menu_order":0,"comment_status":"closed","ping_status":"closed","template":"","meta":{"_acf_changed":false,"_seopress_robots_primary_cat":"","_seopress_titles_title":"","_seopress_titles_desc":"Tarjoamme kohdennettua analysointia ilman ep\u00e4puhtauksien m\u00e4\u00e4rittelemiseksi ja tunnistamiseksi, joko itsen\u00e4isesti ja\/tai yhteisty\u00f6ss\u00e4 sertifioitujen kumppaneiden kanssa.","_seopress_robots_index":"","inline_featured_image":false,"footnotes":""},"class_list":["post-11271","page","type-page","status-publish","hentry"],"acf":[],"_links":{"self":[{"href":"https:\/\/ozonetech.com\/fi\/wp-json\/wp\/v2\/pages\/11271","targetHints":{"allow":["GET"]}}],"collection":[{"href":"https:\/\/ozonetech.com\/fi\/wp-json\/wp\/v2\/pages"}],"about":[{"href":"https:\/\/ozonetech.com\/fi\/wp-json\/wp\/v2\/types\/page"}],"author":[{"embeddable":true,"href":"https:\/\/ozonetech.com\/fi\/wp-json\/wp\/v2\/users\/21"}],"replies":[{"embeddable":true,"href":"https:\/\/ozonetech.com\/fi\/wp-json\/wp\/v2\/comments?post=11271"}],"version-history":[{"count":31,"href":"https:\/\/ozonetech.com\/fi\/wp-json\/wp\/v2\/pages\/11271\/revisions"}],"predecessor-version":[{"id":40814,"href":"https:\/\/ozonetech.com\/fi\/wp-json\/wp\/v2\/pages\/11271\/revisions\/40814"}],"up":[{"embeddable":true,"href":"https:\/\/ozonetech.com\/fi\/wp-json\/wp\/v2\/pages\/14819"}],"wp:attachment":[{"href":"https:\/\/ozonetech.com\/fi\/wp-json\/wp\/v2\/media?parent=11271"}],"curies":[{"name":"wp","href":"https:\/\/api.w.org\/{rel}","templated":true}]}}