{"id":11228,"date":"2020-06-24T13:43:29","date_gmt":"2020-06-24T13:43:29","guid":{"rendered":"https:\/\/ozonetech.com\/business-areas-solutions-systems\/"},"modified":"2024-10-22T09:04:23","modified_gmt":"2024-10-22T07:04:23","slug":"hotellihuoneiden-hajuongelmat","status":"publish","type":"page","link":"https:\/\/ozonetech.com\/fi\/sovellukset\/hajut-ja-desinfiointi\/hotellihuoneiden-hajuongelmat\/","title":{"rendered":"Hotellihuoneiden hajuongelmat"},"content":{"rendered":"\n<section\n    class=\"block hero hero--regular\"\n    style=\"background-image: url('https:\/\/ozonetech.com\/wp-content\/uploads\/2024\/10\/masaaki-komori-iMbXscxYIFE-unsplash.jpg'); --hero-opacity: 0.3\"\n>\n\n    <div class=\"container-fluid\">\n\n        <div class=\"content editor_content\">\n                         \n                <h2 class='h2'>Hotellihuoneiden hajuongelmat <\/h2>            \n                    <\/div>\n\n            <\/div>\n<\/section>\n\n\n<section class=\"component component_breadcrumbs\">\n\t<div class=\"container-fluid\">\n  \t<\/div>\n<\/section>\n\n\n<section\n    id=\"\"\n    class=\"block content-block\"\n\tstyle=\"--cb-bg: white; --cb-content: #000; padding-top: 30px; padding-bottom: 30px;\"\n>\n    \n\n<div class=\"container-fluid editor_content content content--narrow\">\n    <div class=\"row\">\n        <div class=\"col-12 editor_content\">\n            <h1>Helppo ja tehokas desinfiointi ja hotellihuoneiden raikastaminen<\/h1>\n<p class=\"preamble\"><span data-contrast=\"auto\">Hotellihuoneistoissa voi esiinty\u00e4 erilaisia hajuongelmia, jotka aiheuttavat ep\u00e4mukavuutta <\/span><span data-contrast=\"auto\">vierailijoille<\/span><span data-contrast=\"auto\">. Tunkkainen tai haiseva hotellihuone luo huonoa ensivaikutelmaa ja voi olla haitaksi hotelin maineelle. Otsonipuhdistus on ymp\u00e4rist\u00f6yst\u00e4v\u00e4llinen ja eritt\u00e4in tehokas tapa hankkiutua eroon homeen, savun, hien, j\u00e4tteen, ruuan, vessojen yms. <\/span><span data-contrast=\"auto\">aiheuttavista<\/span><span data-contrast=\"auto\"> pahoista hajuista.<\/span><\/p>\n<p><span data-contrast=\"auto\">Otsonipuhdistus on my\u00f6s tehokas ja nopea desinfiointi<\/span><span data-contrast=\"auto\">keino sis\u00e4ilmalle ja huoneessa oleville pinnoille<\/span><span data-contrast=\"auto\">. <\/span><span data-contrast=\"auto\">Puhdistettu ja vapaa<\/span><span data-contrast=\"auto\"> viruksista <\/span><span data-contrast=\"auto\">sek\u00e4 <\/span><span data-contrast=\"auto\">bakteereista <\/span><span data-contrast=\"auto\">oleva huone vaikuttaa positiivisesti vieraiden hyvinvointiin<\/span><span data-contrast=\"auto\">. <\/span><span data-contrast=\"auto\">Kaasumaisessa muodossa oleva otsoni sekoittuu huoneen ilmaan nopeasti hajottaen ilmassa ja pinnoilla olevat haitalliset mikro-organismit, bakteerit ja virukset. K\u00e4sittely ulottuu my\u00f6s hankalasti tavoitettavissa oleviin paikkoihin.\u00a0<\/span><span data-ccp-props=\"{&quot;201341983&quot;:0,&quot;335559739&quot;:160,&quot;335559740&quot;:259}\">\u00a0<\/span><\/p>\n<p><span data-contrast=\"auto\">Lue lis\u00e4\u00e4 <\/span><a href=\"https:\/\/ozonetech.com\/fi\/hakemukset\/hajut-ja-desinfiointi\/viruses-bacteria\/\"><b><span data-contrast=\"auto\">virusten ja bakteereiden levi\u00e4misest\u00e4.<\/span><\/b><\/a><span data-contrast=\"auto\">\u00a0<\/span><span data-ccp-props=\"{&quot;201341983&quot;:0,&quot;335559739&quot;:160,&quot;335559740&quot;:259}\">\u00a0<\/span><\/p>\n<p><span data-contrast=\"auto\">Otsonin tehokkaan desinfiointiominaisuuden ansiosta hajuongelmat pystyt\u00e4\u00e4n poistamaan lyhyell\u00e4 k\u00e4sittelyll\u00e4. Otsonipuhdistusta ei pid\u00e4 verrata keinoihin, joissa paha haju peitell\u00e4\u00e4n muilla tuoksuilla. K\u00e4ytt\u00e4ess\u00e4 otsonia saadaan eliminoitua itse hajun l\u00e4hde. T\u00e4m\u00e4n j\u00e4lkeen ilma on puhdistettu ja<\/span><span data-contrast=\"auto\"> huone on<\/span><span data-contrast=\"auto\"> valmis seuraavia vieraita varten. Menetelm\u00e4 ansiosta my\u00f6s matot, verhot ja muut tekstiilit edellytt\u00e4v\u00e4t v\u00e4hemm\u00e4n puhdistusta.<\/span><span data-ccp-props=\"{&quot;201341983&quot;:0,&quot;335559739&quot;:160,&quot;335559740&quot;:259}\">\u00a0<\/span><\/p>\n<p><span data-contrast=\"auto\">Lue lis\u00e4\u00e4 <\/span><a href=\"https:\/\/ozonetech.com\/fi\/sovellukset\/hajut-ja-desinfiointi\/huoneet-ja-tilat\/\"><b><span data-contrast=\"auto\">hajuongelmista muunlaisissa huoneissa ja kiinteist\u00f6iss\u00e4<\/span><\/b><\/a><b><span data-contrast=\"auto\">.<\/span><\/b><\/p>\n        <\/div>\n    <\/div>\n<\/div>\n\n<\/section>\n\n\n\n<section class=\"block product-block\" style=\"--bg: white; --tc: #000000; --button-bg: #299f23; --button-tc: #ffffff; --button-hover-bg: transparent; --button-hover-tc: #299f23;\" >\n    <div class=\"container-fluid\">\n        <div class=\"row justify-content-center top\">\n            <div class=\"col-md-12 editor_content\">\n                                            <\/div>\n        <\/div>\n        <div class=\"row justify-content-center bottom\">\n            <div class=\"col-md-6 editor_content\">\n                <h3><span class=\"TextRun SCXW226615701 BCX4\" lang=\"FI-FI\" xml:lang=\"FI-FI\" data-contrast=\"auto\"><span class=\"NormalTextRun SCXW226615701 BCX4\">Otsonipuhdistus ACT-3000 avulla<\/span><\/span><span class=\"EOP SCXW226615701 BCX4\" data-ccp-props=\"{&quot;201341983&quot;:0,&quot;335559739&quot;:160,&quot;335559740&quot;:259}\">\u00a0<\/span><\/h3>\n<p><span data-contrast=\"auto\">K\u00e4sittelyyn tarvittavan otsonin m\u00e4\u00e4r\u00e4 riippuu\u00a0<\/span><span data-contrast=\"auto\">huoneen koosta ja hajuongelman tasosta. K\u00e4sittelyajat voivat vaihdella tunnista yli 10h ajanjaksoihin.\u00a0<\/span><span data-ccp-props=\"{&quot;201341983&quot;:0,&quot;335559738&quot;:240,&quot;335559739&quot;:160,&quot;335559740&quot;:259}\">\u00a0<\/span><\/p>\n<p><span data-contrast=\"auto\">K\u00e4sittely voidaan toistaa niin usein kuin on tarpeellista.\u00a0<\/span><span data-contrast=\"auto\">ACT-3000<\/span><span data-contrast=\"auto\">\u00a0on helppo<\/span><span data-contrast=\"auto\">k\u00e4ytt\u00f6inen\u00a0<\/span><span data-contrast=\"auto\">ja toimintakustannukset ovat matalat.\u00a0<\/span><span data-ccp-props=\"{&quot;201341983&quot;:0,&quot;335559738&quot;:240,&quot;335559739&quot;:160,&quot;335559740&quot;:259}\">\u00a0<\/span><\/p>\n<p><span data-contrast=\"auto\">ACT-3000\u00a0<\/span><span data-contrast=\"auto\">on\u00a0<\/span><span data-contrast=\"auto\">kehitetty<\/span><span data-contrast=\"auto\">\u00a0ja\u00a0<\/span><span data-contrast=\"auto\">valmistettu<\/span><span data-contrast=\"auto\">\u00a0Ruotsissa\u00a0<\/span><span data-contrast=\"auto\">Ozonetechin<\/span><span data-contrast=\"auto\">\u00a0toimesta. Meid\u00e4n r\u00e4\u00e4t\u00e4l\u00f6ityj\u00e4mme ilman- ja vedenk\u00e4sittelyratkaisuja k\u00e4ytet\u00e4\u00e4n maailmalla laajasti eri teollisuuden muodoissa, kuten j\u00e4teveden k\u00e4sittelyss\u00e4, l\u00e4\u00e4keteollisuudessa, panimoissa, kasvihuoneissa ja kauppakeskuksissa. Olemme nopeasti kasvava ja useasti palkittu ymp\u00e4rist\u00f6palvelualan yritys.<\/span><\/p>\n<p><em>ACT-3000 malli on kehitetty ammattipuhdistukseen ja teollisuuden desinfiointiin, palvelusektorin k\u00e4ytt\u00f6\u00f6n ja kunnalliselle puolelle.<\/em><\/p>\n\n                            <\/div>\n            <div class=\"col-md-6 text-center\">\n                                    <img loading=\"lazy\" decoding=\"async\" width=\"1153\" height=\"1132\" src=\"https:\/\/ozonetech.com\/wp-content\/uploads\/2021\/02\/Ozonetech-ACT-3000-5.png\" class=\"attachment-full size-full\" alt=\"\" srcset=\"https:\/\/ozonetech.com\/wp-content\/uploads\/2021\/02\/Ozonetech-ACT-3000-5.png 1153w, https:\/\/ozonetech.com\/wp-content\/uploads\/2021\/02\/Ozonetech-ACT-3000-5-300x295.png 300w, https:\/\/ozonetech.com\/wp-content\/uploads\/2021\/02\/Ozonetech-ACT-3000-5-1024x1005.png 1024w, https:\/\/ozonetech.com\/wp-content\/uploads\/2021\/02\/Ozonetech-ACT-3000-5-768x754.png 768w\" sizes=\"auto, (max-width: 1153px) 100vw, 1153px\" \/>                \n                <a href='https:\/\/ozonetech.com\/fi\/tuotteet\/otsonigeneraattorit\/act-sarja\/' class='btn' target=''>Pyyd\u00e4 tarjous<\/a>            <\/div>\n        <\/div>\n    <\/div>\n<\/section>\n\n\n\n<section\n    id=\"\"\n    class=\"block content-block\"\n\tstyle=\"--cb-bg: #e6e6e6; --cb-content: #000; padding-top: 30px; padding-bottom: 30px;\"\n>\n    \n\n<div class=\"container-fluid editor_content content content--narrow\">\n    <div class=\"row\">\n        <div class=\"col-12 editor_content\">\n            <h4><span class=\"TextRun SCXW248731028 BCX4\" lang=\"FI-FI\" xml:lang=\"FI-FI\" data-contrast=\"auto\"><span class=\"NormalTextRun SCXW248731028 BCX4\">Helppo k\u00e4sittely, tee n\u00e4in<\/span><\/span><span class=\"EOP SCXW248731028 BCX4\" data-ccp-props=\"{&quot;201341983&quot;:0,&quot;335559739&quot;:160,&quot;335559740&quot;:259}\">\u00a0<\/span><\/h4>\n<ol>\n<li data-leveltext=\"%1.\" data-font=\"Calibri\" data-listid=\"1\" aria-setsize=\"-1\" data-aria-posinset=\"1\" data-aria-level=\"1\"><span data-contrast=\"auto\">Sijoita ACT-3000 huoneeseen, mieluummin yl\u00e4tasolle<\/span><span data-ccp-props=\"{&quot;134233279&quot;:true,&quot;201341983&quot;:0,&quot;335559739&quot;:160,&quot;335559740&quot;:259}\">\u00a0<\/span><\/li>\n<li data-leveltext=\"%1.\" data-font=\"Calibri\" data-listid=\"1\" aria-setsize=\"-1\" data-aria-posinset=\"1\" data-aria-level=\"1\"><span data-contrast=\"auto\">Sulje ovet ja ikkunat<\/span><span data-ccp-props=\"{&quot;134233279&quot;:true,&quot;201341983&quot;:0,&quot;335559739&quot;:160,&quot;335559740&quot;:259}\">\u00a0<\/span><\/li>\n<li data-leveltext=\"%1.\" data-font=\"Calibri\" data-listid=\"1\" aria-setsize=\"-1\" data-aria-posinset=\"1\" data-aria-level=\"1\"><span data-contrast=\"auto\">Kiinnit\u00e4 ACT-3000 virtasy\u00f6tt\u00f6\u00f6n\u00a0<\/span><span data-ccp-props=\"{&quot;134233279&quot;:true,&quot;201341983&quot;:0,&quot;335559739&quot;:160,&quot;335559740&quot;:259}\">\u00a0<\/span><\/li>\n<li data-leveltext=\"%1.\" data-font=\"Calibri\" data-listid=\"1\" aria-setsize=\"-1\" data-aria-posinset=\"1\" data-aria-level=\"1\"><span data-contrast=\"auto\">Valitse otsonin tuotannon taso 1-100%<\/span><span data-ccp-props=\"{&quot;134233279&quot;:true,&quot;201341983&quot;:0,&quot;335559739&quot;:160,&quot;335559740&quot;:259}\">\u00a0<\/span><\/li>\n<li data-leveltext=\"%1.\" data-font=\"Calibri\" data-listid=\"1\" aria-setsize=\"-1\" data-aria-posinset=\"1\" data-aria-level=\"1\"><span data-contrast=\"auto\">J\u00e4t\u00e4 huoneeseen ja sulje ovi<\/span><span data-ccp-props=\"{&quot;134233279&quot;:true,&quot;201341983&quot;:0,&quot;335559739&quot;:160,&quot;335559740&quot;:259}\">\u00a0<\/span><\/li>\n<li data-leveltext=\"%1.\" data-font=\"Calibri\" data-listid=\"1\" aria-setsize=\"-1\" data-aria-posinset=\"1\" data-aria-level=\"1\"><span data-contrast=\"auto\">P\u00e4\u00e4t\u00e4t itse kuinka pitk\u00e4\u00e4 k\u00e4sittely kest\u00e4\u00e4<\/span><span data-ccp-props=\"{&quot;134233279&quot;:true,&quot;201341983&quot;:0,&quot;335559739&quot;:160,&quot;335559740&quot;:259}\">\u00a0<\/span><\/li>\n<li data-leveltext=\"%1.\" data-font=\"Calibri\" data-listid=\"1\" aria-setsize=\"-1\" data-aria-posinset=\"1\" data-aria-level=\"1\"><span data-contrast=\"auto\">Kun haluat lopettaa k\u00e4sittelyn, astu huoneeseen ja sammuta otsonigeneraattori. Avaa ikkuna poistaakseen otsonin nopeammin. Astu ulos huoneesta ja sulje ovi, jotta loppu otsoni hapettuu<\/span><span data-ccp-props=\"{&quot;134233279&quot;:true,&quot;201341983&quot;:0,&quot;335559739&quot;:160,&quot;335559740&quot;:259}\">\u00a0<\/span><\/li>\n<li data-leveltext=\"%1.\" data-font=\"Calibri\" data-listid=\"1\" aria-setsize=\"-1\" data-aria-posinset=\"1\" data-aria-level=\"1\"><span data-contrast=\"auto\">Vinkki: On k\u00e4yt\u00e4nn\u00f6llist\u00e4 m\u00e4\u00e4ritt\u00e4\u00e4 k\u00e4sittelyaika pistorasiaan asennettavalla ajastimella<\/span><span data-ccp-props=\"{&quot;134233279&quot;:true,&quot;201341983&quot;:0,&quot;335559739&quot;:160,&quot;335559740&quot;:259}\">\u00a0<\/span><\/li>\n<\/ol>\n        <\/div>\n    <\/div>\n<\/div>\n\n<\/section>\n","protected":false},"excerpt":{"rendered":"","protected":false},"author":21,"featured_media":0,"parent":14796,"menu_order":0,"comment_status":"closed","ping_status":"closed","template":"","meta":{"_acf_changed":false,"_seopress_robots_primary_cat":"","_seopress_titles_title":"","_seopress_titles_desc":"Otsoni poistaa hajut hotellihuoneista, lis\u00e4ksi se v\u00e4hent\u00e4\u00e4 mattojen, verhojen ja muiden tekstiilien pesun tarvetta","_seopress_robots_index":"","inline_featured_image":false,"footnotes":""},"class_list":["post-11228","page","type-page","status-publish","hentry"],"acf":[],"_links":{"self":[{"href":"https:\/\/ozonetech.com\/fi\/wp-json\/wp\/v2\/pages\/11228","targetHints":{"allow":["GET"]}}],"collection":[{"href":"https:\/\/ozonetech.com\/fi\/wp-json\/wp\/v2\/pages"}],"about":[{"href":"https:\/\/ozonetech.com\/fi\/wp-json\/wp\/v2\/types\/page"}],"author":[{"embeddable":true,"href":"https:\/\/ozonetech.com\/fi\/wp-json\/wp\/v2\/users\/21"}],"replies":[{"embeddable":true,"href":"https:\/\/ozonetech.com\/fi\/wp-json\/wp\/v2\/comments?post=11228"}],"version-history":[{"count":33,"href":"https:\/\/ozonetech.com\/fi\/wp-json\/wp\/v2\/pages\/11228\/revisions"}],"predecessor-version":[{"id":41633,"href":"https:\/\/ozonetech.com\/fi\/wp-json\/wp\/v2\/pages\/11228\/revisions\/41633"}],"up":[{"embeddable":true,"href":"https:\/\/ozonetech.com\/fi\/wp-json\/wp\/v2\/pages\/14796"}],"wp:attachment":[{"href":"https:\/\/ozonetech.com\/fi\/wp-json\/wp\/v2\/media?parent=11228"}],"curies":[{"name":"wp","href":"https:\/\/api.w.org\/{rel}","templated":true}]}}