{"id":11195,"date":"2020-06-26T14:09:19","date_gmt":"2020-06-26T14:09:19","guid":{"rendered":"https:\/\/ozonetech.com\/business-areas-odor-sanitation-digester-chamber\/"},"modified":"2024-10-10T10:42:08","modified_gmt":"2024-10-10T08:42:08","slug":"madatyssailioiden-hajuongelmat","status":"publish","type":"page","link":"https:\/\/ozonetech.com\/fi\/sovellukset\/hajut-ja-desinfiointi\/madatyssailioiden-hajuongelmat\/","title":{"rendered":"M\u00e4d\u00e4tyss\u00e4ili\u00f6iden hajuongelmat"},"content":{"rendered":"\n<section\n    class=\"block hero hero--regular\"\n    style=\"background-image: url('https:\/\/ozonetech.com\/wp-content\/uploads\/2021\/02\/digester-chamber-3-1600x484.jpg'); --hero-opacity: 0.2\"\n>\n\n    <div class=\"container-fluid\">\n\n        <div class=\"content editor_content\">\n                         \n                <h2 class='h2'>M\u00e4d\u00e4tyss\u00e4ili\u00f6iden hajuongelmat<\/h2>            \n                    <\/div>\n\n            <\/div>\n<\/section>\n\n\n<section class=\"component component_breadcrumbs\">\n\t<div class=\"container-fluid\">\n  \t<\/div>\n<\/section>\n\n\n<section\n    id=\"\"\n    class=\"block content-block\"\n\tstyle=\"--cb-bg: white; --cb-content: #000; padding-top: 30px; padding-bottom: 30px;\"\n>\n    \n\n<div class=\"container-fluid editor_content content content--narrow\">\n    <div class=\"row\">\n        <div class=\"col-12 editor_content\">\n            <h1>M\u00e4d\u00e4tyss\u00e4ili\u00f6iden tehokas hajujen hallinta<\/h1>\n<p class=\"preamble\"><span class=\"TextRun SCXW39652635 BCX4\" lang=\"FI-FI\" xml:lang=\"FI-FI\" data-contrast=\"auto\"><span class=\"NormalTextRun SCXW39652635 BCX4\">Anaerobisessa hajoamisprosessissa m\u00e4d\u00e4tyss\u00e4ili\u00f6iss\u00e4 oleva liete pilkkoutuu mikro-organismien toimesta. Prosessissa syntyy biokaasua, mutta my\u00f6s hajua aiheuttavia yhdisteit\u00e4, kuten rikkivety\u00e4. <\/span><\/span><\/p>\n<p><span class=\"TextRun SCXW39652635 BCX4\" lang=\"FI-FI\" xml:lang=\"FI-FI\" data-contrast=\"auto\"><span class=\"NormalTextRun SCXW39652635 BCX4\">ACT-3000 avulla voidaan<\/span><\/span><span class=\"TextRun SCXW39652635 BCX4\" lang=\"FI-FI\" xml:lang=\"FI-FI\" data-contrast=\"auto\"><span class=\"NormalTextRun SCXW39652635 BCX4\"> hajottaa<\/span><\/span> <span class=\"TextRun SCXW39652635 BCX4\" lang=\"FI-FI\" xml:lang=\"FI-FI\" data-contrast=\"auto\"><span class=\"NormalTextRun SCXW39652635 BCX4\">pienien m\u00e4d\u00e4tyss\u00e4ili\u00f6iden pahan<\/span><\/span><span class=\"TextRun SCXW39652635 BCX4\" lang=\"FI-FI\" xml:lang=\"FI-FI\" data-contrast=\"auto\"><span class=\"NormalTextRun SCXW39652635 BCX4\">haju<\/span><\/span><span class=\"TextRun SCXW39652635 BCX4\" lang=\"FI-FI\" xml:lang=\"FI-FI\" data-contrast=\"auto\"><span class=\"NormalTextRun SCXW39652635 BCX4\">iset<\/span><\/span><span class=\"TextRun SCXW39652635 BCX4\" lang=\"FI-FI\" xml:lang=\"FI-FI\" data-contrast=\"auto\"><span class=\"NormalTextRun SCXW39652635 BCX4\"> yhdisteet. <\/span><\/span><span class=\"TextRun SCXW39652635 BCX4\" lang=\"FI-FI\" xml:lang=\"FI-FI\" data-contrast=\"auto\"><span class=\"NormalTextRun SCXW39652635 BCX4\">ACT-3000P mallissa olevan letkun avulla <\/span><\/span><span class=\"TextRun SCXW39652635 BCX4\" lang=\"FI-FI\" xml:lang=\"FI-FI\" data-contrast=\"auto\"><span class=\"NormalTextRun SCXW39652635 BCX4\">pystyt\u00e4\u00e4n<\/span><\/span> <span class=\"TextRun SCXW39652635 BCX4\" lang=\"FI-FI\" xml:lang=\"FI-FI\" data-contrast=\"auto\"><span class=\"NormalTextRun SCXW39652635 BCX4\">ohjaamaan <\/span><\/span><span class=\"TextRun SCXW39652635 BCX4\" lang=\"FI-FI\" xml:lang=\"FI-FI\" data-contrast=\"auto\"><span class=\"NormalTextRun SCXW39652635 BCX4\">otsoni suoraan m\u00e4d\u00e4tyss\u00e4ili\u00f6<\/span><\/span><span class=\"TextRun SCXW39652635 BCX4\" lang=\"FI-FI\" xml:lang=\"FI-FI\" data-contrast=\"auto\"><span class=\"NormalTextRun SCXW39652635 BCX4\">n sis\u00e4lle<\/span><\/span><span class=\"TextRun SCXW39652635 BCX4\" lang=\"FI-FI\" xml:lang=\"FI-FI\" data-contrast=\"auto\"><span class=\"NormalTextRun SCXW39652635 BCX4\"> prosessin ajaksi. Teollisen mittakaavan biokaasulaitoksiin suosittelemme tehokkaita <\/span><\/span><a href=\"https:\/\/ozonetech.com\/fi\/ratkaisut-jarjestelmat\/ilmankasittely\/rena-pro-otsonijarjestelmat\/\"><strong><span class=\"TextRun SCXW39652635 BCX4\" lang=\"FI-FI\" xml:lang=\"FI-FI\" data-contrast=\"auto\"><span class=\"NormalTextRun SCXW39652635 BCX4\">RENA Pro <\/span><\/span><\/strong><\/a><span class=\"TextRun SCXW39652635 BCX4\" lang=\"FI-FI\" xml:lang=\"FI-FI\" data-contrast=\"auto\"><span class=\"NormalTextRun SCXW39652635 BCX4\">otsonij\u00e4rjestelmi\u00e4.\u00a0<\/span><\/span><\/p>\n        <\/div>\n    <\/div>\n<\/div>\n\n<\/section>\n\n\n\n<section class=\"block product-block\" style=\"--bg: white; --tc: #000000; --button-bg: #299f23; --button-tc: #ffffff; --button-hover-bg: transparent; --button-hover-tc: #299f23;\" >\n    <div class=\"container-fluid\">\n        <div class=\"row justify-content-center top\">\n            <div class=\"col-md-12 editor_content\">\n                                            <\/div>\n        <\/div>\n        <div class=\"row justify-content-center bottom\">\n            <div class=\"col-md-6 editor_content\">\n                <h3><span class=\"TextRun SCXW248286389 BCX4\" lang=\"FI-FI\" xml:lang=\"FI-FI\" data-contrast=\"auto\"><span class=\"NormalTextRun SCXW248286389 BCX4\">Otsonipuhdistus ACT-3000\/ACT-3000P avulla<\/span><\/span><span class=\"EOP SCXW248286389 BCX4\" data-ccp-props=\"{&quot;201341983&quot;:0,&quot;335559738&quot;:240,&quot;335559739&quot;:160,&quot;335559740&quot;:259}\">\u00a0<\/span><\/h3>\n<p><span data-contrast=\"auto\">K\u00e4sittelyyn<\/span><span data-contrast=\"auto\">\u00a0tarvittavan otsonin m\u00e4\u00e4r\u00e4<\/span>\u00a0<span data-contrast=\"auto\">riippuu m\u00e4d\u00e4tyss\u00e4ili\u00f6n tilavuudesta, muodostuneen rikkivedyn pitoisuudesta sek\u00e4 tuotantoprosessin kestosta. K\u00e4sittely voi olla jatkuvaa tai se voidaan k\u00e4ynnist\u00e4\u00e4 tarpeen vaatiessa. Otsonigeneraattori<\/span><span data-contrast=\"auto\">\u00a0on helppok\u00e4ytt\u00f6inen<\/span>\u00a0<span data-contrast=\"auto\">ja toimintakustannukset<\/span><span data-contrast=\"auto\">\u00a0ovat matalat.\u00a0<\/span><span data-ccp-props=\"{&quot;201341983&quot;:0,&quot;335559738&quot;:240,&quot;335559739&quot;:160,&quot;335559740&quot;:259}\">\u00a0<\/span><\/p>\n<p><span data-contrast=\"auto\">ACT-3000 ja ACT-3000P tuotetaan ja valmistetaan Ruotsissa\u00a0<\/span><span data-contrast=\"auto\">Ozonetechin<\/span><span data-contrast=\"auto\">\u00a0toimesta. Meid\u00e4n r\u00e4\u00e4t\u00e4l\u00f6ityj\u00e4mme ilman- ja vedenk\u00e4sittelyratkaisuja k\u00e4ytet\u00e4\u00e4n maailmalla laajasti eri teollisuuden muodoissa, kuten j\u00e4teveden k\u00e4sittelyss\u00e4, l\u00e4\u00e4keteollisuudessa, panimoissa, kasvihuoneissa ja kauppakeskuksissa. Olemme nopeasti kasvava ja useasti palkittu ymp\u00e4rist\u00f6palvelualan yritys.\u00a0<\/span><span data-ccp-props=\"{&quot;201341983&quot;:0,&quot;335559738&quot;:240,&quot;335559739&quot;:160,&quot;335559740&quot;:259}\">\u00a0<\/span><\/p>\n<p><em>ACT-3000 ja ACT-3000P mallit ovat kehitetty ammattipuhdistukseen ja teollisuuden desinfiointiin, palvelusektorin k\u00e4ytt\u00f6\u00f6n ja kunnalliselle puolelle.<\/em><\/p>\n\n                            <\/div>\n            <div class=\"col-md-6 text-center\">\n                                    <img loading=\"lazy\" decoding=\"async\" width=\"1153\" height=\"1132\" src=\"https:\/\/ozonetech.com\/wp-content\/uploads\/2021\/02\/Ozonetech-ACT-3000-5.png\" class=\"attachment-full size-full\" alt=\"\" srcset=\"https:\/\/ozonetech.com\/wp-content\/uploads\/2021\/02\/Ozonetech-ACT-3000-5.png 1153w, https:\/\/ozonetech.com\/wp-content\/uploads\/2021\/02\/Ozonetech-ACT-3000-5-300x295.png 300w, https:\/\/ozonetech.com\/wp-content\/uploads\/2021\/02\/Ozonetech-ACT-3000-5-1024x1005.png 1024w, https:\/\/ozonetech.com\/wp-content\/uploads\/2021\/02\/Ozonetech-ACT-3000-5-768x754.png 768w\" sizes=\"auto, (max-width: 1153px) 100vw, 1153px\" \/>                \n                <a href='https:\/\/ozonetech.com\/fi\/tuotteet\/otsonigeneraattorit\/act-sarja\/' class='btn' target=''>Pyyd\u00e4 tarjous<\/a>            <\/div>\n        <\/div>\n    <\/div>\n<\/section>\n\n\n\n<section\n    id=\"\"\n    class=\"block content-block\"\n\tstyle=\"--cb-bg: #e6e6e6; --cb-content: #000; padding-top: 30px; padding-bottom: 30px;\"\n>\n    \n\n<div class=\"container-fluid editor_content content content--narrow\">\n    <div class=\"row\">\n        <div class=\"col-12 editor_content\">\n            <h4><span class=\"TextRun SCXW139641368 BCX4\" lang=\"FI-FI\" xml:lang=\"FI-FI\" data-contrast=\"auto\"><span class=\"NormalTextRun SCXW139641368 BCX4\">Helppo k\u00e4sittely, tee n\u00e4in<\/span><\/span><span class=\"EOP SCXW139641368 BCX4\" data-ccp-props=\"{&quot;201341983&quot;:0,&quot;335559738&quot;:240,&quot;335559739&quot;:160,&quot;335559740&quot;:259}\">\u00a0<\/span><\/h4>\n<ol>\n<li data-leveltext=\"%1.\" data-font=\"Calibri\" data-listid=\"1\" aria-setsize=\"-1\" data-aria-posinset=\"1\" data-aria-level=\"1\"><span data-contrast=\"auto\">Aseta ACT-3000\/ACT-3000P sein\u00e4kiinnikkeeseen<\/span><span data-ccp-props=\"{&quot;134233279&quot;:true,&quot;201341983&quot;:0,&quot;335559738&quot;:240,&quot;335559739&quot;:160,&quot;335559740&quot;:259}\">\u00a0<\/span><\/li>\n<li data-leveltext=\"%1.\" data-font=\"Calibri\" data-listid=\"1\" aria-setsize=\"-1\" data-aria-posinset=\"1\" data-aria-level=\"1\"><span data-contrast=\"auto\">Sulje ovet ja ikkunat\/ohjaa putki m\u00e4d\u00e4tyss\u00e4ili\u00f6\u00f6n<\/span><span data-ccp-props=\"{&quot;134233279&quot;:true,&quot;201341983&quot;:0,&quot;335559738&quot;:240,&quot;335559739&quot;:160,&quot;335559740&quot;:259}\">\u00a0<\/span><\/li>\n<li data-leveltext=\"%1.\" data-font=\"Calibri\" data-listid=\"1\" aria-setsize=\"-1\" data-aria-posinset=\"1\" data-aria-level=\"1\"><span data-contrast=\"auto\">Valitse otsonituotannon taso 1-100%<\/span><span data-ccp-props=\"{&quot;134233279&quot;:true,&quot;201341983&quot;:0,&quot;335559738&quot;:240,&quot;335559739&quot;:160,&quot;335559740&quot;:259}\">\u00a0<\/span><\/li>\n<li data-leveltext=\"%1.\" data-font=\"Calibri\" data-listid=\"1\" aria-setsize=\"-1\" data-aria-posinset=\"1\" data-aria-level=\"1\"><span data-contrast=\"auto\">Tuotanto py\u00f6rii yleens\u00e4 kellon ymp\u00e4ri<\/span><span data-ccp-props=\"{&quot;134233279&quot;:true,&quot;201341983&quot;:0,&quot;335559738&quot;:240,&quot;335559739&quot;:160,&quot;335559740&quot;:259}\">\u00a0<\/span><\/li>\n<li data-leveltext=\"%1.\" data-font=\"Calibri\" data-listid=\"1\" aria-setsize=\"-1\" data-aria-posinset=\"1\" data-aria-level=\"1\"><span data-contrast=\"auto\">S\u00e4\u00e4d\u00e4 otsonin tuotantoa tarvittaessa<\/span><span data-ccp-props=\"{&quot;134233279&quot;:true,&quot;201341983&quot;:0,&quot;335559738&quot;:240,&quot;335559739&quot;:160,&quot;335559740&quot;:259}\">\u00a0<\/span><\/li>\n<\/ol>\n        <\/div>\n    <\/div>\n<\/div>\n\n<\/section>\n","protected":false},"excerpt":{"rendered":"","protected":false},"author":21,"featured_media":0,"parent":14796,"menu_order":0,"comment_status":"closed","ping_status":"closed","template":"","meta":{"_acf_changed":false,"_seopress_robots_primary_cat":"","_seopress_titles_title":"","_seopress_titles_desc":"ACT-3000 otsonigeneraattorilla voidaan hajottaa ep\u00e4miellytt\u00e4v\u00e4n hajuista rikkivety\u00e4.","_seopress_robots_index":"","inline_featured_image":false,"footnotes":""},"class_list":["post-11195","page","type-page","status-publish","hentry"],"acf":[],"_links":{"self":[{"href":"https:\/\/ozonetech.com\/fi\/wp-json\/wp\/v2\/pages\/11195","targetHints":{"allow":["GET"]}}],"collection":[{"href":"https:\/\/ozonetech.com\/fi\/wp-json\/wp\/v2\/pages"}],"about":[{"href":"https:\/\/ozonetech.com\/fi\/wp-json\/wp\/v2\/types\/page"}],"author":[{"embeddable":true,"href":"https:\/\/ozonetech.com\/fi\/wp-json\/wp\/v2\/users\/21"}],"replies":[{"embeddable":true,"href":"https:\/\/ozonetech.com\/fi\/wp-json\/wp\/v2\/comments?post=11195"}],"version-history":[{"count":34,"href":"https:\/\/ozonetech.com\/fi\/wp-json\/wp\/v2\/pages\/11195\/revisions"}],"predecessor-version":[{"id":40689,"href":"https:\/\/ozonetech.com\/fi\/wp-json\/wp\/v2\/pages\/11195\/revisions\/40689"}],"up":[{"embeddable":true,"href":"https:\/\/ozonetech.com\/fi\/wp-json\/wp\/v2\/pages\/14796"}],"wp:attachment":[{"href":"https:\/\/ozonetech.com\/fi\/wp-json\/wp\/v2\/media?parent=11195"}],"curies":[{"name":"wp","href":"https:\/\/api.w.org\/{rel}","templated":true}]}}