{"id":11172,"date":"2020-06-24T08:50:55","date_gmt":"2020-06-24T08:50:55","guid":{"rendered":"https:\/\/ozonetech.com\/business-areas-water-treatment-_-car-washes\/"},"modified":"2024-10-22T08:47:59","modified_gmt":"2024-10-22T06:47:59","slug":"autojen-pesu","status":"publish","type":"page","link":"https:\/\/ozonetech.com\/fi\/sovellukset\/vedenkasittely-hakemukset\/autojen-pesu\/","title":{"rendered":"Autojen pesu"},"content":{"rendered":"\n<section\n    class=\"block hero hero--regular\"\n    style=\"background-image: url('https:\/\/ozonetech.com\/wp-content\/uploads\/2024\/10\/car-washes-1.png'); --hero-opacity: 0.2\"\n>\n\n    <div class=\"container-fluid\">\n\n        <div class=\"content editor_content\">\n                         \n                <h2 class='h2'>Autojen pesu<\/h2>            \n                    <\/div>\n\n            <\/div>\n<\/section>\n\n\n<section class=\"component component_breadcrumbs\">\n\t<div class=\"container-fluid\">\n  \t<\/div>\n<\/section>\n\n\n<section\n    id=\"\"\n    class=\"block content-block\"\n\tstyle=\"--cb-bg: white; --cb-content: #000; padding-top: 30px; padding-bottom: 30px;\"\n>\n    \n\n<div class=\"container-fluid editor_content content content--narrow\">\n    <div class=\"row\">\n        <div class=\"col-12 editor_content\">\n            <h1>V\u00e4henn\u00e4 autopesuloiden kustannuksia ja kemikaalien k\u00e4ytt\u00f6\u00e4 veden kierr\u00e4tyksen aikana<\/h1>\n<p class=\"preamble\">Autojen pesuveden kierr\u00e4tys on nopeasti yleistym\u00e4ss\u00e4 johtuen sek\u00e4 taloudellisista ett\u00e4 ymp\u00e4rist\u00f6\u00e4 koskevista hy\u00f6dyist\u00e4. Vaarana ovat kuitenkin vedess\u00e4 olevat mikrobiologiset patogeenit.<\/p>\n<p>Pesuveden otsonik\u00e4sittelyll\u00e4 ratkaistaan ongelmat, jotka liittyv\u00e4t haitallisiin mikrobiologisiin patogeeneihin. K\u00e4ytt\u00e4m\u00e4ll\u00e4 otsonia veden desinfiointiin voidaan ongelmia aiheuttavat sienet, bakteerit ja virukset tappaa. T\u00e4m\u00e4 mahdollistaa veden tehokkaan kierr\u00e4tyksen, mik\u00e4 parantaa taloudellisuutta ja ymp\u00e4rist\u00f6tehokkuutta. Vaikka otsoni ei ole ainoa k\u00e4sittely, jolla vedenlaatua voidaan parantaa, se soveltuu autojen pesuun kaikkein parhaiten. Toisin kuin muilla kemiallisilla ratkaisuilla, kuten kloorilla, otsonilla ei ole haitallisia vaikutuksia autonkorin maaliin ja kromiosiin.<\/p>\n        <\/div>\n    <\/div>\n<\/div>\n\n<\/section>\n","protected":false},"excerpt":{"rendered":"","protected":false},"author":21,"featured_media":0,"parent":16988,"menu_order":0,"comment_status":"closed","ping_status":"closed","template":"","meta":{"_acf_changed":false,"_seopress_robots_primary_cat":"","_seopress_titles_title":"","_seopress_titles_desc":"Vedenkierr\u00e4tys autopesuloissa yleistyy nopeasti. Sen k\u00e4sitteleminen otsonilla ei vaikuta autojen maali- tai kromipintoihin.","_seopress_robots_index":"","inline_featured_image":false,"footnotes":""},"class_list":["post-11172","page","type-page","status-publish","hentry"],"acf":[],"_links":{"self":[{"href":"https:\/\/ozonetech.com\/fi\/wp-json\/wp\/v2\/pages\/11172","targetHints":{"allow":["GET"]}}],"collection":[{"href":"https:\/\/ozonetech.com\/fi\/wp-json\/wp\/v2\/pages"}],"about":[{"href":"https:\/\/ozonetech.com\/fi\/wp-json\/wp\/v2\/types\/page"}],"author":[{"embeddable":true,"href":"https:\/\/ozonetech.com\/fi\/wp-json\/wp\/v2\/users\/21"}],"replies":[{"embeddable":true,"href":"https:\/\/ozonetech.com\/fi\/wp-json\/wp\/v2\/comments?post=11172"}],"version-history":[{"count":26,"href":"https:\/\/ozonetech.com\/fi\/wp-json\/wp\/v2\/pages\/11172\/revisions"}],"predecessor-version":[{"id":41568,"href":"https:\/\/ozonetech.com\/fi\/wp-json\/wp\/v2\/pages\/11172\/revisions\/41568"}],"up":[{"embeddable":true,"href":"https:\/\/ozonetech.com\/fi\/wp-json\/wp\/v2\/pages\/16988"}],"wp:attachment":[{"href":"https:\/\/ozonetech.com\/fi\/wp-json\/wp\/v2\/media?parent=11172"}],"curies":[{"name":"wp","href":"https:\/\/api.w.org\/{rel}","templated":true}]}}