{"id":11147,"date":"2020-06-24T08:36:51","date_gmt":"2020-06-24T08:36:51","guid":{"rendered":"https:\/\/ozonetech.com\/business-areas-water-treatments-aquariums-water-tanks\/"},"modified":"2024-10-10T09:51:08","modified_gmt":"2024-10-10T07:51:08","slug":"akvaariot-ja-vesipuistot","status":"publish","type":"page","link":"https:\/\/ozonetech.com\/fi\/sovellukset\/vedenkasittely-hakemukset\/akvaariot-ja-vesipuistot\/","title":{"rendered":"Akvaariot ja vesipuistot"},"content":{"rendered":"\n<section\n    class=\"block hero hero--regular\"\n    style=\"background-image: url('https:\/\/ozonetech.com\/wp-content\/uploads\/2021\/02\/Aquarium-1600x484.jpg'); --hero-opacity: 0.2\"\n>\n\n    <div class=\"container-fluid\">\n\n        <div class=\"content editor_content\">\n                         \n                <h2 class='h2'>Akvaariot ja vesipuistot<\/h2>            \n                    <\/div>\n\n            <\/div>\n<\/section>\n\n\n<section class=\"component component_breadcrumbs\">\n\t<div class=\"container-fluid\">\n  \t<\/div>\n<\/section>\n\n\n<section\n    id=\"\"\n    class=\"block content-block\"\n\tstyle=\"--cb-bg: white; --cb-content: #000; padding-top: 30px; padding-bottom: 30px;\"\n>\n    \n\n<div class=\"container-fluid editor_content content content--narrow\">\n    <div class=\"row\">\n        <div class=\"col-12 editor_content\">\n            <h1>Tehokas ja kest\u00e4v\u00e4 ratkaisu akvaarioiden vedensuodatusongelmiin<\/h1>\n<p class=\"preamble\">Akvaarioiden otsonik\u00e4sittely tarjoaa ratkaisun moniin suodatusongelmiin, joita niiss\u00e4 esiintyy. Otsonik\u00e4sittelyll\u00e4 ei k\u00e4yt\u00e4nn\u00f6llisesti katsoen ole mit\u00e4\u00e4n haitallisia sivuvaikutuksia.<\/p>\n<p>Otsonin tehokas hapetuskyky tekee siit\u00e4 akvaarioihin soveltuvan. Se tappaa akvaarioissa esiintyv\u00e4t taudit, bakteerit, patogeenit, kuten sienet, virukset ja lev\u00e4organismit. Se pystyy tekem\u00e4\u00e4n t\u00e4m\u00e4n hyvin varhaisessa vaiheessa ennen kuin organismit ehtiv\u00e4t realisoitumaan lev\u00e4ongelmaksi. J\u00e4rjestelm\u00e4 vaatii hyvin v\u00e4h\u00e4n kunnossapitoa ja sen kunnossapitokustannukset ovat pienemm\u00e4t kuin muilla j\u00e4rjestelmill\u00e4. Yhdess\u00e4 t\u00e4m\u00e4 kaikki takaa sen, ett\u00e4 otsonij\u00e4rjestelm\u00e4 on tehokkaampi kuin mik\u00e4\u00e4n muu k\u00e4ytett\u00e4viss\u00e4 oleva k\u00e4sittelyj\u00e4rjestelm\u00e4.<\/p>\n        <\/div>\n    <\/div>\n<\/div>\n\n<\/section>\n","protected":false},"excerpt":{"rendered":"","protected":false},"author":21,"featured_media":0,"parent":16988,"menu_order":0,"comment_status":"closed","ping_status":"closed","template":"","meta":{"_acf_changed":false,"_seopress_robots_primary_cat":"","_seopress_titles_title":"","_seopress_titles_desc":"Otsonin voimakas hapettumiskyky on tehokas bakteereja ja akvaarioissa muodostuvia taudinaiheuttajia, kuten sieni\u00e4, viruksia ja levi\u00e4 vastaan.","_seopress_robots_index":"","inline_featured_image":false,"footnotes":""},"class_list":["post-11147","page","type-page","status-publish","hentry"],"acf":[],"_links":{"self":[{"href":"https:\/\/ozonetech.com\/fi\/wp-json\/wp\/v2\/pages\/11147","targetHints":{"allow":["GET"]}}],"collection":[{"href":"https:\/\/ozonetech.com\/fi\/wp-json\/wp\/v2\/pages"}],"about":[{"href":"https:\/\/ozonetech.com\/fi\/wp-json\/wp\/v2\/types\/page"}],"author":[{"embeddable":true,"href":"https:\/\/ozonetech.com\/fi\/wp-json\/wp\/v2\/users\/21"}],"replies":[{"embeddable":true,"href":"https:\/\/ozonetech.com\/fi\/wp-json\/wp\/v2\/comments?post=11147"}],"version-history":[{"count":18,"href":"https:\/\/ozonetech.com\/fi\/wp-json\/wp\/v2\/pages\/11147\/revisions"}],"predecessor-version":[{"id":40490,"href":"https:\/\/ozonetech.com\/fi\/wp-json\/wp\/v2\/pages\/11147\/revisions\/40490"}],"up":[{"embeddable":true,"href":"https:\/\/ozonetech.com\/fi\/wp-json\/wp\/v2\/pages\/16988"}],"wp:attachment":[{"href":"https:\/\/ozonetech.com\/fi\/wp-json\/wp\/v2\/media?parent=11147"}],"curies":[{"name":"wp","href":"https:\/\/api.w.org\/{rel}","templated":true}]}}