{"id":11130,"date":"2020-06-24T06:23:28","date_gmt":"2020-06-24T06:23:28","guid":{"rendered":"https:\/\/ozonetech.com\/business-areas-water-treatment-pfc-removal\/"},"modified":"2024-10-10T09:47:38","modified_gmt":"2024-10-10T07:47:38","slug":"pfc-yhdisteiden-poisto","status":"publish","type":"page","link":"https:\/\/ozonetech.com\/fi\/sovellukset\/vedenkasittely-hakemukset\/pfc-yhdisteiden-poisto\/","title":{"rendered":"PFC-yhdisteiden poisto"},"content":{"rendered":"\n<section\n    class=\"block hero hero--regular\"\n    style=\"background-image: url('https:\/\/ozonetech.com\/wp-content\/uploads\/2021\/02\/PFC-removal-1600x484.jpg'); --hero-opacity: 0.3\"\n>\n\n    <div class=\"container-fluid\">\n\n        <div class=\"content editor_content\">\n                         \n                <h2 class='h2'>PFC-yhdisteiden poisto<\/h2>            \n                    <\/div>\n\n            <\/div>\n<\/section>\n\n\n<section class=\"component component_breadcrumbs\">\n\t<div class=\"container-fluid\">\n  \t<\/div>\n<\/section>\n\n\n<section\n    id=\"\"\n    class=\"block content-block\"\n\tstyle=\"--cb-bg: #fff; --cb-content: #000; \"\n>\n    \n\n<div class=\"container-fluid editor_content content content--narrow\">\n    <div class=\"row\">\n        <div class=\"col-12 editor_content\">\n            <h1>Vaikeasti hajoavien saasteiden hajottaminen<\/h1>\n<p><img loading=\"lazy\" decoding=\"async\" class=\"aligncenter wp-image-19080 size-large\" src=\"https:\/\/ozonetech.com\/wp-content\/uploads\/2021\/02\/pfas-molecule-1-1024x368.png\" alt=\"\" width=\"1024\" height=\"368\" srcset=\"https:\/\/ozonetech.com\/wp-content\/uploads\/2021\/02\/pfas-molecule-1-1024x368.png 1024w, https:\/\/ozonetech.com\/wp-content\/uploads\/2021\/02\/pfas-molecule-1-300x108.png 300w, https:\/\/ozonetech.com\/wp-content\/uploads\/2021\/02\/pfas-molecule-1-768x276.png 768w, https:\/\/ozonetech.com\/wp-content\/uploads\/2021\/02\/pfas-molecule-1.png 1501w\" sizes=\"auto, (max-width: 1024px) 100vw, 1024px\" \/><\/p>\n<h3>Mit\u00e4 ovat PFC, PFAA, PFOS ja PFOA?<\/h3>\n<p>Perfluoratut yhdisteet (PFC), kuten perfluoratut alkyylihapot (PFAA), ovat erilaisia synteettisten kemiallisten rakenteiden ryhmi\u00e4, joilla on yksil\u00f6llisi\u00e4 ominaisuuksia, kuten l\u00e4mp\u00f6stabiilisuus ja kyky luoda sileit\u00e4 pintoja, jotka hylkiv\u00e4t vett\u00e4, \u00f6ljy\u00e4 ja likaa. T\u00e4m\u00e4 tekee PFC-yhdisteist\u00e4 hy\u00f6dyllisi\u00e4 monenlaisissa kuluttaja- ja teollisuustuotteissa, kuten s\u00e4il\u00f6nt\u00e4aineissa, voiteluaineissa, maaleissa, vaahdoissa, ruoan kypsennysastioissa, joissa on tarttumaton pinta, sek\u00e4 ruokapakkauksissa, vedenpit\u00e4viss\u00e4 vaatteissa, tekstiileille tarkoitetuissa tahroilta suojaavissa aineissa ja sammutusvaahdoissa. PFOA- ja PFOS-yhdisteet ovat tunnetuimpia yhdisteit\u00e4, jotka m\u00e4\u00e4ritet\u00e4\u00e4n yleens\u00e4 perfluoratuiksi molekyyleiksi, joissa on kahdeksan fluorattua hiilivetyatomia.<\/p>\n<h3>Uudet saasteet<\/h3>\n<p>Suuria PFC-m\u00e4\u00e4ri\u00e4 on tuotettu jo 1950-luvulta l\u00e4htien. Viime vuosina tuotanto on siirtynyt l\u00e4hemm\u00e4s lyhytketjuisia yhdisteit\u00e4 sek\u00e4 perfluorieetterikarboksyyli- ja sulfonihappoja, mik\u00e4 on jo havaittavissa ymp\u00e4rist\u00f6vesiss\u00e4. N\u00e4m\u00e4 yhdisteet edustavat kuitenkin vain murto-osan globaalisti markkinoiduista PFAS-yhdisteist\u00e4. Osa tuotannosta on jo korvattu joillakin muilla eritt\u00e4in fluoratuilla yhdisteill\u00e4, kuten fluoritelomeerialkoholeilla, jotka voivat hajota hitaasti PFOA-yhdisteiksi.<\/p>\n<p>PFC-yhdisteiden suuri tuotantom\u00e4\u00e4r\u00e4 on johtanut aineen laajamittaiseen levi\u00e4miseen ymp\u00e4rist\u00f6\u00f6n, erityisesti vesiin, joissa ne kulkeutuvat helpoiten. Kemikaalin vakaat ominaisuudet yhdistettyin\u00e4 PFC-yhdisteiden vesiliukoisuuteen ovat my\u00f6t\u00e4vaikuttaneet PFAS-yhdisteiden ilmenemiseen koko vesiymp\u00e4rist\u00f6ss\u00e4, kuten pintavesiss\u00e4, j\u00e4tevedess\u00e4 ja juomavedess\u00e4. PFOA:lla on negatiivisia vaikutuksia lis\u00e4\u00e4ntymiselimiin, ja sen ep\u00e4ill\u00e4\u00e4n olevan karsinogeenist\u00e4 ihmisille. Lis\u00e4ksi se on luokiteltu eritt\u00e4in hitaasti\u00a0hajoavaksi ja eritt\u00e4in voimakkaasti biokertyv\u00e4ksi (vPvB). Siksi se on EU:n erityist\u00e4 huolta aiheuttavien aineiden ehdokasluettelossa (Substances of Very High Concern).<\/p>\n<p>Yh\u00e4 useammat tiedeyhteis\u00f6n j\u00e4senet tunnustavat PFC-yhdisteet uusiksi ymp\u00e4rist\u00f6saasteiksi niiden kemiallisen stabiiliuden ja myrkyllisten vaikutusten vuoksi sek\u00e4 siksi, ett\u00e4 niit\u00e4 esiintyy kaikkialla ymp\u00e4rist\u00f6ss\u00e4, eli\u00f6st\u00f6ss\u00e4 ja ihmisiss\u00e4. N\u00e4iden kemikaalien suora altistusreitti ihmisiin on osittain ep\u00e4selv\u00e4, ja huoli PFC-yhdisteiden saastuttamista vesil\u00e4hteist\u00e4 on kasvanut dramaattisesti viime vuosina yleis\u00f6n keskuudessa ymp\u00e4ri maailman. Vesijohtovesi ja pullotettu vesi ovat kaksi potentiaalista PFC-yhdisteiden l\u00e4hdett\u00e4, mik\u00e4 selitt\u00e4\u00e4 osaksi niiden esiintyvyyden ihmisveress\u00e4.<\/p>\n<h3>PFC-Yhdisteiden k\u00e4sittely<\/h3>\n<p>Kemiallisesti eritt\u00e4in stabiilit PFC-yhdisteet vaikeuttavat aineen mahdollista hajotusprosessia. Eri menetelmi\u00e4 on tutkittu pyritt\u00e4ess\u00e4 hajottamaan ja\/tai poistamaan PFC-yhdisteit\u00e4 saastuneesta vedest\u00e4, ja siihen tarvitaan voimakkaiden hapetusaineiden k\u00e4ytt\u00f6\u00e4.<\/p>\n<p>Kun pyrit\u00e4\u00e4n saavuttamaan riitt\u00e4v\u00e4n korkea hapetuspotentiaali, vaaditaan yhdistelm\u00e4 erilaisia pitk\u00e4lle kehitettyj\u00e4 hapetustekniikoita (AOP), kuten esimerkiksi otsonin ja katalysoidun hydroksyylin muodostumista. T\u00e4t\u00e4 mutkistaa lis\u00e4ksi k\u00e4sitelt\u00e4v\u00e4n n\u00e4ytteen matriisi. Esimerkiksi vesi, jossa on runsaasti orgaanisia hiukkasia tai TOC-ainesta (Total Organic Content, orgaaninen kokonaispitoisuus), vaikeuttaa PFAA-yhdisteiden poistoa, koska\u00a0hapetusaineella on taipumusta reagoida ensisijaisesti v\u00e4hemm\u00e4n stabiilien orgaanisten yhdisteiden kanssa.<\/p>\n<p>On ymp\u00e4rist\u00f6llisesti ja sosiaalisesti t\u00e4rke\u00e4\u00e4, ett\u00e4 PFC-yhdisteet voidaan hajottaa ja poistaa tehokkaasti juomaveden k\u00e4sittelyss\u00e4.<\/p>\n<h3>Ratkaisu<\/h3>\n<p>PFC-yhdisteit\u00e4 voidaan v\u00e4hent\u00e4\u00e4, hajottaa tai poistaa kokonaan eri menetelmill\u00e4, kuten lueteltu alla, ja useissa tapauksissa eri menetelmien yhdistelm\u00e4 on paras ratkaisu ongelmaan.<\/p>\n        <\/div>\n    <\/div>\n<\/div>\n\n\n<div class=\"container-fluid editor_content content content--narrow\">\n    <div class=\"row\">\n        <div class=\"col-md-6\">\n            <h4>Hapetus<\/h4>\n<p>Vedess\u00e4 olevien PFC-yhdisteiden hajottamiseksi tarvitaan yleens\u00e4 &#8221;tavanomaista&#8221; vahvempia hapettimia.<\/p>\n<p>Eri hapettimia yhdist\u00e4vien pitk\u00e4lle kehittyneiden hapetustekniikoiden on todettu olevan tehokkaita, kun\u00a0k\u00e4ytet\u00e4\u00e4n sopivaa sekoitusmenetelm\u00e4\u00e4. Esimerkiksi otsonin ja vetyperoksidin (H<sub>2<\/sub>O<sub>2<\/sub>) ja\/tai erityisten katalyyttien yhdistelm\u00e4 nostaa hapetuspotentiaalia, mik\u00e4 mahdollistaa PFC-yhdisteiden hajottamisen.<\/p>\n        <\/div>\n        <div class=\"col-md-6\">\n            <h4>K\u00e4\u00e4nteisosmoosi<\/h4>\n<p>K\u00e4\u00e4nteisosmoosi (RO, reverse osmosis) on yksinkertainen ja perinteinen puhdistusmenetelm\u00e4, joka on jo k\u00e4yt\u00f6ss\u00e4 monissa j\u00e4tevedenk\u00e4sittelyj\u00e4rjestelmiss\u00e4.<\/p>\n<p>RENA RO -j\u00e4rjestelm\u00e4t voivat poistaa ep\u00e4puhtaudet\u00a0ennen veden toimittamista kyseisten kuntien kotitalouksiin. K\u00e4yt\u00f6ss\u00e4 oleva k\u00e4\u00e4nteisosmoositekniikka erottaa suolat tehokkaasti vedest\u00e4 ja tekee t\u00e4st\u00e4 menetelm\u00e4st\u00e4 soveltuvan PFAA-saasteiden v\u00e4hent\u00e4miseen juomavedess\u00e4.<\/p>\n<p>Ozonetech tarjoaa huipputason k\u00e4ytt\u00f6valmiita vedenk\u00e4sittelyj\u00e4rjestelmi\u00e4, jotka perustuvat omaan otsonitekniikkaamme sek\u00e4 itse kehitt\u00e4m\u00e4\u00e4mme AOP-tekniikkaan veden PFC-yhdisteiden hajottamiseksi ja poistamiseksi.<\/p>\n        <\/div>\n    <\/div>\n<\/div>\n\n<div class=\"container-fluid editor_content content content--narrow\">\n    <div class=\"row\">\n        <div class=\"col-12 editor_content\">\n            <h4>Pilottiprojekti<\/h4>\n<p>PFC-yhdisteiden v\u00e4hent\u00e4minen tai poistaminen on monimutkainen teht\u00e4v\u00e4, joka vaatii r\u00e4\u00e4t\u00e4l\u00f6idyn t\u00e4ysimittaisen j\u00e4rjestelm\u00e4n.<\/p>\n<p>Suunnitteluprosessi aloitetaan insin\u00f6\u00f6riemme pilottitutkimuksella, jonka tuloksena luodaan j\u00e4rjestelm\u00e4, johon sis\u00e4ltyy mahdollisia kriittisi\u00e4 parametrej\u00e4 ja parhaita mahdollisia tekniikoita (BAT) optimaalisen prosessisuunnitelman saavuttamiseksi. Useita pilottikokeita suorittamalla ja mukauttamalla v\u00e4hitellen j\u00e4rjestelm\u00e4n jokaista yksitt\u00e4ist\u00e4 parametri\u00e4,<br \/>\ninsin\u00f6\u00f6rimme m\u00e4\u00e4ritt\u00e4v\u00e4t t\u00e4ysimittaisen j\u00e4rjestelm\u00e4n optimaalisen mallin. Vedest\u00e4 otetaan n\u00e4ytteit\u00e4 koko pilottiprosessin ajan, ja tulosten vahvistamiseksi n\u00e4ytteet toimitetaan kolmannen osapuolen laboratorioon analysoitaviksi.<\/p>\n<p>Lue lis\u00e4\u00e4 pilottiprojekteista ja r\u00e4\u00e4t\u00e4l\u00f6idyist\u00e4 j\u00e4rjestelmist\u00e4 sek\u00e4 RENA Vitro -AOP-j\u00e4rjestelm\u00e4st\u00e4mme.<\/p>\n<h2 style=\"text-align: center;\"><img loading=\"lazy\" decoding=\"async\" class=\"alignnone size-large wp-image-19140\" src=\"https:\/\/ozonetech.com\/wp-content\/uploads\/2021\/02\/pilot-projects-1024x683.jpg\" alt=\"\" width=\"1024\" height=\"683\" srcset=\"https:\/\/ozonetech.com\/wp-content\/uploads\/2021\/02\/pilot-projects-1024x683.jpg 1024w, https:\/\/ozonetech.com\/wp-content\/uploads\/2021\/02\/pilot-projects-300x200.jpg 300w, https:\/\/ozonetech.com\/wp-content\/uploads\/2021\/02\/pilot-projects-768x512.jpg 768w, https:\/\/ozonetech.com\/wp-content\/uploads\/2021\/02\/pilot-projects.jpg 1500w\" sizes=\"auto, (max-width: 1024px) 100vw, 1024px\" \/><\/h2>\n        <\/div>\n    <\/div>\n<\/div>\n\n<\/section>\n\n\n\n<section class=\"block brochures\" style=\"--career-bgc: #5f5f5f; --career-c: #ffffff;\">\n    <div class=\"container-fluid\">\n\n        <h3 class='h3'>Lue lis\u00e4\u00e4<\/h3>\n                    <div class=\"brochures__list\">\n                                    <div class=\"brochures__list--item\">\n                                                    <a target=\"_blank\" href=\"https:\/\/ozonetech.com\/wp-content\/uploads\/2020\/12\/Brochure-Pilot-projects-and-tailored-industrial-water-treatment-systems-v1.1-EN-web.pdf\">\n                                <img loading=\"lazy\" decoding=\"async\" width=\"170\" height=\"240\" src=\"https:\/\/ozonetech.com\/wp-content\/uploads\/2021\/03\/tailored-wastewater-treatment-systems.jpg\" class=\"attachment-brochure size-brochure\" alt=\"\" \/>                            <\/a>\n                                            <\/div>\n                                    <div class=\"brochures__list--item\">\n                                                    <a target=\"_blank\" href=\"https:\/\/ozonetech.com\/wp-content\/uploads\/2020\/12\/Brochure-RENA-Pro-Ozone-Systems-v1.5-EN-web-1.pdf\">\n                                <img loading=\"lazy\" decoding=\"async\" width=\"169\" height=\"240\" src=\"https:\/\/ozonetech.com\/wp-content\/uploads\/2021\/03\/rena-pro-ozone-systems.jpg\" class=\"attachment-brochure size-brochure\" alt=\"\" \/>                            <\/a>\n                                            <\/div>\n                                    <div class=\"brochures__list--item\">\n                                                    <a target=\"_blank\" href=\"https:\/\/ozonetech.com\/wp-content\/uploads\/2020\/12\/Brochure-Pharmaceutical-residues-in-wastewater-v1.1-FI-web.pdf\">\n                                <img loading=\"lazy\" decoding=\"async\" width=\"169\" height=\"240\" src=\"https:\/\/ozonetech.com\/wp-content\/uploads\/2021\/03\/pharmaceutical-residues-fi-1.jpg\" class=\"attachment-brochure size-brochure\" alt=\"\" \/>                            <\/a>\n                                            <\/div>\n                                    <div class=\"brochures__list--item\">\n                                                    <a target=\"_blank\" href=\"https:\/\/ozonetech.com\/wp-content\/uploads\/2020\/12\/Brochure-RENA-Water-Treatment-Solutions-v1.3-FI.pdf\">\n                                <img loading=\"lazy\" decoding=\"async\" width=\"169\" height=\"240\" src=\"https:\/\/ozonetech.com\/wp-content\/uploads\/2021\/03\/rena-water-treatment-solutions-fi.jpg\" class=\"attachment-brochure size-brochure\" alt=\"\" \/>                            <\/a>\n                                            <\/div>\n                            <\/div>\n                \n        <div class=\"btn-container\">\n                    <\/div>\n    <\/div>\n<\/section>\n","protected":false},"excerpt":{"rendered":"","protected":false},"author":21,"featured_media":0,"parent":16988,"menu_order":0,"comment_status":"closed","ping_status":"closed","template":"","meta":{"_acf_changed":false,"_seopress_robots_primary_cat":"","_seopress_titles_title":"","_seopress_titles_desc":"PFC-yhdisteit\u00e4 voidaan v\u00e4hent\u00e4\u00e4, hajottaa tai poistaa kokonaan erilaisilla menetelmill\u00e4, kuten hapettamalla tai k\u00e4\u00e4nteisosmoosilla","_seopress_robots_index":"","inline_featured_image":false,"footnotes":""},"class_list":["post-11130","page","type-page","status-publish","hentry"],"acf":[],"_links":{"self":[{"href":"https:\/\/ozonetech.com\/fi\/wp-json\/wp\/v2\/pages\/11130","targetHints":{"allow":["GET"]}}],"collection":[{"href":"https:\/\/ozonetech.com\/fi\/wp-json\/wp\/v2\/pages"}],"about":[{"href":"https:\/\/ozonetech.com\/fi\/wp-json\/wp\/v2\/types\/page"}],"author":[{"embeddable":true,"href":"https:\/\/ozonetech.com\/fi\/wp-json\/wp\/v2\/users\/21"}],"replies":[{"embeddable":true,"href":"https:\/\/ozonetech.com\/fi\/wp-json\/wp\/v2\/comments?post=11130"}],"version-history":[{"count":98,"href":"https:\/\/ozonetech.com\/fi\/wp-json\/wp\/v2\/pages\/11130\/revisions"}],"predecessor-version":[{"id":40476,"href":"https:\/\/ozonetech.com\/fi\/wp-json\/wp\/v2\/pages\/11130\/revisions\/40476"}],"up":[{"embeddable":true,"href":"https:\/\/ozonetech.com\/fi\/wp-json\/wp\/v2\/pages\/16988"}],"wp:attachment":[{"href":"https:\/\/ozonetech.com\/fi\/wp-json\/wp\/v2\/media?parent=11130"}],"curies":[{"name":"wp","href":"https:\/\/api.w.org\/{rel}","templated":true}]}}