{"id":11118,"date":"2020-06-24T06:10:46","date_gmt":"2020-06-24T06:10:46","guid":{"rendered":"https:\/\/ozonetech.com\/business-areas-water-treatment-ozone-water-disinfection\/"},"modified":"2024-10-10T09:44:56","modified_gmt":"2024-10-10T07:44:56","slug":"veden-desinfiointi-otsonilla","status":"publish","type":"page","link":"https:\/\/ozonetech.com\/fi\/sovellukset\/vedenkasittely-hakemukset\/veden-desinfiointi-otsonilla\/","title":{"rendered":"Veden desinfiointi otsonilla"},"content":{"rendered":"\n<section\n    class=\"block hero hero--regular\"\n    style=\"background-image: url('https:\/\/ozonetech.com\/wp-content\/uploads\/2021\/03\/ozone-water-disinfection-1600x484.jpg'); --hero-opacity: 0.2\"\n>\n\n    <div class=\"container-fluid\">\n\n        <div class=\"content editor_content\">\n                         \n                <h2 class='h2'>Veden desinfiointi otsonilla<\/h2>            \n                    <\/div>\n\n            <\/div>\n<\/section>\n\n\n<section class=\"component component_breadcrumbs\">\n\t<div class=\"container-fluid\">\n  \t<\/div>\n<\/section>\n\n\n<section\n    id=\"\"\n    class=\"block content-block\"\n\tstyle=\"--cb-bg: #fff; --cb-content: #000; \"\n>\n    \n\n<div class=\"container-fluid editor_content content content--narrow\">\n    <div class=\"row\">\n        <div class=\"col-12 editor_content\">\n            <h1>Tehokkain tapa k\u00e4sitell\u00e4 vett\u00e4 poistaen samalla taudinaiheuttajat ja ep\u00e4puhtaudet<\/h1>\n<p class=\"preamble\">Ozonetech tarjoaa huippuluokan desinfiointitekniikkaa. Suunnittelemme ja valmistamme itse kaikki otsonij\u00e4rjestelm\u00e4t. Otsonij\u00e4rjestelm\u00e4 voidaan asentaa suoraan olemassa olevan vedenk\u00e4sittelyj\u00e4rjestelm\u00e4n sivuvirtaan tai linjaan. Ozonetech tarjoaa my\u00f6s t\u00e4ydellisi\u00e4 vedenk\u00e4sittelyj\u00e4rjestelmi\u00e4. T\u00e4st\u00e4 syyst\u00e4 meill\u00e4 on kokemusta my\u00f6s vakiintuneista tekniikoista, kuten UV-k\u00e4sittelyst\u00e4 ja kloorauksesta. Seuraavissa osioissa selvitet\u00e4\u00e4n veden desinfioinnin perusasioita, jotta on helpompi valita paras mahdollinen tekniikka eri tilanteisiin.<\/p>\n        <\/div>\n    <\/div>\n<\/div>\n\n\n<div class=\"container-fluid editor_content content content--narrow\">\n    <div class=\"row\">\n        <div class=\"col-md-6\">\n            <h3>Otsonin hy\u00f6dyt veden desinfioinnissa<\/h3>\n<p>Veden desinfiointi otsonilla on kannattavaa verrattuna perinteisiin tapoihin, kuten klooriin tai UV-desinfiointiin. Otsoni on tehokkaampi virusten ja bakteerien deaktivoinnissa kuin mik\u00e4\u00e4n muu desinfiointik\u00e4sittely, ja se vaatii vain lyhyen kosketusajan, joten kokonaisk\u00e4sittelyaika lyhenee. Otsoni ei my\u00f6sk\u00e4\u00e4n j\u00e4t\u00e4 mit\u00e4\u00e4n kemiallisia j\u00e4\u00e4mi\u00e4.<\/p>\n<p>Otsonin korkean hapetuspotentiaalin ansiosta se hajottaa mikrobit ja virukset tehokkaasti aiheuttaen solukalvojen repe\u00e4misen ja olennaisten biomolekyylikomponenttien hajoamisen esimerkiksi bakteereissa. Kuten alla olevasta kuvasta voi n\u00e4hd\u00e4, otsonia voidaan k\u00e4ytt\u00e4\u00e4 lipidikaksoiskerrosten hiilivetyjen hapettamiseen, jolloin saastuttavat mikrobit kuolevat.<\/p>\n        <\/div>\n        <div class=\"col-md-6\">\n            <div id=\"attachment_13365\" style=\"width: 1034px\" class=\"wp-caption aligncenter\"><img loading=\"lazy\" decoding=\"async\" aria-describedby=\"caption-attachment-13365\" class=\"wp-image-13365 size-large\" src=\"https:\/\/ozonetech.com\/wp-content\/uploads\/2021\/01\/ozone-oxidation-reaction-molecules-1024x605.png\" alt=\"\" width=\"1024\" height=\"605\" srcset=\"https:\/\/ozonetech.com\/wp-content\/uploads\/2021\/01\/ozone-oxidation-reaction-molecules-1024x605.png 1024w, https:\/\/ozonetech.com\/wp-content\/uploads\/2021\/01\/ozone-oxidation-reaction-molecules-300x177.png 300w, https:\/\/ozonetech.com\/wp-content\/uploads\/2021\/01\/ozone-oxidation-reaction-molecules-768x454.png 768w, https:\/\/ozonetech.com\/wp-content\/uploads\/2021\/01\/ozone-oxidation-reaction-molecules.png 1253w\" sizes=\"auto, (max-width: 1024px) 100vw, 1024px\" \/><p id=\"caption-attachment-13365\" class=\"wp-caption-text\">Hydrocarbon-ozone oxidation.<\/p><\/div>\n<p>Otsonin k\u00e4yt\u00f6st\u00e4 ei j\u00e4\u00e4 mit\u00e4\u00e4n olennaisesti haitallisia j\u00e4\u00e4mi\u00e4, koska otsoni hajoaa luonnostaan vedess\u00e4. Otsonik\u00e4sittely est\u00e4\u00e4 my\u00f6s mikro-organismien uudelleen kasvun edellytt\u00e4en, ett\u00e4 muut desinfioinnin prosessit ovat onnistuneet v\u00e4hent\u00e4m\u00e4\u00e4n j\u00e4tevesivirran hiukkasia. Otsoni my\u00f6s valmistetaan paikan p\u00e4\u00e4ll\u00e4 eik\u00e4 vaadi kuljettamista tai k\u00e4sittely\u00e4, mik\u00e4 poistaa ongelmat, jotka liittyv\u00e4t kemikaalien k\u00e4sittelyn turvallisuuteen ja ymp\u00e4rist\u00f6vaikutuksiin.<\/p>\n        <\/div>\n    <\/div>\n<\/div>\n\n<div class=\"container-fluid editor_content content content--narrow\">\n    <div class=\"row\">\n        <div class=\"col-12 editor_content\">\n            <h3>Desinfioinnin tehokkuus<\/h3>\n<p>Kuten edell\u00e4 sanottu, otsonointi on tehokas desinfiointimenetelm\u00e4. Desinfioinnin tehokkuutta mitataan yleens\u00e4 CT-arvolla (pitoisuus kerrottuna ajalla). Alla olevassa kuvassa esitet\u00e4\u00e4n vertailu otsonin ja kloorauksen v\u00e4lill\u00e4.<\/p>\n<p>Otsonointi tarjoaa suojan kaikkia olennaisia myrkyllisi\u00e4 ja haitallisia ep\u00e4toivottuja mikrobeja vastaan. Alla olevassa luettelossa on CT-arvot useille bakteereille.<\/p>\n        <\/div>\n    <\/div>\n<\/div>\n\n<\/section>\n\n\n\n<section\n    id=\"\"\n    class=\"block content-block\"\n\tstyle=\"--cb-bg: light-gray; --cb-content: #000; padding-top: 30px; padding-bottom: 30px;\"\n>\n    <div class=\"container-fluid editor_content\">\n    <div class=\"row\">\n        <div class=\"col-12 editor_content table-wrapper \" style=\"--table-text-color-header: #FFFFFF; --table-text-color-rows: #000000; --table-background-color-header: #5f5f5f; --table-background-color-rows-even: #efefef; --table-background-color-rows-odd: #dfdfdf; \">\n                            \n<table id=\"tablepress-132\" class=\"tablepress tablepress-id-132\" aria-describedby=\"tablepress-132-description\">\n<thead>\n<tr class=\"row-1\">\n\t<th class=\"column-1\">Mikro-organismi<\/th><th class=\"column-2\">Tarvittava annos, CT-arvo (mg.min\/l)<\/th>\n<\/tr>\n<\/thead>\n<tbody class=\"row-striping\">\n<tr class=\"row-2\">\n\t<td class=\"column-1\">Basilli<\/td><td class=\"column-2\">0.1<\/td>\n<\/tr>\n<tr class=\"row-3\">\n\t<td class=\"column-1\">Clostridium botulinum -iti\u00f6t<\/td><td class=\"column-2\">0.4<\/td>\n<\/tr>\n<tr class=\"row-4\">\n\t<td class=\"column-1\">Cryptosporidium<\/td><td class=\"column-2\">7<\/td>\n<\/tr>\n<tr class=\"row-5\">\n\t<td class=\"column-1\">E. coli<\/td><td class=\"column-2\">0.5<\/td>\n<\/tr>\n<tr class=\"row-6\">\n\t<td class=\"column-1\">Encephalomyocarditis virus<\/td><td class=\"column-2\">0.25<\/td>\n<\/tr>\n<tr class=\"row-7\">\n\t<td class=\"column-1\">Giardia cycts<\/td><td class=\"column-2\">0.5<\/td>\n<\/tr>\n<tr class=\"row-8\">\n\t<td class=\"column-1\">Legionella pneumophila<\/td><td class=\"column-2\">0.1<\/td>\n<\/tr>\n<tr class=\"row-9\">\n\t<td class=\"column-1\">Polio virus type 1<\/td><td class=\"column-2\">0.5<\/td>\n<\/tr>\n<tr class=\"row-10\">\n\t<td class=\"column-1\">Pseudomonas<\/td><td class=\"column-2\">1.5 &#8211; 2<\/td>\n<\/tr>\n<tr class=\"row-11\">\n\t<td class=\"column-1\">Salmonella<\/td><td class=\"column-2\">0.1 &#8211; 0.4<\/td>\n<\/tr>\n<tr class=\"row-12\">\n\t<td class=\"column-1\">Staphulococcus<\/td><td class=\"column-2\">1.5 &#8211; 2<\/td>\n<\/tr>\n<tr class=\"row-13\">\n\t<td class=\"column-1\">Streptococcus<\/td><td class=\"column-2\">0.1<\/td>\n<\/tr>\n<\/tbody>\n<\/table>\n<span id=\"tablepress-132-description\" class=\"tablepress-table-description tablepress-table-description-id-132\">Erilaisten desinfiointiaineiden ja niiden tehokkuuden CT-arvojen (mg.min\/l)* vertailutaulukko. Mukautettu US EPA:n, CDC:n ja WHO:n k\u00e4ytt\u00e4mist\u00e4.<\/span>\n<!-- #tablepress-132 from cache -->                                <\/div>\n    <\/div>\n<\/div>\n\n\n<div class=\"container-fluid editor_content content content--narrow\">\n    <div class=\"row\">\n        <div class=\"col-12 editor_content\">\n            <p>Seuraavassa esitet\u00e4\u00e4n lyhyt yhteenvetotaulukko erilaisille yleisille mikrobeille, joita US EPA ja WHO k\u00e4ytt\u00e4v\u00e4t yleens\u00e4 eri menetelmien desinfiointitehokkuuden vertailuissa. Taulukon avulla voidaan vertailla erilasia desinfiointiaineita.<\/p>\n        <\/div>\n    <\/div>\n<\/div>\n\n<div class=\"container-fluid editor_content\">\n    <div class=\"row\">\n        <div class=\"col-12 editor_content table-wrapper \" style=\"--table-text-color-header: #FFFFFF; --table-text-color-rows: #000000; --table-background-color-header: #5f5f5f; --table-background-color-rows-even: #efefef; --table-background-color-rows-odd: #dfdfdf; \">\n                            \n<table id=\"tablepress-133\" class=\"tablepress tablepress-id-133\" aria-describedby=\"tablepress-133-description\">\n<thead>\n<tr class=\"row-1\">\n\t<th class=\"column-1\">Tyyppi<\/th><th class=\"column-2\">Log-inaktivointi<\/th><th class=\"column-3\">Otsoni<\/th><th class=\"column-4\">Hypokloriitti<\/th><th class=\"column-5\">Klooridioksidi<\/th><th class=\"column-6\">Vapaa kloori<\/th><th class=\"column-7\">Peretikkahappo (PAA)<\/th>\n<\/tr>\n<\/thead>\n<tbody class=\"row-striping\">\n<tr class=\"row-2\">\n\t<td class=\"column-1\">E. coli<\/td><td class=\"column-2\">2<\/td><td class=\"column-3\"><0.02<\/td><td class=\"column-4\">25-30<\/td><td class=\"column-5\"><1<\/td><td class=\"column-6\"><0.05<\/td><td class=\"column-7\">25-30<\/td>\n<\/tr>\n<tr class=\"row-3\">\n\t<td class=\"column-1\">Virukset<\/td><td class=\"column-2\">4<\/td><td class=\"column-3\"><0.1<\/td><td class=\"column-4\"><0.1<\/td><td class=\"column-5\">25-30<\/td><td class=\"column-6\">6<\/td><td class=\"column-7\">V\u00e4h\u00e4n tutkimuksia<\/td>\n<\/tr>\n<tr class=\"row-4\">\n\t<td class=\"column-1\">Alkuel\u00e4imet<\/td><td class=\"column-2\">3<\/td><td class=\"column-3\">1-2<\/td><td class=\"column-4\">10-20<\/td><td class=\"column-5\">15-25<\/td><td class=\"column-6\">>100<\/td><td class=\"column-7\">V\u00e4h\u00e4n tutkimuksia<\/td>\n<\/tr>\n<\/tbody>\n<\/table>\n<span id=\"tablepress-133-description\" class=\"tablepress-table-description tablepress-table-description-id-133\"><\/span>\n<!-- #tablepress-133 from cache -->                                <\/div>\n    <\/div>\n<\/div>\n\n\n<div class=\"container-fluid editor_content content content--narrow\">\n    <div class=\"row\">\n        <div class=\"col-12 editor_content\">\n            <p>Yleisesti voidaan todeta, ett\u00e4 iti\u00f6t ovat kaikkein vastustuskykyisimpi\u00e4. Niiden CT-arvot ovat yleens\u00e4 10\u201315 kertaa korkeammat kuin aktiivisen muodon. On my\u00f6s t\u00e4rke\u00e4\u00e4 huomata, ett\u00e4 useimmissa tapauksissa on olemassa desinfioinnin \u201dkynnysarvo\u201d. Sit\u00e4 alemmilla arvoilla k\u00e4sittelyll\u00e4 on rajallinen tai pieni vaikutus mikro-organismeihin. Kynnysarvon yl\u00e4puolella kuitenkin kaikki saman lajin mikrobit tuhoutuvat.<\/p>\n        <\/div>\n    <\/div>\n<\/div>\n\n\n\n<div class=\"container-fluid editor_content content content--narrow\">\n    <div class=\"row\">\n        <div class=\"col-12 editor_content\">\n            <h3>Yleisi\u00e4 veden desinfiointitekniikoita<\/h3>\n<div class=\"pane-content\">\n<div class=\"field field-name-body field-type-text-with-summary field-label-hidden\">\n<div class=\"field-items\">\n<div class=\"field-item even\">\n<p>Nesteiden ja pintojen desinfiointiin on olemassa erilaisia tekniikoita. Ozonetech voi toimittaa useita desinfiointitekniikoita, joissa painottuu ymp\u00e4rist\u00f6yst\u00e4v\u00e4llisyys. N\u00e4m\u00e4 tekniikat ovat:<\/p>\n<\/div>\n<\/div>\n<\/div>\n<\/div>\n<div class=\"pane-content\">\n<div class=\"field field-name-body field-type-text-with-summary field-label-hidden\">\n<div class=\"field-items\">\n<div class=\"field-item even\">\n<ul>\n<li>Otsonointi\u2013 pienen otsonipitoisuuden liuottaminen veteen, mik\u00e4 mahdollistaa nopean ja tehokkaan veden desinfioinnin.<\/li>\n<li>Ultravioletti \u00a0(UV) \u2013 veden s\u00e4teilytt\u00e4minen UV-s\u00e4teill\u00e4.<\/li>\n<li>Klooraus &#8211; klooriyhdisteiden annostelu veteen, mik\u00e4 johtaa pitk\u00e4vaikutteiseen desinfiointiaineen pitoisuuteen.<\/li>\n<li>Muihin tekniikoihin luetaan esim. bromi, peretikkahappo, jodi, kupari- ja hopeaionit, kaliumpermanganaatti, fenolit, puhdistusaineet, vetyperoksidi, ultra\u00e4\u00e4ni ja l\u00e4mp\u00f6.<\/li>\n<\/ul>\n<p>Jokaisella tekniikalla on omat etunsa ja k\u00e4ytt\u00f6alueensa. Seuraavassa taulukossa esitet\u00e4\u00e4n joitakin hy\u00f6tyj\u00e4 ja haittoja. Jokaisen tekniikan ominaisuudet arvioidaan arvoasteikolla 1 (huono) \u2013 5 (hyv\u00e4).<\/p>\n<\/div>\n<\/div>\n<\/div>\n<\/div>\n        <\/div>\n    <\/div>\n<\/div>\n\n<div class=\"container-fluid editor_content\">\n    <div class=\"row\">\n        <div class=\"col-12 editor_content table-wrapper \" style=\"--table-text-color-header: #FFFFFF; --table-text-color-rows: #000000; --table-background-color-header: #5f5f5f; --table-background-color-rows-even: #efefef; --table-background-color-rows-odd: #dfdfdf; \">\n                            \n<table id=\"tablepress-134\" class=\"tablepress tablepress-id-134\" aria-describedby=\"tablepress-134-description\">\n<thead>\n<tr class=\"row-1\">\n\t<th class=\"column-1\">Tekniikka<\/th><th class=\"column-2\">Otsoni<\/th><th class=\"column-3\">UV<\/th><th class=\"column-4\">Klooridioksidi<\/th><th class=\"column-5\">Kloorikaasu<\/th><th class=\"column-6\">Peretikkahappo<\/th><th class=\"column-7\">Hypokloriitti<\/th>\n<\/tr>\n<\/thead>\n<tbody class=\"row-striping\">\n<tr class=\"row-2\">\n\t<td class=\"column-1\">Ymp\u00e4rist\u00f6yst\u00e4v\u00e4llinen<\/td><td class=\"column-2\">5<\/td><td class=\"column-3\">5<\/td><td class=\"column-4\">3<\/td><td class=\"column-5\">1<\/td><td class=\"column-6\">2<\/td><td class=\"column-7\">1<\/td>\n<\/tr>\n<tr class=\"row-3\">\n\t<td class=\"column-1\">Sivutuotteet<\/td><td class=\"column-2\">5<\/td><td class=\"column-3\">5<\/td><td class=\"column-4\">2<\/td><td class=\"column-5\">1<\/td><td class=\"column-6\">2<\/td><td class=\"column-7\">1<\/td>\n<\/tr>\n<tr class=\"row-4\">\n\t<td class=\"column-1\">Tehokkuus<\/td><td class=\"column-2\">5<\/td><td class=\"column-3\">3<\/td><td class=\"column-4\">3<\/td><td class=\"column-5\">2<\/td><td class=\"column-6\">2<\/td><td class=\"column-7\">2<\/td>\n<\/tr>\n<tr class=\"row-5\">\n\t<td class=\"column-1\">Investointi<\/td><td class=\"column-2\">2<\/td><td class=\"column-3\">3<\/td><td class=\"column-4\">4<\/td><td class=\"column-5\">4<\/td><td class=\"column-6\">4<\/td><td class=\"column-7\">4<\/td>\n<\/tr>\n<tr class=\"row-6\">\n\t<td class=\"column-1\">K\u00e4ytt\u00f6kustannukset<\/td><td class=\"column-2\">5<\/td><td class=\"column-3\">4<\/td><td class=\"column-4\">3<\/td><td class=\"column-5\">4<\/td><td class=\"column-6\">4<\/td><td class=\"column-7\">4<\/td>\n<\/tr>\n<tr class=\"row-7\">\n\t<td class=\"column-1\">Nesteet<\/td><td class=\"column-2\">5<\/td><td class=\"column-3\">4<\/td><td class=\"column-4\">5<\/td><td class=\"column-5\">3<\/td><td class=\"column-6\">3<\/td><td class=\"column-7\">3<\/td>\n<\/tr>\n<tr class=\"row-8\">\n\t<td class=\"column-1\">Pinnat<\/td><td class=\"column-2\">5<\/td><td class=\"column-3\">5<\/td><td class=\"column-4\">1<\/td><td class=\"column-5\">1<\/td><td class=\"column-6\">1<\/td><td class=\"column-7\">1<\/td>\n<\/tr>\n<tr class=\"row-9\">\n\t<td class=\"column-1\">Pitk\u00e4vaikutteinen desinfiointi<\/td><td class=\"column-2\">3<\/td><td class=\"column-3\">1<\/td><td class=\"column-4\">5<\/td><td class=\"column-5\">5<\/td><td class=\"column-6\">4<\/td><td class=\"column-7\">5<\/td>\n<\/tr>\n<tr class=\"row-10\">\n\t<td class=\"column-1\">K\u00e4sittely<\/td><td class=\"column-2\">5<\/td><td class=\"column-3\">4<\/td><td class=\"column-4\">3<\/td><td class=\"column-5\">3<\/td><td class=\"column-6\">2<\/td><td class=\"column-7\">2<\/td>\n<\/tr>\n<tr class=\"row-11\">\n\t<td class=\"column-1\">TULOS<\/td><td class=\"column-2\">40<\/td><td class=\"column-3\">34<\/td><td class=\"column-4\">29<\/td><td class=\"column-5\">24<\/td><td class=\"column-6\">24<\/td><td class=\"column-7\">23<\/td>\n<\/tr>\n<\/tbody>\n<\/table>\n<span id=\"tablepress-134-description\" class=\"tablepress-table-description tablepress-table-description-id-134\"><\/span>\n<!-- #tablepress-134 from cache -->                                <\/div>\n    <\/div>\n<\/div>\n\n\n<div class=\"container-fluid editor_content content content--narrow\">\n    <div class=\"row\">\n        <div class=\"col-12 editor_content\">\n            <p>On vaikeaa tehd\u00e4 yleinen vertailu, jossa olisi edustettuina kaikki k\u00e4ytt\u00f6kohteet ja veden ominaisuudet. Kuten edell\u00e4 olevasta taulukosta kuitenkin k\u00e4y ilmi, verrattaessa tyypillisi\u00e4 veden desinfiointiominaisuuksia otsonointi erottuu ymp\u00e4rist\u00f6yst\u00e4v\u00e4llisen\u00e4, vakaana, yhteensopivana ja tehokkaana veden desinfiointik\u00e4sittelyn\u00e4.<\/p>\n<p>Alla olevassa taulukossa on joitakin eri tekniikoiden k\u00e4ytt\u00f6tarkoituksia:<\/p>\n        <\/div>\n    <\/div>\n<\/div>\n\n<div class=\"container-fluid editor_content\">\n    <div class=\"row\">\n        <div class=\"col-12 editor_content table-wrapper \" style=\"--table-text-color-header: #FFFFFF; --table-text-color-rows: #000000; --table-background-color-header: #5f5f5f; --table-background-color-rows-even: #efefef; --table-background-color-rows-odd: #dfdfdf; \">\n                            \n<table id=\"tablepress-135\" class=\"tablepress tablepress-id-135\" aria-describedby=\"tablepress-135-description\">\n<thead>\n<tr class=\"row-1\">\n\t<th class=\"column-1\">Tekniikka<\/th><th class=\"column-2\">K\u00e4ytt\u00f6tarkoitukset ja toimialat<\/th>\n<\/tr>\n<\/thead>\n<tbody class=\"row-striping\">\n<tr class=\"row-2\">\n\t<td class=\"column-1\">Otsonidesinfiointi<\/td><td class=\"column-2\"><li>Prosessin sy\u00f6tt\u00f6- ja poistovesi<\/li><br \/>\n<li>Juomavesi<\/li><br \/>\n<li>Ultrapuhdas vesi<\/li><br \/>\n<li>Pintadesinfiointi<\/li><br \/>\n<li>L\u00e4\u00e4keteollisuus<\/li><br \/>\n<li>Uima-altaat<\/li><br \/>\n<li>Legionellak\u00e4sittely<\/li><br \/>\n<li>Jatkuva pitk\u00e4vaikutteinen desinfiointi, esim. putket<\/li><\/td>\n<\/tr>\n<tr class=\"row-3\">\n\t<td class=\"column-1\">UV-desinfiointi<\/td><td class=\"column-2\"><li>Prosessin sy\u00f6tt\u00f6- ja poistovesi<\/li><br \/>\n<li>Juomavesi<\/li><br \/>\n<li>Otsonin h\u00e4vitt\u00e4minen<\/li><br \/>\n<li>Ultrapuhdas vesi<\/li><br \/>\n<li>Pintadesinfiointi<\/li><br \/>\n<li>Uima-altaat<\/li><br \/>\n<li>Legionellak\u00e4sittely<\/li><\/td>\n<\/tr>\n<tr class=\"row-4\">\n\t<td class=\"column-1\">Klooraus<\/td><td class=\"column-2\"><li>Juomavesi<\/li><br \/>\n<li>Uima-altaat<\/li><br \/>\n<li>Pitk\u00e4vaikutteinen desinfiointi, esim. putket<\/li><\/td>\n<\/tr>\n<\/tbody>\n<\/table>\n<span id=\"tablepress-135-description\" class=\"tablepress-table-description tablepress-table-description-id-135\"><\/span>\n<!-- #tablepress-135 from cache -->                                <\/div>\n    <\/div>\n<\/div>\n<\/section>\n\n\n\n<section\n    id=\"\"\n    class=\"block content-block\"\n\tstyle=\"--cb-bg: white; --cb-content: #000; padding-top: 30px; padding-bottom: 30px;\"\n>\n    \n\n<div class=\"container-fluid editor_content content content--narrow\">\n    <div class=\"row\">\n        <div class=\"col-12 editor_content\">\n            <h3>Desinfioinnin edellytykset<\/h3>\n<p>Juomaveden desinfiointi liittyy muihin vedenpuhdistusvaiheisiin. Kunnollinen desinfiointi saadaan aikaan vain, jos vett\u00e4 on riitt\u00e4v\u00e4sti esik\u00e4sitelty. Monissa tapauksissa desinfiointiprosessi on yksi vedenk\u00e4sittelyj\u00e4rjestelm\u00e4n viimeisist\u00e4 vaiheista. Esimerkiksi juomaveden k\u00e4sittelyss\u00e4 desinfiointivaihetta edelt\u00e4v\u00e4t seulonta, selkeytys, flokkaus ja hiekkasuodatus. N\u00e4iden j\u00e4lkeen vesi on sopivaa lopulliseen desinfiointiin.<\/p>\n<p>Liuenneet ja liukenemattomat hiukkaset on poistettava vedest\u00e4, koska ne saattavat aiheuttaa desinfioinnin sivutuotteita (erityisesti kloorauksessa) ja hiukkaset voivat sis\u00e4lt\u00e4\u00e4 my\u00f6s patogeenien kasvua edist\u00e4vi\u00e4 substraatteja (ravinteita). Lis\u00e4ksi mikro-organismeja on vaikeampi poistaa vedest\u00e4, jos ne imeytyv\u00e4t hiukkasiin. Liukenemattomien hiukkasten pitoisuus vedess\u00e4 on oltava alle 1 mg\/l ennen desinfiointia. Muut ihmisist\u00e4 tai luonnollisista l\u00e4hteist\u00e4 per\u00e4isin olevat kemialliset yhdisteet vaikuttavat my\u00f6s desinfiointik\u00e4sittelyn tehoon. Aineet voivat reagoida desinfiointiaineisiin ja muodostaa sivutuotteita. T\u00e4m\u00e4 voi lis\u00e4t\u00e4 mikro-organismien ja virusten poistamiseen tarvittavan desinfiointiaineen m\u00e4\u00e4r\u00e4\u00e4. Se voi aiheuttaa my\u00f6s vaikeuksia j\u00e4\u00e4nn\u00f6spitoisuuden yll\u00e4pit\u00e4misess\u00e4.<\/p>\n        <\/div>\n    <\/div>\n<\/div>\n\n<\/section>\n","protected":false},"excerpt":{"rendered":"","protected":false},"author":21,"featured_media":0,"parent":16988,"menu_order":0,"comment_status":"closed","ping_status":"closed","template":"","meta":{"_acf_changed":false,"_seopress_robots_primary_cat":"","_seopress_titles_title":"","_seopress_titles_desc":"Otsoni poistaa virukset ja bakteerit tehokkaammin kuin mik\u00e4\u00e4n muu desinfiointik\u00e4sittely, kuten kloori ja UV.","_seopress_robots_index":"","inline_featured_image":false,"footnotes":""},"class_list":["post-11118","page","type-page","status-publish","hentry"],"acf":[],"_links":{"self":[{"href":"https:\/\/ozonetech.com\/fi\/wp-json\/wp\/v2\/pages\/11118","targetHints":{"allow":["GET"]}}],"collection":[{"href":"https:\/\/ozonetech.com\/fi\/wp-json\/wp\/v2\/pages"}],"about":[{"href":"https:\/\/ozonetech.com\/fi\/wp-json\/wp\/v2\/types\/page"}],"author":[{"embeddable":true,"href":"https:\/\/ozonetech.com\/fi\/wp-json\/wp\/v2\/users\/21"}],"replies":[{"embeddable":true,"href":"https:\/\/ozonetech.com\/fi\/wp-json\/wp\/v2\/comments?post=11118"}],"version-history":[{"count":43,"href":"https:\/\/ozonetech.com\/fi\/wp-json\/wp\/v2\/pages\/11118\/revisions"}],"predecessor-version":[{"id":40462,"href":"https:\/\/ozonetech.com\/fi\/wp-json\/wp\/v2\/pages\/11118\/revisions\/40462"}],"up":[{"embeddable":true,"href":"https:\/\/ozonetech.com\/fi\/wp-json\/wp\/v2\/pages\/16988"}],"wp:attachment":[{"href":"https:\/\/ozonetech.com\/fi\/wp-json\/wp\/v2\/media?parent=11118"}],"curies":[{"name":"wp","href":"https:\/\/api.w.org\/{rel}","templated":true}]}}