{"id":11092,"date":"2020-06-23T13:29:59","date_gmt":"2020-06-23T13:29:59","guid":{"rendered":"https:\/\/ozonetech.com\/business-areas-water-treatment-flavor-compounds-removal\/"},"modified":"2024-10-10T09:40:22","modified_gmt":"2024-10-10T07:40:22","slug":"aromiyhdisteiden-kasittely-otsonilla","status":"publish","type":"page","link":"https:\/\/ozonetech.com\/fi\/sovellukset\/vedenkasittely-hakemukset\/aromiyhdisteiden-kasittely-otsonilla\/","title":{"rendered":"Aromiyhdisteiden k\u00e4sittely otsonilla"},"content":{"rendered":"\n<section\n    class=\"block hero hero--regular\"\n    style=\"background-image: url('https:\/\/ozonetech.com\/wp-content\/uploads\/2021\/02\/flavor-removal-1600x484.jpg'); --hero-opacity: 0.3\"\n>\n\n    <div class=\"container-fluid\">\n\n        <div class=\"content editor_content\">\n                         \n                <h2 class='h2'>Aromiyhdisteiden k\u00e4sittely otsonilla<\/h2>            \n                    <\/div>\n\n            <\/div>\n<\/section>\n\n\n<section class=\"component component_breadcrumbs\">\n\t<div class=\"container-fluid\">\n  \t<\/div>\n<\/section>\n\n\n<section\n    id=\"\"\n    class=\"block content-block\"\n\tstyle=\"--cb-bg: white; --cb-content: #000; padding-top: 30px; padding-bottom: 30px;\"\n>\n    \n\n<div class=\"container-fluid editor_content content content--narrow\">\n    <div class=\"row\">\n        <div class=\"col-12 editor_content\">\n            <h1>V\u00e4lt\u00e4 makuaineiden ristikontaminaatiota juomateollisuudessa<\/h1>\n<p class=\"preamble\"><a href=\"https:\/\/mellifiq.com\/markets\/breweries\/\" target=\"_blank\" rel=\"noopener\">Juomateollisuudessa ja panimoissa<\/a> (external site) toimijat ja laatup\u00e4\u00e4llik\u00f6t kamppailevat aromiyhdisteiden (maku) ristikontaminaatioiden kanssa. Mineraalivesien tuotannossa k\u00e4ytett\u00e4v\u00e4t aromit siirtyv\u00e4t usein tuotantojaksojen vaihtuessa, sill\u00e4 niit\u00e4 voi olla vaikea poistaa. Panimoissa, joissa valmistetaan sek\u00e4 olutta ett\u00e4 siideri\u00e4 samoissa fermentointis\u00e4ili\u00f6iss\u00e4 ja t\u00e4ytt\u00f6koneissa, makuyhdisteet voivat siirty\u00e4 oluihin. N\u00e4it\u00e4 laatukysymyksi\u00e4 yritet\u00e4\u00e4n ratkaista pitkill\u00e4 ja intensiivisill\u00e4 puhdistusjaksoilla, joissa k\u00e4ytet\u00e4\u00e4n kemikaaleja suhteellisen korkeilla pitoisuuksilla.<\/p>\n<p>Voimakkaiden aromiyhdisteiden k\u00e4ytt\u00f6 voi johtaa siiderilt\u00e4 maistuvaan olueen tai maustamattomaan veteen, jossa toissijaisena on appelsiinin tai mustikan maku edellisten valmistuserien takia. Makuyhdisteet imeytyv\u00e4t helposti tiivistysmateriaaleihin, joita on kaikissa prosessilaitteissa, kuten l\u00e4mm\u00f6nvaihtimissa, makujen sekoituss\u00e4ili\u00f6iss\u00e4 tai putkiliit\u00e4nn\u00f6iss\u00e4.<\/p>\n        <\/div>\n    <\/div>\n<\/div>\n\n\n\n<div class=\"container-fluid editor_content content content--narrow\">\n    <div class=\"row\">\n        <div class=\"col-12 editor_content\">\n            <h3>Makuyhdisteiden ominaisuudet<\/h3>\n<p>Makuaineet (synonyymi aromiyhdisteet) ovat tyypillisesti estereit\u00e4 tai aromaattisia yhdisteit\u00e4, joissa on monia kaksinkertaisia tai kolminkertaisia kovalenttisia sidoksia. T\u00e4m\u00e4n p\u00e4iv\u00e4n juomateollisuudessa voidaan k\u00e4ytt\u00e4\u00e4 satoja erilaisia aromiyhdisteit\u00e4 hedelmist\u00e4 tai synteettisist\u00e4 tai tiivistetyist\u00e4 aineista. Alla olevassa taulukossa on tyypillisi\u00e4 yhdisteit\u00e4 ja niiden ominaisuudet.<\/p>\n        <\/div>\n    <\/div>\n<\/div>\n\n<\/section>\n\n\n\n<section\n    id=\"\"\n    class=\"block content-block\"\n\tstyle=\"--cb-bg: light-gray; --cb-content: #000; padding-top: 30px; padding-bottom: 30px;\"\n>\n    <div class=\"container-fluid editor_content\">\n    <div class=\"row\">\n        <div class=\"col-12 editor_content table-wrapper \" style=\"--table-text-color-header: #FFFFFF; --table-text-color-rows: #000000; --table-background-color-header: #5f5f5f; --table-background-color-rows-even: #efefef; --table-background-color-rows-odd: #dfdfdf; \">\n                            \n<table id=\"tablepress-131\" class=\"tablepress tablepress-id-131\" aria-describedby=\"tablepress-131-description\">\n<thead>\n<tr class=\"row-1\">\n\t<th class=\"column-1\">Nimi<\/th><th class=\"column-2\">Kuvaus<\/th><th class=\"column-3\">Kemiallinen rakenne<\/th>\n<\/tr>\n<\/thead>\n<tbody class=\"row-striping\">\n<tr class=\"row-2\">\n\t<td class=\"column-1\">Heksanaali<\/td><td class=\"column-2\">Tavallisia luonnossa esiintyvi\u00e4 aineita, jotka tuovat mieleen karvasmantelin.<\/td><td class=\"column-3\"><img decoding=\"async\" src=\"https:\/\/ozonetech.com\/wp-content\/uploads\/2021\/02\/Hexanal-4.png\" \/><\/td>\n<\/tr>\n<tr class=\"row-3\">\n\t<td class=\"column-1\">Limoneeni<\/td><td class=\"column-2\">Yhdisteit\u00e4, joita k\u00e4ytet\u00e4\u00e4n appelsiini- ja sitruunajuomiin tai pullotettuihin vesiin.<\/td><td class=\"column-3\"><img decoding=\"async\" src=\"https:\/\/ozonetech.com\/wp-content\/uploads\/2021\/02\/Limonene-5.png\"\/><\/td>\n<\/tr>\n<tr class=\"row-4\">\n\t<td class=\"column-1\">Dekanaali<\/td><td class=\"column-2\">Yksi t\u00e4rkeimmist\u00e4 sitruunan aromiyhdisteist\u00e4.<\/td><td class=\"column-3\"><img decoding=\"async\" src=\"https:\/\/ozonetech.com\/wp-content\/uploads\/2021\/02\/Decanal-5.png\" \/><\/td>\n<\/tr>\n<tr class=\"row-5\">\n\t<td class=\"column-1\">Fruktoni<\/td><td class=\"column-2\">K\u00e4ytet\u00e4\u00e4n omena- ja ananasmakuna.<\/td><td class=\"column-3\"><img decoding=\"async\" src=\"https:\/\/ozonetech.com\/wp-content\/uploads\/2021\/02\/Fructone-5.png\" \/><\/td>\n<\/tr>\n<tr class=\"row-6\">\n\t<td class=\"column-1\">Vanilliini<\/td><td class=\"column-2\">Vaniljan maku.<\/td><td class=\"column-3\"><img decoding=\"async\" src=\"https:\/\/ozonetech.com\/wp-content\/uploads\/2021\/02\/Vanillin-4.png\" \/><\/td>\n<\/tr>\n<tr class=\"row-7\">\n\t<td class=\"column-1\">Etyyliasetaatti<\/td><td class=\"column-2\">Tunnetaan my\u00f6s etyylietanaattina. Antaa makean tuoksun moniin elintarvikkeisiin ja juomatuotteisiin.<\/td><td class=\"column-3\"><img decoding=\"async\" src=\"https:\/\/ozonetech.com\/wp-content\/uploads\/2021\/02\/Ethyl-acetate-5.png\" \/><\/td>\n<\/tr>\n<\/tbody>\n<\/table>\n<span id=\"tablepress-131-description\" class=\"tablepress-table-description tablepress-table-description-id-131\"><\/span>\n<!-- #tablepress-131 from cache -->                                <\/div>\n    <\/div>\n<\/div>\n\n\n<div class=\"container-fluid editor_content content content--narrow\">\n    <div class=\"row\">\n        <div class=\"col-12 editor_content\">\n            <p>One of the most striking similarities between almost all flavor compunds is that they contain at least one double-covalent bond and in many cases aromomatic rings. Ozone reacts instantly at double covalent bonds in organic substances and allows for a chain reaction involving radicals and oxidation byproducts. While the reaction typically oxidizes the aroma substances completely into carbon dioxide and water, the mere partial break-down removes the flavor effect. This process is similar to the very effective\u00a0<a href=\"https:\/\/ozonetech.com\/fi\/sovellukset\/vedenkasittely-hakemukset\/veden-desinfiointi-otsonilla\/\" target=\"_blank\" rel=\"noopener\"><strong>disinfection mechanisms<\/strong><\/a>\u00a0ozone provides in the field of water treatment.<\/p>\n        <\/div>\n    <\/div>\n<\/div>\n\n\n\n<div class=\"container-fluid editor_content content content--narrow\">\n    <div class=\"row\">\n        <div class=\"col-12 editor_content\">\n            <h3>Otsonik\u00e4sittely aromien siirtymisess\u00e4<\/h3>\n<p>Kuten edell\u00e4 on mainittu, makuaineilla on taipumus j\u00e4\u00e4d\u00e4 prosessilaitteisiin tuotannon j\u00e4lkeen. Otsonipuhdistus, tyypillisesti osana CIP-prosessia, on tehokas menetelm\u00e4 makujen poistamiseksi, mik\u00e4li ep\u00e4toivotut aromiyhdisteet siirtyv\u00e4t tuotantoerien v\u00e4lill\u00e4. Tyypillinen otsonipitoisuus tehokkaassa makujen poistossa on noin 3 ppm CIP-nesteen vesivaiheessa. Tyypillist\u00e4 on prosessilaitteiden huuhteleminen otsonoidulla vedell\u00e4. Lue lis\u00e4\u00e4 <a href=\"https:\/\/ozonetech.com\/fi\/sovellukset\/vedenkasittely-hakemukset\/prosessilaitteiden-desinfiointi-ja-cip\/\">CIP-puhdistuksesta otsonitekniikalla sek\u00e4 t\u00e4ytt\u00f6koneiden<\/a>\u00a0ja <a href=\"https:\/\/ozonetech.com\/fi\/sovellukset\/vedenkasittely-hakemukset\/pullojen-huuhtelu-ja-tayttokoneen-desinfiointi\/\">pullojen huuhtelusta<\/a>.<\/p>\n<p>Katso alta video Ozonetechin hajuyhdisteet prosessilaitteista poistavan otsonij\u00e4rjestelm\u00e4n k\u00e4ytt\u00e4misest\u00e4 ja asentamisesta:<\/p>\n<div class=\"youtube\"><iframe loading=\"lazy\" src=\"https:\/\/www.youtube.com\/embed\/ezKahaJbP8c\" width=\"560\" height=\"315\" frameborder=\"0\" allowfullscreen=\"allowfullscreen\" data-mce-fragment=\"1\"><\/iframe><\/div>\n<p>Jos otsonia k\u00e4ytet\u00e4\u00e4n ensisijaisena desinfiointimenetelm\u00e4n\u00e4 laitoksen CIP-puhdistuksessa, k\u00e4ytt\u00e4j\u00e4ll\u00e4 on my\u00f6s menetelm\u00e4, jolla voidaan hallita makuihin liittyvi\u00e4 ongelmia.<\/p>\n        <\/div>\n    <\/div>\n<\/div>\n\n<\/section>\n","protected":false},"excerpt":{"rendered":"","protected":false},"author":21,"featured_media":0,"parent":16988,"menu_order":0,"comment_status":"closed","ping_status":"closed","template":"","meta":{"_acf_changed":false,"_seopress_robots_primary_cat":"","_seopress_titles_title":"","_seopress_titles_desc":"Otsonipuhdistus osana CIP-prosessia on tehokas tapa poistaa ei-toivotut aromiyhdisteet, jotka siirtyv\u00e4t tuotantoerien v\u00e4lill\u00e4.","_seopress_robots_index":"","inline_featured_image":false,"footnotes":""},"class_list":["post-11092","page","type-page","status-publish","hentry"],"acf":[],"_links":{"self":[{"href":"https:\/\/ozonetech.com\/fi\/wp-json\/wp\/v2\/pages\/11092","targetHints":{"allow":["GET"]}}],"collection":[{"href":"https:\/\/ozonetech.com\/fi\/wp-json\/wp\/v2\/pages"}],"about":[{"href":"https:\/\/ozonetech.com\/fi\/wp-json\/wp\/v2\/types\/page"}],"author":[{"embeddable":true,"href":"https:\/\/ozonetech.com\/fi\/wp-json\/wp\/v2\/users\/21"}],"replies":[{"embeddable":true,"href":"https:\/\/ozonetech.com\/fi\/wp-json\/wp\/v2\/comments?post=11092"}],"version-history":[{"count":32,"href":"https:\/\/ozonetech.com\/fi\/wp-json\/wp\/v2\/pages\/11092\/revisions"}],"predecessor-version":[{"id":40446,"href":"https:\/\/ozonetech.com\/fi\/wp-json\/wp\/v2\/pages\/11092\/revisions\/40446"}],"up":[{"embeddable":true,"href":"https:\/\/ozonetech.com\/fi\/wp-json\/wp\/v2\/pages\/16988"}],"wp:attachment":[{"href":"https:\/\/ozonetech.com\/fi\/wp-json\/wp\/v2\/media?parent=11092"}],"curies":[{"name":"wp","href":"https:\/\/api.w.org\/{rel}","templated":true}]}}