{"id":11083,"date":"2020-06-23T13:17:52","date_gmt":"2020-06-23T13:17:52","guid":{"rendered":"https:\/\/ozonetech.com\/business-areas-water-treatment-drinking-water\/"},"modified":"2024-10-10T09:36:04","modified_gmt":"2024-10-10T07:36:04","slug":"juomavesi","status":"publish","type":"page","link":"https:\/\/ozonetech.com\/fi\/sovellukset\/vedenkasittely-hakemukset\/juomavesi\/","title":{"rendered":"Juomavesi"},"content":{"rendered":"\n<section\n    class=\"block hero hero--regular\"\n    style=\"background-image: url('https:\/\/ozonetech.com\/wp-content\/uploads\/2021\/03\/drinking-water-1600x484.jpg'); --hero-opacity: 0.25\"\n>\n\n    <div class=\"container-fluid\">\n\n        <div class=\"content editor_content\">\n                         \n                <h2 class='h2'>Juomavesi<\/h2>            \n                    <\/div>\n\n            <\/div>\n<\/section>\n\n\n<section class=\"component component_breadcrumbs\">\n\t<div class=\"container-fluid\">\n  \t<\/div>\n<\/section>\n\n\n<section\n    id=\"\"\n    class=\"block content-block\"\n\tstyle=\"--cb-bg: white; --cb-content: #000; padding-top: 30px; padding-bottom: 30px;\"\n>\n    \n\n<div class=\"container-fluid editor_content content content--narrow\">\n    <div class=\"row\">\n        <div class=\"col-12 editor_content\">\n            <h1>Kest\u00e4v\u00e4 ja tehokas juomaveden otsonik\u00e4sittely<\/h1>\n<p class=\"preamble\">Otsonin k\u00e4ytt\u00f6 juomaveden k\u00e4sittelyss\u00e4 ei ole uusi tekniikka. Arvioidaan, ett\u00e4 otsonia k\u00e4ytet\u00e4\u00e4n t\u00e4ll\u00e4 hetkell\u00e4 yli 3 000 kunnallisessa juomavesilaitoksessa maailmanlaajuisesti.<\/p>\n<p>K\u00e4sittely tarjoaa muutamia etuja verrattuna perinteiseen klooriin, erityisesti maun, hajun ja ulkon\u00e4\u00f6n parantumisen. T\u00e4h\u00e4n liittyy my\u00f6s kyky tappaa bakteereja ja inaktivoida viruksia tehokkaammin kuin muut kemikaalit. Se v\u00e4hent\u00e4\u00e4 my\u00f6s juomavedest\u00e4 l\u00f6ytyv\u00e4t raskasmetallit, kuten raudan ja mangaanin, turvallisille tasoille hapetuksen kautta.<\/p>\n<p>T\u00e4m\u00e4 kaikki tapahtuu prosessissa, joka on ymp\u00e4rist\u00f6yst\u00e4v\u00e4llinen, ja jossa happi on ainoa sivutuote. Otsonik\u00e4sittely est\u00e4\u00e4 trihalometaanin (THM) muodostumisen vaaran. K\u00e4sittely on turvallinen menetelm\u00e4, joka parantaa samalla my\u00f6s laatua.<\/p>\n        <\/div>\n    <\/div>\n<\/div>\n\n<\/section>\n","protected":false},"excerpt":{"rendered":"","protected":false},"author":21,"featured_media":0,"parent":16988,"menu_order":0,"comment_status":"closed","ping_status":"closed","template":"","meta":{"_acf_changed":false,"_seopress_robots_primary_cat":"","_seopress_titles_title":"","_seopress_titles_desc":"","_seopress_robots_index":"","inline_featured_image":false,"footnotes":""},"class_list":["post-11083","page","type-page","status-publish","hentry"],"acf":[],"_links":{"self":[{"href":"https:\/\/ozonetech.com\/fi\/wp-json\/wp\/v2\/pages\/11083","targetHints":{"allow":["GET"]}}],"collection":[{"href":"https:\/\/ozonetech.com\/fi\/wp-json\/wp\/v2\/pages"}],"about":[{"href":"https:\/\/ozonetech.com\/fi\/wp-json\/wp\/v2\/types\/page"}],"author":[{"embeddable":true,"href":"https:\/\/ozonetech.com\/fi\/wp-json\/wp\/v2\/users\/21"}],"replies":[{"embeddable":true,"href":"https:\/\/ozonetech.com\/fi\/wp-json\/wp\/v2\/comments?post=11083"}],"version-history":[{"count":22,"href":"https:\/\/ozonetech.com\/fi\/wp-json\/wp\/v2\/pages\/11083\/revisions"}],"predecessor-version":[{"id":40435,"href":"https:\/\/ozonetech.com\/fi\/wp-json\/wp\/v2\/pages\/11083\/revisions\/40435"}],"up":[{"embeddable":true,"href":"https:\/\/ozonetech.com\/fi\/wp-json\/wp\/v2\/pages\/16988"}],"wp:attachment":[{"href":"https:\/\/ozonetech.com\/fi\/wp-json\/wp\/v2\/media?parent=11083"}],"curies":[{"name":"wp","href":"https:\/\/api.w.org\/{rel}","templated":true}]}}