{"id":11075,"date":"2020-06-23T13:15:20","date_gmt":"2020-06-23T13:15:20","guid":{"rendered":"https:\/\/ozonetech.com\/business-areas-water-treatment-de-ozonized-water\/"},"modified":"2024-10-10T09:33:59","modified_gmt":"2024-10-10T07:33:59","slug":"ionivaihdettu-vesi","status":"publish","type":"page","link":"https:\/\/ozonetech.com\/fi\/sovellukset\/vedenkasittely-hakemukset\/ionivaihdettu-vesi\/","title":{"rendered":"Ionivaihdettu vesi"},"content":{"rendered":"\n<section\n    class=\"block hero hero--regular\"\n    style=\"background-image: url('https:\/\/ozonetech.com\/wp-content\/uploads\/2021\/02\/De-ionized-water-2-1600x484.jpg'); --hero-opacity: 0.25\"\n>\n\n    <div class=\"container-fluid\">\n\n        <div class=\"content editor_content\">\n                         \n                <h2 class='h2'>Ionivaihdettu vesi  <\/h2>            \n                    <\/div>\n\n            <\/div>\n<\/section>\n\n\n<section class=\"component component_breadcrumbs\">\n\t<div class=\"container-fluid\">\n  \t<\/div>\n<\/section>\n\n\n<section\n    id=\"\"\n    class=\"block content-block\"\n\tstyle=\"--cb-bg: white; --cb-content: #000; padding-top: 30px; padding-bottom: 30px;\"\n>\n    \n\n<div class=\"container-fluid editor_content content content--narrow\">\n    <div class=\"row\">\n        <div class=\"col-12 editor_content\">\n            <h1>Desinfioi ioninvaihtoj\u00e4rjestelm\u00e4t tehokkaasti ja kierr\u00e4t\u00e4 vett\u00e4<\/h1>\n<p class=\"preamble\">Deionisoitua (DI) vett\u00e4 k\u00e4ytet\u00e4\u00e4n moniin tarkoituksiin laboratoriolaitteiden puhdistamisesta mikrovalmistusprosessien huuhteluun ja puhdistamiseen. DI-veden ongelmana on se, ett\u00e4 perinteisi\u00e4 desinfiointiaineita ei voi k\u00e4ytt\u00e4\u00e4, sill\u00e4 ne heikent\u00e4v\u00e4t veden laadun. Otsonik\u00e4sittely tarjoaa ratkaisun t\u00e4h\u00e4n ongelmaan.<\/p>\n<p>DI-veden otsonik\u00e4sittely tapahtuu DI-j\u00e4rjestelm\u00e4n puhdistamisen aikana. Otsoni liukenee DI-veteen ja puhdistaa j\u00e4rjestelm\u00e4n bakteereista muutamassa tunnissa. Se saadaan puhdistettua j\u00e4rjestelm\u00e4st\u00e4 melkein yht\u00e4 nopeasti. Otsonin k\u00e4ytt\u00f6 merkitsee sit\u00e4, ett\u00e4 pes\u00e4kkeit\u00e4 muodostavien yksik\u00f6iden (CFU) m\u00e4\u00e4r\u00e4 v\u00e4henee ja orgaanisten yhdisteiden kokonaism\u00e4\u00e4r\u00e4\u00e4 (TOC) voidaan hallita. DI-vett\u00e4 voidaan k\u00e4ytt\u00e4\u00e4 my\u00f6s enemm\u00e4n kuin yhden kerran, mik\u00e4 tuo sek\u00e4 taloudellisia ett\u00e4 ymp\u00e4rist\u00f6llisi\u00e4 etuja.<\/p>\n        <\/div>\n    <\/div>\n<\/div>\n\n<\/section>\n","protected":false},"excerpt":{"rendered":"","protected":false},"author":21,"featured_media":0,"parent":16988,"menu_order":0,"comment_status":"closed","ping_status":"closed","template":"","meta":{"_acf_changed":false,"_seopress_robots_primary_cat":"","_seopress_titles_title":"","_seopress_titles_desc":"Otsonik\u00e4sittely ratkaisee deionisoidun vedenk\u00e4sittelyn ongelman, heikent\u00e4m\u00e4tt\u00e4 veden laatua perinteisill\u00e4 menetelmill\u00e4.","_seopress_robots_index":"","inline_featured_image":false,"footnotes":""},"class_list":["post-11075","page","type-page","status-publish","hentry"],"acf":[],"_links":{"self":[{"href":"https:\/\/ozonetech.com\/fi\/wp-json\/wp\/v2\/pages\/11075","targetHints":{"allow":["GET"]}}],"collection":[{"href":"https:\/\/ozonetech.com\/fi\/wp-json\/wp\/v2\/pages"}],"about":[{"href":"https:\/\/ozonetech.com\/fi\/wp-json\/wp\/v2\/types\/page"}],"author":[{"embeddable":true,"href":"https:\/\/ozonetech.com\/fi\/wp-json\/wp\/v2\/users\/21"}],"replies":[{"embeddable":true,"href":"https:\/\/ozonetech.com\/fi\/wp-json\/wp\/v2\/comments?post=11075"}],"version-history":[{"count":26,"href":"https:\/\/ozonetech.com\/fi\/wp-json\/wp\/v2\/pages\/11075\/revisions"}],"predecessor-version":[{"id":40421,"href":"https:\/\/ozonetech.com\/fi\/wp-json\/wp\/v2\/pages\/11075\/revisions\/40421"}],"up":[{"embeddable":true,"href":"https:\/\/ozonetech.com\/fi\/wp-json\/wp\/v2\/pages\/16988"}],"wp:attachment":[{"href":"https:\/\/ozonetech.com\/fi\/wp-json\/wp\/v2\/media?parent=11075"}],"curies":[{"name":"wp","href":"https:\/\/api.w.org\/{rel}","templated":true}]}}