{"id":11042,"date":"2020-06-23T12:15:24","date_gmt":"2020-06-23T12:15:24","guid":{"rendered":"https:\/\/ozonetech.com\/business-areas-water-treatment-cip-sanitation\/"},"modified":"2024-10-22T08:51:01","modified_gmt":"2024-10-22T06:51:01","slug":"prosessilaitteiden-desinfiointi-ja-cip","status":"publish","type":"page","link":"https:\/\/ozonetech.com\/fi\/sovellukset\/vedenkasittely-hakemukset\/prosessilaitteiden-desinfiointi-ja-cip\/","title":{"rendered":"Prosessilaitteiden desinfiointi ja CIP"},"content":{"rendered":"\n<section\n    class=\"block hero hero--regular\"\n    style=\"background-image: url('https:\/\/ozonetech.com\/wp-content\/uploads\/2024\/10\/CIP-process-banner.png'); --hero-opacity: 0.3\"\n>\n\n    <div class=\"container-fluid\">\n\n        <div class=\"content editor_content\">\n                         \n                <h2 class='h2'>Prosessilaitteiden desinfiointi ja CIP<\/h2>            \n                    <\/div>\n\n            <\/div>\n<\/section>\n\n\n<section class=\"component component_breadcrumbs\">\n\t<div class=\"container-fluid\">\n  \t<\/div>\n<\/section>\n\n\n<section\n    id=\"\"\n    class=\"block content-block\"\n\tstyle=\"--cb-bg: light-gray; --cb-content: #000; padding-top: 30px; padding-bottom: 30px;\"\n>\n    \n\n<div class=\"container-fluid editor_content content content--narrow\">\n    <div class=\"row\">\n        <div class=\"col-12 editor_content\">\n            <h1>Lyhenn\u00e4 CIP-prosessia ja alenna yll\u00e4pitokustannuksia<\/h1>\n<p class=\"preamble\">Kaikilla teollisuudenaloilla, elintarviketeollisuudessa, meijereiss\u00e4, prosessiteollisuudessa ja l\u00e4\u00e4ketehtaissa, kulutetaan suuria m\u00e4\u00e4ri\u00e4 vett\u00e4, energiaa ja kemikaaleja prosessilaitteiden pit\u00e4miseksi puhtaina ja desinfioituina.<\/p>\n<p>Laitteet, kuten s\u00e4ili\u00f6t, putket, venttiilit, l\u00e4mm\u00f6nvaihtimet ja t\u00e4ytt\u00f6koneet, on pidett\u00e4v\u00e4 puhtaina mikro-organismeista, biokalvoista, kalkista ja kemikaalij\u00e4\u00e4mist\u00e4. Jos prosessilaitteita ei saada pysym\u00e4\u00e4n puhtaina, seurauksina saattaa olla:<\/p>\n<ul>\n<li>Pilaantunut lopputuote<\/li>\n<li>Tehottomat l\u00e4mm\u00f6nvaihtimet<\/li>\n<li>Paljon kunnossapitoa<\/li>\n<li>Lis\u00e4\u00e4ntynyt kemikaalien, veden ja energian kulutus<\/li>\n<\/ul>\n        <\/div>\n    <\/div>\n<\/div>\n\n\n\n<div class=\"container-fluid editor_content content content--narrow\">\n    <div class=\"row\">\n        <div class=\"col-12 editor_content\">\n            <h3>Puhdistus paikan p\u00e4\u00e4ll\u00e4<\/h3>\n<h4>CIP-perusteet<\/h4>\n<p>Puhdistus paikan p\u00e4\u00e4ll\u00e4 (Clean-in-Place CIP) on yksi yleisimmist\u00e4 yksikk\u00f6toiminnoista kaikilla teollisuusaloilla, ja sill\u00e4 on ratkaiseva merkitys prosessilaitteiden puhdistamisessa eri erien v\u00e4liss\u00e4. Nyky\u00e4\u00e4n n\u00e4m\u00e4 prosessit ovat t\u00e4ysin automaattisia, ja CIP-keskusasemat on asennettu palvelemaan koko laitoksen prosessilaitteiden puhdistus- ja desinfiointitarpeita. Ne mahdollistavat puhdistussyklit putkien ja s\u00e4ili\u00f6iden sis\u00e4ll\u00e4, joihin laitoksen henkil\u00f6kunta ei muuten p\u00e4\u00e4sisi k\u00e4siksi. Tyypillisesti niihin sis\u00e4ltyv\u00e4t seuraavat vaiheet:<\/p>\n        <\/div>\n    <\/div>\n<\/div>\n\n<div class=\"container-fluid editor_content\">\n    <div class=\"row\">\n        <div class=\"col-12 editor_content table-wrapper wp-caption\" style=\"--table-text-color-header: #FFFFFF; --table-text-color-rows: #000000; --table-background-color-header: #5f5f5f; --table-background-color-rows-even: #efefef; --table-background-color-rows-odd: #dfdfdf; \">\n                            \n<table id=\"tablepress-120\" class=\"tablepress tablepress-id-120\" aria-describedby=\"tablepress-120-description\">\n<thead>\n<tr class=\"row-1\">\n\t<th class=\"column-1\">CIP-syklin vaihe<\/th><th class=\"column-2\">Tarkoitus<\/th><th class=\"column-3\">Puhdistusaine<\/th><th class=\"column-4\">Haasteet<\/th>\n<\/tr>\n<\/thead>\n<tbody class=\"row-striping\">\n<tr class=\"row-2\">\n\t<td class=\"column-1\">1. Esihuuhtelu<\/td><td class=\"column-2\">Poistaa suurimman osan hiukkasista ja orgaanisista aineista ennen puhdistusainetta.<\/td><td class=\"column-3\">Vesi.<\/td><td class=\"column-4\">Vaatii paljon vett\u00e4, j\u00e4tevesikuormat.<\/td>\n<\/tr>\n<tr class=\"row-3\">\n\t<td class=\"column-1\">2. Em\u00e4ksinen tai hapan puhdistus<\/td><td class=\"column-2\">Puhdistaa orgaaniset ainekset ja hiukkaset, jotka ovat tarttuneet sis\u00e4pintoihin. Hapan puhdistus poistaa my\u00f6s ep\u00e4orgaanisia hiukkasia kattilakiven v\u00e4ltt\u00e4miseksi. Poistaa pinnat, jotka edist\u00e4v\u00e4t mikrobien kasvua.<\/td><td class=\"column-3\">Natrium- tai kaliumhydroksidi, erilaiset hapot.<\/td><td class=\"column-4\">Kemiallinen k\u00e4sittely, kallista.<\/td>\n<\/tr>\n<tr class=\"row-4\">\n\t<td class=\"column-1\">3. Huuhtelu<\/td><td class=\"column-2\">Huuhtelee em\u00e4kset tai hapot tuotteen saastumisen v\u00e4ltt\u00e4miseksi.<\/td><td class=\"column-3\">Vesi.<\/td><td class=\"column-4\">Vaatii paljon vett\u00e4, j\u00e4tevesikuormat.<\/td>\n<\/tr>\n<tr class=\"row-5\">\n\t<td class=\"column-1\">4. Puhtaanapito ja desinfiointi<\/td><td class=\"column-2\">Varmistaa mikrobittoman (bakteerittoman, viruksettoman, lev\u00e4tt\u00f6m\u00e4n) prosessilaitteiston. Pienikin m\u00e4\u00e4r\u00e4 mikrobeja voi aiheuttaa lopputuotteen infektion.<\/td><td class=\"column-3\">Klooripohjaiset aineet, peretikkahappo (PAA), kuuma vesi, h\u00f6yry, jodoforit.<\/td><td class=\"column-4\">Varmistaa bakteerien t\u00e4ydellisen h\u00e4vi\u00e4misen. Korkeat kustannukset.<\/td>\n<\/tr>\n<tr class=\"row-6\">\n\t<td class=\"column-1\">5. Loppuhuuhtelu<\/td><td class=\"column-2\">Huuhtelee desinfiointikemikaalit, jotta tuotteet eiv\u00e4t saastu.<\/td><td class=\"column-3\">Vesi.<\/td><td class=\"column-4\">Lis\u00e4\u00e4 aikaa ja veden kulutusta CIP-sykliin.<\/td>\n<\/tr>\n<\/tbody>\n<\/table>\n<span id=\"tablepress-120-description\" class=\"tablepress-table-description tablepress-table-description-id-120\"><\/span>\n<!-- #tablepress-120 from cache -->                                        <p class=\"wp-caption\">Tyypilliset CIP-vaiheet prosessilaitteiden puhdistamisessa ja desinfioinnissa.<\/p>\n                    <\/div>\n    <\/div>\n<\/div>\n\n\n<div class=\"container-fluid editor_content content content--narrow\">\n    <div class=\"row\">\n        <div class=\"col-12 editor_content\">\n            <h3>Otsoni-CIP<\/h3>\n<p>Otsoniteknologia tarjoaa uudenlaisen l\u00e4hestymistavan prosessilaitteiden puhdistamiseen. Menettely kuluttaa merkitt\u00e4v\u00e4sti v\u00e4hemm\u00e4n vett\u00e4, kemikaaleja ja energiaa. Otsoni eliminoi t\u00e4ysin kulut, jotka liittyv\u00e4t perinteisiin desinfiointitapoihin kemikaaleilla tai kuumalla vedell\u00e4. Otsoni ei j\u00e4t\u00e4 kemikaalij\u00e4\u00e4mi\u00e4, joten loppuhuuhtelua ei tarvita. Otsonia voidaan my\u00f6s k\u00e4ytt\u00e4\u00e4 heti puhdistamisen j\u00e4lkeen \u2013 otsonihuuhtelu. T\u00e4m\u00e4 mahdollistaa 3-vaiheisen CIP-prosessin 5-vaiheisen sijasta. Alla oleva kuva esitt\u00e4\u00e4 CIP-parannuksia, jotka saadaan aikaan korvaamalla kemikaalit ja hy\u00f6dynt\u00e4m\u00e4ll\u00e4 otsonin ainutlaatuisia ominaisuuksia. Siin\u00e4 n\u00e4ytet\u00e4\u00e4n, miten 5-vaiheinen CIP-sykli voidaan muuttaa 4-vaiheiseksi sykliksi.<\/p>\n<p>Ozonetech <a href=\"https:\/\/ozonetech.com\/fi\/ratkaisut-jarjestelmat\/vedenkasittely\/rena-vivo\/\">RENA Vivo -j\u00e4rjestelm\u00e4t<\/a> sopivat t\u00e4ydellisesti yhteen CIP-ratkaisujen kanssa. Ne tarjoavat k\u00e4ytt\u00f6valmiin ratkaisun, joka on helppo integroida nykyisiin laitoksiin tai liitt\u00e4\u00e4 uusiin tiloihin rakennusvaiheen aikana.<\/p>\n<p>Kuumalla vedell\u00e4 desinfiointia k\u00e4ytet\u00e4\u00e4n yleisesti paikoissa, joissa kemikaalien k\u00e4ytt\u00f6\u00e4 pit\u00e4\u00e4 v\u00e4ltt\u00e4\u00e4. Se on kuitenkin aikaa viev\u00e4\u00e4 ja rasittaa mekaanisia laitteita l\u00e4mmitt\u00e4misen ja j\u00e4\u00e4hdytt\u00e4misen aiheuttaman l\u00e4mp\u00f6laajenemisen ja -supistumisen takia, voi aiheuttaa vuotoja ja tekee j\u00e4rjestelm\u00e4n kunnossapidosta kallista. Koska otsoni ei j\u00e4t\u00e4 j\u00e4\u00e4mi\u00e4, se on toimiva kylm\u00e4desinfiointij\u00e4rjestelm\u00e4 kuuman veden asemesta, ja se s\u00e4\u00e4st\u00e4\u00e4 suuria m\u00e4\u00e4ri\u00e4 energiaa ja siihen liittyvi\u00e4 kustannuksia. T\u00e4m\u00e4 konsepti kuvataan alla.<\/p>\n<h2 style=\"text-align: center;\"><img loading=\"lazy\" decoding=\"async\" class=\"alignnone size-large wp-image-24962\" src=\"https:\/\/ozonetech.com\/wp-content\/uploads\/2021\/03\/puhdistusprosessi-1024x683.png\" alt=\"\" width=\"1024\" height=\"683\" srcset=\"https:\/\/ozonetech.com\/wp-content\/uploads\/2021\/03\/puhdistusprosessi-1024x683.png 1024w, https:\/\/ozonetech.com\/wp-content\/uploads\/2021\/03\/puhdistusprosessi-300x200.png 300w, https:\/\/ozonetech.com\/wp-content\/uploads\/2021\/03\/puhdistusprosessi-768x512.png 768w, https:\/\/ozonetech.com\/wp-content\/uploads\/2021\/03\/puhdistusprosessi.png 1500w\" sizes=\"auto, (max-width: 1024px) 100vw, 1024px\" \/><\/h2>\n<p>Otsoni tuotetaan <em>paikan p\u00e4\u00e4ll\u00e4<\/em> ja tarpeen mukaan, mik\u00e4 tarkoittaa sit\u00e4, ett\u00e4 sit\u00e4 tuotetaan ja k\u00e4ytet\u00e4\u00e4n tarvittaessa. T\u00e4m\u00e4 on otsonin t\u00e4rkein ominaisuus verrattuna perinteisiin kemiallisiin aineisiin. Alla oleva kuva n\u00e4ytt\u00e4\u00e4 otsonipitoisuuden ajan mukaan. Vihre\u00e4 alue esitt\u00e4\u00e4 prosessilaitteisiin k\u00e4ytetty\u00e4 otsonipitoisuutta. Kuten kuvasta voi havaita, otsonipitoisuus nousee ajan kuluessa ja saavuttaa riitt\u00e4v\u00e4n desinfiointitason vain muutamassa minuutissa.<\/p>\n        <\/div>\n    <\/div>\n<\/div>\n\n\n<div class=\"container-fluid content content--narrow\">\n    <div class=\"row\">\n        <div class=\"col-md-6 order-1 editor_content \">\n            <p>Desinfiointisykli on valmis 5\u201315 minuutissa riippuen mikro-organismien m\u00e4\u00e4r\u00e4st\u00e4 ja tyypeist\u00e4. Koska otsoni on noin 10 \u2013 1 000 kertaa muita kemikaaleja tehokkaampaa bakteereita, hometta ja viruksia vastaan, desinfiointi voidaan lopettaa muutamassa minuutissa, jolloin laitoksen seisonta-aika on lyhyempi. Tyypillinen otsonin tavoitepitoisuus on 1 ppm kaikentyyppisten ep\u00e4toivottujen mikro-organismien 3 log-yksik\u00f6n v\u00e4hent\u00e4miseen 15 minuutissa. Lue lis\u00e4\u00e4 otsonin desinfiointiominaisuuksista Desinfiointi-sivultamme.<\/p>\n        <\/div>\n        <div class=\"col-md-6 order-2 editor_content d-flex justify-content-center\">\n                                            <figure class=\"side-image \">\n                    <img loading=\"lazy\" decoding=\"async\" width=\"1069\" height=\"954\" src=\"https:\/\/ozonetech.com\/wp-content\/uploads\/2021\/03\/otsonipitoisuus-puhdistettavilla-prosessilaitteilla-e1616580977345.png\" class=\"attachment-full size-full\" alt=\"\" srcset=\"https:\/\/ozonetech.com\/wp-content\/uploads\/2021\/03\/otsonipitoisuus-puhdistettavilla-prosessilaitteilla-e1616580977345.png 1069w, https:\/\/ozonetech.com\/wp-content\/uploads\/2021\/03\/otsonipitoisuus-puhdistettavilla-prosessilaitteilla-e1616580977345-300x268.png 300w, https:\/\/ozonetech.com\/wp-content\/uploads\/2021\/03\/otsonipitoisuus-puhdistettavilla-prosessilaitteilla-e1616580977345-1024x914.png 1024w, https:\/\/ozonetech.com\/wp-content\/uploads\/2021\/03\/otsonipitoisuus-puhdistettavilla-prosessilaitteilla-e1616580977345-768x685.png 768w\" sizes=\"auto, (max-width: 1069px) 100vw, 1069px\" \/>                                    <\/figure>\n                    <\/div>\n    <\/div>\n<\/div>\n\n\n<div class=\"container-fluid editor_content content content--narrow\">\n    <div class=\"row\">\n        <div class=\"col-12 editor_content\">\n            <h2 style=\"text-align: center;\"><\/h2>\n<p>Seuraava video n\u00e4ytt\u00e4\u00e4 RENA Vivo A-sarjan erottamattomana osana CIP-prosessia, esimerkki on panimosta:<\/p>\n<div class=\"youtube\"><iframe src=\"https:\/\/www.youtube.com\/embed\/ezKahaJbP8c\" frameborder=\"0\" allowfullscreen=\"allowfullscreen\"><\/iframe><\/div>\n        <\/div>\n    <\/div>\n<\/div>\n\n<\/section>\n\n\n\n<section\n    id=\"\"\n    class=\"block content-block\"\n\tstyle=\"--cb-bg: #e6e6e6; --cb-content: #000; padding-top: 30px; padding-bottom: 30px;\"\n>\n    \n<div class=\"container-fluid editor_content content content--narrow\">\n    <div class=\"row\">\n        <div class=\"col-md-6\">\n            <h3>Clean-out-of-Place (COP), puhdistus irrallaan prosessista<\/h3>\n<p>CIP koskee prosessilaitteiden puhdistamista ja desinfiointia sis\u00e4puolelta, COP koskee s\u00e4ili\u00f6iden, putkien ja lattioiden pintojen desinfiointia. Tavallisesti t\u00e4ss\u00e4 k\u00e4ytet\u00e4\u00e4n vaahtoavia aineita, jolloin puhdistetut alueet ja puhdistamattomat alueet n\u00e4kyv\u00e4t selv\u00e4sti. Otsoni tarjoaa mahdollisuuden v\u00e4ltt\u00e4\u00e4 kemikaaleille altistuminen COP-vaiheiden aikana, koska otsonij\u00e4rjestelm\u00e4 tuottaa otsonia tarpeen mukaan paikan p\u00e4\u00e4ll\u00e4. Otsonin k\u00e4ytt\u00f6 j\u00e4tt\u00e4\u00e4 j\u00e4lkeens\u00e4 miedon tuoksun, joka ilmaisee desinfioinnin onnistuneen.<\/p>\n        <\/div>\n        <div class=\"col-md-6\">\n            <h3>Biokalvon poistaminen<\/h3>\n<p>Otsonin voimakkaan puhdistustehon ansiosta mahdolliset biokalvot voidaan poistaa otsonoimalla pidemm\u00e4n ajanjakson, jolloin otsoni hajottaa solusein\u00e4t ja orgaaniset ainekset. Biokalvoja voi esiinty\u00e4 j\u00e4rjestelmiss\u00e4, joissa riitt\u00e4m\u00e4t\u00f6n desinfiointi tai puhdistus on sallinut bakteerien kasvun tuotannosta j\u00e4\u00e4neess\u00e4 orgaanisessa aineksessa. N\u00e4iss\u00e4 tapauksissa otsoni on erinomainen tapa poistaa biokalvo ja est\u00e4\u00e4 tuleva kasvu.<\/p>\n        <\/div>\n    <\/div>\n<\/div>\n<div class=\"container-fluid editor_content content content--narrow\">\n    <div class=\"row\">\n        <div class=\"col-md-6\">\n            <h3>J\u00e4\u00e4hdytystornit ja suljetut vesij\u00e4rjestelm\u00e4t<\/h3>\n<p>T\u00e4m\u00e4ntyyppiset j\u00e4rjestelm\u00e4t eroavat joiltain osin CIP-prosesseista. Suljetuissa vesij\u00e4rjestelmiss\u00e4 tai j\u00e4\u00e4hdytystorneissa suuret vesim\u00e4\u00e4r\u00e4t kiert\u00e4v\u00e4t hyvin pitk\u00e4ll\u00e4 hydraulisella retentioajalla. N\u00e4iss\u00e4 tapauksissa alle 0,2 ppm:n otsonipitoisuudet riitt\u00e4v\u00e4t est\u00e4m\u00e4\u00e4n mikrobien kasvun. Pitkill\u00e4 hydraulisilla retentioajoilla biokalvot voidaan hajottaa tehokkaasti.<\/p>\n        <\/div>\n        <div class=\"col-md-6\">\n            <h3>Soveltuvat toimialat<\/h3>\n<p>Prosessilaitteiden otsonidesinfiointi soveltuu erityisesti <a href=\"https:\/\/mellifiq.com\/markets\/breweries\/\" target=\"_blank\" rel=\"noopener\">panimoihin<\/a> (external site), <a href=\"https:\/\/mellifiq.com\/markets\/dairy-production\/\" target=\"_blank\" rel=\"noopener\">meijereihin<\/a> (external site), offshoreteollisuuteen ja <a href=\"https:\/\/mellifiq.com\/markets\/food-and-beverage-production\/\" target=\"_blank\" rel=\"noopener\">elintarviketeollisuuteen<\/a> (external site). Elintarviketeollisuus hy\u00f6dynt\u00e4\u00e4 otsonia laajasti my\u00f6s tuoretuotteiden huuhtelussa.<\/p>\n        <\/div>\n    <\/div>\n<\/div><\/section>\n","protected":false},"excerpt":{"rendered":"","protected":false},"author":21,"featured_media":0,"parent":16988,"menu_order":0,"comment_status":"closed","ping_status":"closed","template":"","meta":{"_acf_changed":false,"_seopress_robots_primary_cat":"","_seopress_titles_title":"","_seopress_titles_desc":"Otsoni tarjoaa uudenlaisen teknologian prosessilaitteiden puhdistukseen, jossa veden, kemikaalien ja energian tarve on huomattavasti pienempi","_seopress_robots_index":"","inline_featured_image":false,"footnotes":""},"class_list":["post-11042","page","type-page","status-publish","hentry"],"acf":[],"_links":{"self":[{"href":"https:\/\/ozonetech.com\/fi\/wp-json\/wp\/v2\/pages\/11042","targetHints":{"allow":["GET"]}}],"collection":[{"href":"https:\/\/ozonetech.com\/fi\/wp-json\/wp\/v2\/pages"}],"about":[{"href":"https:\/\/ozonetech.com\/fi\/wp-json\/wp\/v2\/types\/page"}],"author":[{"embeddable":true,"href":"https:\/\/ozonetech.com\/fi\/wp-json\/wp\/v2\/users\/21"}],"replies":[{"embeddable":true,"href":"https:\/\/ozonetech.com\/fi\/wp-json\/wp\/v2\/comments?post=11042"}],"version-history":[{"count":56,"href":"https:\/\/ozonetech.com\/fi\/wp-json\/wp\/v2\/pages\/11042\/revisions"}],"predecessor-version":[{"id":41583,"href":"https:\/\/ozonetech.com\/fi\/wp-json\/wp\/v2\/pages\/11042\/revisions\/41583"}],"up":[{"embeddable":true,"href":"https:\/\/ozonetech.com\/fi\/wp-json\/wp\/v2\/pages\/16988"}],"wp:attachment":[{"href":"https:\/\/ozonetech.com\/fi\/wp-json\/wp\/v2\/media?parent=11042"}],"curies":[{"name":"wp","href":"https:\/\/api.w.org\/{rel}","templated":true}]}}