{"id":10784,"date":"2020-06-25T14:38:15","date_gmt":"2020-06-25T14:38:15","guid":{"rendered":"https:\/\/ozonetech.com\/business-areas-water-treatement-bottle-rinsing\/"},"modified":"2021-03-31T09:59:18","modified_gmt":"2021-03-31T08:59:18","slug":"pullojen-huuhtelu-ja-tayttokoneen-desinfiointi","status":"publish","type":"page","link":"https:\/\/ozonetech.com\/fi\/sovellukset\/vedenkasittely-hakemukset\/pullojen-huuhtelu-ja-tayttokoneen-desinfiointi\/","title":{"rendered":"Pullojen huuhtelu- ja t\u00e4ytt\u00f6koneen desinfiointi"},"content":{"rendered":"\n<section\n    class=\"block hero hero--regular\"\n    style=\"background-image: url('https:\/\/ozonetech.com\/wp-content\/uploads\/2021\/02\/bottle-rinsing-1-1600x484.jpg'); --hero-opacity: 0.2\"\n>\n\n    <div class=\"container-fluid\">\n\n        <div class=\"content editor_content\">\n                         \n                <h1 class='h1'>Pullojen huuhtelu- ja t\u00e4ytt\u00f6koneen desinfiointi<\/h1>            \n                    <\/div>\n\n            <\/div>\n<\/section>\n\n\n<section class=\"component component_breadcrumbs\">\n\t<div class=\"container-fluid\">\n  \t<\/div>\n<\/section>\n\n\n<section\n    id=\"\"\n    class=\"block content-block\"\n\tstyle=\"--cb-bg: white; --cb-content: #000; padding-top: 30px; padding-bottom: 30px;\"\n>\n    \n\n<div class=\"container-fluid editor_content content content--narrow\">\n    <div class=\"row\">\n        <div class=\"col-12 editor_content\">\n            <h2>Kustannustehokaat ja kest\u00e4v\u00e4t ratkaisut pullotuksessa ilman kemikaaleja<\/h2>\n<p class=\"preamble\">Pullojen huuhtelu otsonilla oli yksi ensimm\u00e4isist\u00e4 k\u00e4ytt\u00f6tarkoituksista teollisuudessa. Se oli houkutteleva vaihtoehto kemikaaleille ja l\u00e4mm\u00f6lle. Nyky\u00e4\u00e4n sit\u00e4 k\u00e4ytet\u00e4\u00e4n laajasti erottamattomana osana pullojen huuhtelu- ja t\u00e4ytt\u00f6koneita.<\/p>\n<h3>Pullojen huuhtelu otsonilla<\/h3>\n<p>Pullon sisus tai t\u00f6lkin pinnat on desinfioitava tai past\u00f6roitava t\u00e4ytt\u00f6prosessin j\u00e4lkeen, jos steriloimattomia pulloja t\u00e4ytet\u00e4\u00e4n oluella, soodavedell\u00e4 tai vedell\u00e4. T\u00e4m\u00e4 on erityisen t\u00e4rke\u00e4\u00e4 my\u00f6s palautuspulloissa, jotka eiv\u00e4t tule steriloituina toimittajalta.<\/p>\n        <\/div>\n    <\/div>\n<\/div>\n\n\n<div class=\"container-fluid editor_content content content--narrow\">\n    <div class=\"row\">\n        <div class=\"col-md-6\">\n            <h4>Otsoni vastaan kemikaalit<\/h4>\n<p>Vaikka panimoteollisuudessa jotkin desinfiointiaineet, kuten peretikkahappo tai hypokloriitti, ovat yleisi\u00e4, ne j\u00e4tt\u00e4v\u00e4t k\u00e4yt\u00f6n j\u00e4lkeen j\u00e4\u00e4mi\u00e4, jotka vaikuttavat tuotteen makuun ja laatuun peruuttamattomasti. T\u00e4llaiset kemikaalit voidaan poistaa huuhtomalla, mutta vesijohtovedess\u00e4 luonnostaan olevia ep\u00e4toivottuja hiukkasia tai mikro-organismeja j\u00e4\u00e4 j\u00e4ljelle. Otsonin k\u00e4ytt\u00f6 pullojen tai t\u00f6lkkien huuhtelussa ratkaisee kummankin potentiaalisen ongelman.<\/p>\n<p>Otsoni on tehokkain saatavilla oleva desinfiointiaine teolliseen k\u00e4ytt\u00f6\u00f6n. Se desinfioi pullojen pinnat nopeasti pienin\u00e4kin pitoisuuksina . Se ei my\u00f6sk\u00e4\u00e4n j\u00e4t\u00e4 kemiallisia sivutuotteita, mik\u00e4 eliminoi pilaantumisriskin. Lue lis\u00e4\u00e4 <a href=\"https:\/\/ozonetech.com\/fi\/water-treatment\/ozone-disinfection-drinking-water\">Disinfection<\/a> otsonista desinfiointiaineena Desinfiointi-verkkosivultamme.<\/p>\n        <\/div>\n        <div class=\"col-md-6\">\n            <h4>Otsoni vastaan l\u00e4mp\u00f6<\/h4>\n<p>Pullot ja t\u00f6lkit desinfioidaan usein 100 celsiusasteessa (212 \u00b0F), jonka j\u00e4lkeen ne t\u00e4ytet\u00e4\u00e4n juomilla muutamassa minuutissa. T\u00e4m\u00e4 varmistaa, ett\u00e4 ep\u00e4toivotut mikro-organismit kuolevat. Bakteerit ja muut mikrobit ovat pilaantumisen p\u00e4\u00e4aiheuttajia. L\u00e4mp\u00f6 on tehokas tapa varmistaa tuotteen laatu, mutta se voi vaikuttaa ainutlaatuisiin makuihin ja aromeihin. Otsoni tarjoaa vaihtoehdon, joka s\u00e4il\u00f6\u00f6 tuotteet ilman kemikaaleja tai l\u00e4mp\u00f6\u00e4. Koska otsoni k\u00e4ytet\u00e4\u00e4n kylm\u00e4n\u00e4, se s\u00e4\u00e4st\u00e4\u00e4 kustannuksia verrattuna energiaintensiiviseen past\u00f6rointiin.<\/p>\n        <\/div>\n    <\/div>\n<\/div>\n\n<div class=\"container-fluid editor_content content content--narrow\">\n    <div class=\"row\">\n        <div class=\"col-12 editor_content\">\n            <h4>K\u00e4ytt\u00f6 k\u00e4yt\u00e4nn\u00f6ss\u00e4<\/h4>\n<p>Otsonipitoisuus ja desinfiointiaika pit\u00e4\u00e4 tasapainottaa sopivasti pullojen huuhtelun aikana. Mahdollisten pullojen sis\u00e4ll\u00e4 olevien bakteerien inaktivoinnin vaatima aika ja pitoisuus, eli CT-arvo min. mg\/l, riippuu mikro-organismien kannoista. K\u00e4yt\u00f6n aikana todellinen otsonipitoisuus ei saa normaalisti ylitt\u00e4\u00e4 arvoa 1 ppm eik\u00e4 alittaa arvoa 0,2\u20130,4 ppm, jotta saavutetaan tehokas, v\u00e4hint\u00e4\u00e4n 3 log-yksik\u00f6n, v\u00e4hennys iti\u00f6iden, bakteerien ja alkuel\u00e4inten m\u00e4\u00e4r\u00e4ss\u00e4. Nestem\u00e4inen otsoni suihkutetaan pulloihin sis\u00e4\u00e4nrakennetun suuttimen avulla. Otsoni palautuu nopeasti luonnolliseen tilaansa: happi ei nosta normaalisti vesijohtovedess\u00e4 olevaa hapen m\u00e4\u00e4r\u00e4\u00e4.<\/p>\n        <\/div>\n    <\/div>\n<\/div>\n\n<\/section>\n\n\n\n<section\n    id=\"\"\n    class=\"block content-block\"\n\tstyle=\"--cb-bg: #e6e6e6; --cb-content: #000; padding-top: 30px; padding-bottom: 30px;\"\n>\n    \n\n<div class=\"container-fluid editor_content content content--narrow\">\n    <div class=\"row\">\n        <div class=\"col-12 editor_content\">\n            <h3>T\u00e4ytt\u00f6koneen desinfiointi otsonilla<\/h3>\n<p>Samoin kuin desinfioitaessa muita prosessilaitteita, kuten fermentointis\u00e4ili\u00f6it\u00e4, putkia ja venttiileit\u00e4, otsonij\u00e4rjestelm\u00e4 on tehokas my\u00f6s itse t\u00e4ytt\u00f6koneen desinfioinnissa. K\u00e4y katsomassa lis\u00e4tietoa <a href=\"https:\/\/ozonetech.com\/fi\/water-treatment\/ozone-process-equipment-sanitation\">CIP- ja prosessilaitteiden desinfiointia k\u00e4sittelev\u00e4lt\u00e4<\/a> verkkosivultamme.<\/p>\n<p><img loading=\"lazy\" decoding=\"async\" class=\"wp-image-13255 aligncenter\" src=\"https:\/\/ozonetech.com\/wp-content\/uploads\/2021\/01\/filling-machine-bottling-plant-300x200.jpg\" alt=\"\" width=\"1145\" height=\"763\" srcset=\"https:\/\/ozonetech.com\/wp-content\/uploads\/2021\/01\/filling-machine-bottling-plant-300x200.jpg 300w, https:\/\/ozonetech.com\/wp-content\/uploads\/2021\/01\/filling-machine-bottling-plant-1024x683.jpg 1024w, https:\/\/ozonetech.com\/wp-content\/uploads\/2021\/01\/filling-machine-bottling-plant-768x512.jpg 768w, https:\/\/ozonetech.com\/wp-content\/uploads\/2021\/01\/filling-machine-bottling-plant.jpg 1170w\" sizes=\"auto, (max-width: 1145px) 100vw, 1145px\" \/><\/p>\n<p>Ozonetechin otsonij\u00e4rjestelm\u00e4 RENA Vivo on suunniteltu tuottamaan sopiva otsonipitoisuus tehokkaalla ja turvallisella tavalla. Otsoni on heti k\u00e4ytt\u00f6valmis t\u00e4ytt\u00f6koneen sis\u00e4ll\u00e4 olevien putkien ja muiden mekaanisten komponenttien desinfioimiseen.<\/p>\n        <\/div>\n    <\/div>\n<\/div>\n\n<\/section>\n","protected":false},"excerpt":{"rendered":"","protected":false},"author":21,"featured_media":0,"parent":16988,"menu_order":0,"comment_status":"closed","ping_status":"closed","template":"","meta":{"_acf_changed":false,"_seopress_robots_primary_cat":"","_seopress_titles_title":"","_seopress_titles_desc":"Otsoni on tehokkain desinfiointiaine teollisessa k\u00e4yt\u00f6ss\u00e4, puhdistaa ja desinfioi pullojen pinnat nopeasti ilman kemikaalij\u00e4\u00e4mi\u00e4","_seopress_robots_index":"","inline_featured_image":false,"footnotes":""},"class_list":["post-10784","page","type-page","status-publish","hentry"],"acf":[],"_links":{"self":[{"href":"https:\/\/ozonetech.com\/fi\/wp-json\/wp\/v2\/pages\/10784","targetHints":{"allow":["GET"]}}],"collection":[{"href":"https:\/\/ozonetech.com\/fi\/wp-json\/wp\/v2\/pages"}],"about":[{"href":"https:\/\/ozonetech.com\/fi\/wp-json\/wp\/v2\/types\/page"}],"author":[{"embeddable":true,"href":"https:\/\/ozonetech.com\/fi\/wp-json\/wp\/v2\/users\/21"}],"replies":[{"embeddable":true,"href":"https:\/\/ozonetech.com\/fi\/wp-json\/wp\/v2\/comments?post=10784"}],"version-history":[{"count":21,"href":"https:\/\/ozonetech.com\/fi\/wp-json\/wp\/v2\/pages\/10784\/revisions"}],"predecessor-version":[{"id":34343,"href":"https:\/\/ozonetech.com\/fi\/wp-json\/wp\/v2\/pages\/10784\/revisions\/34343"}],"up":[{"embeddable":true,"href":"https:\/\/ozonetech.com\/fi\/wp-json\/wp\/v2\/pages\/16988"}],"wp:attachment":[{"href":"https:\/\/ozonetech.com\/fi\/wp-json\/wp\/v2\/media?parent=10784"}],"curies":[{"name":"wp","href":"https:\/\/api.w.org\/{rel}","templated":true}]}}