{"id":10478,"date":"2020-06-23T11:31:37","date_gmt":"2020-06-23T11:31:37","guid":{"rendered":"https:\/\/ozonetech.com\/business-areas-water-treatment-boc-cod-treatment\/"},"modified":"2024-10-10T08:44:21","modified_gmt":"2024-10-10T06:44:21","slug":"cod-ja-bod-kasittely-otsonilla","status":"publish","type":"page","link":"https:\/\/ozonetech.com\/fi\/sovellukset\/vedenkasittely-hakemukset\/cod-ja-bod-kasittely-otsonilla\/","title":{"rendered":"COD- ja BOD-k\u00e4sittely otsonilla"},"content":{"rendered":"\n<section\n    class=\"block hero hero--regular\"\n    style=\"background-image: url('https:\/\/ozonetech.com\/wp-content\/uploads\/2021\/02\/BOD-COD-treatment-1600x484.jpg'); --hero-opacity: 0.2\"\n>\n\n    <div class=\"container-fluid\">\n\n        <div class=\"content editor_content\">\n                         \n                <h2 class='h2'>COD- ja BOD-k\u00e4sittely otsonilla<\/h2>            \n                    <\/div>\n\n            <\/div>\n<\/section>\n\n\n<section class=\"component component_breadcrumbs\">\n\t<div class=\"container-fluid\">\n  \t<\/div>\n<\/section>\n\n\n<section\n    id=\"\"\n    class=\"block content-block\"\n\tstyle=\"--cb-bg: white; --cb-content: #000; padding-top: 30px; padding-bottom: 30px;\"\n>\n    \n\n<div class=\"container-fluid editor_content content content--narrow\">\n    <div class=\"row\">\n        <div class=\"col-12 editor_content\">\n            <h1>Otsooni ja AOP ratkaisut suurille COD- ja BOD-pitoisuuksille<\/h1>\n<p class=\"preamble\">Kemiallinen hapenkulutus(COD) on j\u00e4teveden ja veden laadun mittari, jota voidaan k\u00e4ytt\u00e4\u00e4 hapetettavien yhdisteiden m\u00e4\u00e4r\u00e4n ep\u00e4suorana mittauksena. COD arvioi kaikki kemiallisesti hapettavat aineet, ja se voi suoraan liitty\u00e4 j\u00e4teveden todelliseen hapentasaan, jos sit\u00e4 vapautuu ymp\u00e4rist\u00f6\u00f6n. Siksi se on tehokas v\u00e4line, jonka avulla voidaan saada kuva ymp\u00e4rist\u00f6vaikutuksista, joita j\u00e4tevesien mahdolliset p\u00e4\u00e4st\u00f6t ymp\u00e4rist\u00f6\u00f6n voivat saada.<\/p>\n<p class=\"preamble\">BOD, lyhenne sanoista &#8221;Biological Oxygen Demand&#8221;, mittaa my\u00f6s veden hapentatarvetta, mutta tarve perustuu hapenkulutuksen m\u00e4\u00e4r\u00e4\u00e4n, koska mikro-organismit ovat vastuussa hapettumisprosessista (kemiallisen hapettimen sijasta, kuten COD-toimenpiteess\u00e4).<\/p>\n<p>Useimmissa tapauksissa COD-pitoisuudet ovat suurempia kuin BOD-pitoisuudet j\u00e4tevesiprosesseissa, sill\u00e4 kaikki orgaaninen materiaali ei ole biohajoavaa. Tyypillisesti kemiallisten prosessien j\u00e4tevesien COD on 200 \u2013 40 000 mg\/l ja kotitalouksien j\u00e4tevesien 100\u2013450 mg\/l. Alla olevassa kuvassa on lyhyt yhteenveto erityyppisist\u00e4 yhdisteist\u00e4 ja siit\u00e4, miten ne k\u00e4sitell\u00e4\u00e4n otsonilla.<\/p>\n<h3 style=\"text-align: center;\"><img loading=\"lazy\" decoding=\"async\" class=\"alignnone size-large wp-image-24540\" src=\"https:\/\/ozonetech.com\/wp-content\/uploads\/2021\/03\/bod-cod-matriisi-1024x444.png\" alt=\"\" width=\"1024\" height=\"444\" srcset=\"https:\/\/ozonetech.com\/wp-content\/uploads\/2021\/03\/bod-cod-matriisi-1024x444.png 1024w, https:\/\/ozonetech.com\/wp-content\/uploads\/2021\/03\/bod-cod-matriisi-300x130.png 300w, https:\/\/ozonetech.com\/wp-content\/uploads\/2021\/03\/bod-cod-matriisi-768x333.png 768w, https:\/\/ozonetech.com\/wp-content\/uploads\/2021\/03\/bod-cod-matriisi.png 1500w\" sizes=\"auto, (max-width: 1024px) 100vw, 1024px\" \/><\/h3>\n<p>Jotkin teollisuusalat, kuten panimot, meijerit, rauta- ja ter\u00e4steollisuus, paperi- ja selluloosateollisuus sek\u00e4 kaivostoiminta tuottavat prosessivesi\u00e4, joiden COD-tasot ovat yli &gt;1 000 ppm. J\u00e4tevesien orgaaninen COD voidaan luokitella biohajoamattomaksi ja biohajoavaksi COD:ksi, kuten alla olevasta taulukosta n\u00e4kyy.<\/p>\n        <\/div>\n    <\/div>\n<\/div>\n\n\n\n<div class=\"container-fluid editor_content content content--narrow\">\n    <div class=\"row\">\n        <div class=\"col-12 editor_content\">\n            <h3>Biohajoamaton COD<\/h3>\n<p>Biohajoamaton COD on tulosta liukoisista substraateista, joita l\u00f6ytyy j\u00e4tevesist\u00e4 ja jotka p\u00e4\u00e4sev\u00e4t j\u00e4tevedenpuhdistamoista pienin\u00e4 pitoisuuksina mikrosaasteina. Joitakin esimerkkej\u00e4 ovat mm. l\u00e4\u00e4keaineet (esimerkiksi: diklofenaakki, parasetamoli ja propofoli), pysyv\u00e4t orgaaniset ep\u00e4puhtaudet (torjunta-aineet, teollisuuskemikaalit ja hormonit) ja muut molekyylit mukaan lukien fluoratut ja bromatut yhdisteet. Alla olevassa taulukossa n\u00e4kyy joitakin tyypillisi\u00e4 yhdisteit\u00e4 ja niiden ominaisuuksia hapenkulutuksen ja otsoninkulutuksen osalta.<\/p>\n        <\/div>\n    <\/div>\n<\/div>\n\n<\/section>\n\n\n\n<section\n    id=\"\"\n    class=\"block content-block\"\n\tstyle=\"--cb-bg: light-gray; --cb-content: #000; padding-top: 30px; padding-bottom: 30px;\"\n>\n    <div class=\"container-fluid editor_content\">\n    <div class=\"row\">\n        <div class=\"col-12 editor_content table-wrapper \" style=\"--table-text-color-header: #FFFFFF; --table-text-color-rows: #000000; --table-background-color-header: #5f5f5f; --table-background-color-rows-even: #efefef; --table-background-color-rows-odd: #dfdfdf; \">\n                            \n<table id=\"tablepress-119\" class=\"tablepress tablepress-id-119\" aria-describedby=\"tablepress-119-description\">\n<thead>\n<tr class=\"row-1\">\n\t<th class=\"column-1\">Yhdisteet<\/th><th class=\"column-2\">BOD5\/COD-suhde<\/th><th class=\"column-3\">COD:O<sub>3<\/sub>-suhde<\/th>\n<\/tr>\n<\/thead>\n<tbody class=\"row-striping\">\n<tr class=\"row-2\">\n\t<td class=\"column-1\">L\u00e4\u00e4keaineet<\/td><td class=\"column-2\">0.1<\/td><td class=\"column-3\">6:1 &#8211; 3:1<\/td>\n<\/tr>\n<tr class=\"row-3\">\n\t<td class=\"column-1\">Pysyv\u00e4t orgaaniset ep\u00e4puhtaudet<\/td><td class=\"column-2\">0.2<\/td><td class=\"column-3\">5:2 &#8211; 2:1<\/td>\n<\/tr>\n<tr class=\"row-4\">\n\t<td class=\"column-1\">Aldehydit<\/td><td class=\"column-2\">0.3<\/td><td class=\"column-3\">7:1 &#8211; 4:1<\/td>\n<\/tr>\n<tr class=\"row-5\">\n\t<td class=\"column-1\">Amiinit<\/td><td class=\"column-2\">0.5<\/td><td class=\"column-3\">4:1 &#8211; 3:1<\/td>\n<\/tr>\n<\/tbody>\n<\/table>\n<span id=\"tablepress-119-description\" class=\"tablepress-table-description tablepress-table-description-id-119\"><\/span>\n<!-- #tablepress-119 from cache -->                                <\/div>\n    <\/div>\n<\/div>\n\n\n<div class=\"container-fluid editor_content content content--narrow\">\n    <div class=\"row\">\n        <div class=\"col-12 editor_content\">\n            <p>Alhainen BOD:COD-suhde merkitsee yhdisteit\u00e4, jotka eiv\u00e4t ole helposti biohajoavia.<\/p>\n<h3>Biohajoava COD<\/h3>\n<p>Biohajoava COD jaetaan edelleen helposti biohajoaviin (liukoiset yhdisteet, kuten haihtuvat ravintoaineet, sokeri, valitut alkoholit ja proteiinit) sek\u00e4 hitaasti biohajoaviin yhdisteisiin. Hitaasti biohajoavat yhdisteet koostuvat hiukkasmaisista, kolloidisista ja monimutkaisista orgaanisista molekyyleista.<\/p>\n        <\/div>\n    <\/div>\n<\/div>\n\n<div class=\"container-fluid editor_content\">\n    <div class=\"row\">\n        <div class=\"col-12 editor_content table-wrapper \" style=\"--table-text-color-header: #FFFFFF; --table-text-color-rows: #000000; --table-background-color-header: #5f5f5f; --table-background-color-rows-even: #efefef; --table-background-color-rows-odd: #dfdfdf; \">\n                            \n<table id=\"tablepress-121\" class=\"tablepress tablepress-id-121\" aria-describedby=\"tablepress-121-description\">\n<thead>\n<tr class=\"row-1\">\n\t<th class=\"column-1\">Yhdisteet<\/th><th class=\"column-2\">BOD5\/COD-suhde<\/th><th class=\"column-3\">COD:O<sub>3<\/sub>-suhde<\/th>\n<\/tr>\n<\/thead>\n<tbody class=\"row-striping\">\n<tr class=\"row-2\">\n\t<td class=\"column-1\">Fatty acids<\/td><td class=\"column-2\">0.4<\/td><td class=\"column-3\">2:3<\/td>\n<\/tr>\n<tr class=\"row-3\">\n\t<td class=\"column-1\">Ravintoaineet (ammoniakki, orgaaninen fosfaatti)<\/td><td class=\"column-2\">0.6<\/td><td class=\"column-3\">7:1<\/td>\n<\/tr>\n<tr class=\"row-4\">\n\t<td class=\"column-1\">Proteiinit<\/td><td class=\"column-2\">0.7<\/td><td class=\"column-3\">6:2<\/td>\n<\/tr>\n<tr class=\"row-5\">\n\t<td class=\"column-1\">Alkoholi<\/td><td class=\"column-2\">0.9<\/td><td class=\"column-3\">5:3<\/td>\n<\/tr>\n<tr class=\"row-6\">\n\t<td class=\"column-1\">Sokerit<\/td><td class=\"column-2\">0.7<\/td><td class=\"column-3\">4:2<\/td>\n<\/tr>\n<\/tbody>\n<\/table>\n<span id=\"tablepress-121-description\" class=\"tablepress-table-description tablepress-table-description-id-121\"><\/span>\n<!-- #tablepress-121 from cache -->                                <\/div>\n    <\/div>\n<\/div>\n\n\n<div class=\"container-fluid editor_content content content--narrow\">\n    <div class=\"row\">\n        <div class=\"col-12 editor_content\">\n            <h4>Tyypilliset COD- ja BOD5-pitoisuudet ovat alla olevassa taulukossa.<\/h4>\n        <\/div>\n    <\/div>\n<\/div>\n\n<div class=\"container-fluid editor_content\">\n    <div class=\"row\">\n        <div class=\"col-12 editor_content table-wrapper \" style=\"--table-text-color-header: #FFFFFF; --table-text-color-rows: #000000; --table-background-color-header: #5f5f5f; --table-background-color-rows-even: #efefef; --table-background-color-rows-odd: #dfdfdf; \">\n                            \n<table id=\"tablepress-122\" class=\"tablepress tablepress-id-122\" aria-describedby=\"tablepress-122-description\">\n<thead>\n<tr class=\"row-1\">\n\t<th class=\"column-1\">Hapenkulutustyyppi (mg\/l)<\/th><th class=\"column-2\">Kotitalouksien j\u00e4tevedet<\/th><th class=\"column-3\">Elintarviketeollisuus<\/th><th class=\"column-4\">Kemianteollisuus ja l\u00e4\u00e4keteollisuus<\/th>\n<\/tr>\n<\/thead>\n<tbody class=\"row-striping\">\n<tr class=\"row-2\">\n\t<td class=\"column-1\">BOD5<\/td><td class=\"column-2\">200-300<\/td><td class=\"column-3\">450-1100<\/td><td class=\"column-4\">250-1000<\/td>\n<\/tr>\n<tr class=\"row-3\">\n\t<td class=\"column-1\">COD<\/td><td class=\"column-2\">450-700<\/td><td class=\"column-3\">1450-2200<\/td><td class=\"column-4\">2000-18750<\/td>\n<\/tr>\n<\/tbody>\n<\/table>\n<span id=\"tablepress-122-description\" class=\"tablepress-table-description tablepress-table-description-id-122\"><\/span>\n<!-- #tablepress-122 from cache -->                                <\/div>\n    <\/div>\n<\/div>\n\n\n<div class=\"container-fluid editor_content content content--narrow\">\n    <div class=\"row\">\n        <div class=\"col-12 editor_content\">\n            <h3>Otsoni<\/h3>\n<p>Otsoni on tehokas hapettaja ja veteen helposti liukeneva. Se on j\u00e4\u00e4mist\u00e4 vapaa k\u00e4sittelytekniikka, jolla on potentiaali eliminoida monimutkaiset orgaaniset ep\u00e4puhtaudet. Lis\u00e4tietoa l\u00f6ytyy <a href=\"https:\/\/ozonetech.com\/fi\/tietoa-otsonista\/\">t\u00e4st\u00e4<\/a>. Seuraavissa osioissa on muutamia otsonipohjaisten k\u00e4sittelyjen mahdollisuuksista orgaanisen hiilen k\u00e4sittelyss\u00e4 j\u00e4tevesist\u00e4.<\/p>\n<h3>Otsoni ja AOP<\/h3>\n<p>AOP on kehittynyt hapetusprosessi, jossa kohteena olevien ep\u00e4puhtauksien tuhoamisessa hy\u00f6dynnet\u00e4\u00e4n eritt\u00e4in reaktiivisia lajeja. Muodostetuilla radikaaleilla on korkeampi hapetuspotentiaali kuin otsonilla ja reaktionopeus, joka on n. miljoona kertaa nopeampi, mik\u00e4 johtaa lyhyemp\u00e4\u00e4n kosketusaikaan ja jalanj\u00e4lkeen. AOP-prosesseja voidaan k\u00e4ytt\u00e4\u00e4 my\u00f6s k\u00e4sittelyj\u00e4rjestelm\u00e4n ep\u00e4puhtauksien t\u00e4ydelliseen tai osittaiseen hapettamiseen. Muutamia esimerkkej\u00e4 reaktiomekanismeista hydroksyyliradikaalien tuottamisessa otsonilla n\u00e4ytet\u00e4\u00e4n alla.<\/p>\n        <\/div>\n    <\/div>\n<\/div>\n\n<div class=\"container-fluid editor_content\">\n    <div class=\"row\">\n        <div class=\"col-12 editor_content table-wrapper \" style=\"--table-text-color-header: #FFFFFF; --table-text-color-rows: #000000; --table-background-color-header: #5f5f5f; --table-background-color-rows-even: #efefef; --table-background-color-rows-odd: #dfdfdf; \">\n                            \n<table id=\"tablepress-123\" class=\"tablepress tablepress-id-123\" aria-describedby=\"tablepress-123-description\">\n<thead>\n<tr class=\"row-1\">\n\t<th class=\"column-1\">Rautaoksidi<\/th><th class=\"column-2\">Fe<sup>3+<\/sup>+ O<sub>3<\/sub> \u2192 (FeO)<sup>2+<\/sup>+OH<sup>&#8211;<\/sup> + O<sub>2<\/sub> + H<sup>+<\/sup><\/th>\n<\/tr>\n<\/thead>\n<tbody class=\"row-striping\">\n<tr class=\"row-2\">\n\t<td class=\"column-1\">Vetyperoksidi<\/td><td class=\"column-2\">O<sub>3<\/sub> + H<sub>2<\/sub>O<sub>2<\/sub> \u2192 OH<sup>&#8211;<\/sup> + O<sub>2<\/sub> + H<sub>2<\/sub>O<\/td>\n<\/tr>\n<tr class=\"row-3\">\n\t<td class=\"column-1\">Ultravioletti<\/td><td class=\"column-2\">O<sub>3<\/sub> + H<sub>2<\/sub>O \u2192 O<sub>2<\/sub> + H<sub>2<\/sub>O<sub>2<\/sub> (UV-k\u00e4sittelyss\u00e4)<br \/>\n2O<sub>3<\/sub> + H<sub>2<\/sub>O<sub>2<\/sub> \u2192 2OH + 3O<sub>2<\/sub><\/td>\n<\/tr>\n<\/tbody>\n<\/table>\n<span id=\"tablepress-123-description\" class=\"tablepress-table-description tablepress-table-description-id-123\"><\/span>\n<!-- #tablepress-123 from cache -->                                <\/div>\n    <\/div>\n<\/div>\n\n\n<div class=\"container-fluid editor_content content content--narrow\">\n    <div class=\"row\">\n        <div class=\"col-12 editor_content\">\n            <p>Muihin AOP-menetelmiin kuuluvat titaanioksidin ja UV-tekniikan yhdistelm\u00e4 hydroksyyliradikaalien tuotannossa.<\/p>\n<p>Esimerkki on Ozonetechin pilottilaitoksesta: COD:n ja BOD:n poistaminen j\u00e4tevesist\u00e4 otsonilla l\u00f6ytyy alta:<\/p>\n<h3 style=\"text-align: center;\"><img loading=\"lazy\" decoding=\"async\" class=\"alignnone size-large wp-image-24516\" src=\"https:\/\/ozonetech.com\/wp-content\/uploads\/2021\/03\/poisto-cod-bod-1-1024x683.png\" alt=\"\" width=\"1024\" height=\"683\" srcset=\"https:\/\/ozonetech.com\/wp-content\/uploads\/2021\/03\/poisto-cod-bod-1-1024x683.png 1024w, https:\/\/ozonetech.com\/wp-content\/uploads\/2021\/03\/poisto-cod-bod-1-300x200.png 300w, https:\/\/ozonetech.com\/wp-content\/uploads\/2021\/03\/poisto-cod-bod-1-768x512.png 768w, https:\/\/ozonetech.com\/wp-content\/uploads\/2021\/03\/poisto-cod-bod-1.png 1501w\" sizes=\"auto, (max-width: 1024px) 100vw, 1024px\" \/><\/h3>\n<p>Otsoni-AOP on hy\u00f6dyllinen tilanteissa, joissa otsonilla yksin\u00e4\u00e4n ei saavuteta j\u00e4tevesien yhdisteiden hapettamista. N\u00e4iss\u00e4 tapauksissa AOP:t\u00e4 voidaan k\u00e4ytt\u00e4\u00e4 menestyksellisesti reaktiokinetiikan tehostamiseen, jolloin kaikkein monimutkaisempienkin ainesten poistaminen on mahdollista. T\u00e4m\u00e4 voidaan n\u00e4hd\u00e4 selv\u00e4sti alla olevassa kaaviossa.<\/p>\n<div id=\"panels-ipe-paneid-414\" class=\"panels-ipe-portlet-wrapper panels-ipe-portlet-marker\">\n<div class=\"panels-ipe-portlet-content\">\n<div class=\"panel-pane pane-entity-field pane-node-body\">\n<div class=\"pane-content\">\n<div class=\"field field-name-body field-type-text-with-summary field-label-hidden\">\n<div class=\"field-items\">\n<div class=\"field-item even\">\n<p>Ozonetechilla on laaja kokemus prosessiteollisuuden, l\u00e4\u00e4keteollisuuden ja elintarvike- ja juomateollisuuden monimutkaisten orgaanisten virtojen k\u00e4sittelyst\u00e4. Tarjoamme pilottiprojekteja ja t\u00e4ysimittaisia otsonipohjaisia k\u00e4sittelyj\u00e4rjestelmi\u00e4. Lis\u00e4tietoa toteutettavuudesta ja pilottiprojektista l\u00f6ytyy <a href=\"https:\/\/ozonetech.com\/fi\/ratkaisut-jarjestelmat\/ilmankasittely\/raataloidyt-ilmankasittelyn-pilottiprojektit\/\">t\u00e4st\u00e4<\/a>.<\/p>\n<\/div>\n<\/div>\n<\/div>\n<\/div>\n<\/div>\n<\/div>\n<\/div>\n<div id=\"panels-ipe-paneid-415\" class=\"panels-ipe-portlet-wrapper panels-ipe-portlet-marker\">\n<div id=\"panels-ipe-paneid-416\" class=\"panels-ipe-portlet-wrapper panels-ipe-portlet-marker\">\n<div id=\"panels-ipe-paneid-417\" class=\"panels-ipe-portlet-wrapper panels-ipe-portlet-marker\">\n<div id=\"panels-ipe-paneid-418\" class=\"panels-ipe-portlet-wrapper panels-ipe-portlet-marker\">\n<div id=\"panels-ipe-paneid-419\" class=\"panels-ipe-portlet-wrapper panels-ipe-portlet-marker\">\n<div id=\"panels-ipe-paneid-420\" class=\"panels-ipe-portlet-wrapper panels-ipe-portlet-marker\">\n<div class=\"panels-ipe-portlet-content\">\n<div class=\"panel-pane pane-custom pane-2 site-buttons\">\n<div class=\"pane-content\"><\/div>\n<\/div>\n<\/div>\n<\/div>\n<\/div>\n<\/div>\n<\/div>\n<\/div>\n<\/div>\n        <\/div>\n    <\/div>\n<\/div>\n\n<\/section>\n","protected":false},"excerpt":{"rendered":"","protected":false},"author":21,"featured_media":0,"parent":16988,"menu_order":0,"comment_status":"closed","ping_status":"closed","template":"","meta":{"_acf_changed":false,"_seopress_robots_primary_cat":"","_seopress_titles_title":"","_seopress_titles_desc":"Otsonointi on j\u00e4\u00e4nn\u00f6svapaa k\u00e4sittelymenetelm\u00e4, monimutkaisten orgaanisten yhdisteiden poistamiseksi","_seopress_robots_index":"","inline_featured_image":false,"footnotes":""},"class_list":["post-10478","page","type-page","status-publish","hentry"],"acf":[],"_links":{"self":[{"href":"https:\/\/ozonetech.com\/fi\/wp-json\/wp\/v2\/pages\/10478","targetHints":{"allow":["GET"]}}],"collection":[{"href":"https:\/\/ozonetech.com\/fi\/wp-json\/wp\/v2\/pages"}],"about":[{"href":"https:\/\/ozonetech.com\/fi\/wp-json\/wp\/v2\/types\/page"}],"author":[{"embeddable":true,"href":"https:\/\/ozonetech.com\/fi\/wp-json\/wp\/v2\/users\/21"}],"replies":[{"embeddable":true,"href":"https:\/\/ozonetech.com\/fi\/wp-json\/wp\/v2\/comments?post=10478"}],"version-history":[{"count":40,"href":"https:\/\/ozonetech.com\/fi\/wp-json\/wp\/v2\/pages\/10478\/revisions"}],"predecessor-version":[{"id":40313,"href":"https:\/\/ozonetech.com\/fi\/wp-json\/wp\/v2\/pages\/10478\/revisions\/40313"}],"up":[{"embeddable":true,"href":"https:\/\/ozonetech.com\/fi\/wp-json\/wp\/v2\/pages\/16988"}],"wp:attachment":[{"href":"https:\/\/ozonetech.com\/fi\/wp-json\/wp\/v2\/media?parent=10478"}],"curies":[{"name":"wp","href":"https:\/\/api.w.org\/{rel}","templated":true}]}}