{"id":10452,"date":"2020-12-18T10:48:46","date_gmt":"2020-12-18T09:48:46","guid":{"rendered":"https:\/\/ozonetech.com\/?page_id=10452"},"modified":"2024-10-11T10:47:37","modified_gmt":"2024-10-11T08:47:37","slug":"oheistuotteiden-lataukset","status":"publish","type":"page","link":"https:\/\/ozonetech.com\/fi\/ladattavat-tiedostot\/oheistuotteiden-lataukset\/","title":{"rendered":"Oheistuotteiden lataukset"},"content":{"rendered":"\n<section\n    class=\"block hero hero--regular\"\n    style=\"background-image: url('https:\/\/ozonetech.com\/wp-content\/uploads\/2021\/03\/accessories-1600x484.jpg'); --hero-opacity: 0.25\"\n>\n\n    <div class=\"container-fluid\">\n\n        <div class=\"content editor_content\">\n                         \n                <h2 class='h2'>Oheistuotteiden lataukset  <\/h2>            \n                    <\/div>\n\n            <\/div>\n<\/section>\n\n\n<section class=\"component component_breadcrumbs\">\n\t<div class=\"container-fluid\">\n  \t<\/div>\n<\/section>\n\n\n<section\n    id=\"\"\n    class=\"block content-block\"\n\tstyle=\"--cb-bg: white; --cb-content: #000; padding-top: 30px; padding-bottom: 30px;\"\n>\n    \n\n<div class=\"container-fluid editor_content content content--narrow\">\n    <div class=\"row\">\n        <div class=\"col-12 editor_content\">\n            <h1>Pikaopas komponentteihin ja varaosiin<\/h1>\n<p class=\"preamble\">T\u00e4\u00e4lt\u00e4 l\u00f6yd\u00e4t kaikki esitteet yrityksille. <a href=\"https:\/\/ozonetech.com\/contact\/\">Kerro meille<\/a>, jos tarvitset lis\u00e4apua.<\/p>\n        <\/div>\n    <\/div>\n<\/div>\n\n<\/section>\n\n\n\n<section class=\"block downloads\"> \n    <div class=\"container-fluid\">\n        <div class=\"row\">\n            <div class=\"col-12 title\">\n                <h3 class='h3'>Esitteet<\/h3>            <\/div>\n        <\/div>\n\n        <div class=\"row justify-content-center\">\n            <div class=\"col-lg-8\">\n                <div class=\"downloads\">\n                                                                        <div class=\"downloads__download\">\n                                <div class=\"downloads__download--image\">\n                                    <img loading=\"lazy\" decoding=\"async\" width=\"240\" height=\"340\" src=\"https:\/\/ozonetech.com\/wp-content\/uploads\/2021\/01\/hose-directory-brochure-front-page.png\" class=\"attachment-large size-large\" alt=\"\" srcset=\"https:\/\/ozonetech.com\/wp-content\/uploads\/2021\/01\/hose-directory-brochure-front-page.png 240w, https:\/\/ozonetech.com\/wp-content\/uploads\/2021\/01\/hose-directory-brochure-front-page-212x300.png 212w\" sizes=\"auto, (max-width: 240px) 100vw, 240px\" \/>                                <\/div>\n                                <div class=\"downloads__download--content\">\n                                    <h4><strong>Letkuhakemisto<\/strong><\/h4>\n<p>T\u00e4ydellinen opas meid\u00e4n letkuihin ja osiin, joita k\u00e4yt\u00e4mme otsonij\u00e4rjestelmiss\u00e4mme.<\/p>\n                                                                            <div class=\"downloads__download--files\">\n                                            <svg version=\"1.1\" id=\"Layer_1\" xmlns=\"http:\/\/www.w3.org\/2000\/svg\" x=\"0\" y=\"0\" viewBox=\"0 0 20.83 25\" xml:space=\"preserve\"><path fill=\"currentColor\" d=\"M20.83 8.82h-5.95V0H5.95v8.82H0l10.42 10.29L20.83 8.82zM0 22.06V25h20.83v-2.94H0z\"\/><\/svg>                                            <span>Lataa sis\u00e4lt\u00f6<\/span>\n                                                                                            <a target=\"_blank\" href=\"https:\/\/ozonetech.com\/wp-content\/uploads\/2020\/12\/Datasheet-Hose-Directory-v1.0-EN-web.pdf\">\n                                                    englanniksi                                                <\/a>\n                                                                                            <a target=\"_blank\" href=\"https:\/\/ozonetech.com\/wp-content\/uploads\/2020\/12\/Datasheet-Hose-Directory-v1.0-SV-web.pdf\">\n                                                    ruotsiksi                                                <\/a>\n                                                                                    <\/div>\n                                                                    <\/div>\n                            <\/div>\n                                                            <\/div>\n            <\/div>\n        <\/div>\n    <\/div>\n<\/section>\n","protected":false},"excerpt":{"rendered":"","protected":false},"author":21,"featured_media":0,"parent":11771,"menu_order":0,"comment_status":"closed","ping_status":"closed","template":"","meta":{"_acf_changed":false,"_seopress_robots_primary_cat":"","_seopress_titles_title":"","_seopress_titles_desc":"Lue lis\u00e4\u00e4 ja lataa t\u00e4ydellinen opas englanniksi ja ruotsiksi, otsonij\u00e4rjestelmiemme kanssa yhteensopivista letkuista sek\u00e4 muista osista.","_seopress_robots_index":"","inline_featured_image":false,"footnotes":""},"class_list":["post-10452","page","type-page","status-publish","hentry"],"acf":[],"_links":{"self":[{"href":"https:\/\/ozonetech.com\/fi\/wp-json\/wp\/v2\/pages\/10452","targetHints":{"allow":["GET"]}}],"collection":[{"href":"https:\/\/ozonetech.com\/fi\/wp-json\/wp\/v2\/pages"}],"about":[{"href":"https:\/\/ozonetech.com\/fi\/wp-json\/wp\/v2\/types\/page"}],"author":[{"embeddable":true,"href":"https:\/\/ozonetech.com\/fi\/wp-json\/wp\/v2\/users\/21"}],"replies":[{"embeddable":true,"href":"https:\/\/ozonetech.com\/fi\/wp-json\/wp\/v2\/comments?post=10452"}],"version-history":[{"count":27,"href":"https:\/\/ozonetech.com\/fi\/wp-json\/wp\/v2\/pages\/10452\/revisions"}],"predecessor-version":[{"id":41388,"href":"https:\/\/ozonetech.com\/fi\/wp-json\/wp\/v2\/pages\/10452\/revisions\/41388"}],"up":[{"embeddable":true,"href":"https:\/\/ozonetech.com\/fi\/wp-json\/wp\/v2\/pages\/11771"}],"wp:attachment":[{"href":"https:\/\/ozonetech.com\/fi\/wp-json\/wp\/v2\/media?parent=10452"}],"curies":[{"name":"wp","href":"https:\/\/api.w.org\/{rel}","templated":true}]}}