{"id":10413,"date":"2020-06-23T10:56:08","date_gmt":"2020-06-23T10:56:08","guid":{"rendered":"https:\/\/ozonetech.com\/business-areas-air-treatment-voc-removal\/"},"modified":"2024-10-09T16:51:49","modified_gmt":"2024-10-09T14:51:49","slug":"voc-poisto","status":"publish","type":"page","link":"https:\/\/ozonetech.com\/fi\/sovellukset\/ilmankasittely\/voc-poisto\/","title":{"rendered":"VOC-poisto"},"content":{"rendered":"\n<section\n    class=\"block hero hero--regular\"\n    style=\"background-image: url('https:\/\/ozonetech.com\/wp-content\/uploads\/2021\/02\/VOC-removal-3-1600x484.jpg'); --hero-opacity: 0.2\"\n>\n\n    <div class=\"container-fluid\">\n\n        <div class=\"content editor_content\">\n                         \n                <h2 class='h2'>VOC-poisto<\/h2>            \n                    <\/div>\n\n            <\/div>\n<\/section>\n\n\n<section class=\"component component_breadcrumbs\">\n\t<div class=\"container-fluid\">\n  \t<\/div>\n<\/section>\n\n\n<section\n    id=\"\"\n    class=\"block content-block\"\n\tstyle=\"--cb-bg: white; --cb-content: #000; padding-top: 30px; padding-bottom: 30px;\"\n>\n    \n\n<div class=\"container-fluid editor_content content content--narrow\">\n    <div class=\"row\">\n        <div class=\"col-12 editor_content\">\n            <h1>VOC poisto tehokkaasti ja kest\u00e4v\u00e4sti otsoonilla sek\u00e4 AOP-prosessissa<\/h1>\n<p class=\"preamble\">Termi VOC (haihtuvat orgaaniset yhdisteet) viittaa isoon m\u00e4\u00e4r\u00e4\u00e4n erilaisia kemiallisia yhdisteit\u00e4. Kaikki VOC-yhdisteet ovat orgaanisia kemikaaleja (ts. sis\u00e4lt\u00e4v\u00e4t hiilt\u00e4), ja niill\u00e4 on korkea h\u00f6yrynpaine normaalissa huonel\u00e4mp\u00f6tilassa. T\u00e4m\u00e4 yhdisteryhm\u00e4 jakaantuu erilaisiin luokkiin, kuten aromaatit, aldehydit tai hiilivedyt. Jokaisella luokalla on erilaiset kemialliset ominaisuudet, jotka johtavat mahdollisesti ymp\u00e4rist\u00f6ongelmiin.<\/p>\n        <\/div>\n    <\/div>\n<\/div>\n\n\n\n<div class=\"container-fluid editor_content content content--narrow\">\n    <div class=\"row\">\n        <div class=\"col-12 editor_content\">\n            <h3>P\u00e4\u00e4st\u00f6l\u00e4hteet<\/h3>\n<p>VOC-p\u00e4\u00e4st\u00f6j\u00e4 tulee eri l\u00e4hteist\u00e4 kaikkialla Euroopan alueella. Yleisimpi\u00e4 ovat \u201dteolliset prosessit\u201d ja \u201dpolttoaineen kulutus kaupallisessa k\u00e4yt\u00f6ss\u00e4, laitoksissa ja kotitalouksissa\u201d. Pelk\u00e4st\u00e4\u00e4n n\u00e4m\u00e4 kaksi l\u00e4hdett\u00e4 vastaavat kahdesta kolmasosasta Euroopan kokonaisp\u00e4\u00e4st\u00f6ist\u00e4, joten ne ovat keskipisteess\u00e4 t\u00e4ss\u00e4 esityksess\u00e4.<\/p>\n<p>&nbsp;<\/p>\n<h4 style=\"text-align: center;\">VOC-p\u00e4\u00e4st\u00f6l\u00e4hteet<\/h4>\n<div id=\"attachment_24376\" style=\"width: 1034px\" class=\"wp-caption aligncenter\"><img loading=\"lazy\" decoding=\"async\" aria-describedby=\"caption-attachment-24376\" class=\"wp-image-24376 size-large\" src=\"https:\/\/ozonetech.com\/wp-content\/uploads\/2021\/03\/voc-paastolahteet-1024x683.png\" alt=\"\" width=\"1024\" height=\"683\" srcset=\"https:\/\/ozonetech.com\/wp-content\/uploads\/2021\/03\/voc-paastolahteet-1024x683.png 1024w, https:\/\/ozonetech.com\/wp-content\/uploads\/2021\/03\/voc-paastolahteet-300x200.png 300w, https:\/\/ozonetech.com\/wp-content\/uploads\/2021\/03\/voc-paastolahteet-768x512.png 768w, https:\/\/ozonetech.com\/wp-content\/uploads\/2021\/03\/voc-paastolahteet.png 1501w\" sizes=\"auto, (max-width: 1024px) 100vw, 1024px\" \/><p id=\"caption-attachment-24376\" class=\"wp-caption-text\">Kuva 1. VOC-p\u00e4\u00e4st\u00f6jen l\u00e4hteet EU-28-alueella. L\u00e4hde: \u201dAir quality in Europe \u2013 2017 report\u201d \u2013 EEA-raportti Euroopan ilmanlaadusta nro 13\/2017.<\/p><\/div>\n        <\/div>\n    <\/div>\n<\/div>\n\n\n\n<div class=\"container-fluid editor_content content content--narrow\">\n    <div class=\"row\">\n        <div class=\"col-12 editor_content\">\n            <h3>Ymp\u00e4rist\u00f6ongelmat<\/h3>\n<p>VOC-p\u00e4\u00e4st\u00f6t ilmakeh\u00e4\u00e4n aiheuttavat ymp\u00e4rist\u00f6ongelmia. Jotkin VOC-yhdisteet voivat aiheuttaa hajuongelmia, koska niiden haju on voimakas. T\u00e4llaisia tapauksia esiintyy usein elintarviketeollisuudessa ja j\u00e4tevedenpuhdistamoissa. Myrkyllisyys on toinen VOC-yhdisteisiin liittyv\u00e4 ongelma. Vaikka kaikkein myrkyllisimpien yhdisteiden k\u00e4ytt\u00f6 on ankarasti kielletty, suuria pitoisuuksia sis\u00e4lt\u00e4v\u00e4t p\u00e4\u00e4st\u00f6t voivat aiheuttaa myrkyllisen ymp\u00e4rist\u00f6n. T\u00e4st\u00e4 syyst\u00e4 t\u00e4m\u00e4n vaaran v\u00e4hent\u00e4miseksi on olemassa s\u00e4\u00e4nn\u00f6ksi\u00e4. Tyypillinen esimerkki ovat liuottimien p\u00e4\u00e4st\u00f6t aloilta, kuten l\u00e4\u00e4keteollisuus, tekstiiliteollisuus, maali- ja pinnoiteteollisuus.<\/p>\n        <\/div>\n    <\/div>\n<\/div>\n\n<\/section>\n\n\n\n<section\n    id=\"\"\n    class=\"block content-block\"\n\tstyle=\"--cb-bg: #e6e6e6; --cb-content: #000; padding-top: 30px; padding-bottom: 30px;\"\n>\n    \n\n<div class=\"container-fluid editor_content content content--narrow\">\n    <div class=\"row\">\n        <div class=\"col-12 editor_content\">\n            <h3>VOC teollisissa ja kaupallisissa sovelluksissa<\/h3>\n<p>&nbsp;<\/p>\n        <\/div>\n    <\/div>\n<\/div>\n\n\n<div class=\"container-fluid editor_content content content--narrow\">\n    <div class=\"row\">\n        <div class=\"col-md-6\">\n            <h4><img loading=\"lazy\" decoding=\"async\" class=\"aligncenter wp-image-15167 size-full\" src=\"https:\/\/ozonetech.com\/wp-content\/uploads\/2021\/01\/Acetaldehyde-2.png\" alt=\"\" width=\"396\" height=\"201\" srcset=\"https:\/\/ozonetech.com\/wp-content\/uploads\/2021\/01\/Acetaldehyde-2.png 396w, https:\/\/ozonetech.com\/wp-content\/uploads\/2021\/01\/Acetaldehyde-2-300x152.png 300w\" sizes=\"auto, (max-width: 396px) 100vw, 396px\" \/><\/h4>\n<h4><strong>Asetaldehydi (aldehydit)<\/strong><\/h4>\n<p>Asetaldehydi kuuluu aldehydien luokkaan. Sit\u00e4 esiintyy luonnollisesti kahvissa, leiv\u00e4ss\u00e4 ja kypsiss\u00e4 hedelmiss\u00e4.<\/p>\n<p>Asetaldehydi on yksi t\u00e4rkeimmist\u00e4 ilman ep\u00e4puhtauksista, koska se on myrkyllist\u00e4, \u00e4rsytt\u00e4v\u00e4\u00e4 ja karsinogeenist\u00e4. Asetaldehydip\u00e4\u00e4st\u00f6t etenkin suurkeitti\u00f6ist\u00e4 ja\u00a0elintarviketeollisuudesta voivat aiheuttaa my\u00f6s hajuongelmia.<\/p>\n        <\/div>\n        <div class=\"col-md-6\">\n            <h4><img loading=\"lazy\" decoding=\"async\" class=\"aligncenter wp-image-15187 size-full\" src=\"https:\/\/ozonetech.com\/wp-content\/uploads\/2021\/01\/Benzene-2.png\" alt=\"\" width=\"396\" height=\"201\" srcset=\"https:\/\/ozonetech.com\/wp-content\/uploads\/2021\/01\/Benzene-2.png 396w, https:\/\/ozonetech.com\/wp-content\/uploads\/2021\/01\/Benzene-2-300x152.png 300w\" sizes=\"auto, (max-width: 396px) 100vw, 396px\" \/><\/h4>\n<h4><strong>Bentseeni (aromaatti)<\/strong><\/h4>\n<p>Bentseeni on yksi tunnetuimmista aromaattisista yhdisteist\u00e4. Sit\u00e4 on k\u00e4ytetty laajalti liuottimena ja t\u00e4ll\u00e4 hetkell\u00e4 se on t\u00e4rke\u00e4 v\u00e4lituote kemianteollisuudessa.<\/p>\n<p>Tunnetun karsinogeenisuuden vuoksi bentseenin k\u00e4ytt\u00f6 liuottimena on suurelta osin lopetettu. Teollisuuden p\u00e4\u00e4st\u00f6j\u00e4, esimerkiksi petrokemianteollisuudesta ja kemikaalien tuotannosta, on valvottava huolellisesti.<\/p>\n        <\/div>\n    <\/div>\n<\/div>\n<div class=\"container-fluid editor_content content content--narrow\">\n    <div class=\"row\">\n        <div class=\"col-md-6\">\n            <h4><img loading=\"lazy\" decoding=\"async\" class=\"aligncenter wp-image-15201 size-full\" src=\"https:\/\/ozonetech.com\/wp-content\/uploads\/2021\/01\/Acetone.png\" alt=\"\" width=\"396\" height=\"201\" srcset=\"https:\/\/ozonetech.com\/wp-content\/uploads\/2021\/01\/Acetone.png 396w, https:\/\/ozonetech.com\/wp-content\/uploads\/2021\/01\/Acetone-300x152.png 300w\" sizes=\"auto, (max-width: 396px) 100vw, 396px\" \/><\/h4>\n<h4><strong>Asetoni (ketonit)<\/strong><\/h4>\n<p>Asetoni kuuluu ketonien luokkaan. Sit\u00e4 k\u00e4ytet\u00e4\u00e4n laajalti monissa teollisissa prosesseissa.<\/p>\n<p>Vaikka asetoni ei ole kovin myrkyllist\u00e4, suurten pitoisuuksien p\u00e4\u00e4st\u00f6j\u00e4 s\u00e4\u00e4nnell\u00e4\u00e4n ankarasti. Asetonia k\u00e4ytet\u00e4\u00e4n esimerkiksi l\u00e4\u00e4keteollisuudessa, tekstiiliteollisuudessa ja maaliteollisuudessa<\/p>\n        <\/div>\n        <div class=\"col-md-6\">\n            <h4><img loading=\"lazy\" decoding=\"async\" class=\"aligncenter wp-image-15208 size-full\" src=\"https:\/\/ozonetech.com\/wp-content\/uploads\/2021\/01\/Skatole-3.png\" alt=\"\" width=\"396\" height=\"201\" srcset=\"https:\/\/ozonetech.com\/wp-content\/uploads\/2021\/01\/Skatole-3.png 396w, https:\/\/ozonetech.com\/wp-content\/uploads\/2021\/01\/Skatole-3-300x152.png 300w\" sizes=\"auto, (max-width: 396px) 100vw, 396px\" \/><\/h4>\n<h4><strong>Skatoli (aromaatti)<\/strong><\/h4>\n<p>Skatoli liitet\u00e4\u00e4n aromaattien luokkaan. Sit\u00e4 syntyy luonnollisesti proteiinien pilkkoutuessa. Pienin\u00e4 pitoisuuksina sit\u00e4 k\u00e4ytet\u00e4\u00e4n hajusteena.<\/p>\n<p>Skatoli on miellytt\u00e4v\u00e4\u00e4 pienin\u00e4 pitoisuuksina, mutta ep\u00e4miellytt\u00e4v\u00e4\u00e4 suurina pitoisuuksina. Se yhdistet\u00e4\u00e4n usein j\u00e4tevedenpuhdistamoiden\u00a0hajuongelmiin.<\/p>\n        <\/div>\n    <\/div>\n<\/div>\n<div class=\"container-fluid editor_content content content--narrow\">\n    <div class=\"row\">\n        <div class=\"col-md-6\">\n            <h4><img loading=\"lazy\" decoding=\"async\" class=\"aligncenter wp-image-15145 size-full\" src=\"https:\/\/ozonetech.com\/wp-content\/uploads\/2021\/01\/Xylenes-2.png\" alt=\"\" width=\"396\" height=\"201\" srcset=\"https:\/\/ozonetech.com\/wp-content\/uploads\/2021\/01\/Xylenes-2.png 396w, https:\/\/ozonetech.com\/wp-content\/uploads\/2021\/01\/Xylenes-2-300x152.png 300w\" sizes=\"auto, (max-width: 396px) 100vw, 396px\" \/><\/h4>\n<h4><\/h4>\n<h4><strong>Ksyleenit (aromaatteja)<\/strong><\/h4>\n<p>Ksyleenit kuuluvat aromaattien luokkaan. Ne ovat t\u00e4rkeit\u00e4 kemiallisia v\u00e4lituotteita muovisten PET-pullojen valmistuksessa.<\/p>\n<p>Ksyleenien p\u00e4\u00e4st\u00f6t yhdistet\u00e4\u00e4n <a href=\"https:\/\/ozonetech.com\/fi\/sovellukset\/ilmankasittely\/hajuntorjunta\/\"><strong>hajuongelmiin<\/strong><\/a>matalan hajukynnyksen takia. Ne ovat my\u00f6s myrkyllisi\u00e4 suurina pitoisuuksina. Biokaasulaitokset ja kemianteollisuus aiheuttavat ksyleenip\u00e4\u00e4st\u00f6j\u00e4.<\/p>\n        <\/div>\n        <div class=\"col-md-6\">\n            <h4><img loading=\"lazy\" decoding=\"async\" class=\"aligncenter wp-image-15155 size-full\" src=\"https:\/\/ozonetech.com\/wp-content\/uploads\/2021\/01\/Limonene-3.png\" alt=\"\" width=\"396\" height=\"201\" srcset=\"https:\/\/ozonetech.com\/wp-content\/uploads\/2021\/01\/Limonene-3.png 396w, https:\/\/ozonetech.com\/wp-content\/uploads\/2021\/01\/Limonene-3-300x152.png 300w\" sizes=\"auto, (max-width: 396px) 100vw, 396px\" \/><\/h4>\n<h4><strong>Limoneeni (terpeenit)<\/strong><\/h4>\n<p>Limoneeni on yksi yleisimmist\u00e4 terpeeneist\u00e4. Se on p\u00e4\u00e4aine sitrushedelmien kuorien \u00f6ljyss\u00e4. Sen nimi tulee sanasta <em>&#8221;Lemon&#8221;<\/em>(sitruuna).<\/p>\n<p>Limoneenip\u00e4\u00e4st\u00f6ihin liittyy <a href=\"https:\/\/ozonetech.com\/fi\/sovellukset\/ilmankasittely\/hajuntorjunta\/\"><strong>hajuongelmia<\/strong> <\/a>matalan hajukynnyksen ja monien laitosten k\u00e4ytt\u00e4mien korkeiden pitoisuuksien takia. Limoneenip\u00e4\u00e4st\u00f6j\u00e4 tulee elintarviketeollisuudesta ja biokaasulaitoksista<\/p>\n        <\/div>\n    <\/div>\n<\/div>\n\n<div class=\"container-fluid editor_content content content--narrow\">\n    <div class=\"row\">\n        <div class=\"col-12 editor_content\">\n            <p><em>Olemme asiantuntijoita VOC-p\u00e4\u00e4st\u00f6jen tyypin ja pitoisuuden analysoinnissa. Lue lis\u00e4\u00e4 <a href=\"https:\/\/ozonetech.com\/fi\/ratkaisut-jarjestelmat\/ilmankasittely\/ilman-ja-hajujen-analysointi\/\"><strong>t\u00e4st\u00e4<\/strong><\/a>.<\/em><\/p>\n        <\/div>\n    <\/div>\n<\/div>\n\n<\/section>\n\n\n\n<section\n    id=\"\"\n    class=\"block content-block\"\n\tstyle=\"--cb-bg: white; --cb-content: #000; padding-top: 30px; padding-bottom: 30px;\"\n>\n    \n\n<div class=\"container-fluid editor_content content content--narrow\">\n    <div class=\"row\">\n        <div class=\"col-12 editor_content\">\n            <h3>VOC-p\u00e4\u00e4st\u00f6j\u00e4 koskevat direktiivit ja m\u00e4\u00e4r\u00e4ykset<\/h3>\n<p>VOC-p\u00e4\u00e4st\u00f6jen aiheuttamien ymp\u00e4rist\u00f6ongelmien takia on s\u00e4\u00e4detty useita direktiivej\u00e4 ja m\u00e4\u00e4r\u00e4yksi\u00e4 sek\u00e4 Euroopan tasolla ett\u00e4 kansallisilla tasoilla. Eurooppalaisissa direktiiveiss\u00e4 kaksi t\u00e4rke\u00e4\u00e4 virstanpylv\u00e4st\u00e4 asetettiin direktiiveiss\u00e4 2001\/81\/EY ja 2016\/2284. Ensimm\u00e4inen direktiivi s\u00e4\u00e4t\u00e4\u00e4 kansalliset p\u00e4\u00e4st\u00f6katot VOC-p\u00e4\u00e4st\u00f6ille kaikista l\u00e4hteist\u00e4 vuoteen 2010 menness\u00e4. Toinen direktiivi m\u00e4\u00e4ritt\u00e4\u00e4 VOC-p\u00e4\u00e4st\u00f6ille prosentuaaliset v\u00e4hennysarvot koskien sek\u00e4 yksitt\u00e4isi\u00e4 maita ett\u00e4 koko EU:n aluetta. Vuodesta 2001 alkaen EU on ollut hyvin aktiivinen VOC-p\u00e4\u00e4st\u00f6jen v\u00e4hent\u00e4misess\u00e4 asettamalla korkeat v\u00e4hennystavoitteet, kuten alla olevassa kuvassa esitet\u00e4\u00e4n.<\/p>\n<div id=\"attachment_24390\" style=\"width: 1034px\" class=\"wp-caption aligncenter\"><img loading=\"lazy\" decoding=\"async\" aria-describedby=\"caption-attachment-24390\" class=\"wp-image-24390 size-large\" src=\"https:\/\/ozonetech.com\/wp-content\/uploads\/2021\/03\/voc-paastojen-vahentaminen-1024x741.png\" alt=\"\" width=\"1024\" height=\"741\" srcset=\"https:\/\/ozonetech.com\/wp-content\/uploads\/2021\/03\/voc-paastojen-vahentaminen-1024x741.png 1024w, https:\/\/ozonetech.com\/wp-content\/uploads\/2021\/03\/voc-paastojen-vahentaminen-300x217.png 300w, https:\/\/ozonetech.com\/wp-content\/uploads\/2021\/03\/voc-paastojen-vahentaminen-768x556.png 768w, https:\/\/ozonetech.com\/wp-content\/uploads\/2021\/03\/voc-paastojen-vahentaminen.png 1501w\" sizes=\"auto, (max-width: 1024px) 100vw, 1024px\" \/><p id=\"caption-attachment-24390\" class=\"wp-caption-text\">Kuva 2. Suunniteltu VOC-p\u00e4\u00e4st\u00f6jen v\u00e4hennys direktiivin 2016\/2284 mukaan EU-28-alueelle ja Ruotsiin. Prosentuaalinen v\u00e4hennys on laskettu perustuen vuoden 2005 p\u00e4\u00e4st\u00f6ihin. Kaksi virstanpylv\u00e4st\u00e4 on asetettu: vuodet 2020 ja 2030.<\/p><\/div>\n<p>&nbsp;<\/p>\n<p>EU-direktiivi 2016\/2284 on tuotu Ruotsin lains\u00e4\u00e4d\u00e4nt\u00f6\u00f6n asetuksena SFS 2017:418. (Vuodesta 2020 alkaen Suomessa sovelletaan uuden p\u00e4\u00e4st\u00f6kattodirektiivin (EU) 2016\/2284 p\u00e4\u00e4st\u00f6jen v\u00e4hent\u00e4mism\u00e4\u00e4r\u00e4yksi\u00e4.)<\/p>\n        <\/div>\n    <\/div>\n<\/div>\n\n\n\n<div class=\"container-fluid editor_content content content--narrow\">\n    <div class=\"row\">\n        <div class=\"col-12 editor_content\">\n            <h4>VOC-yhdisteiden poistaminen tietyill\u00e4 teollisuudenaloilla<\/h4>\n<p>VOC-p\u00e4\u00e4st\u00f6jen yleist\u00e4 v\u00e4hent\u00e4mist\u00e4 koskevien direktiivien lis\u00e4ksi on ryhdytty erityisiin toimiin, joilla rajoitetaan tiettyjen teollisuudenalojen ja sektoreiden p\u00e4\u00e4st\u00f6j\u00e4. Yhten\u00e4 esimerkkin\u00e4 mainittakoon direktiivi 2010\/75\/EU, jolla s\u00e4\u00e4nnell\u00e4\u00e4n polttolaitoksia, titaanidioksidin tuotantoa ja orgaanisten liuottimien k\u00e4ytt\u00f6\u00e4. Viimeisen sektorin osalta on m\u00e4\u00e4ritelty monia j\u00e4tekaasujen p\u00e4\u00e4st\u00f6pitoisuuksien rajoja liuottimia k\u00e4ytt\u00e4v\u00e4n teollisuuden tyypin ja koon mukaan. Useimmat n\u00e4ist\u00e4 rajoista ovat 20\u2013100 mg C\/Nm<sup>3<\/sup>. Kuten kaikki EU-direktiivit, 2010\/75\/EU on tuotu Ruotsin lains\u00e4\u00e4d\u00e4nt\u00f6\u00f6n asetuksina SFS 2013:254 ja SFS 2014:20.<\/p>\n        <\/div>\n    <\/div>\n<\/div>\n\n\n\n<div class=\"container-fluid editor_content content content--narrow\">\n    <div class=\"row\">\n        <div class=\"col-12 editor_content\">\n            <h3>Otsoni ja AOP VOC-yhdisteiden poistamisessa<\/h3>\n<p>Riippumatta ilman k\u00e4sittelyn tarkoituksesta tarjoamme monia ratkaisuja eri teollisuudenaloille VOC-yhdisteiden poistamiseen. Esimerkki VOC-yhdisteiden poistamisesta Ozonetechin tekniikalla esitet\u00e4\u00e4n alla.<\/p>\n<h3 style=\"text-align: center;\"><img loading=\"lazy\" decoding=\"async\" class=\"aligncenter wp-image-24408 size-large\" src=\"https:\/\/ozonetech.com\/wp-content\/uploads\/2021\/03\/voc-reduktio-ots-ratkaisuilla-1024x741.png\" alt=\"\" width=\"1024\" height=\"741\" srcset=\"https:\/\/ozonetech.com\/wp-content\/uploads\/2021\/03\/voc-reduktio-ots-ratkaisuilla-1024x741.png 1024w, https:\/\/ozonetech.com\/wp-content\/uploads\/2021\/03\/voc-reduktio-ots-ratkaisuilla-300x217.png 300w, https:\/\/ozonetech.com\/wp-content\/uploads\/2021\/03\/voc-reduktio-ots-ratkaisuilla-768x556.png 768w, https:\/\/ozonetech.com\/wp-content\/uploads\/2021\/03\/voc-reduktio-ots-ratkaisuilla.png 1501w\" sizes=\"auto, (max-width: 1024px) 100vw, 1024px\" \/><\/h3>\n<p>Tekniikkamme mahdollistaa tiukkojen VOC-yhdisteiden v\u00e4hent\u00e4mist\u00e4 koskevien ymp\u00e4rist\u00f6m\u00e4\u00e4r\u00e4ysten t\u00e4ytt\u00e4misen my\u00f6s korkeissa VOC-pitoisuuksissa.<\/p>\n        <\/div>\n    <\/div>\n<\/div>\n\n<\/section>\n\n\n\n\n\n\n<section\n    id=\"\"\n    class=\"block content-block\"\n\tstyle=\"--cb-bg: white; --cb-content: #000; padding-top: 30px; padding-bottom: 30px;\"\n>\n    \n\n<div class=\"container-fluid editor_content content content--narrow\">\n    <div class=\"row\">\n        <div class=\"col-12 editor_content\">\n            <h3>J\u00e4rjestelm\u00e4t ja ratkaisut<\/h3>\n        <\/div>\n    <\/div>\n<\/div>\n\n\n<div class=\"container-fluid editor_content content content--narrow\">\n    <div class=\"row\">\n        <div class=\"col-md-6\">\n            <h4><img loading=\"lazy\" decoding=\"async\" class=\"size-medium wp-image-15288 aligncenter\" src=\"https:\/\/ozonetech.com\/wp-content\/uploads\/2021\/01\/RENA-Pro-C-1-228x300.png\" alt=\"\" width=\"228\" height=\"300\" srcset=\"https:\/\/ozonetech.com\/wp-content\/uploads\/2021\/01\/RENA-Pro-C-1-228x300.png 228w, https:\/\/ozonetech.com\/wp-content\/uploads\/2021\/01\/RENA-Pro-C-1.png 300w\" sizes=\"auto, (max-width: 228px) 100vw, 228px\" \/><\/h4>\n<h4>Rena Pro<\/h4>\n<p><a href=\"https:\/\/ozonetech.com\/fi\/ratkaisut-jarjestelmat\/ilmankasittely\/rena-pro-otsonijarjestelmat\/\"><strong>RENA Pro<\/strong><\/a> -ratkaisu tarjoaa korkeatasoisen otsonik\u00e4sittelyn prosessivirroille. Otsoni reagoi nopeasti VOC-p\u00e4\u00e4st\u00f6ihin ja hapettaa ne ilman sivutuotteita. T\u00e4m\u00e4 johtaa erinomaiseen VOC-k\u00e4sittelyyn, jonka tuloksena pitoisuudet ovat tiukimpienkin ymp\u00e4rist\u00f6m\u00e4\u00e4r\u00e4ysten rajojen alapuolella. Toimitamme RENA Pro -ratkaisut aina tilausten mukaan jokaiseen k\u00e4ytt\u00f6\u00f6n erikseen r\u00e4\u00e4t\u00e4l\u00f6ityin\u00e4. Suunnittelussa otetaan huomioon sy\u00f6tt\u00f6parametrit, kuten ilmavirtaus ja VOC-pitoisuus. Otsonin oikea annostelu perustuu tavoitteeseen, jonka haluamme saavuttaa. R\u00e4\u00e4t\u00e4l\u00f6idyt ratkaisut johtavat huomattaviin energians\u00e4\u00e4st\u00f6ihin ja prosessin parempaan tehokkuuteen, mitk\u00e4 pienent\u00e4v\u00e4t otsonik\u00e4sittelyn k\u00e4ytt\u00f6kustannuksia.<\/p>\n<p><em>Lis\u00e4tietoa RENA Pro -ratkaisustamme l\u00f6yd\u00e4t <strong><a href=\"https:\/\/ozonetech.com\/fi\/ratkaisut-jarjestelmat\/ilmankasittely\/rena-pro-otsonijarjestelmat\/\">t\u00e4st\u00e4<\/a><\/strong>\u00a0tai lataa <a href=\"https:\/\/ozonetech.com\/wp-content\/uploads\/2020\/12\/Brochure-RENA-Pro-Ozone-Systems-v1.5-EN-web-1.pdf\"><strong>esite<\/strong><\/a>.\u00a0<\/em><\/p>\n        <\/div>\n        <div class=\"col-md-6\">\n            <h4><img loading=\"lazy\" decoding=\"async\" class=\"aligncenter wp-image-38831 size-medium\" src=\"https:\/\/ozonetech.com\/wp-content\/uploads\/2021\/10\/uv-reactor-300x199.png\" alt=\"\" width=\"300\" height=\"199\" srcset=\"https:\/\/ozonetech.com\/wp-content\/uploads\/2021\/10\/uv-reactor-300x199.png 300w, https:\/\/ozonetech.com\/wp-content\/uploads\/2021\/10\/uv-reactor-1024x680.png 1024w, https:\/\/ozonetech.com\/wp-content\/uploads\/2021\/10\/uv-reactor-768x510.png 768w, https:\/\/ozonetech.com\/wp-content\/uploads\/2021\/10\/uv-reactor.png 1500w\" sizes=\"auto, (max-width: 300px) 100vw, 300px\" \/><\/h4>\n<h4>Rena Pro yhdistettyn\u00e4 UV-j\u00e4rjestelmiin<\/h4>\n<p>Mik\u00e4li VOC-kuormat ovat suuria tai s\u00e4\u00e4detyt rajat hyvin tiukat, saatamme yhdist\u00e4\u00e4 RENA Pro -ratkaisuumme <a href=\"https:\/\/mellifiq.com\/brands\/saniray\/systems\/#a-series\" target=\"_blank\" rel=\"noopener\"><strong>UV-j\u00e4rjestelm\u00e4n <\/strong><\/a><em>(external site)<\/em> jolloin siit\u00e4 tulee AOP-ratkaisu. Termi AOP tulee sanoista Advanced Oxidation Process (kehittynyt hapetusprosessi). Se viittaa tekniikkaan, jonka avulla voidaan tuottaa kemiallisia aineita nimelt\u00e4 hydroksyyliradikaalit. J\u00e4rjestelm\u00e4ss\u00e4mme otsoni muuttuu hydroksyyliradikaaleiksi heti, kun UV-valo s\u00e4teilytt\u00e4\u00e4 sen. N\u00e4m\u00e4 kemialliset aineet ovat jopa otsonia aggressiivisempia VOC-yhdisteiden poistamisessa. VOC-k\u00e4sittely\u00e4 tehostetaan viel\u00e4 UV-reaktorissa, jonka ansiosta kompaktilla j\u00e4rjestelm\u00e4ll\u00e4 on korkea suoritusteho. UV-j\u00e4rjestelm\u00e4mme k\u00e4ytt\u00e4\u00e4 ainoastaan korkeatehoisia UV-lamppuja, jotta k\u00e4sittely on mahdollisimman tehokasta ja tilatarve pieni.<\/p>\n<p><em>Lis\u00e4tietoa UV-j\u00e4rjestelmist\u00e4mme l\u00f6yd\u00e4t <a href=\"https:\/\/mellifiq.com\/brands\/saniray\/\" target=\"_blank\" rel=\"noopener\"><strong>t\u00e4st\u00e4 <\/strong><\/a>(external site).<\/em><\/p>\n        <\/div>\n    <\/div>\n<\/div>\n<div class=\"container-fluid editor_content content content--narrow\">\n    <div class=\"row\">\n        <div class=\"col-md-6\">\n            <h4><img loading=\"lazy\" decoding=\"async\" class=\"size-medium wp-image-15302 aligncenter\" src=\"https:\/\/ozonetech.com\/wp-content\/uploads\/2021\/01\/nodora-by-Mellifiq-1-227x300.png\" alt=\"\" width=\"227\" height=\"300\" srcset=\"https:\/\/ozonetech.com\/wp-content\/uploads\/2021\/01\/nodora-by-Mellifiq-1-227x300.png 227w, https:\/\/ozonetech.com\/wp-content\/uploads\/2021\/01\/nodora-by-Mellifiq-1.png 300w\" sizes=\"auto, (max-width: 227px) 100vw, 227px\" \/><\/h4>\n<h4>AOP-vaiheen ja Nodoran yhdistelm\u00e4<\/h4>\n<p>Parhaiden mahdollisten tulosten saavuttamiseksi VOC-k\u00e4sittelyss\u00e4 suosittelemme t\u00e4ydellist\u00e4 ratkaisuamme, joka sis\u00e4lt\u00e4\u00e4 AOP-vaiheen ja <a href=\"https:\/\/mellifiq.com\/brands\/nodora\/\" target=\"_blank\" rel=\"noopener\"><strong>Nodora-suodattimet <\/strong><\/a><em>(external site).<\/em> Nodora-suodattimien lis\u00e4\u00e4minen edelliseen ratkaisuun tarjoaa k\u00e4sitellyn virran loppuviimeistelyn, jolla VOC-p\u00e4\u00e4st\u00f6t saadaan l\u00e4helle nollaa. T\u00e4ss\u00e4 vaiheessa k\u00e4ytet\u00e4\u00e4n katalyyttist\u00e4 mixed-bed -suodatinta, joka muodostuu useammasta r\u00e4\u00e4t\u00e4l\u00f6idyst\u00e4 materiaalista. Sen tarkoituksena on maksimoida VOC-k\u00e4sittely. Nodora-suodattimia k\u00e4ytet\u00e4\u00e4n tavallisesti vaativissa tapauksissa, joissa tilaa on rajoitetusti, mutta tehokas VOC-k\u00e4sittely vaaditaan. Lis\u00e4ksi Nodora-suodattimet on suunniteltu minimoimaan paineh\u00e4vi\u00f6t, mik\u00e4 v\u00e4hent\u00e4\u00e4 energiankulutusta ja k\u00e4ytt\u00f6kustannuksia.<\/p>\n<p><em>Lue lis\u00e4\u00e4 Nodora-ratkaisuista <a href=\"https:\/\/mellifiq.com\/brands\/nodora\/\" target=\"_blank\" rel=\"noopener\"><strong>t\u00e4st\u00e4<\/strong><\/a> (external site) tai lataa <a href=\"https:\/\/ozonetech.com\/wp-content\/uploads\/2020\/12\/brochure_-_nodora_v1.0_en-web_0.pdf\"><strong>esitteemme<\/strong><\/a>.<\/em><\/p>\n        <\/div>\n        <div class=\"col-md-6\">\n                    <\/div>\n    <\/div>\n<\/div>\n\n<div class=\"container-fluid editor_content content content--narrow\">\n    <div class=\"row\">\n        <div class=\"col-12 editor_content\">\n            <p><em>VOC-ongelmiin saattaa liitty\u00e4 my\u00f6s hajuongelmia. Lue lis\u00e4\u00e4 hajuntorjunnasta <strong><a href=\"https:\/\/ozonetech.com\/fi\/sovellukset\/ilmankasittely\/hajuntorjunta\/\">t\u00e4st\u00e4<\/a>.<\/strong><\/em><\/p>\n        <\/div>\n    <\/div>\n<\/div>\n\n<\/section>\n","protected":false},"excerpt":{"rendered":"","protected":false},"author":21,"featured_media":0,"parent":14760,"menu_order":0,"comment_status":"closed","ping_status":"closed","template":"","meta":{"_acf_changed":false,"_seopress_robots_primary_cat":"","_seopress_titles_title":"","_seopress_titles_desc":"Mellifiq tarjoaa lukuisia eri ratkaisuja VOC-yhdisteiden poistoon, teollisuuden alasta ja vaatimuksista riippumatta","_seopress_robots_index":"","inline_featured_image":false,"footnotes":""},"class_list":["post-10413","page","type-page","status-publish","hentry"],"acf":[],"_links":{"self":[{"href":"https:\/\/ozonetech.com\/fi\/wp-json\/wp\/v2\/pages\/10413","targetHints":{"allow":["GET"]}}],"collection":[{"href":"https:\/\/ozonetech.com\/fi\/wp-json\/wp\/v2\/pages"}],"about":[{"href":"https:\/\/ozonetech.com\/fi\/wp-json\/wp\/v2\/types\/page"}],"author":[{"embeddable":true,"href":"https:\/\/ozonetech.com\/fi\/wp-json\/wp\/v2\/users\/21"}],"replies":[{"embeddable":true,"href":"https:\/\/ozonetech.com\/fi\/wp-json\/wp\/v2\/comments?post=10413"}],"version-history":[{"count":56,"href":"https:\/\/ozonetech.com\/fi\/wp-json\/wp\/v2\/pages\/10413\/revisions"}],"predecessor-version":[{"id":40222,"href":"https:\/\/ozonetech.com\/fi\/wp-json\/wp\/v2\/pages\/10413\/revisions\/40222"}],"up":[{"embeddable":true,"href":"https:\/\/ozonetech.com\/fi\/wp-json\/wp\/v2\/pages\/14760"}],"wp:attachment":[{"href":"https:\/\/ozonetech.com\/fi\/wp-json\/wp\/v2\/media?parent=10413"}],"curies":[{"name":"wp","href":"https:\/\/api.w.org\/{rel}","templated":true}]}}