{"id":10368,"date":"2020-06-23T08:57:45","date_gmt":"2020-06-23T08:57:45","guid":{"rendered":"https:\/\/ozonetech.com\/business-areas-air-treatment-digester-ozonation\/"},"modified":"2024-10-09T16:40:09","modified_gmt":"2024-10-09T14:40:09","slug":"madatyssailion-otsonointi","status":"publish","type":"page","link":"https:\/\/ozonetech.com\/fi\/sovellukset\/ilmankasittely\/madatyssailion-otsonointi\/","title":{"rendered":"M\u00e4d\u00e4tyss\u00e4ili\u00f6n otsonointi\u00a0\u00a0"},"content":{"rendered":"\n<section\n    class=\"block hero hero--regular\"\n    style=\"background-image: url('https:\/\/ozonetech.com\/wp-content\/uploads\/2021\/02\/digester-ozonation-2-1600x484.jpg'); --hero-opacity: 0.25\"\n>\n\n    <div class=\"container-fluid\">\n\n        <div class=\"content editor_content\">\n                         \n                <h2 class='h2'>M\u00e4d\u00e4tyss\u00e4ili\u00f6n\u00a0otsonointi\u00a0\u00a0<\/h2>            \n                    <\/div>\n\n            <\/div>\n<\/section>\n\n\n<section class=\"component component_breadcrumbs\">\n\t<div class=\"container-fluid\">\n  \t<\/div>\n<\/section>\n\n\n<section\n    id=\"\"\n    class=\"block content-block\"\n\tstyle=\"--cb-bg: white; --cb-content: #000; padding-top: 30px; padding-bottom: 30px;\"\n>\n    \n\n<div class=\"container-fluid editor_content content content--narrow\">\n    <div class=\"row\">\n        <div class=\"col-12 editor_content\">\n            <h1>Energiatehokas rikkidioksidin (H<sub>2<\/sub>S) k\u00e4sittely ja parannettu metaanin rikastusaste<\/h1>\n<p class=\"preamble\">Rikkivety (H<sub>2<\/sub>S) on ongelma monissa paikoissa, erityisesti biokaasulaitoksissa. T\u00e4ss\u00e4 luvussa keskitymme erityisesti kaksivaiheisiin biokaasulaitoksiin, joissa anaerobinen keitin on erill\u00e4\u00e4n metaaninjalostusyksik\u00f6st\u00e4. T\u00e4ss\u00e4 tapauksessa korkeita H<sub>2<\/sub>S-pitoisuuksia muodostuu jo keittimess\u00e4, johon voidaan ruiskuttaa otsonia ongelman korjaamiseksi.<\/p>\n        <\/div>\n    <\/div>\n<\/div>\n\n\n\n<div class=\"container-fluid editor_content content content--narrow\">\n    <div class=\"row\">\n        <div class=\"col-12 editor_content\">\n            <p>Koska keitin toimii anaerobisissa olosuhteissa, ts. hapettomasti, otsonia on ruiskutettava varovasti. Ruiskutus tehd\u00e4\u00e4n ilmataskuun mikrobisen reaktiosuodattimen yl\u00e4puolelle. Vaihtoehtoisesti keittimen ja metaaninjalostusyksik\u00f6n v\u00e4lille voidaan lis\u00e4t\u00e4 lis\u00e4s\u00e4ili\u00f6 otsonointia varten. T\u00e4m\u00e4 ratkaisu on turvallisempi anaerobisissa olosuhteissa, mutta lis\u00e4asennukset nostavat kustannuksia.<\/p>\n<p>Ilmatasku reagoivan aineen yl\u00e4puolella tarjoaa melko suuren tilan otsonin reaktiolle H<sub>2<\/sub>S:n kanssa. T\u00e4st\u00e4 syyst\u00e4 otsonin hapettava reaktio on eritt\u00e4in tehokas. H<sub>2<\/sub>S-muunnos otsonoidussa keittimess\u00e4 on yhteenvetona alla olevassa kuvassa.<\/p>\n<div id=\"attachment_24329\" style=\"width: 1034px\" class=\"wp-caption aligncenter\"><img loading=\"lazy\" decoding=\"async\" aria-describedby=\"caption-attachment-24329\" class=\"wp-image-24329 size-large\" src=\"https:\/\/ozonetech.com\/wp-content\/uploads\/2021\/03\/otsonointi-madatyssailiossa-1024x732.png\" alt=\"\" width=\"1024\" height=\"732\" srcset=\"https:\/\/ozonetech.com\/wp-content\/uploads\/2021\/03\/otsonointi-madatyssailiossa-1024x732.png 1024w, https:\/\/ozonetech.com\/wp-content\/uploads\/2021\/03\/otsonointi-madatyssailiossa-300x214.png 300w, https:\/\/ozonetech.com\/wp-content\/uploads\/2021\/03\/otsonointi-madatyssailiossa-768x549.png 768w, https:\/\/ozonetech.com\/wp-content\/uploads\/2021\/03\/otsonointi-madatyssailiossa.png 1501w\" sizes=\"auto, (max-width: 1024px) 100vw, 1024px\" \/><p id=\"caption-attachment-24329\" class=\"wp-caption-text\">Kuva 1: H<sub>2<\/sub>S:n poistaminen biokaasulaitoksen keittimest\u00e4 kahden erilaisen RENA Pro -ratkaisun avulla.<\/p><\/div>\n<p>&nbsp;<\/p>\n<p>Kuten kuva osoittaa, otsoni v\u00e4hent\u00e4\u00e4 H<sub>2<\/sub>S-m\u00e4\u00e4r\u00e4\u00e4 yli 80 %. T\u00e4m\u00e4 tarkoittaa sit\u00e4, ett\u00e4 otsoni voi v\u00e4hent\u00e4\u00e4 H<sub>2<\/sub>S-pitoisuutta arvosta 500 \u2013 1 000 ppm arvoon 75\u2013150 ppm jo ennen metaaninjalostusvaihetta. Tarjoamme tuleviin olosuhteisiin ja vaatimuksiin r\u00e4\u00e4t\u00e4l\u00f6ityj\u00e4 ratkaisuja, jotka optimoivat H<sub>2<\/sub>S-poiston ja minimoivat energiankulutuksen. H<sub>2<\/sub>S muunnetaan SO<sub>2<\/sub>:ksi, joka v\u00e4hent\u00e4\u00e4 hajuja ja korroosio-ongelmia alla olevan reaktion mukaisesti.<\/p>\n<p><img loading=\"lazy\" decoding=\"async\" class=\"wp-image-12718 aligncenter\" src=\"https:\/\/ozonetech.com\/wp-content\/uploads\/2021\/01\/H2S-conversion-300x159.png\" alt=\"\" width=\"400\" height=\"212\" srcset=\"https:\/\/ozonetech.com\/wp-content\/uploads\/2021\/01\/H2S-conversion-300x159.png 300w, https:\/\/ozonetech.com\/wp-content\/uploads\/2021\/01\/H2S-conversion.png 379w\" sizes=\"auto, (max-width: 400px) 100vw, 400px\" \/><\/p>\n<p>Mit\u00e4\u00e4n haitallisia sivutuotteita ei synny, kuten ei muissakaan otsonisovelluksissa . SO<sub>2<\/sub> aiheuttaa paljon v\u00e4hemm\u00e4n korroosiota kuin H<sub>2<\/sub>S ja sen haju on 1 000 kertaa heikompi, joten se ratkaisee hajuongelmia hyvin.<\/p>\n<p>Otsoni tarjoaa monia etuja H<sub>2<\/sub>S:n v\u00e4hent\u00e4misess\u00e4 keittimest\u00e4 verrattuna muihin tekniikoihin. Esimerkiksi rautakloridin k\u00e4ytt\u00f6 biosuodattimessa on ollut yleinen k\u00e4yt\u00e4nt\u00f6 jo monien vuosien ajan. T\u00e4m\u00e4 k\u00e4yt\u00e4nt\u00f6 aiheuttaa kuitenkin korkeat k\u00e4ytt\u00f6kustannukset, koska rautakloridia kuluu koko ajan anaerobisen m\u00e4d\u00e4tyksen aikana. T\u00e4m\u00e4n lis\u00e4ksi saattaa tulla korroosio-ongelmia, koska rautakloridilla on korkea korroosiopotentiaali.<\/p>\n<p>Otsonointi on paljon tehokkaampi kuin ilma- tai happiruiskutus korkean hapetuspotentiaalin takia. K\u00e4ytett\u00e4ess\u00e4 ilmaa typpi huonontaa merkitt\u00e4v\u00e4sti biokaasun laatua, koska sen pitoisuus on suuri, eik\u00e4 sit\u00e4 saada poistettua prosessin seuraavissa vaiheissa. Hapen k\u00e4ytt\u00f6 ratkaisee biokaasun laadun heikkenemisongelmat, mutta teho on heikompi kuin otsonilla. Koska hapella on alhainen hapettamispotentiaali, hapetusreaktio tapahtuu hitaammin kuin otsonilla. T\u00e4m\u00e4 merkitsee sit\u00e4, ett\u00e4 happiruiskutus vaatii suurempia m\u00e4\u00e4ri\u00e4 ja pidempi\u00e4 reaktioaikoja. T\u00e4t\u00e4 varten hapen ruiskuttamista ei voida k\u00e4ytt\u00e4\u00e4 rajoitetun tilan laitoksissa. Sen sijaan otsonilla on paljon nopeampi reaktionopeus, joka johtaa tehokkaaseen k\u00e4sittelyyn pienemm\u00e4ll\u00e4kin m\u00e4\u00e4r\u00e4ll\u00e4.<\/p>\n        <\/div>\n    <\/div>\n<\/div>\n\n<\/section>\n\n\n\n<section\n    id=\"\"\n    class=\"block content-block\"\n\tstyle=\"--cb-bg: #5f5f5f; --cb-content: #ffffff; padding-top: 30px; padding-bottom: 30px;\"\n>\n    \n\n<div class=\"container-fluid editor_content content content--narrow\">\n    <div class=\"row\">\n        <div class=\"col-12 editor_content\">\n            <h3>Hy\u00f6dyt biokaasum\u00e4d\u00e4ttimen H<sub>2<\/sub>S-otsonoinnista<\/h3>\n<ul>\n<li>Hyv\u00e4 H<sub>2<\/sub>S:n poisto (jopa alle 100 ppm:n pitoisuuteen)<\/li>\n<li>Korkea energiatehokkuus ja alhaiset k\u00e4ytt\u00f6kustannukset<\/li>\n<li>Joustava otsonin annostelu tarpeiden mukaan<\/li>\n<li>Kytkent\u00e4valmis j\u00e4rjestelm\u00e4, v\u00e4h\u00e4n kunnossapitoa<\/li>\n<li>Ei korroosiota tai vaarallisia sivutuotteita<\/li>\n<li>Korkea biokaasun laatu<\/li>\n<\/ul>\n        <\/div>\n    <\/div>\n<\/div>\n\n<\/section>\n\n\n\n<section\n    id=\"\"\n    class=\"block content-block\"\n\tstyle=\"--cb-bg: white; --cb-content: #000; padding-top: 30px; padding-bottom: 30px;\"\n>\n    \n\n<div class=\"container-fluid editor_content content content--narrow\">\n    <div class=\"row\">\n        <div class=\"col-12 editor_content\">\n            <h3>RENA Pro keittimen H<sub>2<\/sub>S:n otsonointiin<\/h3>\n<p>Suosittelemme r RENA Pro -ratkaisua H<sub>2<\/sub>S:n otsonointiin keittimiss\u00e4. J\u00e4rjestelm\u00e4 tarjoaa erinomaisen suorituskyvyn hapensy\u00f6t\u00f6n ansiosta ja r\u00e4\u00e4t\u00e4l\u00f6idyn vedenj\u00e4\u00e4hdytysj\u00e4rjestelm\u00e4n. Happea tuotetaan paikan p\u00e4\u00e4ll\u00e4, happigeneraattori sis\u00e4ltyy ratkaisuun. T\u00e4m\u00e4 laite tuottaa hapen ymp\u00e4rist\u00f6ilmasta suodattaen siit\u00e4 typen ja kosteuden. <a href=\"https:\/\/ozonetech.com\/fi\/ratkaisut-jarjestelmat\/ilmankasittely\/rena-pro-otsonijarjestelmat\/\">RENA Pro -ratkaisua<\/a> voidaan t\u00e4ydent\u00e4\u00e4 PLC-ohjaimella, otsonianturilla ja asennuskiskolla.<\/p>\n<p><em>Lis\u00e4tietoa\u00a0<a href=\"https:\/\/ozonetech.com\/fi\/ratkaisut-jarjestelmat\/ilmankasittely\/rena-pro-otsonijarjestelmat\/\"><strong>RENA Pro -ratkaisustamme<\/strong><\/a>\u00a0tai lataa\u00a0<a href=\"https:\/\/ozonetech.com\/wp-content\/uploads\/2020\/12\/Brochure-RENA-Pro-Ozone-Systems-v1.5-EN-web-1.pdf\"><strong>esite<\/strong><\/a>.<\/em><\/p>\n<p><img loading=\"lazy\" decoding=\"async\" class=\" wp-image-13035 aligncenter\" src=\"https:\/\/ozonetech.com\/wp-content\/uploads\/2021\/01\/Factory-300x198.jpg\" alt=\"\" width=\"820\" height=\"541\" srcset=\"https:\/\/ozonetech.com\/wp-content\/uploads\/2021\/01\/Factory-300x198.jpg 300w, https:\/\/ozonetech.com\/wp-content\/uploads\/2021\/01\/Factory-1024x675.jpg 1024w, https:\/\/ozonetech.com\/wp-content\/uploads\/2021\/01\/Factory-768x506.jpg 768w, https:\/\/ozonetech.com\/wp-content\/uploads\/2021\/01\/Factory.jpg 1500w\" sizes=\"auto, (max-width: 820px) 100vw, 820px\" \/><\/p>\n        <\/div>\n    <\/div>\n<\/div>\n\n<\/section>\n","protected":false},"excerpt":{"rendered":"","protected":false},"author":21,"featured_media":0,"parent":14760,"menu_order":0,"comment_status":"closed","ping_status":"closed","template":"","meta":{"_acf_changed":false,"_seopress_robots_primary_cat":"","_seopress_titles_title":"","_seopress_titles_desc":"Mellifiq tarjoaa laajan valikoiman r\u00e4\u00e4t\u00e4l\u00f6ityj\u00e4 ratkaisuja, optimoi H2S-poiston ja minimoi energiankulutuksen","_seopress_robots_index":"","inline_featured_image":false,"footnotes":""},"class_list":["post-10368","page","type-page","status-publish","hentry"],"acf":[],"_links":{"self":[{"href":"https:\/\/ozonetech.com\/fi\/wp-json\/wp\/v2\/pages\/10368","targetHints":{"allow":["GET"]}}],"collection":[{"href":"https:\/\/ozonetech.com\/fi\/wp-json\/wp\/v2\/pages"}],"about":[{"href":"https:\/\/ozonetech.com\/fi\/wp-json\/wp\/v2\/types\/page"}],"author":[{"embeddable":true,"href":"https:\/\/ozonetech.com\/fi\/wp-json\/wp\/v2\/users\/21"}],"replies":[{"embeddable":true,"href":"https:\/\/ozonetech.com\/fi\/wp-json\/wp\/v2\/comments?post=10368"}],"version-history":[{"count":46,"href":"https:\/\/ozonetech.com\/fi\/wp-json\/wp\/v2\/pages\/10368\/revisions"}],"predecessor-version":[{"id":40176,"href":"https:\/\/ozonetech.com\/fi\/wp-json\/wp\/v2\/pages\/10368\/revisions\/40176"}],"up":[{"embeddable":true,"href":"https:\/\/ozonetech.com\/fi\/wp-json\/wp\/v2\/pages\/14760"}],"wp:attachment":[{"href":"https:\/\/ozonetech.com\/fi\/wp-json\/wp\/v2\/media?parent=10368"}],"curies":[{"name":"wp","href":"https:\/\/api.w.org\/{rel}","templated":true}]}}