{"id":10356,"date":"2020-06-23T08:09:30","date_gmt":"2020-06-23T08:09:30","guid":{"rendered":"https:\/\/ozonetech.com\/business-areas-air-treatment\/"},"modified":"2024-10-09T16:35:22","modified_gmt":"2024-10-09T14:35:22","slug":"ilman-desinfiointi","status":"publish","type":"page","link":"https:\/\/ozonetech.com\/fi\/sovellukset\/ilmankasittely\/ilman-desinfiointi\/","title":{"rendered":"Ilman desinfiointi"},"content":{"rendered":"\n<section\n    class=\"block hero hero--regular\"\n    style=\"background-image: url('https:\/\/ozonetech.com\/wp-content\/uploads\/2021\/03\/air-disinfection-1-1600x484.jpg'); --hero-opacity: 0.25\"\n>\n\n    <div class=\"container-fluid\">\n\n        <div class=\"content editor_content\">\n                         \n                <h2 class='h1'>Ilman desinfiointi<\/h2>            \n                    <\/div>\n\n            <\/div>\n<\/section>\n\n\n<section class=\"component component_breadcrumbs\">\n\t<div class=\"container-fluid\">\n  \t<\/div>\n<\/section>\n\n\n<section\n    id=\"\"\n    class=\"block content-block\"\n\tstyle=\"--cb-bg: white; --cb-content: #000; padding-top: 30px; padding-bottom: 30px;\"\n>\n    \n\n<div class=\"container-fluid editor_content content content--narrow\">\n    <div class=\"row\">\n        <div class=\"col-12 editor_content\">\n            <h1>Virusten, bakteerien ja sienien tehokas desinfiointi ilmasta ja pinnoilta<\/h1>\n<p class=\"preamble\">Mikro-organismit aiheuttavat ongelmia eri paikoissa. Kliinisess\u00e4 ymp\u00e4rist\u00f6ss\u00e4 bakteerit voivat aiheuttaa vaarallisia tauteja. Otsonia voidaan k\u00e4ytt\u00e4\u00e4 pienin\u00e4 pitoisuuksina kemiallisena desinfiointiaineena bakteerien ja virusten tappamiseksi.<\/p>\n<p>Kosketusaika vaihtelee riippuen halutusta deaktivointitasosta, kuten alla olevassa kuvassa esitet\u00e4\u00e4n.<\/p>\n        <\/div>\n    <\/div>\n<\/div>\n\n\n\n<div class=\"container-fluid editor_content content content--narrow\">\n    <div class=\"row\">\n        <div class=\"col-12 editor_content\">\n            <h3 style=\"text-align: center;\"><img loading=\"lazy\" decoding=\"async\" class=\"aligncenter wp-image-24322 size-large\" src=\"https:\/\/ozonetech.com\/wp-content\/uploads\/2021\/03\/Pienelioiden-deaktivointi-otsonikasittelylla-1024x732.png\" alt=\"\" width=\"1024\" height=\"732\" srcset=\"https:\/\/ozonetech.com\/wp-content\/uploads\/2021\/03\/Pienelioiden-deaktivointi-otsonikasittelylla-1024x732.png 1024w, https:\/\/ozonetech.com\/wp-content\/uploads\/2021\/03\/Pienelioiden-deaktivointi-otsonikasittelylla-300x214.png 300w, https:\/\/ozonetech.com\/wp-content\/uploads\/2021\/03\/Pienelioiden-deaktivointi-otsonikasittelylla-768x549.png 768w, https:\/\/ozonetech.com\/wp-content\/uploads\/2021\/03\/Pienelioiden-deaktivointi-otsonikasittelylla.png 1501w\" sizes=\"auto, (max-width: 1024px) 100vw, 1024px\" \/><\/h3>\n<p>Monissa tarkoituksissa riitt\u00e4\u00e4 bakteerien 99,99 prosenttinen v\u00e4hent\u00e4minen, joka vastaa 4 log-yksikk\u00f6\u00e4. Tehokkuutta voidaan lis\u00e4t\u00e4 otsonipitoisuutta ja altistumisaikaa helposti s\u00e4\u00e4t\u00e4m\u00e4ll\u00e4. Korkeammalla otsonipitoisuudella voidaan k\u00e4sitell\u00e4 my\u00f6s bakteeri-iti\u00f6t. Edell\u00e4 oleva kuva esitt\u00e4\u00e4 k\u00e4sittely\u00e4 tiloissa ja ilmastointikanavissa. Olemme k\u00e4ytt\u00e4neet otsonia rajoittamaan ilmassa olevien mikro-organismien levi\u00e4mist\u00e4 elintarviketeollisuudessa ja elintarvikevarastoissa.<\/p>\n        <\/div>\n    <\/div>\n<\/div>\n\n<\/section>\n\n\n\n<section\n    id=\"\"\n    class=\"block content-block\"\n\tstyle=\"--cb-bg: #e6e6e6; --cb-content: #000; padding-top: 30px; padding-bottom: 30px;\"\n>\n    \n\n<div class=\"container-fluid editor_content content content--narrow\">\n    <div class=\"row\">\n        <div class=\"col-12 editor_content\">\n            <h3>Sis\u00e4ilman desinfiointi ruokateollisuudessa<\/h3>\n        <\/div>\n    <\/div>\n<\/div>\n\n\n<div class=\"container-fluid content content--narrow\">\n    <div class=\"row\">\n        <div class=\"col-md-6 order-1 editor_content \">\n            <p>Elintarviketeollisuudessa mikro-organismien kulkeutuminen laitoksen sis\u00e4ll\u00e4 nopeuttaa homehtumista. Varovaisella otsonik\u00e4sittelyll\u00e4 homehtumisprosessia voidaan helposti lyk\u00e4t\u00e4 muutamia p\u00e4ivi\u00e4 sen vaikuttamatta elintarvikkeisiin. Lis\u00e4ksi meijeriteollisuuden laitteita on<a href=\"https:\/\/ozonetech.com\/fi\/sovellukset\/vedenkasittely-hakemukset\/prosessilaitteiden-desinfiointi-ja-cip\/\"> desinfioitu otsonilla<\/a> hyvin tuloksin. Se on poistanut tarpeen k\u00e4ytt\u00e4\u00e4 haitallisempia kemiallisia desinfiointiaineita.<\/p>\n        <\/div>\n        <div class=\"col-md-6 order-2 editor_content d-flex justify-content-center\">\n                                            <figure class=\"side-image wp-caption\">\n                    <img loading=\"lazy\" decoding=\"async\" width=\"425\" height=\"281\" src=\"https:\/\/ozonetech.com\/wp-content\/uploads\/2021\/02\/ozone-treatment-strawberries.jpg\" class=\"attachment-full size-full\" alt=\"\" srcset=\"https:\/\/ozonetech.com\/wp-content\/uploads\/2021\/02\/ozone-treatment-strawberries.jpg 425w, https:\/\/ozonetech.com\/wp-content\/uploads\/2021\/02\/ozone-treatment-strawberries-300x198.jpg 300w\" sizes=\"auto, (max-width: 425px) 100vw, 425px\" \/>                                            <p class=\"wp-caption-text\">\n                            Ozone treating strawberries can double shelf life                        <\/p>\n                                    <\/figure>\n                    <\/div>\n    <\/div>\n<\/div>\n\n\n<div class=\"container-fluid editor_content content content--narrow\">\n    <div class=\"row\">\n        <div class=\"col-12 editor_content\">\n            <h3>Sis\u00e4ilman desinfiointi sairaaloissa ja terveydenhuollon toimitiloissa<\/h3>\n<p>Toisin kuin elintarviketeollisuudessa, jossa tiloja ei usein k\u00e4sitell\u00e4 ollenkaan, on sairaaloissa tarkat puhtausvaatimukset. Tiloja puhdistetaan s\u00e4\u00e4nn\u00f6llisesti patogeenien levi\u00e4misen v\u00e4hent\u00e4miseksi. T\u00e4m\u00e4 toteutetaan yleens\u00e4 pyyhkim\u00e4ll\u00e4 pintoja s\u00e4\u00e4nn\u00f6llisesti kemiallisilla desinfiointiaineilla . Vaikka t\u00e4m\u00e4 perinteinen tapa on tehokas, on osoitettu, ett\u00e4 perinteiset manuaaliset puhdistus- ja desinfiointik\u00e4yt\u00e4nn\u00f6t eiv\u00e4t ole parhaita mahdollisia. Ep\u00e4onnistuneen puhdistamisen syit\u00e4 voivat olla v\u00e4\u00e4rink\u00e4sitykset, poikkeamiset puhdistusprotokollasta, joidenkin pintojen j\u00e4tt\u00e4minen pyyhkim\u00e4tt\u00e4, puhdistusaineen virheellinen laimentaminen joko laimennuskoneella tai k\u00e4sin tai puhdistusv\u00e4lineiden pintarakenteen tehottomuus tietyille materiaaleille. Sairaaloissa t\u00e4llaiset poikkeamat lis\u00e4\u00e4v\u00e4t patogeenien levi\u00e4misriski\u00e4 alueiden ja potilaiden v\u00e4lill\u00e4. Automaattiset kosketusvapaat tekniikat ovat hyv\u00e4 lis\u00e4ys puhdistamisk\u00e4yt\u00e4nt\u00f6ihin, sill\u00e4 ne lis\u00e4\u00e4v\u00e4t puhdistukseen uuden tason. (<em>Boyce, 2016<\/em>)<\/p>\n        <\/div>\n    <\/div>\n<\/div>\n\n<\/section>\n\n\n\n<section\n    id=\"\"\n    class=\"block content-block\"\n\tstyle=\"--cb-bg: white; --cb-content: #000; padding-top: 30px; padding-bottom: 30px;\"\n>\n    \n\n<div class=\"container-fluid editor_content content content--narrow\">\n    <div class=\"row\">\n        <div class=\"col-12 editor_content\">\n            <h3>Erilaiset hoitomenetelm\u00e4t<\/h3>\n<p>Kosketusvapaisiin puhdistustekniikoihin kuuluvat UV-lamput ja kemikaalien k\u00e4ytt\u00f6 mikro-organismeja deaktivoivan aerosolin tai kaasun muodossa. Verrattuna muihin ilman desinfioinnin hoitomenetelmiin otsoni voi tehokkaasti desinfioida suuria ilmam\u00e4\u00e4ri\u00e4 ja neutraloida mikro-organismeja, mukaan lukien virukset. T\u00e4m\u00e4 tekee siit\u00e4 ihanteellisen l\u00e4\u00e4ketieteellisiin tarkoituksiin, esimerkiksi sairaaloihin tai vastaanottotiloihin. T\u00e4rke\u00e4 ja my\u00f6s s\u00e4\u00e4st\u00f6j\u00e4 tuova tekij\u00e4 on aika, jonka puhdistusaine saa deaktivoidakseen bakteereita. Alla olevassa kuvassa on vaikutusaikojen vertailu:\u00a0<img loading=\"lazy\" decoding=\"async\" class=\"aligncenter wp-image-25633 size-large\" src=\"https:\/\/ozonetech.com\/wp-content\/uploads\/2021\/03\/kontaktiajan-vertailu-1024x690.png\" alt=\"\" width=\"1024\" height=\"690\" srcset=\"https:\/\/ozonetech.com\/wp-content\/uploads\/2021\/03\/kontaktiajan-vertailu-1024x690.png 1024w, https:\/\/ozonetech.com\/wp-content\/uploads\/2021\/03\/kontaktiajan-vertailu-300x202.png 300w, https:\/\/ozonetech.com\/wp-content\/uploads\/2021\/03\/kontaktiajan-vertailu-768x518.png 768w, https:\/\/ozonetech.com\/wp-content\/uploads\/2021\/03\/kontaktiajan-vertailu.png 1485w\" sizes=\"auto, (max-width: 1024px) 100vw, 1024px\" \/><\/p>\n        <\/div>\n    <\/div>\n<\/div>\n\n\n<div class=\"container-fluid editor_content content content--narrow\">\n    <div class=\"row\">\n        <div class=\"col-md-6\">\n            <p>Kuten kaavio osoittaa, kosketusajat vaihtelevat suuresti. UV-puhdistusj\u00e4rjestelmiss\u00e4 on usein hyvin lyhyt aika s\u00e4teilytt\u00e4\u00e4 ilmaa ja riitt\u00e4v\u00e4n deaktivoitumisen varmistamiseksi lyhyess\u00e4 ajassa on siten kulutettava paljon energiaa. Puhdistusaineilla pyyhkimist\u00e4 rajoittaa aika, joka kuluu pinnan kuivumiseen. Otsoni taas puolestaan jatkaa bakteerien tappamista, kunnes ne hajoavat luonnollisesti tai poistuvat. T\u00e4m\u00e4n vuoksi otsoniratkaisut lis\u00e4\u00e4v\u00e4t energiatehokkuutta huomattavasti.<\/p>\n<p><a href=\"https:\/\/ozonetech.com\/fi\/tietoa-otsonista\/\">Otsoni<\/a> tuotetaan tarvittaessa paikan p\u00e4\u00e4ll\u00e4, jolloin v\u00e4ltet\u00e4\u00e4n vaarallisten kemikaalien k\u00e4sittelyn ja varastoinnin vaatimat lis\u00e4resurssit. Lis\u00e4ksi otsonista ei j\u00e4\u00e4 k\u00e4sittelyn j\u00e4lkeen mit\u00e4\u00e4n sivutuotteita sen hajotessa luonnollisesti hapeksi. K\u00e4yt\u00f6n kannalta kaasumainen koostumus mahdollistaa otsonin p\u00e4\u00e4semisen vaikeasti saavutettaviin puhdistuskohteisiin, joita on vaikea puhdistaa pyyhkim\u00e4ll\u00e4.<\/p>\n        <\/div>\n        <div class=\"col-md-6\">\n            <p>Tutkimukset ovat osoittaneet, ett\u00e4 pienetkin otsonipitoisuudet deaktivoivat bakteereita ja vaipallisia viruksia reagoimalla tyydytt\u00e4m\u00e4tt\u00f6miin rasvahappoihin solukalvoissa, tiettyihin pintaproteiineihin ja DNA:han. Stabiilien virusten ja bakteeri-iti\u00f6iden k\u00e4sittely vaatii kuitenkin korkeampia otsonipitoisuuksia kosteassa ilmassa useiden tuntien ajan.<\/p>\n<p><em>Lue lis\u00e4\u00e4 <a href=\"https:\/\/ozonetech.com\/fi\/ratkaisut-jarjestelmat\/ilmankasittely\/rena-pro-otsonijarjestelmat\/\"><strong>RENA Pro<\/strong><\/a> Ozone Systems tai lataa <a href=\"https:\/\/ozonetech.com\/wp-content\/uploads\/2020\/12\/Brochure-RENA-Pro-Ozone-Systems-v1.5-EN-web-1.pdf\"><strong>esite<\/strong><\/a>.<\/em><\/p>\n        <\/div>\n    <\/div>\n<\/div><\/section>\n\n\n\n<section\n    id=\"\"\n    class=\"block content-block\"\n\tstyle=\"--cb-bg: #e6e6e6; --cb-content: #000; padding-top: 30px; padding-bottom: 30px;\"\n>\n    \n\n<div class=\"container-fluid editor_content content content--narrow\">\n    <div class=\"row\">\n        <div class=\"col-12 editor_content\">\n            <h3>V\u00e4henn\u00e4 patogeenien levi\u00e4misriski\u00e4<\/h3>\n<p>Otsonigeneraattorit v\u00e4hent\u00e4v\u00e4t taudinaiheuttajien levi\u00e4misriski\u00e4 kliinisiss\u00e4 tiloissa uusien potilaiden saapuessa huoneisiin. Laitteita voidaan my\u00f6s k\u00e4ytt\u00e4\u00e4 perinteisen puhdistamisen j\u00e4lkeen v\u00e4hent\u00e4m\u00e4\u00e4n tautien levi\u00e4misvaaraa edellisen potilaan j\u00e4tt\u00e4mist\u00e4 ruumiinnesteist\u00e4.<\/p>\n<p>Asiakkaiden tarpeista riippuen k\u00e4sittelyaikaa ja otsonipitoisuutta voidaan muuttaa halutun log-yksik\u00f6n verran, kuten alla olevassa kuvassa esitet\u00e4\u00e4n. K\u00e4sittelyn j\u00e4lkeen otsoni hajoaa luonnolliseksi hapeksi muutamassa tunnissa. Hajoamista voidaan my\u00f6s nopeuttaa merkitt\u00e4v\u00e4sti k\u00e4ytt\u00e4m\u00e4ll\u00e4 otsoninh\u00e4vitt\u00e4ji\u00e4.<\/p>\n<p>Y\u00f6aikaan suljettuina olevilla klinikoilla otsonik\u00e4sittely voidaan aikatauluttaa odotustiloihin, k\u00e4yt\u00e4viin ja pesutiloihin, jolloin k\u00e4sittelyyn on riitt\u00e4v\u00e4sti aikaa ja otsoni hajoaa ennen ensimm\u00e4isten ty\u00f6ntekij\u00f6iden saapumista.<\/p>\n<p>Leikkaussaleissa tai muissa 6 log-yksik\u00f6n bakteerien, virusten ja jopa iti\u00f6iden deaktivointia vaativissa tiloissa on k\u00e4ytett\u00e4v\u00e4 erikoisratkaisuna korkeita otsonipitoisuuksia suljetussa tilassa useiden tuntien ajan. Puhdistusprosessi voidaan k\u00e4ynnist\u00e4\u00e4 tilan ulkopuolella olevasta paneelista, joka n\u00e4ytt\u00e4\u00e4 my\u00f6s j\u00e4ljell\u00e4 olevan ajan. Kun aika on kulunut, otsoni tuhotaan otsoninh\u00e4vitt\u00e4j\u00e4ll\u00e4.<\/p>\n<p><a href=\"https:\/\/ozonetech.com\/contact\/\">Ota meihin yhteytt\u00e4<\/a> ja pyyd\u00e4 r\u00e4\u00e4t\u00e4l\u00f6ity ratkaisu desinfiointitarpeisiisi.<\/p>\n        <\/div>\n    <\/div>\n<\/div>\n\n<\/section>\n","protected":false},"excerpt":{"rendered":"","protected":false},"author":21,"featured_media":0,"parent":14760,"menu_order":0,"comment_status":"closed","ping_status":"closed","template":"","meta":{"_acf_changed":false,"_seopress_robots_primary_cat":"","_seopress_titles_title":"","_seopress_titles_desc":"Otosoni toimii tehokkaasti ilmandesifiointiin, neutraloimalla mikro-organismit muklaanlukien virukset, ja sopii erinomaisesti suurille ilmam\u00e4\u00e4rille","_seopress_robots_index":"","inline_featured_image":false,"footnotes":""},"class_list":["post-10356","page","type-page","status-publish","hentry"],"acf":[],"_links":{"self":[{"href":"https:\/\/ozonetech.com\/fi\/wp-json\/wp\/v2\/pages\/10356","targetHints":{"allow":["GET"]}}],"collection":[{"href":"https:\/\/ozonetech.com\/fi\/wp-json\/wp\/v2\/pages"}],"about":[{"href":"https:\/\/ozonetech.com\/fi\/wp-json\/wp\/v2\/types\/page"}],"author":[{"embeddable":true,"href":"https:\/\/ozonetech.com\/fi\/wp-json\/wp\/v2\/users\/21"}],"replies":[{"embeddable":true,"href":"https:\/\/ozonetech.com\/fi\/wp-json\/wp\/v2\/comments?post=10356"}],"version-history":[{"count":49,"href":"https:\/\/ozonetech.com\/fi\/wp-json\/wp\/v2\/pages\/10356\/revisions"}],"predecessor-version":[{"id":40153,"href":"https:\/\/ozonetech.com\/fi\/wp-json\/wp\/v2\/pages\/10356\/revisions\/40153"}],"up":[{"embeddable":true,"href":"https:\/\/ozonetech.com\/fi\/wp-json\/wp\/v2\/pages\/14760"}],"wp:attachment":[{"href":"https:\/\/ozonetech.com\/fi\/wp-json\/wp\/v2\/media?parent=10356"}],"curies":[{"name":"wp","href":"https:\/\/api.w.org\/{rel}","templated":true}]}}