{"id":37290,"date":"2020-06-23T06:22:37","date_gmt":"2020-06-23T06:22:37","guid":{"rendered":"https:\/\/ozonetech.com\/soluciones-y-sistemas\/tratamiento-de-agua\/tailored-wastewater-treatment-projects\/"},"modified":"2024-10-10T11:19:32","modified_gmt":"2024-10-10T09:19:32","slug":"proyectos-a-medida-para-el-tratamiento-de-aguas-residuales","status":"publish","type":"page","link":"https:\/\/ozonetech.com\/es\/soluciones-y-sistemas\/tratamiento-de-agua\/proyectos-a-medida-para-el-tratamiento-de-aguas-residuales\/","title":{"rendered":"Proyectos piloto a medida para el tratamiento de aguas residuales"},"content":{"rendered":"\n<section\n    class=\"block hero hero--regular\"\n    style=\"background-image: url('https:\/\/ozonetech.com\/wp-content\/uploads\/2021\/03\/water-treatment-pilot-projects-1600x484.jpg'); --hero-opacity: 0.3\"\n>\n\n    <div class=\"container-fluid\">\n\n        <div class=\"content editor_content\">\n                         \n                <h2 class='h2'>Proyectos piloto a medida para el tratamiento de aguas residuales<\/h2>            \n                    <\/div>\n\n            <\/div>\n<\/section>\n\n\n<section class=\"component component_breadcrumbs\">\n\t<div class=\"container-fluid\">\n  \t<\/div>\n<\/section>\n\n\n<section\n    id=\"\"\n    class=\"block content-block\"\n\tstyle=\"--cb-bg: white; --cb-content: #000; padding-top: 30px; padding-bottom: 30px;\"\n>\n    \n\n<div class=\"container-fluid editor_content content content--narrow\">\n    <div class=\"row\">\n        <div class=\"col-12 editor_content\">\n            <h1>El tratamiento eficiente del agua de proceso empieza con un proyecto piloto<\/h1>\n<h3>Ejecuci\u00f3n del proyecto &#8211; de principio a fin<\/h3>\n<p class=\"preamble\">El tratamiento de aguas de procesos industriales es una tarea compleja. Las aguas residuales de proceso tienen caracter\u00edsticas \u00fanicas que requieren una consideraci\u00f3n especial para cumplir con la normativa medioambiental o las pol\u00edticas de la empresa. En Ozonetech asuminos que el tratamiento de todas las corrientes de aguas residuales necesitas una soluci\u00f3n a medida. Ofrecemos sistemas de tratamiento a gran escala basados en proyectos piloto utilizando nuestra experiencia interna y nuestras instalaciones piloto.<\/p>\n        <\/div>\n    <\/div>\n<\/div>\n\n\n<div class=\"container-fluid editor_content content content--narrow\">\n    <div class=\"row\">\n        <div class=\"col-md-6\">\n            <h4>Estudio de viabilidad<\/h4>\n<p>En estrecha colaboraci\u00f3n con el cliente, los ingenieros de Ozonetech eval\u00faan la viabilidad de un sistema a escala real bas\u00e1ndose en par\u00e1metros esenciales de las aguas residuales como la demanda qu\u00edmica y biol\u00f3gica de ox\u00edgeno, las part\u00edculas y el tipo de constituyentes. Si la demanda de tratamiento a gran escala se considera alcanzable, el proyecto piloto contin\u00faa.<\/p>\n<p>&nbsp;<\/p>\n        <\/div>\n        <div class=\"col-md-6\">\n            <h4>Revisi\u00f3n<\/h4>\n<p>Se realiza un pretratamiento para encontrar los mejores par\u00e1metros del sistema, como el pH adecuado, el control de la formaci\u00f3n de espuma y, si es necesario, el prefiltrado en nuestras instalaciones de laboratorio. En esta fase se aplican los principios de la mejor tecnolog\u00eda disponible (MTD). Aunque el ozono es la base de nuestras soluciones, empleamos tecnolog\u00edas avanzadas como el Proceso de Oxidaci\u00f3n Avanzada (AOP), UV y carb\u00f3n activado, seg\u00fan se requiere.<\/p>\n        <\/div>\n    <\/div>\n<\/div>\n<div class=\"container-fluid editor_content content content--narrow\">\n    <div class=\"row\">\n        <div class=\"col-md-6\">\n            <h4>Tratamiento a escala piloto<\/h4>\n<p>En base a los par\u00e1metros de pretratamiento y sistema m\u00e1s adecuados, se realizan pruebas piloto con muestreo de aguas residuales en nuestro sistema piloto. Las muestras se env\u00edan a un laboratorio acreditado para el an\u00e1lisis de los par\u00e1metros relevantes.<\/p>\n        <\/div>\n        <div class=\"col-md-6\">\n            <h4>Informe<\/h4>\n<p>Despu\u00e9s del an\u00e1lisis de los par\u00e1metros relevantes de las muestras de aguas residuales durante el tratamiento, el cliente recibe un informe profesional que contiene una descripci\u00f3n de la tecnolog\u00eda aplicada, metodolog\u00eda, resultados generales del tratamiento, cin\u00e9tica y otros hallazgos vitales. Estos resultados son la base de un sistema de tratamiento a gran escala.<\/p>\n        <\/div>\n    <\/div>\n<\/div>\n<div class=\"container-fluid editor_content content content--narrow\">\n    <div class=\"row\">\n        <div class=\"col-md-6\">\n            <h4>Oferta para el sistema a escala real<\/h4>\n<p>Bas\u00e1ndonos en los resultados y evaluaciones realizadas en el informe del proyecto piloto, proporcionaremos al cliente un dise\u00f1o y una oferta para un sistema a escala real con garant\u00edas de rendimiento relativas a los requisitos de tratamiento del sistema piloto.<\/p>\n        <\/div>\n        <div class=\"col-md-6\">\n                    <\/div>\n    <\/div>\n<\/div>\n\n<div class=\"container-fluid editor_content content content--narrow\">\n    <div class=\"row\">\n        <div class=\"col-12 editor_content\">\n            <p><img loading=\"lazy\" decoding=\"async\" class=\"size-large wp-image-37868 aligncenter\" src=\"https:\/\/ozonetech.com\/wp-content\/uploads\/2021\/08\/Project-execution-start-to-finish-es-1024x410.png\" alt=\"\" width=\"1024\" height=\"410\" srcset=\"https:\/\/ozonetech.com\/wp-content\/uploads\/2021\/08\/Project-execution-start-to-finish-es-1024x410.png 1024w, https:\/\/ozonetech.com\/wp-content\/uploads\/2021\/08\/Project-execution-start-to-finish-es-300x120.png 300w, https:\/\/ozonetech.com\/wp-content\/uploads\/2021\/08\/Project-execution-start-to-finish-es-768x307.png 768w, https:\/\/ozonetech.com\/wp-content\/uploads\/2021\/08\/Project-execution-start-to-finish-es.png 1500w\" sizes=\"auto, (max-width: 1024px) 100vw, 1024px\" \/><\/p>\n        <\/div>\n    <\/div>\n<\/div>\n\n<\/section>\n\n\n\n<section\n    id=\"\"\n    class=\"block content-block\"\n\tstyle=\"--cb-bg: white; --cb-content: #000; padding-top: 30px; padding-bottom: 30px;\"\n>\n    \n\n<div class=\"container-fluid editor_content content content--narrow\">\n    <div class=\"row\">\n        <div class=\"col-12 editor_content\">\n            <h3>Una amplia gama de industrias<\/h3>\n        <\/div>\n    <\/div>\n<\/div>\n\n\n<div class=\"container-fluid editor_content content content--narrow\">\n    <div class=\"row\">\n        <div class=\"col-md-6\">\n            <h4>Industria farmac\u00e9utica<\/h4>\n<p>Debido a su compleja estructura molecular, los residuos farmac\u00e9uticos se est\u00e1n convirtiendo en un problema creciente en las plantas de tratamiento biol\u00f3gico. El tratamiento con ozono es una tecnolog\u00eda probada para <a href=\"https:\/\/mellifiq.com\/markets\/pharmaceutical-industry\/\"><strong>eliminar estos microcontaminantes<\/strong><\/a> directamente en las instalaciones de producci\u00f3n, hospitales o plantas de tratamiento de aguas residuales municipales.<\/p>\n<p><strong>Ejemplos de sustancias farmac\u00e9uticas activas que se pueden tratar con ozono:<\/strong> paracetamol, code\u00edna, propofol, diclofenaco.<\/p>\n        <\/div>\n        <div class=\"col-md-6\">\n            <h4>Aguas residuales de procesos industriales<\/h4>\n<p>Ya sea agua de proceso proveniente de la industria petrolera, qu\u00edmica, de reciclaje o textil, el agua residual contiene sustancias dif\u00edciles y costosas a la hora de manejarlas para cumplir con las reglamentaciones medioambientales. Nuestra tecnolog\u00eda ofrece una soluci\u00f3n econ\u00f3mica a este problema.<\/p>\n<p><strong>Ejemplos de sustancias que se pueden tratar con ozono:<\/strong> aminas, alcoholes, aldeh\u00eddos, aceites, DBO, DQO, COT<\/p>\n        <\/div>\n    <\/div>\n<\/div>\n\n<div class=\"container-fluid editor_content content content--narrow\">\n    <div class=\"row\">\n        <div class=\"col-12 editor_content\">\n            <h4>Producci\u00f3n de alimentos y bebidas<\/h4>\n<p>La producci\u00f3n de alimentos y bebidas deja a menudo las aguas residuales del proceso con elevados niveles de demanda qu\u00edmica y biol\u00f3gica de ox\u00edgeno a partir de material org\u00e1nico y uso de productos qu\u00edmicos. La tecnolog\u00eda de ozono ayuda a reducir la carga de aguas residuales. Los proyectos piloto de Ozonetech ayudar\u00e1n a determinar el sistema a escala real m\u00e1s adecuado y la capacidad para alcanzar los objetivos de tratamiento.<\/p>\n<p><strong>Ejemplos de tratamiento de sustancias activas:<\/strong> DBO, DQO, COT, color, turbidez<\/p>\n<p><img loading=\"lazy\" decoding=\"async\" class=\"aligncenter wp-image-22630 size-large\" src=\"https:\/\/ozonetech.com\/wp-content\/uploads\/2021\/03\/industry-collage-1024x371.jpg\" alt=\"\" width=\"1024\" height=\"371\" srcset=\"https:\/\/ozonetech.com\/wp-content\/uploads\/2021\/03\/industry-collage-1024x371.jpg 1024w, https:\/\/ozonetech.com\/wp-content\/uploads\/2021\/03\/industry-collage-300x109.jpg 300w, https:\/\/ozonetech.com\/wp-content\/uploads\/2021\/03\/industry-collage-768x279.jpg 768w, https:\/\/ozonetech.com\/wp-content\/uploads\/2021\/03\/industry-collage.jpg 1500w\" sizes=\"auto, (max-width: 1024px) 100vw, 1024px\" \/><\/p>\n        <\/div>\n    <\/div>\n<\/div>\n\n<\/section>\n\n\n\n<section\n    id=\"\"\n    class=\"block content-block\"\n\tstyle=\"--cb-bg: light-gray; --cb-content: #000; padding-top: 30px; padding-bottom: 30px;\"\n>\n    \n\n<div class=\"container-fluid editor_content content content--narrow\">\n    <div class=\"row\">\n        <div class=\"col-12 editor_content\">\n                    <\/div>\n    <\/div>\n<\/div>\n\n<\/section>\n\n\n\n<section class=\"block big-cta\" style=\"--cta-bg: #5f5f5f; --cta-text: #fff; --cta-btn: #299f23; --cta-btn-hover: #5f5f5f; --cta-btn-text-hover: #299f23; --cta-border: #299f23 \">\n    <div class=\"container-fluid d-flex flex-column align-items-center editor-content\">\n        \n        <h3 class='h3'>Cont\u00e1ctenos hoy mismo<\/h3>\n        <div class=\"content\">\n            No dude en ponerse en contacto con nuestro equipo de ingenieros de aguas industriales hoy mismo.         <\/div>\n\n        <div class=\"btn-container\">\n                            <a href='https:\/\/mellifiq.com\/contact\/' class='btn btn--secondary' target='_blank'>Cont\u00e1ctenos<\/a>                    <\/div>\n    <\/div>\n<\/section>\n","protected":false},"excerpt":{"rendered":"","protected":false},"author":21,"featured_media":0,"parent":37263,"menu_order":0,"comment_status":"closed","ping_status":"closed","template":"","meta":{"_acf_changed":false,"_seopress_robots_primary_cat":"","_seopress_titles_title":"","_seopress_titles_desc":"Ofrecemos sistemas de tratamiento a escala completa basados en proyectos piloto a base de nuestra vasta experiencia.","_seopress_robots_index":"","inline_featured_image":false,"footnotes":""},"class_list":["post-37290","page","type-page","status-publish","hentry"],"acf":[],"_links":{"self":[{"href":"https:\/\/ozonetech.com\/es\/wp-json\/wp\/v2\/pages\/37290","targetHints":{"allow":["GET"]}}],"collection":[{"href":"https:\/\/ozonetech.com\/es\/wp-json\/wp\/v2\/pages"}],"about":[{"href":"https:\/\/ozonetech.com\/es\/wp-json\/wp\/v2\/types\/page"}],"author":[{"embeddable":true,"href":"https:\/\/ozonetech.com\/es\/wp-json\/wp\/v2\/users\/21"}],"replies":[{"embeddable":true,"href":"https:\/\/ozonetech.com\/es\/wp-json\/wp\/v2\/comments?post=37290"}],"version-history":[{"count":13,"href":"https:\/\/ozonetech.com\/es\/wp-json\/wp\/v2\/pages\/37290\/revisions"}],"predecessor-version":[{"id":40882,"href":"https:\/\/ozonetech.com\/es\/wp-json\/wp\/v2\/pages\/37290\/revisions\/40882"}],"up":[{"embeddable":true,"href":"https:\/\/ozonetech.com\/es\/wp-json\/wp\/v2\/pages\/37263"}],"wp:attachment":[{"href":"https:\/\/ozonetech.com\/es\/wp-json\/wp\/v2\/media?parent=37290"}],"curies":[{"name":"wp","href":"https:\/\/api.w.org\/{rel}","templated":true}]}}