{"id":37282,"date":"2020-06-22T14:59:07","date_gmt":"2020-06-22T13:59:07","guid":{"rendered":"https:\/\/ozonetech.com\/soluciones-y-sistemas\/tratamiento-de-agua\/rena-vivo\/"},"modified":"2024-10-10T11:29:28","modified_gmt":"2024-10-10T09:29:28","slug":"rena-vivo","status":"publish","type":"page","link":"https:\/\/ozonetech.com\/es\/soluciones-y-sistemas\/tratamiento-de-agua\/rena-vivo\/","title":{"rendered":"RENA Vivo"},"content":{"rendered":"\n<section\n    class=\"block hero hero--regular\"\n    style=\"background-image: url('https:\/\/ozonetech.com\/wp-content\/uploads\/2021\/03\/rena-vivo-1-1600x484.jpg'); --hero-opacity: 0.3\"\n>\n\n    <div class=\"container-fluid\">\n\n        <div class=\"content editor_content\">\n                         \n                <h2 class='h2'>Sistema de ozono RENA Vivo<\/h2>            \n                    <\/div>\n\n            <\/div>\n<\/section>\n\n\n<section class=\"component component_breadcrumbs\">\n\t<div class=\"container-fluid\">\n  \t<\/div>\n<\/section>\n\n\n<section\n    id=\"\"\n    class=\"block content-block\"\n\tstyle=\"--cb-bg: white; --cb-content: #000; padding-top: 30px; padding-bottom: 30px;\"\n>\n    \n\n<div class=\"container-fluid editor_content content content--narrow\">\n    <div class=\"row\">\n        <div class=\"col-12 editor_content\">\n            <h1>Ozonetech RENA Vivo &#8211; El m\u00e1s eficiente sistema para el saneamiento del agua y de los equipos de proceso<\/h1>\n<p class=\"preamble\">El segmento RENA Vivo de Ozonetech consiste en una serie de sistemas CIP \u201cllave en mano\u201d usados en instalaciones alimentarias, de bebida y cerveceras, acuicultura, producci\u00f3n de l\u00e1cteos as\u00ed como en la industria farmac\u00e9utica y off-shore. RENA Vivo es un sistema de ozono utilizado en aplicaciones acuosas de ozono para la higiene de equipos de proceso, el aseguramiento de la calidad del agua de proceso y el tratamiento de aguas residuales.<\/p>\n<p>El sistema dispone de un sistema de control con una HMI intuitiva, con regulaci\u00f3n y control de la producci\u00f3n de ozono, y generadores de ox\u00edgeno integrado. El segmento RENA Vivo siempre usa generadores de ozono alimentados por ox\u00edgeno con elevadas concentraciones de ozono con el objetivo de lograr la m\u00e1xima eficiencia.<\/p>\n        <\/div>\n    <\/div>\n<\/div>\n\n\n<div class=\"container-fluid content content--narrow\">\n    <div class=\"row\">\n        <div class=\"col-md-6 order-1 editor_content \">\n            <p>El segmento Vivo ofrece las siguientes mejoras operativas:<\/p>\n<ul>\n<li>Reducci\u00f3n del tiempo de ciclo CIP en 20-30 minutos debido a una operaci\u00f3n m\u00e1s corta de higiene y enjuagado<\/li>\n<li>Eliminar todos los agentes desinfectantes utilizados para el tratamiento o el saneamiento<\/li>\n<li>Reducci\u00f3n de los requisitos energ\u00e9ticos al sustituir el agua caliente con una higiene en fr\u00edo con ozono<\/li>\n<li>Asegura agua completamente libre de microbios<\/li>\n<li>No hay manejo, transporte y gastos relacionados con productos qu\u00edmicos<\/li>\n<li>Tratamiento in situ de las sustancias complejas presentes en las aguas residuales<\/li>\n<li>Asegura agua de alimentaci\u00f3n y proceso libre de qu\u00edmicos<\/li>\n<\/ul>\n        <\/div>\n        <div class=\"col-md-6 order-2 editor_content d-flex justify-content-center\">\n                                            <figure class=\"side-image wp-caption\">\n                    <img loading=\"lazy\" decoding=\"async\" width=\"1500\" height=\"1455\" src=\"https:\/\/ozonetech.com\/wp-content\/uploads\/2021\/03\/rena-vivo-segment-ozone.jpg\" class=\"attachment-full size-full\" alt=\"\" srcset=\"https:\/\/ozonetech.com\/wp-content\/uploads\/2021\/03\/rena-vivo-segment-ozone.jpg 1500w, https:\/\/ozonetech.com\/wp-content\/uploads\/2021\/03\/rena-vivo-segment-ozone-300x291.jpg 300w, https:\/\/ozonetech.com\/wp-content\/uploads\/2021\/03\/rena-vivo-segment-ozone-1024x993.jpg 1024w, https:\/\/ozonetech.com\/wp-content\/uploads\/2021\/03\/rena-vivo-segment-ozone-768x745.jpg 768w\" sizes=\"auto, (max-width: 1500px) 100vw, 1500px\" \/>                                            <p class=\"wp-caption-text\">\n                            Left: RENA Vivo B-series front. Right: RENA Vivo B-series back.                        <\/p>\n                                    <\/figure>\n                    <\/div>\n    <\/div>\n<\/div>\n\n\n<div class=\"container-fluid editor_content content content--narrow\">\n    <div class=\"row\">\n        <div class=\"col-12 editor_content\">\n            <h3>Diferencias entre los modelos RENA Vivo<\/h3>\n        <\/div>\n    <\/div>\n<\/div>\n\n\n<div class=\"container-fluid editor_content content content--narrow\">\n    <div class=\"row\">\n        <div class=\"col-md-6\">\n            <h4>RENA Vivo serie A<\/h4>\n<p>La serie A de RENA Vivo es un sistema altamente eficiente, hecho a medida para instalaciones m\u00e1s peque\u00f1as de alimentaci\u00f3n y bebida, cervecer\u00edas artesanales, y el tratamiento de peque\u00f1os flujos de residuos en varias industrias para la limpieza in situ (CIP, clean-in-place por sus siglas en ingl\u00e9s) y el tratamiento de aguas. Produce eficazmente agua ozonizada en un dise\u00f1o compacto, 120x80x180 cm. La potencia de entrada es muy baja a un m\u00e1ximo de 900W durante el funcionamiento.<\/p>\n<h4>RENA Vivo serie B<\/h4>\n<p>La serie B es el sistema a medida de Ozonetech empleado para instalaciones de producci\u00f3n m\u00e1s grandes, para aplicaciones de limpieza in situ en f\u00e1bricas cerveceras, grandes instalaciones lecheras y de producci\u00f3n farmac\u00e9utica, manteniendo aun as\u00ed su dise\u00f1o compacto de 120x80x270 cm.<\/p>\n        <\/div>\n        <div class=\"col-md-6\">\n            <h4>RENA Vivo serie C<\/h4>\n<p>La serie C es nuestro sistema de ozono de mayor capacidad, dise\u00f1ado para resolver problemas complejos de tratamiento como la descomposici\u00f3n de residuos farmac\u00e9uticos o sustancias complejas. Es una soluci\u00f3n perfecta para asegurar grandes flujos y vol\u00famenes de suministro de agua de proceso de alta calidad. Se entrega con un generador de ox\u00edgeno integrado, o un suministro externo de ox\u00edgeno.<\/p>\n<p>Descargue nuestro <a href=\"https:\/\/ozonetech.com\/wp-content\/uploads\/2022\/12\/Brochure-Rena-Water-Treatment-Solutions-v1.5-EN.pdf\"><strong>folleto informativo RENA Water Systems aqu\u00ed<\/strong><\/a>.<\/p>\n        <\/div>\n    <\/div>\n<\/div><\/section>\n\n\n\n<section\n    id=\"\"\n    class=\"block content-block\"\n\tstyle=\"--cb-bg: white; --cb-content: #000; padding-top: 30px; padding-bottom: 30px;\"\n>\n    \n\n<div class=\"container-fluid editor_content content content--narrow\">\n    <div class=\"row\">\n        <div class=\"col-12 editor_content\">\n            <h4>Caracter\u00edsticas \u00fanicas en un sistema llave en mano<\/h4>\n<p>Nuestro segmento RENA Vivo ha sido especialmente dise\u00f1ado para producir agua ozonizada para una gran variedad de aplicaciones, en forma de sistema \u00fanico llave en mano. En la tabla inferior hay un resumen con los datos espec\u00edficos del sistema:<\/p>\n        <\/div>\n    <\/div>\n<\/div>\n\n<\/section>\n\n\n\n<section\n    id=\"\"\n    class=\"block content-block\"\n\tstyle=\"--cb-bg: #fff; --cb-content: #000; \"\n>\n    <div class=\"container-fluid editor_content\">\n    <div class=\"row\">\n        <div class=\"col-12 editor_content table-wrapper \" style=\"--table-text-color-header: #FFFFFF; --table-text-color-rows: #000000; --table-background-color-header: #5f5f5f; --table-background-color-rows-even: #efefef; --table-background-color-rows-odd: #dfdfdf; \">\n                            \n<table id=\"tablepress-349\" class=\"tablepress tablepress-id-349\" aria-describedby=\"tablepress-349-description\">\n<thead>\n<tr class=\"row-1\">\n\t<th class=\"column-1\">Caracter\u00edstica<\/th><th class=\"column-2\">Serie A<\/th><th class=\"column-3\">Serie B<\/th><th class=\"column-4\">Serie C<\/th>\n<\/tr>\n<\/thead>\n<tbody class=\"row-striping\">\n<tr class=\"row-2\">\n\t<td class=\"column-1\">Generador de ozono de elevado rendimiento con tecnolog\u00eda HELS\u2122<\/td><td class=\"column-2\">Siempre<\/td><td class=\"column-3\">Siempre<\/td><td class=\"column-4\">Siempre<\/td>\n<\/tr>\n<tr class=\"row-3\">\n\t<td class=\"column-1\">Generador de ox\u00edgeno integrado<\/td><td class=\"column-2\">T\u00edpico<\/td><td class=\"column-3\">S\u00ed<\/td><td class=\"column-4\">Concentrador de ox\u00edgeno independiente<\/td>\n<\/tr>\n<tr class=\"row-4\">\n\t<td class=\"column-1\">Desgasificaci\u00f3n de ozono integrada<\/td><td class=\"column-2\">Siempre<\/td><td class=\"column-3\">Siempre<\/td><td class=\"column-4\">Siempre<\/td>\n<\/tr>\n<tr class=\"row-5\">\n\t<td class=\"column-1\">Destructor de ozono<\/td><td class=\"column-2\">T\u00edpico<\/td><td class=\"column-3\">T\u00edpico<\/td><td class=\"column-4\">T\u00edpico<\/td>\n<\/tr>\n<tr class=\"row-6\">\n\t<td class=\"column-1\">Detector de ozono en el ambiente<\/td><td class=\"column-2\">S\u00ed<\/td><td class=\"column-3\">S\u00ed<\/td><td class=\"column-4\">S\u00ed<\/td>\n<\/tr>\n<tr class=\"row-7\">\n\t<td class=\"column-1\">Contacto integrado y \/ o tanque de reacci\u00f3n<\/td><td class=\"column-2\">50 L<\/td><td class=\"column-3\">150 L<\/td><td class=\"column-4\">300 or 500 L<\/td>\n<\/tr>\n<tr class=\"row-8\">\n\t<td class=\"column-1\">Sistema de control avanzado con HMI<\/td><td class=\"column-2\">S\u00ed, pantalla t\u00e1ctil 7&#8243;<\/td><td class=\"column-3\">S\u00ed, pantalla t\u00e1ctil 9&#8243;<\/td><td class=\"column-4\">S\u00ed, pantalla t\u00e1ctil 9&#8243;<\/td>\n<\/tr>\n<tr class=\"row-9\">\n\t<td class=\"column-1\">Control autom\u00e1tico ORP<\/td><td class=\"column-2\">S\u00ed<\/td><td class=\"column-3\">S\u00ed<\/td><td class=\"column-4\">S\u00ed<\/td>\n<\/tr>\n<tr class=\"row-10\">\n\t<td class=\"column-1\">Capacidad de flujo del ozono disuelto 1 Parts per million<\/td><td class=\"column-2\">4-35 m<sup>3<\/sup>\/hr<\/td><td class=\"column-3\">18-110 m<sup>3<\/sup>\/hr<\/td><td class=\"column-4\">35-210 m<sup>3<\/sup>\/hr<\/td>\n<\/tr>\n<tr class=\"row-11\">\n\t<td class=\"column-1\">Conexiones hidr\u00e1ulicas<\/td><td class=\"column-2\">DN25<\/td><td class=\"column-3\">DN50<\/td><td class=\"column-4\">DN50\/65<\/td>\n<\/tr>\n<tr class=\"row-12\">\n\t<td class=\"column-1\">Dimensiones (mm, AltoxProfundoxAncho)<\/td><td class=\"column-2\">1800x1200x800<\/td><td class=\"column-3\">2128x1200x800<\/td><td class=\"column-4\">2092x1600x1200<\/td>\n<\/tr>\n<\/tbody>\n<\/table>\n<span id=\"tablepress-349-description\" class=\"tablepress-table-description tablepress-table-description-id-349\"><\/span>\n<!-- #tablepress-349 from cache -->                                <\/div>\n    <\/div>\n<\/div>\n<\/section>\n\n\n\n<section\n    id=\"\"\n    class=\"block content-block\"\n\tstyle=\"--cb-bg: #fff; --cb-content: #000; \"\n>\n    \n\n<div class=\"container-fluid editor_content content content--narrow\">\n    <div class=\"row\">\n        <div class=\"col-12 editor_content\">\n            <h4>Directrices de dimensionamiento<\/h4>\n<p><em>Selecci\u00f3n de la serie RENA Vivo apropiada para el saneamiento de equipos de proceso CIP o el aseguramiento de la calidad del agua de proceso. Recomendaciones para la inactivaci\u00f3n 3 log de bacterias en 10 minutos.<\/em><\/p>\n        <\/div>\n    <\/div>\n<\/div>\n\n<\/section>\n\n\n\n<section\n    id=\"\"\n    class=\"block content-block\"\n\tstyle=\"--cb-bg: #fff; --cb-content: #000; \"\n>\n    <div class=\"container-fluid editor_content\">\n    <div class=\"row\">\n        <div class=\"col-12 editor_content table-wrapper \" style=\"--table-text-color-header: #FFFFFF; --table-text-color-rows: #000000; --table-background-color-header: #5f5f5f; --table-background-color-rows-even: #efefef; --table-background-color-rows-odd: #dfdfdf; \">\n                            \n<table id=\"tablepress-348\" class=\"tablepress tablepress-id-348\" aria-describedby=\"tablepress-348-description\">\n<thead>\n<tr class=\"row-1\">\n\t<th colspan=\"3\" class=\"column-1\">VOLUMEN (m<sup>3<\/sup>)<\/th><th colspan=\"3\" class=\"column-4\">FLUJO (m<SUP>3<\/SUP>\/hr)<\/th>\n<\/tr>\n<\/thead>\n<tbody class=\"row-striping\">\n<tr class=\"row-2\">\n\t<td class=\"column-1\"><\/td><td class=\"column-2\">10<\/td><td class=\"column-3\">15<\/td><td class=\"column-4\">20<\/td><td class=\"column-5\">30<\/td><td class=\"column-6\">50<\/td>\n<\/tr>\n<tr class=\"row-3\">\n\t<td class=\"column-1\">0.2<\/td><td class=\"column-2\">A<\/td><td class=\"column-3\">A<\/td><td class=\"column-4\">B<\/td><td class=\"column-5\">B<\/td><td class=\"column-6\">B<\/td>\n<\/tr>\n<tr class=\"row-4\">\n\t<td class=\"column-1\">0.5<\/td><td class=\"column-2\">A<\/td><td class=\"column-3\">A<\/td><td class=\"column-4\">B<\/td><td class=\"column-5\">B<\/td><td class=\"column-6\">B<\/td>\n<\/tr>\n<tr class=\"row-5\">\n\t<td class=\"column-1\">1<\/td><td class=\"column-2\">A<\/td><td class=\"column-3\">A<\/td><td class=\"column-4\">B<\/td><td class=\"column-5\">B<\/td><td class=\"column-6\">B<\/td>\n<\/tr>\n<tr class=\"row-6\">\n\t<td class=\"column-1\">5<\/td><td class=\"column-2\">B<\/td><td class=\"column-3\">B<\/td><td class=\"column-4\">B<\/td><td class=\"column-5\">B<\/td><td class=\"column-6\">C<\/td>\n<\/tr>\n<tr class=\"row-7\">\n\t<td class=\"column-1\">10<\/td><td class=\"column-2\">C<\/td><td class=\"column-3\">C<\/td><td class=\"column-4\">C<\/td><td class=\"column-5\">C<\/td><td class=\"column-6\">C<\/td>\n<\/tr>\n<tr class=\"row-8\">\n\t<td class=\"column-1\">15<\/td><td class=\"column-2\">C<\/td><td class=\"column-3\">C<\/td><td class=\"column-4\">C<\/td><td class=\"column-5\">C<\/td><td class=\"column-6\">C<\/td>\n<\/tr>\n<\/tbody>\n<\/table>\n<span id=\"tablepress-348-description\" class=\"tablepress-table-description tablepress-table-description-id-348\"><\/span>\n<!-- #tablepress-348 from cache -->                                <\/div>\n    <\/div>\n<\/div>\n<\/section>\n","protected":false},"excerpt":{"rendered":"","protected":false},"author":21,"featured_media":0,"parent":37263,"menu_order":0,"comment_status":"closed","ping_status":"closed","template":"","meta":{"_acf_changed":false,"_seopress_robots_primary_cat":"","_seopress_titles_title":"","_seopress_titles_desc":"Ozonetech RENA Vivo - limpieza in situ para instalaciones de alimentaci\u00f3n, bebidas y cerveza, acuicultura, producci\u00f3n l\u00e1ctea y farmac\u00e9utica.","_seopress_robots_index":"","inline_featured_image":false,"footnotes":""},"class_list":["post-37282","page","type-page","status-publish","hentry"],"acf":[],"_links":{"self":[{"href":"https:\/\/ozonetech.com\/es\/wp-json\/wp\/v2\/pages\/37282","targetHints":{"allow":["GET"]}}],"collection":[{"href":"https:\/\/ozonetech.com\/es\/wp-json\/wp\/v2\/pages"}],"about":[{"href":"https:\/\/ozonetech.com\/es\/wp-json\/wp\/v2\/types\/page"}],"author":[{"embeddable":true,"href":"https:\/\/ozonetech.com\/es\/wp-json\/wp\/v2\/users\/21"}],"replies":[{"embeddable":true,"href":"https:\/\/ozonetech.com\/es\/wp-json\/wp\/v2\/comments?post=37282"}],"version-history":[{"count":11,"href":"https:\/\/ozonetech.com\/es\/wp-json\/wp\/v2\/pages\/37282\/revisions"}],"predecessor-version":[{"id":40930,"href":"https:\/\/ozonetech.com\/es\/wp-json\/wp\/v2\/pages\/37282\/revisions\/40930"}],"up":[{"embeddable":true,"href":"https:\/\/ozonetech.com\/es\/wp-json\/wp\/v2\/pages\/37263"}],"wp:attachment":[{"href":"https:\/\/ozonetech.com\/es\/wp-json\/wp\/v2\/media?parent=37282"}],"curies":[{"name":"wp","href":"https:\/\/api.w.org\/{rel}","templated":true}]}}