{"id":37272,"date":"2020-06-22T14:29:27","date_gmt":"2020-06-22T14:29:27","guid":{"rendered":"https:\/\/ozonetech.com\/soluciones-y-sistemas\/tratamiento-de-agua\/rena-vitro\/"},"modified":"2024-10-10T11:25:57","modified_gmt":"2024-10-10T09:25:57","slug":"sistema-poa-rena-vitro","status":"publish","type":"page","link":"https:\/\/ozonetech.com\/es\/soluciones-y-sistemas\/tratamiento-de-agua\/sistema-poa-rena-vitro\/","title":{"rendered":"Sistema POA RENA Vitro"},"content":{"rendered":"\n<section\n    class=\"block hero hero--regular\"\n    style=\"background-image: url('https:\/\/ozonetech.com\/wp-content\/uploads\/2021\/03\/rena-vitro-solutions-ozonetech-2-1600x484.jpg'); --hero-opacity: 0.3\"\n>\n\n    <div class=\"container-fluid\">\n\n        <div class=\"content editor_content\">\n                         \n                <h2 class='h2'>Sistema POA RENA Vitro <\/h2>            \n                    <\/div>\n\n            <\/div>\n<\/section>\n\n\n<section class=\"component component_breadcrumbs\">\n\t<div class=\"container-fluid\">\n  \t<\/div>\n<\/section>\n\n\n<section\n    id=\"\"\n    class=\"block content-block\"\n\tstyle=\"--cb-bg: white; --cb-content: #000; padding-top: 30px; padding-bottom: 30px;\"\n>\n    \n\n<div class=\"container-fluid editor_content content content--narrow\">\n    <div class=\"row\">\n        <div class=\"col-12 editor_content\">\n            <h1>Ozonetech RENA Vitro &#8211; el m\u00e1s eficiente y sostenible sistema para aguas de proceso y residuales<\/h1>\n<p class=\"preamble\">RENA Vitro\u2122 es nuestro proceso patentado de oxidaci\u00f3n catal\u00edtica avanzada (POA), que ofrece una soluci\u00f3n de tratamiento eficaz para:<\/p>\n<ul>\n<li>Tratar aguas residuales y de proceso dif\u00edciles y altamente contaminadas (DQO &lt; 50 000 mg\/l) seg\u00fan las mediciones de TOC, DQO or DBO (contenido org\u00e1nico) y\/o<\/li>\n<li>Descomponer parcial o totalmente los compuestos qu\u00edmicos org\u00e1nicos nocivos refractarios, por ejemplo, los agentes complejantes y el complejo met\u00e1lico, sin la producci\u00f3n adicional de subproductos o lodo da\u00f1inos.<\/li>\n<\/ul>\n<p>En el POA, la oxidaci\u00f3n de materia org\u00e1nica se lleva a cabo principalmente a trav\u00e9s de reacciones con radicales hidroxilo. Un radical hidroxilo es el oxidante m\u00e1s potente disponible (ver tabla inferior).<\/p>\n        <\/div>\n    <\/div>\n<\/div>\n\n\n<div class=\"container-fluid content content--narrow\">\n    <div class=\"row\">\n        <div class=\"col-md-6 order-1 editor_content \">\n            <p>Dado que el poder de oxidaci\u00f3n es mayor, la principal diferencia con respecto a la oxidaci\u00f3n t\u00edpica es una eficacia m\u00e1s alta, una habilidd para descomponer sustancias m\u00e1s dif\u00edciles, y un tiempo de proceso m\u00e1s corto. El proceso POA descompone sustancias duras parcial o totalmente en sustancias inofensivas o menos da\u00f1inas, por ejemplo, \u00e1cido carbox\u00edlico, di\u00f3xido de carbono, nitr\u00f3geno, sal y agua.<\/p>\n        <\/div>\n        <div class=\"col-md-6 order-2 editor_content d-flex justify-content-center\">\n                                            <figure class=\"side-image \">\n                    <img loading=\"lazy\" decoding=\"async\" width=\"300\" height=\"285\" src=\"https:\/\/ozonetech.com\/wp-content\/uploads\/2021\/01\/Ozonetech-rena-vitro-ozone-system-e1614697946457.jpg\" class=\"attachment-full size-full\" alt=\"\" \/>                                    <\/figure>\n                    <\/div>\n    <\/div>\n<\/div>\n\n\n<div class=\"container-fluid editor_content content content--narrow\">\n    <div class=\"row\">\n        <div class=\"col-12 editor_content\">\n            <p>Nuestros radicales hidroxilo se producen al combinar ozono (O<sub>3<\/sub>)y un catalizador patentado. De vez en cuando, el ozono se utiliza en combinaci\u00f3n con ultravioleta (UV) o per\u00f3xido de hidr\u00f3geno (H<sub>2<\/sub>O<sub>2<\/sub>) para crear radicales hidroxilo. Se produce la sinergia, \u00ab1+1=3\u00bb, haciendo que esta combinaci\u00f3n sea m\u00e1s efectiva que us\u00e1ndolos por separado en serie. POA multiplica el poder de oxidaci\u00f3n.<\/p>\n<p>El tama\u00f1o de un <strong>RENA Vitro\u2122<\/strong> empieza por 3 veces un EUR pallet, dependiendo del flujo.<\/p>\n        <\/div>\n    <\/div>\n<\/div>\n\n<div class=\"container-fluid editor_content\">\n    <div class=\"row\">\n        <div class=\"col-12 editor_content table-wrapper \" style=\"--table-text-color-header: #FFFFFF; --table-text-color-rows: #000000; --table-background-color-header: #5f5f5f; --table-background-color-rows-even: #efefef; --table-background-color-rows-odd: #dfdfdf; \">\n                            \n<table id=\"tablepress-38\" class=\"tablepress tablepress-id-38\" aria-describedby=\"tablepress-38-description\">\n<thead>\n<tr class=\"row-1\">\n\t<th class=\"column-1\">Oxidizing Agent<\/th><th class=\"column-2\">EOP (V)<\/th>\n<\/tr>\n<\/thead>\n<tbody class=\"row-striping\">\n<tr class=\"row-2\">\n\t<td class=\"column-1\">Hydroxyl Radical (OH\u2219)<\/td><td class=\"column-2\">2.80<\/td>\n<\/tr>\n<tr class=\"row-3\">\n\t<td class=\"column-1\">Oxygen atom(O)<\/td><td class=\"column-2\">2.42<\/td>\n<\/tr>\n<tr class=\"row-4\">\n\t<td class=\"column-1\">Ozone (O<sub>3<\/sub>)<\/td><td class=\"column-2\">2.07<\/td>\n<\/tr>\n<tr class=\"row-5\">\n\t<td class=\"column-1\">Hydrogen peroxide (H<sub>2<\/sub>O<sub>2<\/sub>)<\/td><td class=\"column-2\">1.78<\/td>\n<\/tr>\n<tr class=\"row-6\">\n\t<td class=\"column-1\">Hypochlorite<\/td><td class=\"column-2\">1.49<\/td>\n<\/tr>\n<tr class=\"row-7\">\n\t<td class=\"column-1\">Chlorine (Cl)<\/td><td class=\"column-2\">1.36<\/td>\n<\/tr>\n<tr class=\"row-8\">\n\t<td class=\"column-1\">Chlorine dioxide (ClO<sub>2<\/sub>)<\/td><td class=\"column-2\">1.27<\/td>\n<\/tr>\n<tr class=\"row-9\">\n\t<td class=\"column-1\">Oxygen (O<sub>2<\/sub>)<\/td><td class=\"column-2\">1.23<\/td>\n<\/tr>\n<\/tbody>\n<\/table>\n<span id=\"tablepress-38-description\" class=\"tablepress-table-description tablepress-table-description-id-38\"><\/span>\n<!-- #tablepress-38 from cache -->                                <\/div>\n    <\/div>\n<\/div>\n\n\n<div class=\"container-fluid editor_content content content--narrow\">\n    <div class=\"row\">\n        <div class=\"col-12 editor_content\">\n            <h3>Beneficios de POA<\/h3>\n<ul>\n<li>Oxidaci\u00f3n muy potente<\/li>\n<li>Oxidaci\u00f3n r\u00e1pida<\/li>\n<li>Reduce la cantidad total de residuos<\/li>\n<li>Toxicidad reducida y mineralizaci\u00f3n de los contaminantes total o partial<\/li>\n<li>No produce nuevos compuestos que requieren de tratamiento posterior como subproductos de cloro<\/li>\n<li>No produce lodo como en los procesos qu\u00edmicos f\u00edsicos<\/li>\n<li>La oxidaci\u00f3n no selectiva permite el tratamiento de varios contaminantes a la vez<\/li>\n<\/ul>\n<p>El dise\u00f1o de un POA debe ser hecho a medida teniendo en cuenta la qu\u00edmica de una aplicaci\u00f3n espec\u00edfica.<\/p>\n        <\/div>\n    <\/div>\n<\/div>\n\n<\/section>\n","protected":false},"excerpt":{"rendered":"","protected":false},"author":21,"featured_media":0,"parent":37263,"menu_order":0,"comment_status":"closed","ping_status":"closed","template":"","meta":{"_acf_changed":false,"_seopress_robots_primary_cat":"","_seopress_titles_title":"","_seopress_titles_desc":"RENA Vitro\u2122 es nuestra soluci\u00f3n POA catal\u00edtica patentada que trata aguas residuales muy contaminadas y elimina productos qu\u00edmicos nocivos.","_seopress_robots_index":"","inline_featured_image":false,"footnotes":""},"class_list":["post-37272","page","type-page","status-publish","hentry"],"acf":[],"_links":{"self":[{"href":"https:\/\/ozonetech.com\/es\/wp-json\/wp\/v2\/pages\/37272","targetHints":{"allow":["GET"]}}],"collection":[{"href":"https:\/\/ozonetech.com\/es\/wp-json\/wp\/v2\/pages"}],"about":[{"href":"https:\/\/ozonetech.com\/es\/wp-json\/wp\/v2\/types\/page"}],"author":[{"embeddable":true,"href":"https:\/\/ozonetech.com\/es\/wp-json\/wp\/v2\/users\/21"}],"replies":[{"embeddable":true,"href":"https:\/\/ozonetech.com\/es\/wp-json\/wp\/v2\/comments?post=37272"}],"version-history":[{"count":7,"href":"https:\/\/ozonetech.com\/es\/wp-json\/wp\/v2\/pages\/37272\/revisions"}],"predecessor-version":[{"id":40915,"href":"https:\/\/ozonetech.com\/es\/wp-json\/wp\/v2\/pages\/37272\/revisions\/40915"}],"up":[{"embeddable":true,"href":"https:\/\/ozonetech.com\/es\/wp-json\/wp\/v2\/pages\/37263"}],"wp:attachment":[{"href":"https:\/\/ozonetech.com\/es\/wp-json\/wp\/v2\/media?parent=37272"}],"curies":[{"name":"wp","href":"https:\/\/api.w.org\/{rel}","templated":true}]}}