{"id":37269,"date":"2020-06-22T14:08:04","date_gmt":"2020-06-22T14:08:04","guid":{"rendered":"https:\/\/ozonetech.com\/soluciones-y-sistemas\/tratamiento-de-agua\/rena-tellus\/"},"modified":"2024-10-10T11:22:00","modified_gmt":"2024-10-10T09:22:00","slug":"rena-tellus","status":"publish","type":"page","link":"https:\/\/ozonetech.com\/es\/soluciones-y-sistemas\/tratamiento-de-agua\/rena-tellus\/","title":{"rendered":"Sistemas RENA Tellus"},"content":{"rendered":"\n<section\n    class=\"block hero hero--regular\"\n    style=\"background-image: url('https:\/\/ozonetech.com\/wp-content\/uploads\/2021\/03\/rena-tellus-1600x484.jpg'); --hero-opacity: 0.3\"\n>\n\n    <div class=\"container-fluid\">\n\n        <div class=\"content editor_content\">\n                         \n                <h2 class='h2'>RENA Tellus \u2013 Sistemas de ozono a medida<\/h2>            \n                    <\/div>\n\n            <\/div>\n<\/section>\n\n\n<section class=\"component component_breadcrumbs\">\n\t<div class=\"container-fluid\">\n  \t<\/div>\n<\/section>\n\n\n\n\n\n\n\n\n<section\n    id=\"\"\n    class=\"block content-block\"\n\tstyle=\"--cb-bg: white; --cb-content: #000; padding-top: 30px; padding-bottom: 30px;\"\n>\n    \n\n<div class=\"container-fluid editor_content content content--narrow\">\n    <div class=\"row\">\n        <div class=\"col-12 editor_content\">\n            <h1 style=\"text-align: left;\">RENA Tellus, el sistema llavero y a medida para el tratamiento con ozono de gran capacidad<\/h1>\n<h3>Introducci\u00f3n al RENA Tellus<\/h3>\n<p class=\"preamble\">Ozonetech presenta el segmento RENA Tellus- una serie de sistemas de tratamiento de ozono hechos a medida para instalaciones a gran escala. Adem\u00e1s de nuestros sistemas de ozono y sistemas ozono-AOP pertenecientes a los segmentos RENA Vivo y Vitro, Ozonetech ha llevado a cabo el dise\u00f1o a medida de sistemas de tratamiento de ozono a gran escala.<\/p>\n<p>El segmento Tellus est\u00e1 adaptado a las necesidades y los requisitos espec\u00edficos de nuestros clientes. Los sistemas RENA Tellus t\u00edpicamente se dise\u00f1an en base a nuestros proyectos piloto de aguas residuales industriales y nuestros servicios de consulta para encontrar las necesidades de tratamiento \u00fanicas de las corrientes de aguas industriales de nuestros clientes. Observe la imagen inferior.<\/p>\n<p>Vea la imagen de m\u00e1s abajo:<\/p>\n<p><img loading=\"lazy\" decoding=\"async\" class=\"aligncenter wp-image-22706 size-large\" src=\"https:\/\/ozonetech.com\/wp-content\/uploads\/2021\/03\/rena-tellus-ozonetech-1024x621.jpg\" alt=\"Ozonetech RENA Tellus Ozone System\" width=\"1024\" height=\"621\" srcset=\"https:\/\/ozonetech.com\/wp-content\/uploads\/2021\/03\/rena-tellus-ozonetech-1024x621.jpg 1024w, https:\/\/ozonetech.com\/wp-content\/uploads\/2021\/03\/rena-tellus-ozonetech-300x182.jpg 300w, https:\/\/ozonetech.com\/wp-content\/uploads\/2021\/03\/rena-tellus-ozonetech-768x465.jpg 768w, https:\/\/ozonetech.com\/wp-content\/uploads\/2021\/03\/rena-tellus-ozonetech.jpg 1500w\" sizes=\"auto, (max-width: 1024px) 100vw, 1024px\" \/><\/p>\n<p>La capacidad del segmento RENA Tellus cubre un amplio rango de necesidades de tratamiento, t\u00edpicamente 1-500 m<sup>3<\/sup>\/dia con concentraciones de DQO y DBO de 1000 hasta 2000 mg\/L en las aguas industriales. Tambi\u00e9n dise\u00f1amos nuestras entregas para obtener la eliminaci\u00f3n o reducci\u00f3n de otros par\u00e1metros cr\u00edticos como la turbidez, TOC y otras sustancias espec\u00edficas y microcontaminantes.<\/p>\n<p>Nuestos dise\u00f1os personalizados siempre incluyen productos clave para lograr un tratamiento con la mayor eficacia posible. Esto incluye un sistema de suministro de ox\u00edgeno de alta concentraci\u00f3n, generadores de ozono de alto rendimiento compactos y refrigerados por agua, mecanismos de inyecci\u00f3n de ozono y controles de \u00faltima generaci\u00f3n para un completo control del estado y del rendimiento. Tambi\u00e9n suministramos tanques de reacci\u00f3n y de contacto hechos a medida para permitir una cin\u00e9tica de reacci\u00f3n adecuada en base a las caracter\u00edsticas de las corrientes de aguas residuales tratadas. Cualquier sistema puede ser dise\u00f1ado para la medici\u00f3n en l\u00ednea de ozono disuelto, pH, temperatura y potencial de oxidaci\u00f3n.<\/p>\n        <\/div>\n    <\/div>\n<\/div>\n\n\n<div class=\"container-fluid editor_content content content--narrow\">\n    <div class=\"row\">\n        <div class=\"col-md-6\">\n            <h4>RENA Tellus X<\/h4>\n<p>La serie X del segmento Tellus caracteriza nuestros sistemas basados en el ozono como medio primario de tratamiento. Esto significa que el ozono es la principal tecnolog\u00eda en torno a la cual se dise\u00f1an los sistemas y proporciona la mayor parte o la totalidad de la reducci\u00f3n de los valores vitales de tratamiento medibles. Esto significa que el ozono es la principal tecnolog\u00eda en torno a la cual se dise\u00f1an los sistemas y proporciona la mayor parte o la totalidad de la reducci\u00f3n de los valores fundamentales de los tratamiento medibles.<\/p>\n        <\/div>\n        <div class=\"col-md-6\">\n            <h4>RENA Tellus Y<\/h4>\n<p>La serie Y est\u00e1 construida teniendo en cuenta nuestro exclusivo proceso de oxidaci\u00f3n avanzada (POA) catal\u00edtica. El ozono sigue siendo la base de este m\u00e9todo de tratamiento altamente efectivo pero dise\u00f1ado a gran escala industrial. RENA Tellus Y es nuestro sistema de dise\u00f1o personalizado basado en nuestro segmento RENA Vitro.<\/p>\n        <\/div>\n    <\/div>\n<\/div><\/section>\n\n\n\n\n\n\n<section\n    id=\"\"\n    class=\"block content-block\"\n\tstyle=\"--cb-bg: white; --cb-content: #000; padding-top: 30px; padding-bottom: 30px;\"\n>\n    \n\n<div class=\"container-fluid editor_content content content--narrow\">\n    <div class=\"row\">\n        <div class=\"col-12 editor_content\">\n            <h3>Resumen de caracter\u00edsticas y servicios<\/h3>\n<p>La tabla inferior diferencia y resalta las principales caracter\u00edsticas de nuestro segmento Tellus.<\/p>\n<p style=\"text-align: left;\"><em>Caracter\u00edsticas clave de las series X e Y de RENA Tellus.<\/em><\/p>\n        <\/div>\n    <\/div>\n<\/div>\n\n<div class=\"container-fluid editor_content\">\n    <div class=\"row\">\n        <div class=\"col-12 editor_content table-wrapper \" style=\"--table-text-color-header: #FFFFFF; --table-text-color-rows: #000000; --table-background-color-header: #5f5f5f; --table-background-color-rows-even: #efefef; --table-background-color-rows-odd: #dfdfdf; \">\n                            \n<table id=\"tablepress-347\" class=\"tablepress tablepress-id-347\" aria-describedby=\"tablepress-347-description\">\n<thead>\n<tr class=\"row-1\">\n\t<th class=\"column-1\">Caracter\u00edstica<\/th><th class=\"column-2\">Serie X<\/th><th class=\"column-3\">Serie Y<\/th>\n<\/tr>\n<\/thead>\n<tbody class=\"row-striping\">\n<tr class=\"row-2\">\n\t<td class=\"column-1\">Tecnolog\u00eda primaria de tratamiento<\/td><td class=\"column-2\">Ozono<\/td><td class=\"column-3\">Ozono-AOP (Proceso de Oxidaci\u00f3n Avanzado)<\/td>\n<\/tr>\n<tr class=\"row-3\">\n\t<td class=\"column-1\">Concentraci\u00f3n de contaminantes (DQO)<\/td><td class=\"column-2\">4000 mg\/L<\/td><td class=\"column-3\">8000 mg\/L<\/td>\n<\/tr>\n<tr class=\"row-4\">\n\t<td class=\"column-1\">Tanque de reacci\u00f3n y de amortiguaci\u00f3n<\/td><td class=\"column-2\">3-40 m<sup>3<\/sup><\/td><td class=\"column-3\">3-20 m<sup>3<\/sup><\/td>\n<\/tr>\n<tr class=\"row-5\">\n\t<td class=\"column-1\">Tratamiento catal\u00edtico<\/td><td class=\"column-2\">No<\/td><td class=\"column-3\">S\u00ed<\/td>\n<\/tr>\n<tr class=\"row-6\">\n\t<td class=\"column-1\">Sistema de suministro de ox\u00edgeno<\/td><td class=\"column-2\">Siempre<\/td><td class=\"column-3\">Siempre<\/td>\n<\/tr>\n<tr class=\"row-7\">\n\t<td class=\"column-1\">Control de procesos con Human-Machine-Interface<\/td><td class=\"column-2\">Siempre<\/td><td class=\"column-3\">Siempre<\/td>\n<\/tr>\n<tr class=\"row-8\">\n\t<td class=\"column-1\">M\u00e9todos de pre y post tratamiento (si se requiere)<\/td><td class=\"column-2\">ajuste del pH, precipitation<\/td><td class=\"column-3\">UV, filtro de carbono, ajuste del pH, reacci\u00f3n catal\u00edtica, precipitaci\u00f3n<\/td>\n<\/tr>\n<tr class=\"row-9\">\n\t<td class=\"column-1\">Sistema de recolecta de espuma<\/td><td class=\"column-2\">Si es requerido<\/td><td class=\"column-3\">S\u00ed<\/td>\n<\/tr>\n<tr class=\"row-10\">\n\t<td class=\"column-1\">Conexiones a un sistema SCADA (Control de Supervisi\u00f3n y Adquisici\u00f3n de Datos) externo<\/td><td class=\"column-2\">S\u00ed<\/td><td class=\"column-3\">S\u00ed<\/td>\n<\/tr>\n<tr class=\"row-11\">\n\t<td class=\"column-1\">Mecanismo de inyecci\u00f3n de ozono<\/td><td class=\"column-2\">Siempre<\/td><td class=\"column-3\">Siempre<\/td>\n<\/tr>\n<tr class=\"row-12\">\n\t<td class=\"column-1\">Sistema de refrigeraci\u00f3n integrado<\/td><td class=\"column-2\">S\u00ed<\/td><td class=\"column-3\">S\u00ed<\/td>\n<\/tr>\n<tr class=\"row-13\">\n\t<td class=\"column-1\">Compresores de aire integrados<\/td><td class=\"column-2\">Bajo demanda<\/td><td class=\"column-3\">Bajo demanda<\/td>\n<\/tr>\n<tr class=\"row-14\">\n\t<td class=\"column-1\">Unidades de ozono de alto rendimiento<\/td><td class=\"column-2\">Siempre<\/td><td class=\"column-3\">Siempre<\/td>\n<\/tr>\n<\/tbody>\n<\/table>\n<span id=\"tablepress-347-description\" class=\"tablepress-table-description tablepress-table-description-id-347\"><\/span>\n<!-- #tablepress-347 from cache -->                                <\/div>\n    <\/div>\n<\/div>\n<\/section>\n","protected":false},"excerpt":{"rendered":"","protected":false},"author":21,"featured_media":0,"parent":37263,"menu_order":0,"comment_status":"closed","ping_status":"closed","template":"","meta":{"_acf_changed":false,"_seopress_robots_primary_cat":"","_seopress_titles_title":"","_seopress_titles_desc":"El segmento Rena Tellus - sistemas de tratamiento de ozono a medida para instalaciones a gran escala, basados en nuestros proyectos piloto de aguas residuales industriales.","_seopress_robots_index":"","inline_featured_image":false,"footnotes":""},"class_list":["post-37269","page","type-page","status-publish","hentry"],"acf":[],"_links":{"self":[{"href":"https:\/\/ozonetech.com\/es\/wp-json\/wp\/v2\/pages\/37269","targetHints":{"allow":["GET"]}}],"collection":[{"href":"https:\/\/ozonetech.com\/es\/wp-json\/wp\/v2\/pages"}],"about":[{"href":"https:\/\/ozonetech.com\/es\/wp-json\/wp\/v2\/types\/page"}],"author":[{"embeddable":true,"href":"https:\/\/ozonetech.com\/es\/wp-json\/wp\/v2\/users\/21"}],"replies":[{"embeddable":true,"href":"https:\/\/ozonetech.com\/es\/wp-json\/wp\/v2\/comments?post=37269"}],"version-history":[{"count":10,"href":"https:\/\/ozonetech.com\/es\/wp-json\/wp\/v2\/pages\/37269\/revisions"}],"predecessor-version":[{"id":40897,"href":"https:\/\/ozonetech.com\/es\/wp-json\/wp\/v2\/pages\/37269\/revisions\/40897"}],"up":[{"embeddable":true,"href":"https:\/\/ozonetech.com\/es\/wp-json\/wp\/v2\/pages\/37263"}],"wp:attachment":[{"href":"https:\/\/ozonetech.com\/es\/wp-json\/wp\/v2\/media?parent=37269"}],"curies":[{"name":"wp","href":"https:\/\/api.w.org\/{rel}","templated":true}]}}