{"id":37263,"date":"2021-01-08T15:57:13","date_gmt":"2021-01-08T14:57:13","guid":{"rendered":"https:\/\/ozonetech.com\/soluciones-y-sistemas\/water-treatment\/"},"modified":"2024-10-10T11:13:57","modified_gmt":"2024-10-10T09:13:57","slug":"tratamiento-de-agua","status":"publish","type":"page","link":"https:\/\/ozonetech.com\/es\/soluciones-y-sistemas\/tratamiento-de-agua\/","title":{"rendered":"Tratamiento de agua"},"content":{"rendered":"\n<section\n    class=\"block hero hero--regular\"\n    style=\"background-image: url('https:\/\/ozonetech.com\/wp-content\/uploads\/2021\/03\/wastewater-treatment-ozone-2-1600x484.jpg'); --hero-opacity: 0.35\"\n>\n\n    <div class=\"container-fluid\">\n\n        <div class=\"content editor_content\">\n                         \n                <h2 class='h2'>Tratamiento de agua<\/h2>            \n                    <\/div>\n\n            <\/div>\n<\/section>\n\n\n<section class=\"component component_breadcrumbs\">\n\t<div class=\"container-fluid\">\n  \t<\/div>\n<\/section>\n\n\n<section\n    id=\"\"\n    class=\"block content-block\"\n\tstyle=\"--cb-bg: #fff; --cb-content: #000; \"\n>\n    \n\n<div class=\"container-fluid editor_content content content--narrow\">\n    <div class=\"row\">\n        <div class=\"col-12 editor_content\">\n            <h1>Las soluciones y sistemas m\u00e1s eficaces para el tratamiento del agua<\/h1>\n<p class=\"preamble\">Ozonetech es una marca innovadora reconocida a nivel mundial que ofrece una gama completa de soluciones y sistemas de tratamiento de agua de \u00faltima generaci\u00f3n para diversas aplicaciones industriales y de servicios p\u00fablicos.<\/p>\n<p>Hemos acumulado m\u00e1s de 40 a\u00f1os de experiencia y conocimientos t\u00e9cnicos en el dise\u00f1o, la fabricaci\u00f3n y la puesta en marcha de soluciones y sistemas avanzados de ozono y oxidaci\u00f3n, con el fin de desarrollar las aplicaciones de agua m\u00e1s eficientes y sostenibles que no s\u00f3lo resuelven el problema de nuestros clientes, sino que tambi\u00e9n crean un valor empresarial real, adem\u00e1s de reducir el impacto medioambiental de su negocio. Nuestro criterio consiste en resolver siempre el problema aplicando una soluci\u00f3n sostenible, independientemente del problema, la aplicaci\u00f3n y la industria.<\/p>\n<p>Dise\u00f1amos nuestras soluciones para reducir significativamente y, en la mayor\u00eda de los casos, eliminar por completo todas las formas de microcontaminantes org\u00e1nicos e inorg\u00e1nicos, como toxinas, residuos farmac\u00e9uticos, virus y bacterias infecciosas transmitidas por el agua, contaminaci\u00f3n por hongos y sabores del agua. Nuestras aplicaciones var\u00edan desde sistemas CIP altamente eficientes para cervecer\u00edas hasta soluciones llave en mano para el tratamiento de aguas de proceso en la producci\u00f3n l\u00e1ctea y la industria farmac\u00e9utica, por mencionar algunas, y sistemas para el tratamiento de los niveles de <a href=\"https:\/\/ozonetech.com\/es\/aplicaciones\/tratamiento-de-agua\/tratamiento-de-dbo-y-dqo-con-ozono\/\"><strong>DBO y DQO<\/strong><\/a> en plantas de tratamiento de aguas residuales.<\/p>\n<p>Nuestras soluciones y sistemas \u00abconecta y reproduce\u00bb se basan en la oxidaci\u00f3n con ozono y el <a href=\"https:\/\/ozonetech.com\/es\/soluciones-y-sistemas\/tratamiento-de-agua\/sistema-poa-rena-vitro\/\"><strong>proceso de oxidaci\u00f3n avanzada (POA)<\/strong><\/a>, que eliminan por completo la necesidad de utilizar productos qu\u00edmicos peligrosos para el medio ambiente y reducen no s\u00f3lo los costes de funcionamiento y mantenimiento, sino tambi\u00e9n el impacto medioambiental negativo.<\/p>\n<p>M\u00e1s informaci\u00f3n sobre nuestros sistemas y soluciones llave en mano y sobre c\u00f3mo podemos ayudarle a tratar el agua de proceso:<\/p>\n        <\/div>\n    <\/div>\n<\/div>\n\n<\/section>\n\n\n\n<section class=\"block landing-page-grid\" style=\"--grid-bg: #fff; --grid-link: #5f5f5f; --grid-content: #000;\">\n\n    <div class=\"container-fluid grid\">\n\n                \n                    <div class=\"grid__list\">\n                                    <a class=\"item\" href=\"https:\/\/ozonetech.com\/es\/soluciones-y-sistemas\/tratamiento-de-agua\/proyectos-a-medida-para-el-tratamiento-de-aguas-residuales\/\" target=\"\">\n                        <span class=\"item__overlay\"><\/span>\n                        <span\n                            class=\"item__background-image\"\n                            style=\"background-image: url('https:\/\/ozonetech.com\/wp-content\/uploads\/2021\/03\/water-treatment-pilot-projects-1.jpg');\"\n                        ><\/span>\n                        \n                        <span class=\"item__content\">\n                            <figure class=\"item__content--icon\">\n                                                            <\/figure>\n\n                            <span class=\"item__content--link\">\n                                <span>Proyectos piloto a medida<\/span><svg version=\"1.1\" id=\"Layer_1\" xmlns=\"http:\/\/www.w3.org\/2000\/svg\" x=\"0\" y=\"0\" viewBox=\"0 0 25 21.76\" xml:space=\"preserve\"><path fill=\"#FF691C\" d=\"M12.17 1.45l1.11-1.1c.46-.47 1.22-.47 1.68 0l9.69 9.68c.47.46.47 1.22 0 1.68l-9.69 9.69c-.46.47-1.22.47-1.68 0l-1.11-1.11c-.47-.47-.46-1.23.01-1.7l.01-.01 6-5.72h-17c-.66 0-1.2-.53-1.2-1.19v-1.6c0-.66.53-1.2 1.19-1.2h17.01l-6-5.72c-.48-.45-.5-1.2-.05-1.68.01 0 .02-.01.03-.02z\"\/><\/svg>                            <\/span>\n                        <\/span>\n                    <\/a>\n                                    <a class=\"item\" href=\"https:\/\/ozonetech.com\/es\/soluciones-y-sistemas\/tratamiento-de-agua\/rena-tellus\/\" target=\"\">\n                        <span class=\"item__overlay\"><\/span>\n                        <span\n                            class=\"item__background-image\"\n                            style=\"background-image: url('https:\/\/ozonetech.com\/wp-content\/uploads\/2021\/03\/rena-tellus-2.jpg');\"\n                        ><\/span>\n                        \n                        <span class=\"item__content\">\n                            <figure class=\"item__content--icon\">\n                                                            <\/figure>\n\n                            <span class=\"item__content--link\">\n                                <span>Sistemas RENA Tellus<\/span><svg version=\"1.1\" id=\"Layer_1\" xmlns=\"http:\/\/www.w3.org\/2000\/svg\" x=\"0\" y=\"0\" viewBox=\"0 0 25 21.76\" xml:space=\"preserve\"><path fill=\"#FF691C\" d=\"M12.17 1.45l1.11-1.1c.46-.47 1.22-.47 1.68 0l9.69 9.68c.47.46.47 1.22 0 1.68l-9.69 9.69c-.46.47-1.22.47-1.68 0l-1.11-1.11c-.47-.47-.46-1.23.01-1.7l.01-.01 6-5.72h-17c-.66 0-1.2-.53-1.2-1.19v-1.6c0-.66.53-1.2 1.19-1.2h17.01l-6-5.72c-.48-.45-.5-1.2-.05-1.68.01 0 .02-.01.03-.02z\"\/><\/svg>                            <\/span>\n                        <\/span>\n                    <\/a>\n                                    <a class=\"item\" href=\"https:\/\/ozonetech.com\/es\/soluciones-y-sistemas\/tratamiento-de-agua\/sistema-poa-rena-vitro\/\" target=\"\">\n                        <span class=\"item__overlay\"><\/span>\n                        <span\n                            class=\"item__background-image\"\n                            style=\"background-image: url('https:\/\/ozonetech.com\/wp-content\/uploads\/2021\/03\/rena-vitro-solutions-ozonetech-3.jpg');\"\n                        ><\/span>\n                        \n                        <span class=\"item__content\">\n                            <figure class=\"item__content--icon\">\n                                                            <\/figure>\n\n                            <span class=\"item__content--link\">\n                                <span>Sistemas RENA Vitro &#8211; PAO<\/span><svg version=\"1.1\" id=\"Layer_1\" xmlns=\"http:\/\/www.w3.org\/2000\/svg\" x=\"0\" y=\"0\" viewBox=\"0 0 25 21.76\" xml:space=\"preserve\"><path fill=\"#FF691C\" d=\"M12.17 1.45l1.11-1.1c.46-.47 1.22-.47 1.68 0l9.69 9.68c.47.46.47 1.22 0 1.68l-9.69 9.69c-.46.47-1.22.47-1.68 0l-1.11-1.11c-.47-.47-.46-1.23.01-1.7l.01-.01 6-5.72h-17c-.66 0-1.2-.53-1.2-1.19v-1.6c0-.66.53-1.2 1.19-1.2h17.01l-6-5.72c-.48-.45-.5-1.2-.05-1.68.01 0 .02-.01.03-.02z\"\/><\/svg>                            <\/span>\n                        <\/span>\n                    <\/a>\n                                    <a class=\"item\" href=\"https:\/\/ozonetech.com\/es\/soluciones-y-sistemas\/tratamiento-de-agua\/rena-vivo\/\" target=\"\">\n                        <span class=\"item__overlay\"><\/span>\n                        <span\n                            class=\"item__background-image\"\n                            style=\"background-image: url('https:\/\/ozonetech.com\/wp-content\/uploads\/2021\/03\/rena-vivo-systems.jpg');\"\n                        ><\/span>\n                        \n                        <span class=\"item__content\">\n                            <figure class=\"item__content--icon\">\n                                                            <\/figure>\n\n                            <span class=\"item__content--link\">\n                                <span>Sistemas de ozono RENA Vivo<\/span><svg version=\"1.1\" id=\"Layer_1\" xmlns=\"http:\/\/www.w3.org\/2000\/svg\" x=\"0\" y=\"0\" viewBox=\"0 0 25 21.76\" xml:space=\"preserve\"><path fill=\"#FF691C\" d=\"M12.17 1.45l1.11-1.1c.46-.47 1.22-.47 1.68 0l9.69 9.68c.47.46.47 1.22 0 1.68l-9.69 9.69c-.46.47-1.22.47-1.68 0l-1.11-1.11c-.47-.47-.46-1.23.01-1.7l.01-.01 6-5.72h-17c-.66 0-1.2-.53-1.2-1.19v-1.6c0-.66.53-1.2 1.19-1.2h17.01l-6-5.72c-.48-.45-.5-1.2-.05-1.68.01 0 .02-.01.03-.02z\"\/><\/svg>                            <\/span>\n                        <\/span>\n                    <\/a>\n                            <\/div>\n            <\/div>\n\n<\/section>","protected":false},"excerpt":{"rendered":"","protected":false},"author":42,"featured_media":0,"parent":37189,"menu_order":0,"comment_status":"closed","ping_status":"closed","template":"","meta":{"_acf_changed":false,"_seopress_robots_primary_cat":"","_seopress_titles_title":"","_seopress_titles_desc":"Nuestras soluciones y sistemas para el tratamiento del agua se basan en tecnolog\u00edas de ozono y POA y reducen los costes operativos","_seopress_robots_index":"","inline_featured_image":false,"footnotes":""},"class_list":["post-37263","page","type-page","status-publish","hentry"],"acf":[],"_links":{"self":[{"href":"https:\/\/ozonetech.com\/es\/wp-json\/wp\/v2\/pages\/37263","targetHints":{"allow":["GET"]}}],"collection":[{"href":"https:\/\/ozonetech.com\/es\/wp-json\/wp\/v2\/pages"}],"about":[{"href":"https:\/\/ozonetech.com\/es\/wp-json\/wp\/v2\/types\/page"}],"author":[{"embeddable":true,"href":"https:\/\/ozonetech.com\/es\/wp-json\/wp\/v2\/users\/42"}],"replies":[{"embeddable":true,"href":"https:\/\/ozonetech.com\/es\/wp-json\/wp\/v2\/comments?post=37263"}],"version-history":[{"count":8,"href":"https:\/\/ozonetech.com\/es\/wp-json\/wp\/v2\/pages\/37263\/revisions"}],"predecessor-version":[{"id":40866,"href":"https:\/\/ozonetech.com\/es\/wp-json\/wp\/v2\/pages\/37263\/revisions\/40866"}],"up":[{"embeddable":true,"href":"https:\/\/ozonetech.com\/es\/wp-json\/wp\/v2\/pages\/37189"}],"wp:attachment":[{"href":"https:\/\/ozonetech.com\/es\/wp-json\/wp\/v2\/media?parent=37263"}],"curies":[{"name":"wp","href":"https:\/\/api.w.org\/{rel}","templated":true}]}}