{"id":37257,"date":"2020-06-25T09:29:04","date_gmt":"2020-06-25T09:29:04","guid":{"rendered":"https:\/\/ozonetech.com\/soluciones-y-sistemas\/extraccion-en-cocinas-comerciales\/rena-kitchen-solutions\/"},"modified":"2024-11-07T08:34:56","modified_gmt":"2024-11-07T07:34:56","slug":"rena-soluciones-de-cocinas","status":"publish","type":"page","link":"https:\/\/ozonetech.com\/es\/soluciones-y-sistemas\/extraccion-en-cocinas-comerciales\/rena-soluciones-de-cocinas\/","title":{"rendered":"RENA Soluciones de cocinas"},"content":{"rendered":"\n<section\n    class=\"block hero hero--regular\"\n    style=\"background-image: url('https:\/\/ozonetech.com\/wp-content\/uploads\/2021\/03\/rena-kitchen-solutions-1600x484.jpg'); --hero-opacity: 0.3\"\n>\n\n    <div class=\"container-fluid\">\n\n        <div class=\"content editor_content\">\n                         \n                <h2 class='h2'>RENA Soluciones de cocinas<\/h2>            \n                    <\/div>\n\n            <\/div>\n<\/section>\n\n\n<section class=\"component component_breadcrumbs\">\n\t<div class=\"container-fluid\">\n  \t<\/div>\n<\/section>\n\n\n<section\n    id=\"\"\n    class=\"block content-block\"\n\tstyle=\"--cb-bg: white; --cb-content: #000; padding-top: 30px; padding-bottom: 30px;\"\n>\n    \n\n<div class=\"container-fluid editor_content content content--narrow\">\n    <div class=\"row\">\n        <div class=\"col-12 editor_content\">\n            <h1>La forma m\u00e1s eficaz y sostenible de tratar el aire de escape de las cocinas comerciales<\/h1>\n<p class=\"preamble\">El sistema RENA es nuestra soluci\u00f3n m\u00e1s potente. Est\u00e1 desarrollada para <a href=\"https:\/\/ozonetech.com\/es\/aplicaciones\/extraccion-en-cocinas-comerciales\/tratamiento-del-aire-de-escape-en-las-cocinas-comerciales\/\">cocinas comerciales<\/a> y restaurantes con una o varias campanas. Los componentes se montan en una placa de acero inoxidable colocada junto a la cocina o m\u00e1s lejos, en otra sala.<\/p>\n<h3 style=\"text-align: center;\"><\/h3>\n<p style=\"text-align: center;\"><img loading=\"lazy\" decoding=\"async\" class=\"aligncenter wp-image-23033 size-large\" src=\"https:\/\/ozonetech.com\/wp-content\/uploads\/2021\/03\/RENA-detail-1024x575.jpg\" alt=\"Illustration showing components of an Ozonetech RENA Kitchen Solutions Ozone System\" width=\"1024\" height=\"575\" srcset=\"https:\/\/ozonetech.com\/wp-content\/uploads\/2021\/03\/RENA-detail-1024x575.jpg 1024w, https:\/\/ozonetech.com\/wp-content\/uploads\/2021\/03\/RENA-detail-300x168.jpg 300w, https:\/\/ozonetech.com\/wp-content\/uploads\/2021\/03\/RENA-detail-768x431.jpg 768w, https:\/\/ozonetech.com\/wp-content\/uploads\/2021\/03\/RENA-detail-726x408.jpg 726w, https:\/\/ozonetech.com\/wp-content\/uploads\/2021\/03\/RENA-detail-771x433.jpg 771w, https:\/\/ozonetech.com\/wp-content\/uploads\/2021\/03\/RENA-detail.jpg 1500w\" sizes=\"auto, (max-width: 1024px) 100vw, 1024px\" \/><\/p>\n<p>El nivel de seguridad es alto. La producci\u00f3n de ozono se detiene si ocurre algo fuera de lo normal. El sistema se supervisa a distancia y recibimos las alarmas directamente en nuestro Centro de Servicio, que puede reparar y reiniciar el sistema.<\/p>\n<p>El tratamiento con ozono aporta muchas ventajas. Cuando se reducen los dep\u00f3sitos de grasa en el conducto de la cocina, aumenta la seguridad contra incendios. Al aumentar la seguridad contra incendios, se pueden utilizar en los conductos materiales menos costosos que el acero inoxidable. El olor disminuye considerablemente en el aire expulsado al ambiente. Al reducirse la grasa en el aire de escape, se puede recuperar la energ\u00eda del aire. El coste de la calefacci\u00f3n de los locales se reduce hasta en un 80% cuando se recupera la energ\u00eda.<\/p>\n<p>RENA Soluciones de cocinas tiene un coste de funcionamiento muy bajo y los requisitos de mantenimiento son m\u00ednimos. La materia prima (aire ambiente) es gratuita. No hay que comprar, transportar ni gestionar nada. Se evitan las piezas m\u00f3viles, la limpieza mec\u00e1nica, los rellenos, los desechos y los residuos.<\/p>\n<p>La purificaci\u00f3n con ozono es un m\u00e9todo eficaz y fiable para tratar los conductos de <a href=\"https:\/\/ozonetech.com\/es\/aplicaciones\/extraccion-en-cocinas-comerciales\/tratamiento-del-aire-de-escape-en-las-cocinas-comerciales\/\"><strong>extracci\u00f3n de cocinas comerciales<\/strong><\/a> y restaurantes. As\u00ed lo han descubierto miles de propietarios, municipios, cocinas comerciales y restaurantes de todo el mundo.<\/p>\n        <\/div>\n    <\/div>\n<\/div>\n\n\n\n<div class=\"container-fluid editor_content content content--narrow\">\n    <div class=\"row\">\n        <div class=\"col-12 editor_content\">\n            <h3>Especificaciones t\u00e9cnicas<\/h3>\n<p>Nuestras soluciones RENA se alimentan con ox\u00edgeno puro y seco y se refrigeran con l\u00edquido. Es una tecnolog\u00eda muy eficaz y fiable para producir ozono. D\u00eda tras d\u00eda, a\u00f1o tras a\u00f1o, la capacidad de purificaci\u00f3n es constante. La producci\u00f3n de ozono es ajustable de forma continua y f\u00e1cil de cambiar si es necesario.<\/p>\n<p>Un solo sistema RENA es capaz de producir suficiente ozono para m\u00faltiples campanas, grandes flujos de aire y altas cargas de grasa.<\/p>\n<p>RENA est\u00e1 disponible en siete modelos para diferentes flujos de aire. Los componentes del sistema de ozono est\u00e1n montados en una placa de acero inoxidable que simplifica la instalaci\u00f3n.<\/p>\n        <\/div>\n    <\/div>\n<\/div>\n\n<div class=\"container-fluid editor_content\">\n    <div class=\"row\">\n        <div class=\"col-12 editor_content table-wrapper \" style=\"--table-text-color-header: #FFFFFF; --table-text-color-rows: #000000; --table-background-color-header: #5f5f5f; --table-background-color-rows-even: #efefef; --table-background-color-rows-odd: #dfdfdf; \">\n                            \n<table id=\"tablepress-41\" class=\"tablepress tablepress-id-41 tbody-has-connected-cells\" aria-describedby=\"tablepress-41-description\">\n<thead>\n<tr class=\"row-1\">\n\t<th colspan=\"2\" class=\"column-1\"><strong>Ozone production<\/strong><\/th>\n<\/tr>\n<\/thead>\n<tbody class=\"row-striping\">\n<tr class=\"row-2\">\n\t<td class=\"column-1\">Distribution<\/td><td class=\"column-2\">The amount of ozone can be distributed individually for each hood<\/td>\n<\/tr>\n<tr class=\"row-3\">\n\t<td colspan=\"2\" class=\"column-1\"><strong>Cooling technology<\/strong><\/td>\n<\/tr>\n<tr class=\"row-4\">\n\t<td class=\"column-1\">Liquid-cooled<\/td><td class=\"column-2\">Tap water\/closed-loop cooling system<\/td>\n<\/tr>\n<tr class=\"row-5\">\n\t<td colspan=\"2\" class=\"column-1\"><strong>Ozone system<\/strong><\/td>\n<\/tr>\n<tr class=\"row-6\">\n\t<td class=\"column-1\">Size horizontal (W x H x D)<\/td><td class=\"column-2\">970 x 750 x 265 mm<\/td>\n<\/tr>\n<tr class=\"row-7\">\n\t<td class=\"column-1\">Size vertical (W x H x D)<\/td><td class=\"column-2\">695 x 1100 x 265 mm<\/td>\n<\/tr>\n<tr class=\"row-8\">\n\t<td class=\"column-1\">Noise level<\/td><td class=\"column-2\"><50 dBA<\/td>\n<\/tr>\n<\/tbody>\n<\/table>\n<span id=\"tablepress-41-description\" class=\"tablepress-table-description tablepress-table-description-id-41\"><\/span>\n<!-- #tablepress-41 from cache -->                                <\/div>\n    <\/div>\n<\/div>\n\n\n<div class=\"container-fluid editor_content content content--narrow\">\n    <div class=\"row\">\n        <div class=\"col-12 editor_content\">\n            <p>Lea nuestro <a href=\"https:\/\/ozonetech.com\/wp-content\/uploads\/2020\/12\/Brochure-RENA-Kitchen-Solutions-overview-v1.2-EN-web.pdf\"><strong>folleto<\/strong><\/a> para obtener m\u00e1s informaci\u00f3n y encontrar el modelo adecuado para su establecimiento.<\/p>\n        <\/div>\n    <\/div>\n<\/div>\n\n\n\n<div class=\"container-fluid editor_content content content--narrower\">\n    <div class=\"row\">\n        <div class=\"col-12 editor_content\">\n            <p>&nbsp;<\/p>\n<h2>Solicitar presupuesto<\/h2>\n        <\/div>\n    <\/div>\n<\/div>\n\n\n\n<div class=\"container-fluid editor_content content content--narrow\">\n    <div class=\"row\">\n        <div class=\"col-12 editor_content\">\n            <p><!-- SharpSpring Form for RENA Kitchen Solutions Quotation EN  --><br \/>\n<script type=\"text\/javascript\">\n    var ss_form = {'account': 'MzawMDE3MzI2BwA', 'formID': 'M7dIMUyyNDDVNTQzNNc1sUyz0LU0TkvRNTK1SE5MTkwzN0xNBgA'};\n    ss_form.width = '100%';\n    ss_form.domain = 'app-3QNJA1Z2XY.marketingautomation.services';\n    ss_form.hidden = {'field_400000003544067': 'Ozonetech.com'};\n    \/\/ ss_form.target_id = 'target'; \/\/ Optional parameter: forms will be placed inside the element with the specified id\n    \/\/ ss_form.polling = true; \/\/ Optional parameter: set to true ONLY if your page loads dynamically and the id needs to be polled continually.\n<\/script><br \/>\n<script type=\"text\/javascript\" src=\"https:\/\/koi-3QNJA1Z2XY.marketingautomation.services\/client\/form.js?ver=2.0.1\"><\/script><\/p>\n        <\/div>\n    <\/div>\n<\/div>\n\n<\/section>\n","protected":false},"excerpt":{"rendered":"","protected":false},"author":21,"featured_media":0,"parent":37238,"menu_order":0,"comment_status":"closed","ping_status":"closed","template":"","meta":{"_acf_changed":false,"_seopress_robots_primary_cat":"","_seopress_titles_title":"","_seopress_titles_desc":"RENA es nuestra soluci\u00f3n de sistema m\u00e1s potente. Est\u00e1 desarrollada para cocinas comerciales y restaurantes con una o varias campanas.","_seopress_robots_index":"","inline_featured_image":false,"footnotes":""},"class_list":["post-37257","page","type-page","status-publish","hentry"],"acf":[],"_links":{"self":[{"href":"https:\/\/ozonetech.com\/es\/wp-json\/wp\/v2\/pages\/37257","targetHints":{"allow":["GET"]}}],"collection":[{"href":"https:\/\/ozonetech.com\/es\/wp-json\/wp\/v2\/pages"}],"about":[{"href":"https:\/\/ozonetech.com\/es\/wp-json\/wp\/v2\/types\/page"}],"author":[{"embeddable":true,"href":"https:\/\/ozonetech.com\/es\/wp-json\/wp\/v2\/users\/21"}],"replies":[{"embeddable":true,"href":"https:\/\/ozonetech.com\/es\/wp-json\/wp\/v2\/comments?post=37257"}],"version-history":[{"count":15,"href":"https:\/\/ozonetech.com\/es\/wp-json\/wp\/v2\/pages\/37257\/revisions"}],"predecessor-version":[{"id":42034,"href":"https:\/\/ozonetech.com\/es\/wp-json\/wp\/v2\/pages\/37257\/revisions\/42034"}],"up":[{"embeddable":true,"href":"https:\/\/ozonetech.com\/es\/wp-json\/wp\/v2\/pages\/37238"}],"wp:attachment":[{"href":"https:\/\/ozonetech.com\/es\/wp-json\/wp\/v2\/media?parent=37257"}],"curies":[{"name":"wp","href":"https:\/\/api.w.org\/{rel}","templated":true}]}}