{"id":37238,"date":"2021-01-08T15:59:01","date_gmt":"2021-01-08T14:59:01","guid":{"rendered":"https:\/\/ozonetech.com\/soluciones-y-sistemas\/kitchen-exhaust\/"},"modified":"2024-10-10T11:32:06","modified_gmt":"2024-10-10T09:32:06","slug":"extraccion-en-cocinas-comerciales","status":"publish","type":"page","link":"https:\/\/ozonetech.com\/es\/soluciones-y-sistemas\/extraccion-en-cocinas-comerciales\/","title":{"rendered":"Extracci\u00f3n en cocinas comerciales"},"content":{"rendered":"\n<section\n    class=\"block hero hero--regular\"\n    style=\"background-image: url('https:\/\/ozonetech.com\/wp-content\/uploads\/2021\/03\/kitchen-exhaust-2-1600x484.jpg'); --hero-opacity: 0.3\"\n>\n\n    <div class=\"container-fluid\">\n\n        <div class=\"content editor_content\">\n                         \n                <h2 class='h2'>Extracci\u00f3n en cocinas comerciales<\/h2>            \n                    <\/div>\n\n            <\/div>\n<\/section>\n\n\n<section class=\"component component_breadcrumbs\">\n\t<div class=\"container-fluid\">\n  \t<\/div>\n<\/section>\n\n\n<section\n    id=\"\"\n    class=\"block content-block\"\n\tstyle=\"--cb-bg: #fff; --cb-content: #000; \"\n>\n    \n\n<div class=\"container-fluid editor_content content content--narrow\">\n    <div class=\"row\">\n        <div class=\"col-12 editor_content\">\n            <h1>Las soluciones y sistemas m\u00e1s eficaces para el tratamiento del aire de escape de las cocinas<\/h1>\n<p class=\"preamble\">Los restaurantes y las cocinas comerciales que est\u00e1n equipados con freidoras, planchas, asadores o woks liberan muchos compuestos grasos junto con el aire de escape. El aire de escape graso aumenta considerablemente el riesgo de incendio, obstruye el intercambiador de calor y provoca diversos problemas de olores en los alrededores de la cocina comercial.<\/p>\n<p>Estos problemas requieren sistemas de tratamiento de aire altamente eficientes y fiables.<\/p>\n<p><a href=\"https:\/\/ozonetech.com\/es\/soluciones-y-sistemas\/extraccion-en-cocinas-comerciales\/rena-soluciones-de-cocinas\/\"><strong>RENA Soluciones de cocinas de Ozonetech<\/strong> <\/a>es un sistema de ozono de alto rendimiento para el tratamiento del aire de escape de la cocina, y la soluci\u00f3n adecuada para esta tarea. El sistema mejorar\u00e1 significativamente la seguridad contra incendios, evitar\u00e1 la propagaci\u00f3n de malos olores, optimizar\u00e1 la recuperaci\u00f3n de calor, reducir\u00e1 los costes operativos y reducir\u00e1 el impacto medioambiental de la operaci\u00f3n.<\/p>\n<div id=\"attachment_27958\" style=\"width: 1034px\" class=\"wp-caption aligncenter\"><img loading=\"lazy\" decoding=\"async\" aria-describedby=\"caption-attachment-27958\" class=\"wp-image-27958 size-large\" src=\"https:\/\/ozonetech.com\/wp-content\/uploads\/2021\/03\/rena-kitchen-solutions-2-1024x886.jpg\" alt=\"\" width=\"1024\" height=\"886\" srcset=\"https:\/\/ozonetech.com\/wp-content\/uploads\/2021\/03\/rena-kitchen-solutions-2-1024x886.jpg 1024w, https:\/\/ozonetech.com\/wp-content\/uploads\/2021\/03\/rena-kitchen-solutions-2-300x260.jpg 300w, https:\/\/ozonetech.com\/wp-content\/uploads\/2021\/03\/rena-kitchen-solutions-2-768x665.jpg 768w, https:\/\/ozonetech.com\/wp-content\/uploads\/2021\/03\/rena-kitchen-solutions-2.jpg 1500w\" sizes=\"auto, (max-width: 1024px) 100vw, 1024px\" \/><p id=\"caption-attachment-27958\" class=\"wp-caption-text\"><em>RENA Soluciones para cocinas comerciales<\/em><\/p><\/div>\n<p>&nbsp;<\/p>\n<p>Recomendamos leer m\u00e1s sobre los beneficios de tratar el aire de escape de las cocinas comerciales con una soluci\u00f3n de ozono de alto rendimiento <a href=\"https:\/\/ozonetech.com\/es\/aplicaciones\/extraccion-en-cocinas-comerciales\/tratamiento-del-aire-de-escape-en-las-cocinas-comerciales\/\">aqu\u00ed<\/a>.<\/p>\n<p><a href=\"https:\/\/ozonetech.com\/es\/soluciones-y-sistemas\/extraccion-en-cocinas-comerciales\/rena-soluciones-de-cocinas\/\"><strong>RENA Soluciones de cocinas de Ozonetech<\/strong><\/a> cumple con todas las normativas vigentes y los \u00faltimos est\u00e1ndares de la industria. M\u00e1s informaci\u00f3n sobre los est\u00e1ndares y reglamentos vigentes <a href=\"https:\/\/ozonetech.com\/es\/aplicaciones\/extraccion-en-cocinas-comerciales\/estandares-y-reglamentos\/\">aqu\u00ed<\/a>.<\/p>\n<p>A continuaci\u00f3n, lea m\u00e1s sobre nuestra soluci\u00f3n de tratamiento de \u00faltima generaci\u00f3n para el aire de escape de las cocinas comerciales, que sirve para una o varias campanas:<\/p>\n        <\/div>\n    <\/div>\n<\/div>\n\n<\/section>\n\n\n\n<section class=\"block landing-page-grid\" style=\"--grid-bg: #fff; --grid-link: #5f5f5f; --grid-content: #000;\">\n\n    <div class=\"container-fluid grid\">\n\n                \n                    <div class=\"grid__list\">\n                                    <a class=\"item\" href=\"https:\/\/ozonetech.com\/es\/soluciones-y-sistemas\/extraccion-en-cocinas-comerciales\/rena-soluciones-de-cocinas\/\" target=\"\">\n                        <span class=\"item__overlay\"><\/span>\n                        <span\n                            class=\"item__background-image\"\n                            style=\"background-image: url('https:\/\/ozonetech.com\/wp-content\/uploads\/2021\/03\/rena-kitchen-solutions-1.jpg');\"\n                        ><\/span>\n                        \n                        <span class=\"item__content\">\n                            <figure class=\"item__content--icon\">\n                                                            <\/figure>\n\n                            <span class=\"item__content--link\">\n                                <span>RENA Soluciones de cocinas<\/span><svg version=\"1.1\" id=\"Layer_1\" xmlns=\"http:\/\/www.w3.org\/2000\/svg\" x=\"0\" y=\"0\" viewBox=\"0 0 25 21.76\" xml:space=\"preserve\"><path fill=\"#FF691C\" d=\"M12.17 1.45l1.11-1.1c.46-.47 1.22-.47 1.68 0l9.69 9.68c.47.46.47 1.22 0 1.68l-9.69 9.69c-.46.47-1.22.47-1.68 0l-1.11-1.11c-.47-.47-.46-1.23.01-1.7l.01-.01 6-5.72h-17c-.66 0-1.2-.53-1.2-1.19v-1.6c0-.66.53-1.2 1.19-1.2h17.01l-6-5.72c-.48-.45-.5-1.2-.05-1.68.01 0 .02-.01.03-.02z\"\/><\/svg>                            <\/span>\n                        <\/span>\n                    <\/a>\n                            <\/div>\n            <\/div>\n\n<\/section>","protected":false},"excerpt":{"rendered":"","protected":false},"author":42,"featured_media":0,"parent":37189,"menu_order":0,"comment_status":"closed","ping_status":"closed","template":"","meta":{"_acf_changed":false,"_seopress_robots_primary_cat":"","_seopress_titles_title":"","_seopress_titles_desc":"Ozonetech fabrica el mejor sistema de ozono de alto rendimiento para el tratamiento del aire de escape de las cocinas comerciales","_seopress_robots_index":"","inline_featured_image":false,"footnotes":""},"class_list":["post-37238","page","type-page","status-publish","hentry"],"acf":[],"_links":{"self":[{"href":"https:\/\/ozonetech.com\/es\/wp-json\/wp\/v2\/pages\/37238","targetHints":{"allow":["GET"]}}],"collection":[{"href":"https:\/\/ozonetech.com\/es\/wp-json\/wp\/v2\/pages"}],"about":[{"href":"https:\/\/ozonetech.com\/es\/wp-json\/wp\/v2\/types\/page"}],"author":[{"embeddable":true,"href":"https:\/\/ozonetech.com\/es\/wp-json\/wp\/v2\/users\/42"}],"replies":[{"embeddable":true,"href":"https:\/\/ozonetech.com\/es\/wp-json\/wp\/v2\/comments?post=37238"}],"version-history":[{"count":11,"href":"https:\/\/ozonetech.com\/es\/wp-json\/wp\/v2\/pages\/37238\/revisions"}],"predecessor-version":[{"id":40945,"href":"https:\/\/ozonetech.com\/es\/wp-json\/wp\/v2\/pages\/37238\/revisions\/40945"}],"up":[{"embeddable":true,"href":"https:\/\/ozonetech.com\/es\/wp-json\/wp\/v2\/pages\/37189"}],"wp:attachment":[{"href":"https:\/\/ozonetech.com\/es\/wp-json\/wp\/v2\/media?parent=37238"}],"curies":[{"name":"wp","href":"https:\/\/api.w.org\/{rel}","templated":true}]}}