{"id":37224,"date":"2020-06-24T11:36:06","date_gmt":"2020-06-24T11:36:06","guid":{"rendered":"https:\/\/ozonetech.com\/soluciones-y-sistemas\/tratamiento-de-aire\/tailored-pilot-projects-for-air-treatment\/"},"modified":"2024-10-10T11:11:20","modified_gmt":"2024-10-10T09:11:20","slug":"proyectos-piloto-a-medida-para-el-tratamiento-del-aire","status":"publish","type":"page","link":"https:\/\/ozonetech.com\/es\/soluciones-y-sistemas\/tratamiento-de-aire\/proyectos-piloto-a-medida-para-el-tratamiento-del-aire\/","title":{"rendered":"Proyectos piloto a medida para el tratamiento del aire"},"content":{"rendered":"\n<section\n    class=\"block hero hero--regular\"\n    style=\"background-image: url('https:\/\/ozonetech.com\/wp-content\/uploads\/2021\/03\/industrial-air-pilot-1-1600x484.jpg'); --hero-opacity: 0.3\"\n>\n\n    <div class=\"container-fluid\">\n\n        <div class=\"content editor_content\">\n                         \n                <h2 class='h2'>Proyectos piloto a medida para el tratamiento del aire<\/h2>            \n                    <\/div>\n\n            <\/div>\n<\/section>\n\n\n<section class=\"component component_breadcrumbs\">\n\t<div class=\"container-fluid\">\n  \t<\/div>\n<\/section>\n\n\n<section\n    id=\"\"\n    class=\"block content-block\"\n\tstyle=\"--cb-bg: white; --cb-content: #000; padding-top: 30px; padding-bottom: 30px;\"\n>\n    \n\n<div class=\"container-fluid editor_content content content--narrow\">\n    <div class=\"row\">\n        <div class=\"col-12 editor_content\">\n            <h1>Los proyectos piloto son el primer paso \u00f3ptimo para perfeccionar las soluciones de tratamiento del aire<\/h1>\n<p class=\"preamble\">El tratamiento eficaz de emisiones atmosf\u00e9ricas industriales es una tarea dif\u00edcil. Cada proceso es \u00fanico, como tambi\u00e9n lo son las emisiones. Es f\u00e1cil de entender que un solo producto no pueda solucionar todos los casos, especialmente para grandes flujos de aire con requisitos exigentes. La investigaci\u00f3n y optimizaci\u00f3n del proceso puede dar lugar a ahorros considerables, evitando el riesgo de soluciones no \u00f3ptimas o eficaces.<\/p>\n<p>Las pruebas piloto internas son la forma \u00f3ptima de mejorar el dise\u00f1o de una soluci\u00f3n compleja de tratamiento del aire. Se pueden reproducir las condiciones reales dadas, compartiendo los beneficios t\u00edpicos de las pruebas de laboratorio, incluyendo bajos costes y condiciones altamente controlables.<\/p>\n        <\/div>\n    <\/div>\n<\/div>\n\n\n\n<div class=\"container-fluid editor_content content content--narrow\">\n    <div class=\"row\">\n        <div class=\"col-12 editor_content\">\n            <h3>Nuestra soluci\u00f3n<\/h3>\n<p>En nuestras instalaciones en Estocolmo estamos orgullosos de contar con una de las plataformas de ensayo m\u00e1s avanzadas evaluar de soluciones piloto para casos industriales. Puede llevar a cabo varias condiciones de ensayo, representativas de muchos de los casos industriales, usando las t\u00e9cnicas de oxidaci\u00f3n m\u00e1s avanzadas y con un enfoque modular. Las tres tecnolog\u00edas de oxidaci\u00f3n m\u00e1s prometedoras est\u00e1n incluidas en el proyecto piloto.<\/p>\n        <\/div>\n    <\/div>\n<\/div>\n\n\n<div class=\"container-fluid editor_content content content--narrow\">\n    <div class=\"row\">\n        <div class=\"col-md-6\">\n            <h3><img loading=\"lazy\" decoding=\"async\" class=\"alignleft wp-image-22304 size-medium\" src=\"https:\/\/ozonetech.com\/wp-content\/uploads\/2021\/03\/ozonation-300x212.jpg\" alt=\"\" width=\"300\" height=\"212\" data-mce-src=\"https:\/\/ozonetech.com\/wp-content\/uploads\/2021\/03\/ozonation-300x212.jpg\" srcset=\"https:\/\/ozonetech.com\/wp-content\/uploads\/2021\/03\/ozonation-300x212.jpg 300w, https:\/\/ozonetech.com\/wp-content\/uploads\/2021\/03\/ozonation.jpg 425w\" sizes=\"auto, (max-width: 300px) 100vw, 300px\" \/><\/h3>\n<p><\/p>\n<h4><\/h4>\n<h4><\/h4>\n<h4><\/h4>\n<h4><\/h4>\n<p><strong>Ozonizaci\u00f3n<\/strong><\/p>\n<p><em>Oxidaci\u00f3n v\u00eda ozono.<\/em><\/p>\n        <\/div>\n        <div class=\"col-md-6\">\n            <h4><img loading=\"lazy\" decoding=\"async\" class=\"alignleft wp-image-22294 size-medium\" src=\"https:\/\/ozonetech.com\/wp-content\/uploads\/2021\/03\/advanced-oxidation-process-300x212.jpg\" alt=\"\" width=\"300\" height=\"212\" srcset=\"https:\/\/ozonetech.com\/wp-content\/uploads\/2021\/03\/advanced-oxidation-process-300x212.jpg 300w, https:\/\/ozonetech.com\/wp-content\/uploads\/2021\/03\/advanced-oxidation-process.jpg 425w\" sizes=\"auto, (max-width: 300px) 100vw, 300px\" \/><\/h4>\n<h4><\/h4>\n<h4><\/h4>\n<h4><\/h4>\n<h4><\/h4>\n<h4><\/h4>\n<p><strong>Proceso de oxidaci\u00f3n avanzada (PAO)<\/strong><\/p>\n<p><em>Oxidaci\u00f3n v\u00eda radicales hidroxilo<\/em><\/p>\n        <\/div>\n    <\/div>\n<\/div>\n<div class=\"container-fluid editor_content content content--narrow\">\n    <div class=\"row\">\n        <div class=\"col-md-6\">\n            <h3><img loading=\"lazy\" decoding=\"async\" class=\"alignnone size-medium wp-image-22299\" src=\"https:\/\/ozonetech.com\/wp-content\/uploads\/2021\/03\/catalytic-oxidation-300x212.jpg\" alt=\"\" width=\"300\" height=\"212\" srcset=\"https:\/\/ozonetech.com\/wp-content\/uploads\/2021\/03\/catalytic-oxidation-300x212.jpg 300w, https:\/\/ozonetech.com\/wp-content\/uploads\/2021\/03\/catalytic-oxidation.jpg 425w\" sizes=\"auto, (max-width: 300px) 100vw, 300px\" \/><\/h3>\n<p><strong>Oxidaci\u00f3n catal\u00edtica<\/strong><\/p>\n<p><em>Oxidaci\u00f3n v\u00eda catalizadores y ozono<\/em><\/p>\n        <\/div>\n        <div class=\"col-md-6\">\n            <p>&nbsp;<\/p>\n<p>&nbsp;<\/p>\n<p>Cada etapa del tratamiento se puede aplicar de manera independiente o en combinaci\u00f3n con otras, probando as\u00ed las sinerg\u00edas del proceso.<\/p>\n        <\/div>\n    <\/div>\n<\/div>\n\n<div class=\"container-fluid editor_content content content--narrow\">\n    <div class=\"row\">\n        <div class=\"col-12 editor_content\">\n            <h3>Nuestro m\u00e9todo<\/h3>\n<p>Cuidamos todas las etapas de la investigaci\u00f3n, en colaboraci\u00f3n con nuestros clientes. Nuestro m\u00e9todo sigue los cinco pasos mostrados a continuaci\u00f3n.<\/p>\n<h2 style=\"text-align: center;\"><img loading=\"lazy\" decoding=\"async\" class=\"alignnone size-large wp-image-37844\" src=\"https:\/\/ozonetech.com\/wp-content\/uploads\/2021\/08\/our-method-es-1024x568.png\" alt=\"\" width=\"1024\" height=\"568\" srcset=\"https:\/\/ozonetech.com\/wp-content\/uploads\/2021\/08\/our-method-es-1024x568.png 1024w, https:\/\/ozonetech.com\/wp-content\/uploads\/2021\/08\/our-method-es-300x166.png 300w, https:\/\/ozonetech.com\/wp-content\/uploads\/2021\/08\/our-method-es-768x426.png 768w, https:\/\/ozonetech.com\/wp-content\/uploads\/2021\/08\/our-method-es.png 1501w\" sizes=\"auto, (max-width: 1024px) 100vw, 1024px\" \/><\/h2>\n        <\/div>\n    <\/div>\n<\/div>\n\n<\/section>\n\n\n\n<section\n    id=\"\"\n    class=\"block content-block\"\n\tstyle=\"--cb-bg: #fff; --cb-content: #000; \"\n>\n    \n<div class=\"container-fluid editor_content content content--narrow\">\n    <div class=\"row\">\n        <div class=\"col-md-6\">\n            <h4>1. An\u00e1lisis<\/h4>\n<p>Analizamos las emisiones de aire del caso industrial real. Usando equipos de vanguardia detectamos incluso las trazas de contaminantes m\u00e1s d\u00e9biles. Ya sean VOC, H<sub>2<\/sub>S, amon\u00edaco o part\u00edculas, tenemos el instrumento adecuado para medir todos los rangos.<\/p>\n<p>Conocer la concentraci\u00f3n de los contaminantes es un requisito fundamental, tanto para el montaje del ensayo piloto como para el dise\u00f1o de la soluci\u00f3n a escala real.<\/p>\n        <\/div>\n        <div class=\"col-md-6\">\n            <h4>2. Montaje<\/h4>\n<p>Reproducimos las condiciones de campo en nuestras instalaciones internar bas\u00e1ndonos en el an\u00e1lisis del aire. El caudal de aire se ajusta para que sea representativo y se ajuste tambi\u00e9n a los valores de humedad y temperatura. A continuaci\u00f3n alimentamos los contaminantes del aire a partir de una mezcla de gas especialmente preparada con el mismo tipo de compuestos encontrados en casos reales.<\/p>\n<p>Antes de cada ensayo encendemos el sistema, comprobando el correcto funcionamiento de cada componente.<\/p>\n        <\/div>\n    <\/div>\n<\/div>\n<div class=\"container-fluid editor_content content content--narrow\">\n    <div class=\"row\">\n        <div class=\"col-md-6\">\n            <h4>3. Pruebas<\/h4>\n<p>Este paso es elemento central de nuestro m\u00e9todo. Podemos llevar a cabo un gran n\u00famero de experimentos, evaluando el rendimiento de cada tecnolog\u00eda, en relaci\u00f3n con las dem\u00e1s. Se presta especial atenci\u00f3n a los requisitos del cliente y a la relaci\u00f3n precio-eficacia del proceso. Puesto que la prueba piloto puede resultar en el dise\u00f1o de una soluci\u00f3n a escala real, consideramos tambi\u00e9n todos los costes de inversi\u00f3n y operaci\u00f3n de una eventual instalaci\u00f3n.<\/p>\n        <\/div>\n        <div class=\"col-md-6\">\n            <h4>4. Informe<\/h4>\n<p>Toda la informaci\u00f3n recogida hasta este paso es analizada y se presenta en un informe profesional. Se eval\u00faa el efecto de cada tecnolog\u00eda de tratamiento- ozonizaci\u00f3n, PAO o cat\u00e1lisis-, present\u00e1ndose c\u00f3mo se pueden alcanzar los requisitos del cliente. El informe incluye conclusiones relevantes generalizando el estudio piloto, y se conecta con el caso industrial real.<\/p>\n        <\/div>\n    <\/div>\n<\/div>\n<div class=\"container-fluid editor_content content content--narrow\">\n    <div class=\"row\">\n        <div class=\"col-md-6\">\n            <h4>5. Propuesta<\/h4>\n<p>Si nuestros clientes lo piden, incluimos una propuesta de soluci\u00f3n para la planta industrial. Utilizando los resultados del ensayo piloto, el dise\u00f1o de un sistema de purificaci\u00f3n a escala real se hace m\u00e1s f\u00e1cil, ya que se investigan muchas variables importantes durante los experimentos. Como resultado, cada par\u00e1metro de la soluci\u00f3n se ajusta, satisfaciendo los requisitos con los menores costeos de inversi\u00f3n y operaci\u00f3n.<\/p>\n<p>Estamos seguros de que cumplimos lo que prometemos, ya que hemos probado la soluci\u00f3n propuesta.<\/p>\n        <\/div>\n        <div class=\"col-md-6\">\n                    <\/div>\n    <\/div>\n<\/div><\/section>\n\n\n\n<section\n    id=\"\"\n    class=\"block content-block\"\n\tstyle=\"--cb-bg: #e6e6e6; --cb-content: #000; padding-top: 30px; padding-bottom: 30px;\"\n>\n    \n\n<div class=\"container-fluid editor_content content content--narrow\">\n    <div class=\"row\">\n        <div class=\"col-12 editor_content\">\n            <h3>Aplicaciones y sectores industriales<\/h3>\n<p>Dise\u00f1amos las plataformas de ensayo para una larga variedad de aplicaciones. Podemos hacer ensayos de la <a href=\"https:\/\/ozonetech.com\/es\/aplicaciones\/tratamiento-de-aire\/control-de-olores\/\"><strong>eliminaci\u00f3n de olores<\/strong><\/a> adem\u00e1s de la reducci\u00f3n de contaminantes gaseosos espec\u00edficos como <a href=\"https:\/\/ozonetech.com\/es\/aplicaciones\/tratamiento-de-aire\/eliminacion-de-cov\/\"><strong>compuestos org\u00e1nicos vol\u00e1tiles (COV)<\/strong><\/a>, NH<sub>3<\/sub> o H<sub>2<\/sub>S. Tambi\u00e9n tenemos la posibilidad de ensayar aplicaciones de <a href=\"https:\/\/ozonetech.com\/es\/aplicaciones\/tratamiento-de-aire\/desinfeccion-del-aire\/\">desinfecci\u00f3n<\/a> y evaluaci\u00f3n de la reducci\u00f3n logar\u00edtmica de bacterias en la muestra de aire o en las superficies. Tambi\u00e9n estamos abiertos a solicitudes de proyectos hechos a medida.<\/p>\n<p>A trav\u00e9s de las pruebas piloto, podemos resolver problemas de aire en muchas industrias. Puede ver algunos ejemplos de m\u00e1s abajo.<\/p>\n        <\/div>\n    <\/div>\n<\/div>\n\n<\/section>\n\n\n\n<section class=\"block landing-page-grid\" style=\"--grid-bg: #e6e6e6; --grid-link: #5f5f5f; --grid-content: #000;\">\n\n    <div class=\"container-fluid grid\">\n\n                \n                    <div class=\"grid__list\">\n                                    <a class=\"item\" href=\"https:\/\/mellifiq.com\/markets\/biogas-plants\/\" target=\"_blank\">\n                        <span class=\"item__overlay\"><\/span>\n                        <span\n                            class=\"item__background-image\"\n                            style=\"background-image: url('https:\/\/ozonetech.com\/wp-content\/uploads\/2021\/03\/biogas-plant.jpg');\"\n                        ><\/span>\n                        \n                        <span class=\"item__content\">\n                            <figure class=\"item__content--icon\">\n                                                            <\/figure>\n\n                            <span class=\"item__content--link\">\n                                <span>Instalaciones de biog\u00e1s<\/span><svg version=\"1.1\" id=\"Layer_1\" xmlns=\"http:\/\/www.w3.org\/2000\/svg\" x=\"0\" y=\"0\" viewBox=\"0 0 25 21.76\" xml:space=\"preserve\"><path fill=\"#FF691C\" d=\"M12.17 1.45l1.11-1.1c.46-.47 1.22-.47 1.68 0l9.69 9.68c.47.46.47 1.22 0 1.68l-9.69 9.69c-.46.47-1.22.47-1.68 0l-1.11-1.11c-.47-.47-.46-1.23.01-1.7l.01-.01 6-5.72h-17c-.66 0-1.2-.53-1.2-1.19v-1.6c0-.66.53-1.2 1.19-1.2h17.01l-6-5.72c-.48-.45-.5-1.2-.05-1.68.01 0 .02-.01.03-.02z\"\/><\/svg>                            <\/span>\n                        <\/span>\n                    <\/a>\n                                    <a class=\"item\" href=\"https:\/\/mellifiq.com\/markets\/dairy-production\/\" target=\"\">\n                        <span class=\"item__overlay\"><\/span>\n                        <span\n                            class=\"item__background-image\"\n                            style=\"background-image: url('https:\/\/ozonetech.com\/wp-content\/uploads\/2021\/03\/Diary-production.jpg');\"\n                        ><\/span>\n                        \n                        <span class=\"item__content\">\n                            <figure class=\"item__content--icon\">\n                                                            <\/figure>\n\n                            <span class=\"item__content--link\">\n                                <span>Industria l\u00e1ctea<\/span><svg version=\"1.1\" id=\"Layer_1\" xmlns=\"http:\/\/www.w3.org\/2000\/svg\" x=\"0\" y=\"0\" viewBox=\"0 0 25 21.76\" xml:space=\"preserve\"><path fill=\"#FF691C\" d=\"M12.17 1.45l1.11-1.1c.46-.47 1.22-.47 1.68 0l9.69 9.68c.47.46.47 1.22 0 1.68l-9.69 9.69c-.46.47-1.22.47-1.68 0l-1.11-1.11c-.47-.47-.46-1.23.01-1.7l.01-.01 6-5.72h-17c-.66 0-1.2-.53-1.2-1.19v-1.6c0-.66.53-1.2 1.19-1.2h17.01l-6-5.72c-.48-.45-.5-1.2-.05-1.68.01 0 .02-.01.03-.02z\"\/><\/svg>                            <\/span>\n                        <\/span>\n                    <\/a>\n                                    <a class=\"item\" href=\"https:\/\/mellifiq.com\/markets\/food-and-beverage-production\/\" target=\"_blank\">\n                        <span class=\"item__overlay\"><\/span>\n                        <span\n                            class=\"item__background-image\"\n                            style=\"background-image: url('https:\/\/ozonetech.com\/wp-content\/uploads\/2021\/03\/food-production.jpg');\"\n                        ><\/span>\n                        \n                        <span class=\"item__content\">\n                            <figure class=\"item__content--icon\">\n                                                            <\/figure>\n\n                            <span class=\"item__content--link\">\n                                <span>Industria alimentaria<\/span><svg version=\"1.1\" id=\"Layer_1\" xmlns=\"http:\/\/www.w3.org\/2000\/svg\" x=\"0\" y=\"0\" viewBox=\"0 0 25 21.76\" xml:space=\"preserve\"><path fill=\"#FF691C\" d=\"M12.17 1.45l1.11-1.1c.46-.47 1.22-.47 1.68 0l9.69 9.68c.47.46.47 1.22 0 1.68l-9.69 9.69c-.46.47-1.22.47-1.68 0l-1.11-1.11c-.47-.47-.46-1.23.01-1.7l.01-.01 6-5.72h-17c-.66 0-1.2-.53-1.2-1.19v-1.6c0-.66.53-1.2 1.19-1.2h17.01l-6-5.72c-.48-.45-.5-1.2-.05-1.68.01 0 .02-.01.03-.02z\"\/><\/svg>                            <\/span>\n                        <\/span>\n                    <\/a>\n                                    <a class=\"item\" href=\"https:\/\/mellifiq.com\/markets\/commercial-kitchens\/\" target=\"\">\n                        <span class=\"item__overlay\"><\/span>\n                        <span\n                            class=\"item__background-image\"\n                            style=\"background-image: url('https:\/\/ozonetech.com\/wp-content\/uploads\/2021\/03\/commercial-kitchen-1.jpg');\"\n                        ><\/span>\n                        \n                        <span class=\"item__content\">\n                            <figure class=\"item__content--icon\">\n                                                            <\/figure>\n\n                            <span class=\"item__content--link\">\n                                <span>Ventilaci\u00f3n de cocinas comerciales<\/span><svg version=\"1.1\" id=\"Layer_1\" xmlns=\"http:\/\/www.w3.org\/2000\/svg\" x=\"0\" y=\"0\" viewBox=\"0 0 25 21.76\" xml:space=\"preserve\"><path fill=\"#FF691C\" d=\"M12.17 1.45l1.11-1.1c.46-.47 1.22-.47 1.68 0l9.69 9.68c.47.46.47 1.22 0 1.68l-9.69 9.69c-.46.47-1.22.47-1.68 0l-1.11-1.11c-.47-.47-.46-1.23.01-1.7l.01-.01 6-5.72h-17c-.66 0-1.2-.53-1.2-1.19v-1.6c0-.66.53-1.2 1.19-1.2h17.01l-6-5.72c-.48-.45-.5-1.2-.05-1.68.01 0 .02-.01.03-.02z\"\/><\/svg>                            <\/span>\n                        <\/span>\n                    <\/a>\n                            <\/div>\n            <\/div>\n\n<\/section>","protected":false},"excerpt":{"rendered":"","protected":false},"author":21,"featured_media":0,"parent":37194,"menu_order":0,"comment_status":"closed","ping_status":"closed","template":"","meta":{"_acf_changed":false,"_seopress_robots_primary_cat":"","_seopress_titles_title":"","_seopress_titles_desc":"Contamos con una de las plataformas de ensayo m\u00e1s avanzadas para las soluciones piloto de tratamiento del aire industrial.","_seopress_robots_index":"","inline_featured_image":false,"footnotes":""},"class_list":["post-37224","page","type-page","status-publish","hentry"],"acf":[],"_links":{"self":[{"href":"https:\/\/ozonetech.com\/es\/wp-json\/wp\/v2\/pages\/37224","targetHints":{"allow":["GET"]}}],"collection":[{"href":"https:\/\/ozonetech.com\/es\/wp-json\/wp\/v2\/pages"}],"about":[{"href":"https:\/\/ozonetech.com\/es\/wp-json\/wp\/v2\/types\/page"}],"author":[{"embeddable":true,"href":"https:\/\/ozonetech.com\/es\/wp-json\/wp\/v2\/users\/21"}],"replies":[{"embeddable":true,"href":"https:\/\/ozonetech.com\/es\/wp-json\/wp\/v2\/comments?post=37224"}],"version-history":[{"count":15,"href":"https:\/\/ozonetech.com\/es\/wp-json\/wp\/v2\/pages\/37224\/revisions"}],"predecessor-version":[{"id":40852,"href":"https:\/\/ozonetech.com\/es\/wp-json\/wp\/v2\/pages\/37224\/revisions\/40852"}],"up":[{"embeddable":true,"href":"https:\/\/ozonetech.com\/es\/wp-json\/wp\/v2\/pages\/37194"}],"wp:attachment":[{"href":"https:\/\/ozonetech.com\/es\/wp-json\/wp\/v2\/media?parent=37224"}],"curies":[{"name":"wp","href":"https:\/\/api.w.org\/{rel}","templated":true}]}}