{"id":37219,"date":"2020-06-24T11:18:41","date_gmt":"2020-06-24T10:18:41","guid":{"rendered":"https:\/\/ozonetech.com\/soluciones-y-sistemas\/tratamiento-de-aire\/rena-pro-ozone-systems\/"},"modified":"2024-10-10T10:58:49","modified_gmt":"2024-10-10T08:58:49","slug":"sistemas-de-ozono-rena-pro","status":"publish","type":"page","link":"https:\/\/ozonetech.com\/es\/soluciones-y-sistemas\/tratamiento-de-aire\/sistemas-de-ozono-rena-pro\/","title":{"rendered":"Sistemas de ozono RENA Pro"},"content":{"rendered":"\n<section\n    class=\"block hero hero--regular\"\n    style=\"background-image: url('https:\/\/ozonetech.com\/wp-content\/uploads\/2021\/03\/rena-pro-systems-2-1600x484.jpg'); --hero-opacity: 0.3\"\n>\n\n    <div class=\"container-fluid\">\n\n        <div class=\"content editor_content\">\n                         \n                <h2 class='h2'>Sistemas de ozono RENA Pro<\/h2>            \n                    <\/div>\n\n            <\/div>\n<\/section>\n\n\n<section class=\"component component_breadcrumbs\">\n\t<div class=\"container-fluid\">\n  \t<\/div>\n<\/section>\n\n\n<section\n    id=\"\"\n    class=\"block content-block\"\n\tstyle=\"--cb-bg: light-gray; --cb-content: #000; padding-top: 30px; padding-bottom: 30px;\"\n>\n    \n\n<div class=\"container-fluid editor_content content content--narrow\">\n    <div class=\"row\">\n        <div class=\"col-12 editor_content\">\n            <h1>El m\u00e1s eficiente y sostenible sistema de ozono para el tratamiento del aire<\/h1>\n<p class=\"preamble\">RENA Pro es una soluci\u00f3n premium de Ozonetech para el tratamiento de aire con ozono. Su rango de aplicaci\u00f3nes es muy amplio, variando desde la eliminaci\u00f3n altamente eficiente de H<sub>2<\/sub>S en plantas industriales hasta la eliminaci\u00f3n de olores en la ventilaci\u00f3n comercial. El sistema incluye la generaci\u00f3n de ozono de alto rendimiento, junto con funciones opcionales como un concentrador de ox\u00edgeno especializado para una eficiencia m\u00e1xima, sistemas de seguridad, y material de tuber\u00edas de alta calidad; todo empaquetado y montado en una plataforma compacta. La plataforma RENA Pro tiene una modularidad excepcional, adaptando la capacidad de ozono para conseguir satisfacer las necesidades y los requisitos de los clientes. Por ello, ofrecemos cinco series de la soluci\u00f3n RENA Pro, clasificados seg\u00fan la capacidad del ozono, desde A hasta E.<\/p>\n<h3>Beneficios generales de la soluci\u00f3n RENA Pro:<\/h3>\n<ul>\n<li>Generaci\u00f3n de ozono altamente eficiente que reduce el consumo de energ\u00eda y la huella de carbono<\/li>\n<li>Producci\u00f3n estable y fiable a lo largo del tiempo<\/li>\n<li>Alimentaci\u00f3n con gas de alta calidad (ox\u00edgeno concentrado seco, desde un generador de ox\u00edgeno)<\/li>\n<li><strong>Salida de ozono puro<\/strong>. Sin producci\u00f3n de subproductos como NOx, \u00e1cido c\u00edtrico ni formaci\u00f3n de sal, extendiendo la duraci\u00f3n del sistema<\/li>\n<li>Gesti\u00f3n eficiente del calor (mediante l\u00edquido refrigerante) para un funcionamiento estable y fiable lo que tambi\u00e9n prolonga la vida \u00fatil del sistema<\/li>\n<li>Mantenimiento m\u00ednimo gracias a un dise\u00f1o inteligente; alimentaci\u00f3n con ox\u00edgeno puro y seco, y refrigeraci\u00f3n con l\u00edquido<\/li>\n<li>Distribuci\u00f3n de ozono mediante tubos de tefl\u00f3n<\/li>\n<li>Dise\u00f1o robusto para ambientes dif\u00edciles<\/li>\n<li><strong>Opci\u00f3n<\/strong>: control remoto y monitorizaci\u00f3n con <strong><a href=\"https:\/\/ozonetech.com\/es\/productos\/equipos-de-ozono\/\">O3Eye\u2122<\/a>.<\/strong><\/li>\n<\/ul>\n<p>Adem\u00e1s de los beneficios expuestos, la soluci\u00f3n RENA Pro ofrece ventajas espec\u00edficas para aplicaciones con respecto al H<sub>2<\/sub>S:<\/p>\n<ul>\n<li>Excelente reducci\u00f3n del H<sub>2<\/sub>S<\/li>\n<li><a href=\"https:\/\/ozonetech.com\/es\/aplicaciones\/tratamiento-de-aire\/control-de-olores\/\"><strong>Control de olores<\/strong><\/a><\/li>\n<li>Riesgo de corrosi\u00f3n m\u00e1s bajo<\/li>\n<\/ul>\n<p>&nbsp;<\/p>\n<div id=\"attachment_22181\" style=\"width: 860px\" class=\"wp-caption aligncenter\"><img loading=\"lazy\" decoding=\"async\" aria-describedby=\"caption-attachment-22181\" class=\"wp-image-22181 size-full\" src=\"https:\/\/ozonetech.com\/wp-content\/uploads\/2021\/03\/rena-pro-a-series.jpg\" alt=\"Five Ozonetech Rena Pro A-series with integrated oxygen concentrator, sensor and monitoring equipment O3Eye\u2122\" width=\"850\" height=\"480\" srcset=\"https:\/\/ozonetech.com\/wp-content\/uploads\/2021\/03\/rena-pro-a-series.jpg 850w, https:\/\/ozonetech.com\/wp-content\/uploads\/2021\/03\/rena-pro-a-series-300x169.jpg 300w, https:\/\/ozonetech.com\/wp-content\/uploads\/2021\/03\/rena-pro-a-series-768x434.jpg 768w\" sizes=\"auto, (max-width: 850px) 100vw, 850px\" \/><p id=\"caption-attachment-22181\" class=\"wp-caption-text\"><em>Figura 1 &#8211; RENA Pro serie A con concentrador de ox\u00edgeno integrado, sensor y equipo de monitorizaci\u00f3n O3Eye\u2122.<\/em><\/p><\/div>\n<p>&nbsp;<\/p>\n        <\/div>\n    <\/div>\n<\/div>\n\n\n<div class=\"container-fluid editor_content content content--narrow\">\n    <div class=\"row\">\n        <div class=\"col-md-6\">\n            <h4>RENA Pro serie A<\/h4>\n<p>La serie A est\u00e1 formada por los sistemas de ozono de capacidad m\u00e1s baja, generalmente adecuada para flujos de aire hasta 2,500 m<sup>3<\/sup>\/h. Estos sistemas son perfectos para ofrecer ozono de alta calidad a aplicaciones de, por ejemplo, desinfecci\u00f3n microbial (p. ej. Salmonela) o eliminaci\u00f3n de olores intensos en aplicaciones de ventilaci\u00f3n.<\/p>\n        <\/div>\n        <div class=\"col-md-6\">\n            <h4>RENA Pro serie B<\/h4>\n<p>El RENA Pro serie B es el paquete m\u00e1s com\u00fan ya que puede tratar flujos situados entre 500 y 30,000 m<sup>3<\/sup>\/h, lo que resulta perfecto para aplicaciones como la eliminaci\u00f3n de olores en aplicaciones de ventilaci\u00f3n (serie B de baja capacidad) y eliminaci\u00f3n de H<sub>2<\/sub>S en plantas de tratamiento de aguas industriales (serie B de alta capacidad). La soluci\u00f3n tiene un dise\u00f1o compacto, requiriendo s\u00f3lo 80 x 60 x 180 cm. La cantidad de l\u00edquido refrigerante var\u00eda entre 1 y 6 l\/min dependiendo del modelo, y puede ser suministrado in situ o con un sistema de refrigeraci\u00f3n cerrado hecho a medida. La potencia requerida tambi\u00e9n var\u00eda, empezando desde 0.25 kW<\/p>\n        <\/div>\n    <\/div>\n<\/div>\n\n<div class=\"container-fluid editor_content content content--narrow\">\n    <div class=\"row\">\n        <div class=\"col-12 editor_content\">\n            <h4>RENA Pro serie C<\/h4>\n<p>La serie C es usada para aplicaciones en las que se alcanzan grandes flujos de aire o concentraciones de contaminantes, como en la eliminaci\u00f3n de H<sub>2<\/sub>S industrial, por ejemplo en la <a href=\"https:\/\/ozonetech.com\/es\/aplicaciones\/tratamiento-de-aire\/ozonizacion-de-biodigestores\/\">mejora del metano<\/a>. De manera alternativa se puede usar para cuando se requiere ozono en m\u00faltiples zonas, aunque en concentraciones m\u00e1s bajas. La unidad puede actuar como una \u00abcentral de ozono\u00bb en la que la capacidad de ozono es dividida en funci\u00f3n de las necesidades del cliente. El requisito minimo de l\u00edquido refrigerante es 12 l\/min y el de potencia, 1.5 kW.<\/p>\n<div id=\"attachment_22112\" style=\"width: 1034px\" class=\"wp-caption alignnone\"><img loading=\"lazy\" decoding=\"async\" aria-describedby=\"caption-attachment-22112\" class=\"wp-image-22112 size-large\" src=\"https:\/\/ozonetech.com\/wp-content\/uploads\/2021\/03\/rena-pro-c-series-1024x819.jpg\" alt=\"Ozone System RENA Pro C\" width=\"1024\" height=\"819\" srcset=\"https:\/\/ozonetech.com\/wp-content\/uploads\/2021\/03\/rena-pro-c-series-1024x819.jpg 1024w, https:\/\/ozonetech.com\/wp-content\/uploads\/2021\/03\/rena-pro-c-series-300x240.jpg 300w, https:\/\/ozonetech.com\/wp-content\/uploads\/2021\/03\/rena-pro-c-series-768x614.jpg 768w, https:\/\/ozonetech.com\/wp-content\/uploads\/2021\/03\/rena-pro-c-series.jpg 1500w\" sizes=\"auto, (max-width: 1024px) 100vw, 1024px\" \/><p id=\"caption-attachment-22112\" class=\"wp-caption-text\"><em>Izquierda: RENA Pro serie C de frente. Derecha: RENA Pro serie C de lado.<\/em><\/p><\/div>\n        <\/div>\n    <\/div>\n<\/div>\n\n\n<div class=\"container-fluid editor_content content content--narrow\">\n    <div class=\"row\">\n        <div class=\"col-md-6\">\n            <h4>RENA Pro serie D<\/h4>\n<p>La serie D se usa para aplicaciones a las que la serie C no llega. Estas pueden ser aplicaciones industriales m\u00e1s grandes como la eliminaci\u00f3n de compuestos org\u00e1nicos vol\u00e1tiles (VOC por sus siglas en ingl\u00e9s) en la industria de pintura y acabado, o corrientes altamente contaminadas con H<sub>2<\/sub>S y metilmercaptano, por ejemplo en el <strong>agua residual<\/strong> o en el <a href=\"https:\/\/mellifiq.com\/markets\/biogas-plants\/\" target=\"_blank\" rel=\"noopener\"><strong>biog\u00e1s<\/strong><\/a>.<\/p>\n        <\/div>\n        <div class=\"col-md-6\">\n            <h4>RENA Pro serie E<\/h4>\n<p>Se trata del sistema de ozono RENA Pro m\u00e1s potente que ofrecemos para el tratamiento de aire. Estos sistemas pueden potencialmente tratar un flujo de aire de hasta 120,000 m<sup>3<\/sup>\/h, los cuales pueden requerirse en aplicaciones industriales muy grandes e intensas con elevados flujos y\/o concentraciones de contaminantes<\/p>\n        <\/div>\n    <\/div>\n<\/div>\n\n<div class=\"container-fluid editor_content content content--narrow\">\n    <div class=\"row\">\n        <div class=\"col-12 editor_content\">\n            <h2 style=\"text-align: center;\"><img loading=\"lazy\" decoding=\"async\" class=\"wp-image-22142 size-large\" style=\"font-family: 'Open Sans', sans-serif; font-size: 17px;\" src=\"https:\/\/ozonetech.com\/wp-content\/uploads\/2021\/03\/RENA-Pro-E-1024x851.jpg\" alt=\"Ozone System RENA Pro E\" width=\"1024\" height=\"851\" srcset=\"https:\/\/ozonetech.com\/wp-content\/uploads\/2021\/03\/RENA-Pro-E-1024x851.jpg 1024w, https:\/\/ozonetech.com\/wp-content\/uploads\/2021\/03\/RENA-Pro-E-300x249.jpg 300w, https:\/\/ozonetech.com\/wp-content\/uploads\/2021\/03\/RENA-Pro-E-768x638.jpg 768w, https:\/\/ozonetech.com\/wp-content\/uploads\/2021\/03\/RENA-Pro-E.jpg 1500w\" sizes=\"auto, (max-width: 1024px) 100vw, 1024px\" \/><\/h2>\n<p><em>Izquierda: RENA Pro serie E de frente. Derecha: RENA Pro serie E de lado.<\/em><\/p>\n<h4><\/h4>\n<h4>RENA Pro X<\/h4>\n<p>RENA Pro X es una soluci\u00f3n hecha a medida, adecuada para aplicaciones especialmente demandantes en las que se requiere una capacidad de ozono superior a la serie E. En base a los requisitos, la capacidad de ozono puede alcanzar hasta 3 kilogramos por hora. Tal y como ocurre con las otras series, RENA Pro X incluye la opci\u00f3n de customizaci\u00f3n plena en t\u00e9rminos de accesorios como monitorizaci\u00f3n, HMI y concentradores de ox\u00edgeno.<\/p>\n<p><em>\u00a1No dude en <a href=\"https:\/\/mellifiq.com\/contact\/\" target=\"_blank\" rel=\"noopener\"><strong>enviarnos su consulta<\/strong><\/a> respecto a la soluci\u00f3n RENA Pro X!<\/em><\/p>\n<p><em>\u00a1Descargue el documento informativo de RENA Pro <a href=\"https:\/\/ozonetech.com\/wp-content\/uploads\/2020\/12\/Brochure-RENA-Pro-Ozone-Systems-v1.0-ES-web-1.pdf\"><strong>aqu\u00ed<\/strong><\/a>!<\/em><\/p>\n<div class=\"caption mceTemp draggable panopoly-images-processed\">\n<div class=\"caption-width-container\"><\/div>\n<\/div>\n        <\/div>\n    <\/div>\n<\/div>\n\n\n\n<div class=\"container-fluid editor_content content content--narrow\">\n    <div class=\"row\">\n        <div class=\"col-12 editor_content\">\n            <h3>Resumen<\/h3>\n<p>RENA Pro es el tratamiento m\u00e1s completo y eficiente de Ozonetech para aplicaciones de aire. La soluci\u00f3n se clasifica en serie A, B, C, D y E, dependiendo de la aplicaci\u00f3n y los requisitos del cliente.<\/p>\n        <\/div>\n    <\/div>\n<\/div>\n\n<div class=\"container-fluid editor_content\">\n    <div class=\"row\">\n        <div class=\"col-12 editor_content table-wrapper \" style=\"--table-text-color-header: #FFFFFF; --table-text-color-rows: #000000; --table-background-color-header: #5f5f5f; --table-background-color-rows-even: #efefef; --table-background-color-rows-odd: #dfdfdf; \">\n                            \n<table id=\"tablepress-342\" class=\"tablepress tablepress-id-342 tbody-has-connected-cells\">\n<thead>\n<tr class=\"row-1\">\n\t<th colspan=\"2\" class=\"column-1\"><strong>Especificaciones t\u00e9cnicas<\/strong><\/th>\n<\/tr>\n<\/thead>\n<tbody class=\"row-striping\">\n<tr class=\"row-2\">\n\t<td colspan=\"2\" class=\"column-1\"><strong>Producci\u00f3n de ozono<\/strong><\/td>\n<\/tr>\n<tr class=\"row-3\">\n\t<td class=\"column-1\">Capacidad <\/td><td class=\"column-2\">Hasta 0.5 kg\/h<\/td>\n<\/tr>\n<tr class=\"row-4\">\n\t<td class=\"column-1\">Concentraci\u00f3n hasta<\/td><td class=\"column-2\">240 g\/Nm<sup>3<\/sup><\/td>\n<\/tr>\n<tr class=\"row-5\">\n\t<td class=\"column-1\">Distribuci\u00f3n<\/td><td class=\"column-2\">Flexible<\/td>\n<\/tr>\n<tr class=\"row-6\">\n\t<td colspan=\"2\" class=\"column-1\"><strong>Alimentaci\u00f3n (gas)<\/strong><\/td>\n<\/tr>\n<tr class=\"row-7\">\n\t<td class=\"column-1\">Ox\u00edgeno<\/td><td class=\"column-2\">Punto de roc\u00edo m\u00e1ximo de 70\u2103 \/ 158\u2109<\/td>\n<\/tr>\n<tr class=\"row-8\">\n\t<td class=\"column-1\">Presi\u00f3n interna<\/td><td class=\"column-2\">0.8 &#8211; 1.2 bar g (11.6 &#8211; 17.4 psi g)<\/td>\n<\/tr>\n<tr class=\"row-9\">\n\t<td class=\"column-1\">Flujo de gas<\/td><td class=\"column-2\">0.6 a 60 l\/min<\/td>\n<\/tr>\n<tr class=\"row-10\">\n\t<td colspan=\"2\" class=\"column-1\"><strong>Refrigeraci\u00f3n<\/strong><\/td>\n<\/tr>\n<tr class=\"row-11\">\n\t<td class=\"column-1\">Calidad<\/td><td class=\"column-2\">Refrigerante l\u00edquido o agua dulce, filtrado<\/td>\n<\/tr>\n<tr class=\"row-12\">\n\t<td class=\"column-1\">Presi\u00f3n entrante<\/td><td class=\"column-2\">2 &#8211; 4 bar g (29 &#8211; 58 psi g)<\/td>\n<\/tr>\n<tr class=\"row-13\">\n\t<td class=\"column-1\">Temperatura<\/td><td class=\"column-2\">5 &#8211; 12 \u2103 (41 &#8211; 53.6\u2109)<\/td>\n<\/tr>\n<tr class=\"row-14\">\n\t<td colspan=\"2\" class=\"column-1\"><strong>Flujo<\/strong><\/td>\n<\/tr>\n<tr class=\"row-15\">\n\t<td class=\"column-1\">Serie A<\/td><td class=\"column-2\">0.5 l\/min<\/td>\n<\/tr>\n<tr class=\"row-16\">\n\t<td class=\"column-1\">Serie B<\/td><td class=\"column-2\">1 &#8211; 6 l\/min<\/td>\n<\/tr>\n<tr class=\"row-17\">\n\t<td class=\"column-1\">Serie C<\/td><td class=\"column-2\">6 &#8211; 12 l\/min<\/td>\n<\/tr>\n<tr class=\"row-18\">\n\t<td class=\"column-1\">Serie D<\/td><td class=\"column-2\">12 &#8211; 18 l\/min<\/td>\n<\/tr>\n<tr class=\"row-19\">\n\t<td class=\"column-1\">Serie E<\/td><td class=\"column-2\">16 &#8211; 24 l\/min<\/td>\n<\/tr>\n<tr class=\"row-20\">\n\t<td colspan=\"2\" class=\"column-1\"><strong>Propiedades el\u00e9ctricas<\/strong><\/td>\n<\/tr>\n<tr class=\"row-21\">\n\t<td class=\"column-1\">Voltaje<\/td><td class=\"column-2\">230 VAC, 50 Hz<br \/>\n<\/td>\n<\/tr>\n<tr class=\"row-22\">\n\t<td colspan=\"2\" class=\"column-1\"><strong>Efecto<\/strong><\/td>\n<\/tr>\n<tr class=\"row-23\">\n\t<td class=\"column-1\">Serie A<\/td><td class=\"column-2\">0.125 &#8211; 0.5 kW<\/td>\n<\/tr>\n<tr class=\"row-24\">\n\t<td class=\"column-1\">Serie B<\/td><td class=\"column-2\">0.25 &#8211; 2.75 kW<\/td>\n<\/tr>\n<tr class=\"row-25\">\n\t<td class=\"column-1\">Serie C<\/td><td class=\"column-2\">1.5 &#8211; 3.5 kW<\/td>\n<\/tr>\n<tr class=\"row-26\">\n\t<td class=\"column-1\">Serie D<\/td><td class=\"column-2\">3.0 &#8211; 5.0 kW<\/td>\n<\/tr>\n<tr class=\"row-27\">\n\t<td class=\"column-1\">Serie E<\/td><td class=\"column-2\">4.0 &#8211; 7.0 kW<\/td>\n<\/tr>\n<tr class=\"row-28\">\n\t<td colspan=\"2\" class=\"column-1\"><strong>Conectores<\/strong><\/td>\n<\/tr>\n<tr class=\"row-29\">\n\t<td class=\"column-1\">Entrada O<sub>2<\/sub><\/td><td class=\"column-2\">Serie A: 6 mm, conector de empuje<br \/>\nSeries B, C, D y E: 8 mm, conector de empuje<\/td>\n<\/tr>\n<tr class=\"row-30\">\n\t<td class=\"column-1\">O<sub>3<\/sub> saliente<\/td><td class=\"column-2\">Serie A: 6 mm, ajuste de compresi\u00f3n<br \/>\nSeries B, C, D y E: 8 mm, ajuste de compresi\u00f3n<\/td>\n<\/tr>\n<tr class=\"row-31\">\n\t<td class=\"column-1\">L\u00edquido refrigerante entrante<\/td><td class=\"column-2\">Series A y B: macho G3\/8\u201c<br \/>\nSeries C, D y E: hembra G1\/2\u201d <\/td>\n<\/tr>\n<tr class=\"row-32\">\n\t<td class=\"column-1\">L\u00edquido de enfriamiento saliente<\/td><td class=\"column-2\">Series A y B: macho G3\/8\u201c<br \/>\nSeries C, D y E: hembra G1\/2\u201d <\/td>\n<\/tr>\n<tr class=\"row-33\">\n\t<td colspan=\"2\" class=\"column-1\"><strong>Sistema de ozono<\/strong><\/td>\n<\/tr>\n<tr class=\"row-34\">\n\t<td class=\"column-1\">Tama\u00f1o (Largo x Ancho x Alto)<\/td><td class=\"column-2\">800 x 600 x 1800 mm<\/td>\n<\/tr>\n<tr class=\"row-35\">\n\t<td class=\"column-1\">Clase IP<\/td><td class=\"column-2\">64<\/td>\n<\/tr>\n<\/tbody>\n<\/table>\n<!-- #tablepress-342 from cache -->                                <\/div>\n    <\/div>\n<\/div>\n<div class=\"container-fluid editor_content\">\n    <div class=\"row\">\n        <div class=\"col-12 editor_content table-wrapper \" style=\"--table-text-color-header: #FFFFFF; --table-text-color-rows: #000000; --table-background-color-header: #5f5f5f; --table-background-color-rows-even: #efefef; --table-background-color-rows-odd: #dfdfdf; \">\n                            \n<table id=\"tablepress-343\" class=\"tablepress tablepress-id-343\" aria-describedby=\"tablepress-343-description\">\n<thead>\n<tr class=\"row-1\">\n\t<th colspan=\"6\" class=\"column-1\">Componentes<\/th>\n<\/tr>\n<\/thead>\n<tbody class=\"row-striping\">\n<tr class=\"row-2\">\n\t<td class=\"column-1\"><strong>Funci\u00f3n<\/strong><\/td><td class=\"column-2\"><strong>Serie A<\/strong><\/td><td class=\"column-3\"><strong>Serie B<\/strong><\/td><td class=\"column-4\"><strong>Serie C<\/strong><\/td><td class=\"column-5\"><strong>Serie D<\/strong><\/td><td class=\"column-6\"><strong>Serie E<\/strong><\/td>\n<\/tr>\n<tr class=\"row-3\">\n\t<td class=\"column-1\">Generador de ozono de alta eficiencia empleando tecnolog\u00eda HELS\u2122<\/td><td class=\"column-2\">Siempre<\/td><td class=\"column-3\">Siempre<\/td><td class=\"column-4\">Siempre<\/td><td class=\"column-5\">Siempre<\/td><td class=\"column-6\">Siempre<\/td>\n<\/tr>\n<tr class=\"row-4\">\n\t<td class=\"column-1\">Concentrador de ox\u00edgeno integrado<\/td><td class=\"column-2\">Caracter\u00edstico<\/td><td class=\"column-3\">S\u00ed<\/td><td class=\"column-4\">S\u00ed<\/td><td class=\"column-5\">Concentrador de ox\u00edgeno aislado<\/td><td class=\"column-6\">Concentrador de ox\u00edgeno aislado<\/td>\n<\/tr>\n<tr class=\"row-5\">\n\t<td class=\"column-1\">Detector de ozono en el ambiente<\/td><td class=\"column-2\">S\u00ed<\/td><td class=\"column-3\">S\u00ed<\/td><td class=\"column-4\">S\u00ed<\/td><td class=\"column-5\">S\u00ed<\/td><td class=\"column-6\">S\u00ed<\/td>\n<\/tr>\n<tr class=\"row-6\">\n\t<td class=\"column-1\">Monitor de seguridad O3EYE\u2122<\/td><td class=\"column-2\">Opcional<\/td><td class=\"column-3\">S\u00ed<\/td><td class=\"column-4\">S\u00ed<\/td><td class=\"column-5\">S\u00ed<\/td><td class=\"column-6\">S\u00ed<\/td>\n<\/tr>\n<tr class=\"row-7\">\n\t<td class=\"column-1\">Sistema de control avanzado con HMI<\/td><td class=\"column-2\">Opcional<\/td><td class=\"column-3\">Opcional<\/td><td class=\"column-4\">Opcional<\/td><td class=\"column-5\">Opcional<\/td><td class=\"column-6\">Opcional<\/td>\n<\/tr>\n<\/tbody>\n<\/table>\n<span id=\"tablepress-343-description\" class=\"tablepress-table-description tablepress-table-description-id-343\"><\/span>\n<!-- #tablepress-343 from cache -->                                <\/div>\n    <\/div>\n<\/div>\n<\/section>\n\n\n\n<section\n    id=\"\"\n    class=\"block content-block\"\n\tstyle=\"--cb-bg: light-gray; --cb-content: #000; padding-top: 30px; padding-bottom: 30px;\"\n>\n    \n\n<div class=\"container-fluid editor_content content content--narrow\">\n    <div class=\"row\">\n        <div class=\"col-12 editor_content\">\n            <h3>\u00bfCu\u00e1l es la soluci\u00f3n adecuada para usted?<\/h3>\n<p>RENA Pro puede ser utilizada en muchas aplicaciones comerciales o industriales que requieran tratamiento con ozono. Lo importante es encontrar el modelo correcto y adecuado a su aplicaci\u00f3n.<\/p>\n<p>Debajo puede encontrar\u00e1 nuestras directrices generales de dimensionamiento para la elecci\u00f3n de la soluci\u00f3n RENA Pro.<\/p>\n        <\/div>\n    <\/div>\n<\/div>\n\n<div class=\"container-fluid editor_content\">\n    <div class=\"row\">\n        <div class=\"col-12 editor_content table-wrapper \" style=\"--table-text-color-header: #FFFFFF; --table-text-color-rows: #000000; --table-background-color-header: #5f5f5f; --table-background-color-rows-even: #efefef; --table-background-color-rows-odd: #dfdfdf; \">\n                            \n<table id=\"tablepress-344\" class=\"tablepress tablepress-id-344\" aria-describedby=\"tablepress-344-description\">\n<thead>\n<tr class=\"row-1\">\n\t<th class=\"column-1\">Modelo<\/th><th class=\"column-2\">Flujo de aire [m<sup>3<\/sup>\/h]<br \/>\n[High amount of pollutants]<\/th><th class=\"column-3\">Flujo de aire [m<sup>3<\/sup>\/h] <br \/>\n[Low amount of pollutants]<\/th>\n<\/tr>\n<\/thead>\n<tbody class=\"row-striping\">\n<tr class=\"row-2\">\n\t<td class=\"column-1\">Serie A<\/td><td class=\"column-2\">0 &#8211; 500<\/td><td class=\"column-3\">0 &#8211; 2,500<\/td>\n<\/tr>\n<tr class=\"row-3\">\n\t<td class=\"column-1\">Serie B<\/td><td class=\"column-2\">500 &#8211; 6,000<\/td><td class=\"column-3\">2,500 &#8211; 30,000<\/td>\n<\/tr>\n<tr class=\"row-4\">\n\t<td class=\"column-1\">Serie C<\/td><td class=\"column-2\">6,000 &#8211; 12,000<\/td><td class=\"column-3\">30,000 &#8211; 60,000<\/td>\n<\/tr>\n<tr class=\"row-5\">\n\t<td class=\"column-1\">Serie D<\/td><td class=\"column-2\">12,000 &#8211; 18,000<\/td><td class=\"column-3\">60,000 &#8211; 90,000<\/td>\n<\/tr>\n<tr class=\"row-6\">\n\t<td class=\"column-1\">Serie E<\/td><td class=\"column-2\">18,000 &#8211; 24,000<\/td><td class=\"column-3\">90,000 &#8211; 120,000<\/td>\n<\/tr>\n<\/tbody>\n<\/table>\n<span id=\"tablepress-344-description\" class=\"tablepress-table-description tablepress-table-description-id-344\"><\/span>\n<!-- #tablepress-344 from cache -->                                <\/div>\n    <\/div>\n<\/div>\n\n\n<div class=\"container-fluid editor_content content content--narrow\">\n    <div class=\"row\">\n        <div class=\"col-12 editor_content\">\n            <p>Estas directrices est\u00e1n hechas bajo la presunci\u00f3n de que los mismos contaminantes han sido tratados durante dej\u00e1ndose un tiempo de contacto suficiente.<\/p>\n<p>Para asegurar la soluci\u00f3n \u00f3ptima para una cierta aplicaci\u00f3n se requieren varios par\u00e1metros tales como:<\/p>\n<ul>\n<li>Flujo de aire (m<sup>3<\/sup>\/h)<\/li>\n<li>Tipo de contaminantes (COV, azufre, amon\u00edaco, microorganisms etc.)<\/li>\n<li>Concentraci\u00f3n de contaminantes (ppm)<\/li>\n<li>Espacio disponible in situ (espacio en el suelo &amp; posibles restricciones en altura)<\/li>\n<li>Tiempo de contacto (Tuber\u00edas y ventilaci\u00f3n existente)<\/li>\n<li>Requisitos del cliente (reducci\u00f3n de olores o demandas similares)<\/li>\n<\/ul>\n<p>Para requisitos m\u00e1s exigentes y condiciones m\u00e1s rigurosas, se puede completar el RENA Pro con otras tecnolog\u00edas como <a href=\"https:\/\/ozonetech.com\/es\/productos\/sistemas-uv\/uv-c-air\/\"><strong>UV-C Air 515 (PAO)<\/strong><\/a> o <a href=\"https:\/\/mellifiq.com\/brands\/nodora\/\" target=\"_blank\" rel=\"noopener\"><strong>Nodora Odor Removal<\/strong> <\/a>para alcanzar sus demandas de eliminaci\u00f3n.<\/p>\n<p>\u00a1No dude en <a href=\"https:\/\/mellifiq.com\/contact\/\" target=\"_blank\" rel=\"noopener\"><strong>ponerse en contacto con nosotros<\/strong><\/a> hoy mismo para asegurar un tratamiento \u00f3ptimo de aire para su aplicaci\u00f3n!<\/p>\n<p><em>Para un tratamiento de ozono de alta calidad para <strong>aplicaciones de agua<\/strong>, consulte nuestra serie <a href=\"https:\/\/ozonetech.com\/es\/soluciones-y-sistemas\/tratamiento-de-agua\/rena-vivo\/\"><strong>RENA Vivo<\/strong><\/a>.<\/em><\/p>\n        <\/div>\n    <\/div>\n<\/div>\n\n<\/section>\n","protected":false},"excerpt":{"rendered":"","protected":false},"author":21,"featured_media":0,"parent":37194,"menu_order":0,"comment_status":"closed","ping_status":"closed","template":"","meta":{"_acf_changed":false,"_seopress_robots_primary_cat":"","_seopress_titles_title":"","_seopress_titles_desc":"RENA Pro es nuestra soluci\u00f3n premium para el tratamiento del aire con ozono. La gama de aplicaciones sirve para muchos sectores diferentes.","_seopress_robots_index":"","inline_featured_image":false,"footnotes":""},"class_list":["post-37219","page","type-page","status-publish","hentry"],"acf":[],"_links":{"self":[{"href":"https:\/\/ozonetech.com\/es\/wp-json\/wp\/v2\/pages\/37219","targetHints":{"allow":["GET"]}}],"collection":[{"href":"https:\/\/ozonetech.com\/es\/wp-json\/wp\/v2\/pages"}],"about":[{"href":"https:\/\/ozonetech.com\/es\/wp-json\/wp\/v2\/types\/page"}],"author":[{"embeddable":true,"href":"https:\/\/ozonetech.com\/es\/wp-json\/wp\/v2\/users\/21"}],"replies":[{"embeddable":true,"href":"https:\/\/ozonetech.com\/es\/wp-json\/wp\/v2\/comments?post=37219"}],"version-history":[{"count":14,"href":"https:\/\/ozonetech.com\/es\/wp-json\/wp\/v2\/pages\/37219\/revisions"}],"predecessor-version":[{"id":40788,"href":"https:\/\/ozonetech.com\/es\/wp-json\/wp\/v2\/pages\/37219\/revisions\/40788"}],"up":[{"embeddable":true,"href":"https:\/\/ozonetech.com\/es\/wp-json\/wp\/v2\/pages\/37194"}],"wp:attachment":[{"href":"https:\/\/ozonetech.com\/es\/wp-json\/wp\/v2\/media?parent=37219"}],"curies":[{"name":"wp","href":"https:\/\/api.w.org\/{rel}","templated":true}]}}