{"id":37213,"date":"2020-06-24T09:40:12","date_gmt":"2020-06-24T09:40:12","guid":{"rendered":"https:\/\/ozonetech.com\/soluciones-y-sistemas\/tratamiento-de-aire\/ozone-destruction-system\/"},"modified":"2024-10-10T10:59:23","modified_gmt":"2024-10-10T08:59:23","slug":"sistema-de-destruccion-de-ozono","status":"publish","type":"page","link":"https:\/\/ozonetech.com\/es\/soluciones-y-sistemas\/tratamiento-de-aire\/sistema-de-destruccion-de-ozono\/","title":{"rendered":"Sistema de destrucci\u00f3n de ozono"},"content":{"rendered":"\n<section\n    class=\"block hero hero--regular\"\n    style=\"background-image: url('https:\/\/ozonetech.com\/wp-content\/uploads\/2021\/03\/contra-1600x484.jpg'); --hero-opacity: 0.3\"\n>\n\n    <div class=\"container-fluid\">\n\n        <div class=\"content editor_content\">\n                         \n                <h2 class='h2'>Sistema de destrucci\u00f3n de ozono<\/h2>            \n                    <\/div>\n\n            <\/div>\n<\/section>\n\n\n<section class=\"component component_breadcrumbs\">\n\t<div class=\"container-fluid\">\n  \t<\/div>\n<\/section>\n\n\n<section\n    id=\"\"\n    class=\"block content-block\"\n\tstyle=\"--cb-bg: white; --cb-content: #000; padding-top: 30px; padding-bottom: 30px;\"\n>\n    \n\n<div class=\"container-fluid editor_content content content--narrow\">\n    <div class=\"row\">\n        <div class=\"col-12 editor_content\">\n            <h1>Destrucci\u00f3n efectiva del exceso de ozono<\/h1>\n<p class=\"preamble\">Sabemos que el ozono es una mol\u00e9cula muy poderosa, \u00fatil en muchas aplicaciones tanto en el tratamiento del aire como del agua. Sin embargo, una concentraci\u00f3n alta de ozono puede estar presente despu\u00e9s del tratamiento, requiriendo su destrucci\u00f3n. Hemos desarrollado una soluci\u00f3n innovadora para destrucciones de cargas altas de ozono, la denominada Contra Destrucci\u00f3n de ozono.<\/p>\n<p>Una elevada concentraci\u00f3n residual de ozono puede quedar en la aplicaci\u00f3n en agua, tras haber sido inyectada en la fase acuosa. Incluso si utilizamos las tecnolog\u00edas m\u00e1s modernas para maximizar la disoluci\u00f3n en agua, parte del ozono sigue sin disolverse. La soluci\u00f3n Contra es perfecta para grandes aplicaciones de agua donde se utiliza una gran cantidad de ozono. Estas elevadas concentraciones de ozono tambi\u00e9n se encuentran en aplicaciones de aire como el saneamiento de grandes vol\u00famenes.<\/p>\n        <\/div>\n    <\/div>\n<\/div>\n\n\n\n<div class=\"container-fluid editor_content content content--narrow\">\n    <div class=\"row\">\n        <div class=\"col-12 editor_content\">\n            <h3>Dise\u00f1o de la soluci\u00f3n<\/h3>\n<p>Contra es una soluci\u00f3n completa para la destrucci\u00f3n de ozono que se fija sobre un pal\u00e9 con una huella EUR est\u00e1ndar. El sistema se compone de varias partes, en base a los requisitos del cliente, como se muestra a continuaci\u00f3n.<\/p>\n        <\/div>\n    <\/div>\n<\/div>\n\n\n<div class=\"container-fluid content content--narrow\">\n    <div class=\"row\">\n        <div class=\"col-md-6 order-1 editor_content \">\n            <p>Si la corriente de ozono es particularmente h\u00fameda se instalar\u00e1 un desnebulizador con una v\u00e1lvula de purga para el condensado. El desnebulizador eliminar\u00e1 las gotas de agua formadas en condiciones de sobresaturaci\u00f3n. Dado que debe evitarse la condensaci\u00f3n en el sistema, se instalar\u00e1 un calentador para aumentar la temperatura en 10-15 \u00b0C, de acuerdo con las recomendaciones para el material. La temperatura del calentador antes y despu\u00e9s ser\u00e1 monitorizada para regular la potencia de la unidad con un panel de control. Adem\u00e1s, el sistema puede incluir un sensor de presi\u00f3n para calcular las p\u00e9rdidas de carga sobre el lecho. Tambi\u00e9n se puede instalar un sensor de ozono para una supervisi\u00f3n continuada de la concentraci\u00f3n de salida. El sistema se completa con un ventilador para regular el caudal de aire. El punto de ajuste del flujo de aire se controla continuamente y se mantiene constante ajustando la potencia del ventilador con un armario de control.<\/p>\n<p>En base al caudal a tratar hemos desarrollado cuatro soluciones para adaptarnos a sus necesidades.<\/p>\n        <\/div>\n        <div class=\"col-md-6 order-2 editor_content d-flex justify-content-center\">\n                                            <figure class=\"side-image wp-caption\">\n                    <img loading=\"lazy\" decoding=\"async\" width=\"425\" height=\"432\" src=\"https:\/\/ozonetech.com\/wp-content\/uploads\/2021\/03\/Ozone-destruction-system-Contra-2.png\" class=\"attachment-full size-full\" alt=\"\" srcset=\"https:\/\/ozonetech.com\/wp-content\/uploads\/2021\/03\/Ozone-destruction-system-Contra-2.png 425w, https:\/\/ozonetech.com\/wp-content\/uploads\/2021\/03\/Ozone-destruction-system-Contra-2-295x300.png 295w\" sizes=\"auto, (max-width: 425px) 100vw, 425px\" \/>                                            <p class=\"wp-caption-text\">\n                            Ozone Destruction System &#8211; Contra.                        <\/p>\n                                    <\/figure>\n                    <\/div>\n    <\/div>\n<\/div>\n<div class=\"container-fluid editor_content\">\n    <div class=\"row\">\n        <div class=\"col-12 editor_content table-wrapper \" style=\"--table-text-color-header: #FFFFFF; --table-text-color-rows: #000000; --table-background-color-header: #5f5f5f; --table-background-color-rows-even: #efefef; --table-background-color-rows-odd: #dfdfdf; \">\n                            \n<table id=\"tablepress-338\" class=\"tablepress tablepress-id-338\" aria-describedby=\"tablepress-338-description\">\n<thead>\n<tr class=\"row-1\">\n\t<th class=\"column-1\">Modelo<\/th><th class=\"column-2\">Capacidad m\u00e1x<\/th><th class=\"column-3\">Concentraci\u00f3n m\u00e1x de ozono<\/th>\n<\/tr>\n<\/thead>\n<tbody class=\"row-striping\">\n<tr class=\"row-2\">\n\t<td class=\"column-1\">Contra \u2013 50<\/td><td class=\"column-2\">50 m<sup>3<\/sup>\/h<\/td><td class=\"column-3\">300 g\/m<sup>3<\/sup><\/td>\n<\/tr>\n<tr class=\"row-3\">\n\t<td class=\"column-1\">Contra \u2013 150<\/td><td class=\"column-2\">150 m<sup>3<\/sup>\/h<\/td><td class=\"column-3\">300 g\/m<sup>3<\/sup><\/td>\n<\/tr>\n<tr class=\"row-4\">\n\t<td class=\"column-1\">Contra \u2013 300<\/td><td class=\"column-2\">300 m<sup>3<\/sup>\/h<\/td><td class=\"column-3\">300 g\/m<sup>3<\/sup><\/td>\n<\/tr>\n<tr class=\"row-5\">\n\t<td class=\"column-1\">Contra \u2013 500<\/td><td class=\"column-2\">500 m<sup>3<\/sup>\/h<\/td><td class=\"column-3\">300 g\/m<sup>3<\/sup><\/td>\n<\/tr>\n<\/tbody>\n<\/table>\n<span id=\"tablepress-338-description\" class=\"tablepress-table-description tablepress-table-description-id-338\"><\/span>\n<!-- #tablepress-338 from cache -->                                <\/div>\n    <\/div>\n<\/div>\n\n\n<div class=\"container-fluid editor_content content content--narrow\">\n    <div class=\"row\">\n        <div class=\"col-12 editor_content\">\n            <h3>Material para la destrucci\u00f3n de ozono<\/h3>\n<p>El material empleado en la destrucci\u00f3n de ozono es un catalizador especialmente dise\u00f1ado para tal fin. Se trata del mismo material que el de nuestra serie de productos <a href=\"https:\/\/ozonetech.com\/es\/productos\/destructores-de-ozono\/\">OD 100-5000<\/a> El catalizador consigue y asegura una concentraci\u00f3n de ozono saliente de 0.1 ppm, independientemente de la concentraci\u00f3n de entrada. El lecho de material est\u00e1 encapsulado en un m\u00f3dulo de acero inoxidable 316 L , que se completa con uniones\/conexiones y material catal\u00edtico. En caso de ser necesario, el material catalizador puede ser f\u00e1cilmente sustituido simplemente abriendo el m\u00f3dulo en el que se encuentra encajado.<\/p>\n<p><strong>Nota:<\/strong> La humedad, el polvo, part\u00edculas, etc. pueden tener un efecto negativo sobre la vida \u00fatil del catalizador. Ciertas sustancias t\u00f3xicas como compuestos de sulfuro, NOx e hidrocarburos pueden causar da\u00f1os irreversibles al catalizador.<\/p>\n<h3>\u00c1reas de aplicaci\u00f3n<\/h3>\n<ul>\n<li>Aplicaciones grandes de tratamiento de agua , como el <a href=\"https:\/\/ozonetech.com\/es\/aplicaciones\/tratamiento-de-agua\/agua-potable\/\"><strong>agua potable<\/strong><\/a> y el <a href=\"https:\/\/ozonetech.com\/es\/aplicaciones\/tratamiento-de-agua\/tratamiento-de-dbo-y-dqo-con-ozono\/\"><strong>tratamiento de la DBO y la DQO<\/strong><\/a><\/li>\n<li>Ozone applications for air sanitation<\/li>\n<\/ul>\n<h3 style=\"line-height: 39.2px;\">Beneficios<\/h3>\n<ul>\n<li>Destrucci\u00f3n efectiva de ozono por debajo de 0.1 ppm<\/li>\n<li>Destrucci\u00f3n independiente de la concentraci\u00f3n de entrada<\/li>\n<li>Soluci\u00f3n completa para un amplio rango de corrientes<\/li>\n<li>Baja huella de carbono: un pal\u00e9 EUR est\u00e1ndar<\/li>\n<li>Soluci\u00f3n robusta con bajos requisitos de mantenimiento<\/li>\n<li>Dise\u00f1o modular, configuraci\u00f3n flexible<\/li>\n<\/ul>\n        <\/div>\n    <\/div>\n<\/div>\n\n<\/section>\n\n\n\n<section\n    id=\"\"\n    class=\"block content-block\"\n\tstyle=\"--cb-bg: white; --cb-content: #000; padding-top: 30px; padding-bottom: 30px;\"\n>\n    <div class=\"container-fluid editor_content\">\n    <div class=\"row\">\n        <div class=\"col-12 editor_content table-wrapper \" style=\"--table-text-color-header: #FFFFFF; --table-text-color-rows: #000000; --table-background-color-header: #5f5f5f; --table-background-color-rows-even: #efefef; --table-background-color-rows-odd: #dfdfdf; \">\n                            \n<table id=\"tablepress-339\" class=\"tablepress tablepress-id-339 tbody-has-connected-cells\" aria-describedby=\"tablepress-339-description\">\n<thead>\n<tr class=\"row-1\">\n\t<th colspan=\"2\" class=\"column-1\"><strong>Especificaciones t\u00e9cnicas<\/strong><\/th>\n<\/tr>\n<\/thead>\n<tbody class=\"row-striping\">\n<tr class=\"row-2\">\n\t<td colspan=\"2\" class=\"column-1\"><strong>Especificaciones de la soluci\u00f3n<\/strong><\/td>\n<\/tr>\n<tr class=\"row-3\">\n\t<td class=\"column-1\">Flujo de ozono<\/td><td class=\"column-2\">0 \u2013 50 m<sup>3<\/sup>\/h  \u2013  Contra \u2013 50<br \/>\n0 \u2013 150 m<sup>3<\/sup>\/h \u2013 Contra \u2013 150<br \/>\n0 \u2013 300 m<sup>3<\/sup>\/h \u2013 Contra \u2013 300<br \/>\n0 \u2013 500 m<sup>3<\/sup>\/h \u2013 Contra \u2013 500<\/td>\n<\/tr>\n<tr class=\"row-4\">\n\t<td class=\"column-1\">Concentraci\u00f3n de ozono saliente<\/td><td class=\"column-2\">0.1 ppm<\/td>\n<\/tr>\n<tr class=\"row-5\">\n\t<td class=\"column-1\">Temperatura<\/td><td class=\"column-2\">0 \u2013 80 \u00b0C<\/td>\n<\/tr>\n<tr class=\"row-6\">\n\t<td class=\"column-1\">Humedad relativa<\/td><td class=\"column-2\">0 \u2013 100 % RH<\/td>\n<\/tr>\n<tr class=\"row-7\">\n\t<td class=\"column-1\">Material de encajado del catalizador<\/td><td class=\"column-2\">Acero inoxidable 316 L<\/td>\n<\/tr>\n<\/tbody>\n<\/table>\n<span id=\"tablepress-339-description\" class=\"tablepress-table-description tablepress-table-description-id-339\"><\/span>\n<!-- #tablepress-339 from cache -->                                <\/div>\n    <\/div>\n<\/div>\n<div class=\"container-fluid editor_content\">\n    <div class=\"row\">\n        <div class=\"col-12 editor_content table-wrapper \" style=\"--table-text-color-header: #FFFFFF; --table-text-color-rows: #000000; --table-background-color-header: #5f5f5f; --table-background-color-rows-even: #efefef; --table-background-color-rows-odd: #dfdfdf; \">\n                            \n<table id=\"tablepress-341\" class=\"tablepress tablepress-id-341\" aria-describedby=\"tablepress-341-description\">\n<thead>\n<tr class=\"row-1\">\n\t<th colspan=\"2\" class=\"column-1\"><strong>Accesorios opcionales<\/strong><\/th>\n<\/tr>\n<\/thead>\n<tbody class=\"row-striping\">\n<tr class=\"row-2\">\n\t<td class=\"column-1\"><strong>Unidad<\/strong><\/td><td class=\"column-2\"><strong>Descripci\u00f3n<\/strong><\/td>\n<\/tr>\n<tr class=\"row-3\">\n\t<td class=\"column-1\">Filtro tipo F7<\/td><td class=\"column-2\">Filtro para la eliminaci\u00f3n de polvo y part\u00edculas dirigidas al catalizador<\/td>\n<\/tr>\n<tr class=\"row-4\">\n\t<td class=\"column-1\">Desnebulizador <\/td><td class=\"column-2\">Desnebulizador para la eliminaci\u00f3n de gotas de agua<\/td>\n<\/tr>\n<tr class=\"row-5\">\n\t<td class=\"column-1\">Calentador<\/td><td class=\"column-2\">Calentador para evitar la condensaci\u00f3n del agua en el material catalizador<\/td>\n<\/tr>\n<tr class=\"row-6\">\n\t<td class=\"column-1\">Sensor de ozono de la l\u00ednea<\/td><td class=\"column-2\">Sensor para un monitoreo continuo de la concentraci\u00f3n de ozono en la salida del sistema<\/td>\n<\/tr>\n<tr class=\"row-7\">\n\t<td class=\"column-1\">Sensor de ozono del ambiente<\/td><td class=\"column-2\">Sensor para el monitoreo constante de la concentraci\u00f3n de ozono en el ambiente<\/td>\n<\/tr>\n<tr class=\"row-8\">\n\t<td class=\"column-1\">Sensor de presi\u00f3n<\/td><td class=\"column-2\">Sensor para comprobar las bajadas de presi\u00f3n sobre el lecho del catalizador<\/td>\n<\/tr>\n<\/tbody>\n<\/table>\n<span id=\"tablepress-341-description\" class=\"tablepress-table-description tablepress-table-description-id-341\"><\/span>\n<!-- #tablepress-341 from cache -->                                <\/div>\n    <\/div>\n<\/div>\n<div class=\"container-fluid editor_content\">\n    <div class=\"row\">\n        <div class=\"col-12 editor_content table-wrapper \" style=\"--table-text-color-header: #FFFFFF; --table-text-color-rows: #000000; --table-background-color-header: #5f5f5f; --table-background-color-rows-even: #efefef; --table-background-color-rows-odd: #dfdfdf; \">\n                            \n<table id=\"tablepress-341-no-2\" class=\"tablepress tablepress-id-341\" aria-describedby=\"tablepress-341-no-2-description\">\n<thead>\n<tr class=\"row-1\">\n\t<th colspan=\"2\" class=\"column-1\"><strong>Accesorios opcionales<\/strong><\/th>\n<\/tr>\n<\/thead>\n<tbody class=\"row-striping\">\n<tr class=\"row-2\">\n\t<td class=\"column-1\"><strong>Unidad<\/strong><\/td><td class=\"column-2\"><strong>Descripci\u00f3n<\/strong><\/td>\n<\/tr>\n<tr class=\"row-3\">\n\t<td class=\"column-1\">Filtro tipo F7<\/td><td class=\"column-2\">Filtro para la eliminaci\u00f3n de polvo y part\u00edculas dirigidas al catalizador<\/td>\n<\/tr>\n<tr class=\"row-4\">\n\t<td class=\"column-1\">Desnebulizador <\/td><td class=\"column-2\">Desnebulizador para la eliminaci\u00f3n de gotas de agua<\/td>\n<\/tr>\n<tr class=\"row-5\">\n\t<td class=\"column-1\">Calentador<\/td><td class=\"column-2\">Calentador para evitar la condensaci\u00f3n del agua en el material catalizador<\/td>\n<\/tr>\n<tr class=\"row-6\">\n\t<td class=\"column-1\">Sensor de ozono de la l\u00ednea<\/td><td class=\"column-2\">Sensor para un monitoreo continuo de la concentraci\u00f3n de ozono en la salida del sistema<\/td>\n<\/tr>\n<tr class=\"row-7\">\n\t<td class=\"column-1\">Sensor de ozono del ambiente<\/td><td class=\"column-2\">Sensor para el monitoreo constante de la concentraci\u00f3n de ozono en el ambiente<\/td>\n<\/tr>\n<tr class=\"row-8\">\n\t<td class=\"column-1\">Sensor de presi\u00f3n<\/td><td class=\"column-2\">Sensor para comprobar las bajadas de presi\u00f3n sobre el lecho del catalizador<\/td>\n<\/tr>\n<\/tbody>\n<\/table>\n<span id=\"tablepress-341-no-2-description\" class=\"tablepress-table-description tablepress-table-description-id-341\"><\/span>\n<!-- #tablepress-341-no-2 from cache -->                                <\/div>\n    <\/div>\n<\/div>\n\n\n<div class=\"container-fluid editor_content content content--narrow\">\n    <div class=\"row\">\n        <div class=\"col-12 editor_content\">\n            <p>Para m\u00e1s informaci\u00f3n sobre nuestras unidades de destrucci\u00f3n de ozono de tama\u00f1o menor, por favor visite nuestra p\u00e1gina de productos sobre <a href=\"https:\/\/ozonetech.com\/es\/productos\/destructores-de-ozono\/\"><strong>destructores de ozono<\/strong><\/a>.<\/p>\n        <\/div>\n    <\/div>\n<\/div>\n\n<\/section>\n","protected":false},"excerpt":{"rendered":"","protected":false},"author":21,"featured_media":0,"parent":37194,"menu_order":0,"comment_status":"closed","ping_status":"closed","template":"","meta":{"_acf_changed":false,"_seopress_robots_primary_cat":"","_seopress_titles_title":"","_seopress_titles_desc":"Contra es una soluci\u00f3n completa para la destrucci\u00f3n del ozono fijada en un pal\u00e9 con huella est\u00e1ndar EUR, a petici\u00f3n del cliente.","_seopress_robots_index":"","inline_featured_image":false,"footnotes":""},"class_list":["post-37213","page","type-page","status-publish","hentry"],"acf":[],"_links":{"self":[{"href":"https:\/\/ozonetech.com\/es\/wp-json\/wp\/v2\/pages\/37213","targetHints":{"allow":["GET"]}}],"collection":[{"href":"https:\/\/ozonetech.com\/es\/wp-json\/wp\/v2\/pages"}],"about":[{"href":"https:\/\/ozonetech.com\/es\/wp-json\/wp\/v2\/types\/page"}],"author":[{"embeddable":true,"href":"https:\/\/ozonetech.com\/es\/wp-json\/wp\/v2\/users\/21"}],"replies":[{"embeddable":true,"href":"https:\/\/ozonetech.com\/es\/wp-json\/wp\/v2\/comments?post=37213"}],"version-history":[{"count":12,"href":"https:\/\/ozonetech.com\/es\/wp-json\/wp\/v2\/pages\/37213\/revisions"}],"predecessor-version":[{"id":40791,"href":"https:\/\/ozonetech.com\/es\/wp-json\/wp\/v2\/pages\/37213\/revisions\/40791"}],"up":[{"embeddable":true,"href":"https:\/\/ozonetech.com\/es\/wp-json\/wp\/v2\/pages\/37194"}],"wp:attachment":[{"href":"https:\/\/ozonetech.com\/es\/wp-json\/wp\/v2\/media?parent=37213"}],"curies":[{"name":"wp","href":"https:\/\/api.w.org\/{rel}","templated":true}]}}