{"id":37205,"date":"2020-06-24T09:24:57","date_gmt":"2020-06-24T09:24:57","guid":{"rendered":"https:\/\/ozonetech.com\/soluciones-y-sistemas\/tratamiento-de-aire\/cfd-simulaton\/"},"modified":"2024-10-10T11:08:36","modified_gmt":"2024-10-10T09:08:36","slug":"simulaciones-cfd","status":"publish","type":"page","link":"https:\/\/ozonetech.com\/es\/soluciones-y-sistemas\/tratamiento-de-aire\/simulaciones-cfd\/","title":{"rendered":"Simulaciones CFD"},"content":{"rendered":"\n<section\n    class=\"block hero hero--regular\"\n    style=\"background-image: url('https:\/\/ozonetech.com\/wp-content\/uploads\/2021\/03\/Streamlines-2-1600x484.jpg'); --hero-opacity: 0.3\"\n>\n\n    <div class=\"container-fluid\">\n\n        <div class=\"content editor_content\">\n                         \n                <h2 class='h2'>Simulaciones CFD<\/h2>            \n                    <\/div>\n\n            <\/div>\n<\/section>\n\n\n<section class=\"component component_breadcrumbs\">\n\t<div class=\"container-fluid\">\n  \t<\/div>\n<\/section>\n\n\n<section\n    id=\"\"\n    class=\"block content-block\"\n\tstyle=\"--cb-bg: white; --cb-content: #000; padding-top: 30px; padding-bottom: 30px;\"\n>\n    \n\n<div class=\"container-fluid editor_content content content--narrow\">\n    <div class=\"row\">\n        <div class=\"col-12 editor_content\">\n            <h1>Potentes simulaciones por ordenador de la din\u00e1mica del flujo de fluidos<\/h1>\n<p class=\"preamble\">La din\u00e1mica de fluidos computacional (CFD, por sus siglas en ingl\u00e9s) es el nombre que se le da al conjunto de sistemas de ecuaciones usados para predecir la direcci\u00f3n, la velocidad y turbulencia de un flujo de gas o l\u00edquido.<\/p>\n<p>Ozonetech proporciona soluciones de ingenier\u00eda de \u00faltima generaci\u00f3n; ofrecemos adem\u00e1s simulaciones CFD avanzadas como parte de nuestro proceso de trabajo tanto para soluciones de aire como de agua.<\/p>\n        <\/div>\n    <\/div>\n<\/div>\n\n\n\n<div class=\"container-fluid editor_content content content--narrow\">\n    <div class=\"row\">\n        <div class=\"col-12 editor_content\">\n            <h3>\u00a1La realidad no es ideal!<\/h3>\n<p>Es f\u00e1cil asumir condiciones ideales tanto en el flujo del proceso como en los equipos, pero en muchos casos unas condiciones no ideales son las responsables de grandes desviaciones entre los c\u00e1lculos y la realidad, especialmente a escala industrial.<\/p>\n<p><em>Los beneficios de simulaciones CFD:<\/em><\/p>\n<ul>\n<li>Proporciona los mejores resultados posibles- \u00a1ahorre dinero y esfuerzo al no tener que compensar por fallos de dise\u00f1o!<\/li>\n<li>Predice condiciones de mezclado malas o zonas estancadas que podr\u00edan disminuir la eficiencia o dar lugar a corrosi\u00f3n.<\/li>\n<li>Asegura un buen posicionamiento de la inyecci\u00f3n para sacar el mayor beneficio a su soluci\u00f3n de ozono<\/li>\n<li>Combina CFD con otros fen\u00f3menos para proporcionar transferencia de calor, enfriamiento, rendimiento de reacci\u00f3n y uso de filtros \u00f3ptimos<\/li>\n<\/ul>\n<p>La belleza de las simulaciones es que pueden hacerse tan simples o tan complejas como se desee. Ofrecemos simulaciones que van de simple y r\u00e1pidas a grandes y complejas, dependiendo del problema a tratar. Sugerimos cualquier combinaci\u00f3n de los siguientes servicios:<\/p>\n<ul>\n<li>An\u00e1lisis de patr\u00f3n de flujo- Investigue c\u00f3mo se distribuye el flujo<\/li>\n<li>Flujo debido al equipo de mezclado- \u00bfEs suficiente la potencia de mezclado?<\/li>\n<li>Estudio del perfil de concentraci\u00f3n &#8211; para maximizar la eficiencia de mezclado y reducir la corrosi\u00f3n<\/li>\n<li>An\u00e1lisis de transferencia de calor &#8211; para aprovechar al m\u00e1ximo el reciclaje de calor y evite las temperaturas cr\u00edticas<\/li>\n<li>Ingenier\u00eda de reacciones &#8211; para modelar reacciones qu\u00edmicas en el equipo, y si se une a la transferencia de calor, tambi\u00e9n proporciona informaci\u00f3n sobre el calor generador a trav\u00e9s de reacciones<\/li>\n<li>Sistemas multifase &#8211; simulan burbujas en el agua y en el equipo, con transferencia de masa y c\u00e1lculos de equilibrio para estimar la disoluci\u00f3n del ozono en el agua<\/li>\n<\/ul>\n<p>Lea m\u00e1s sobre nuestro <a href=\"https:\/\/ozonetech.com\/es\/soluciones-y-sistemas\/tratamiento-de-aire\/\"><strong>proceso de trabajo<\/strong><\/a>, o <a href=\"https:\/\/ozonetech.com\/contact\/\" target=\"_blank\" rel=\"noopener\"><strong>contacte con nosotros<\/strong> <\/a>para preguntas concretas.<\/p>\n        <\/div>\n    <\/div>\n<\/div>\n\n<\/section>\n","protected":false},"excerpt":{"rendered":"","protected":false},"author":21,"featured_media":0,"parent":37194,"menu_order":0,"comment_status":"closed","ping_status":"closed","template":"","meta":{"_acf_changed":false,"_seopress_robots_primary_cat":"","_seopress_titles_title":"","_seopress_titles_desc":"Ozonetech proporciona soluciones de ingenier\u00eda de \u00faltima generaci\u00f3n, damos un paso m\u00e1s y ofrecemos simulaciones CFD avanzadas.","_seopress_robots_index":"","inline_featured_image":false,"footnotes":""},"class_list":["post-37205","page","type-page","status-publish","hentry"],"acf":[],"_links":{"self":[{"href":"https:\/\/ozonetech.com\/es\/wp-json\/wp\/v2\/pages\/37205","targetHints":{"allow":["GET"]}}],"collection":[{"href":"https:\/\/ozonetech.com\/es\/wp-json\/wp\/v2\/pages"}],"about":[{"href":"https:\/\/ozonetech.com\/es\/wp-json\/wp\/v2\/types\/page"}],"author":[{"embeddable":true,"href":"https:\/\/ozonetech.com\/es\/wp-json\/wp\/v2\/users\/21"}],"replies":[{"embeddable":true,"href":"https:\/\/ozonetech.com\/es\/wp-json\/wp\/v2\/comments?post=37205"}],"version-history":[{"count":9,"href":"https:\/\/ozonetech.com\/es\/wp-json\/wp\/v2\/pages\/37205\/revisions"}],"predecessor-version":[{"id":40837,"href":"https:\/\/ozonetech.com\/es\/wp-json\/wp\/v2\/pages\/37205\/revisions\/40837"}],"up":[{"embeddable":true,"href":"https:\/\/ozonetech.com\/es\/wp-json\/wp\/v2\/pages\/37194"}],"wp:attachment":[{"href":"https:\/\/ozonetech.com\/es\/wp-json\/wp\/v2\/media?parent=37205"}],"curies":[{"name":"wp","href":"https:\/\/api.w.org\/{rel}","templated":true}]}}