{"id":37200,"date":"2020-06-24T08:59:58","date_gmt":"2020-06-24T07:59:58","guid":{"rendered":"https:\/\/ozonetech.com\/soluciones-y-sistemas\/tratamiento-de-aire\/air-odor-analysis\/"},"modified":"2024-10-10T11:04:55","modified_gmt":"2024-10-10T09:04:55","slug":"analisis-del-aire-y-de-los-olores","status":"publish","type":"page","link":"https:\/\/ozonetech.com\/es\/soluciones-y-sistemas\/tratamiento-de-aire\/analisis-del-aire-y-de-los-olores\/","title":{"rendered":"An\u00e1lisis del aire y de los olores"},"content":{"rendered":"\n<section\n    class=\"block hero hero--regular\"\n    style=\"background-image: url('https:\/\/ozonetech.com\/wp-content\/uploads\/2021\/03\/air-odor-anlysis-1600x484.jpg'); --hero-opacity: 0.3\"\n>\n\n    <div class=\"container-fluid\">\n\n        <div class=\"content editor_content\">\n                         \n                <h2 class='h2'>An\u00e1lisis del aire y de los olores<\/h2>            \n                    <\/div>\n\n            <\/div>\n<\/section>\n\n\n<section class=\"component component_breadcrumbs\">\n\t<div class=\"container-fluid\">\n  \t<\/div>\n<\/section>\n\n\n<section\n    id=\"\"\n    class=\"block content-block\"\n\tstyle=\"--cb-bg: white; --cb-content: #000; padding-top: 30px; padding-bottom: 30px;\"\n>\n    \n\n<div class=\"container-fluid editor_content content content--narrow\">\n    <div class=\"row\">\n        <div class=\"col-12 editor_content\">\n            <h1>An\u00e1lisis cient\u00edficos avanzados de la composici\u00f3n del aire y los olores<\/h1>\n<p class=\"preamble\">Tratar los problemas relacionados con el aire, especialmente el olor, supone un gran desaf\u00edo. Parte del desaf\u00edo radica en las incertidumbres con respecto al aire a purificar. Para mejorar esta cuesti\u00f3n, podemos realizar un an\u00e1lisis del aire para una mejor comprensi\u00f3n de las condiciones reales y poder ofrecer as\u00ed una soluci\u00f3n de ozono hecha a medida.<\/p>\n<p>Dado que nuestras aplicaciones son muy diversas, ofrecemos numerosos an\u00e1lisis destinados a identificar y cuantificar los contaminantes presentes en el aire. Realizamos an\u00e1lisis tanto nosotros mismo como en colaboraci\u00f3n con socios independientes certificados, en base a la solicitud del cliente. Nuestro objetivo es ofrecer siempre la mayor precisi\u00f3n posible en nuestros an\u00e1lisis, por lo que utilizamos instrumentos de \u00faltima generaci\u00f3n equipados con las tecnolog\u00edas m\u00e1s avanzadas.<\/p>\n        <\/div>\n    <\/div>\n<\/div>\n\n\n\n<div class=\"container-fluid editor_content content content--narrow\">\n    <div class=\"row\">\n        <div class=\"col-12 editor_content\">\n            <h3>Variables del aire analizadas<\/h3>\n<p>Debajo puede verse una lista con las variables analizadas con mayor frecuencia, de acuerdo a nuestras aplicaciones.<\/p>\n<p><em>Existen otros tipos de an\u00e1lisis disponibles, <a href=\"https:\/\/ozonetech.com\/contact\/\"><strong>contacte con nosotros<\/strong><\/a> para m\u00e1s informaci\u00f3n.<\/em><\/p>\n        <\/div>\n    <\/div>\n<\/div>\n\n\n<div class=\"container-fluid editor_content content content--narrow\">\n    <div class=\"row\">\n        <div class=\"col-md-6\">\n            <h4>Concentraci\u00f3n de compuestos en el aire<\/h4>\n<ul>\n<li>H<sub>2<\/sub>S<\/li>\n<li>Compuestos org\u00e1nicos vol\u00e1tiles- COV (concentraci\u00f3n con FID e identificaci\u00f3n con GC-MS)<\/li>\n<li>Ozono<\/li>\n<li>NH<sub>3<\/sub><\/li>\n<li>Mercaptano<\/li>\n<li>Metano<\/li>\n<li>NO<sub>x<\/sub><\/li>\n<\/ul>\n        <\/div>\n        <div class=\"col-md-6\">\n            <h4>Condiciones del proceso<\/h4>\n<ul>\n<li>Humedad<\/li>\n<li>Temperatura<\/li>\n<li>Caudal<\/li>\n<li>Presi\u00f3n y bajadas de presi\u00f3n<\/li>\n<\/ul>\n        <\/div>\n    <\/div>\n<\/div>\n\n<div class=\"container-fluid editor_content content content--narrow\">\n    <div class=\"row\">\n        <div class=\"col-12 editor_content\">\n            <h3>An\u00e1lisis de olores<\/h3>\n<p>Los valores relacionados con el olor son los m\u00e1s dif\u00edciles de medir ya que no existe ning\u00fan instrumento electr\u00f3nico que proporcione mediciones precisas. Cada \u00abolor\u00bb individual es una mezcla compleja de diferentes tipos de compuestos. Cuando esta mezcla llega a los receptores de la nariz humana, cada compuesto tiene una interacci\u00f3n diferente con los receptores. Algunos compuestos se detectan ya en concentraciones de ppb (partes por bill\u00f3n), mientras que otros son completamente inodoros. Adem\u00e1s, se debe considerar el tono hed\u00f3nico de la muestra, ya que puede afectar la medici\u00f3n del olor. El tono hed\u00f3nico es un indicador de lo agradable que es un olor espec\u00edfico en comparaci\u00f3n con otros. Mientras que un olor intenso pero agradable puede ser tolerado, a menudo una fuente de olor peque\u00f1a pero desagradable debe ser tratada.<\/p>\n<h2 style=\"text-align: center;\"><img loading=\"lazy\" decoding=\"async\" class=\"aligncenter wp-image-22042 size-large\" src=\"https:\/\/ozonetech.com\/wp-content\/uploads\/2021\/03\/Smell-flower-1024x683.jpg\" alt=\"\" width=\"1024\" height=\"683\" srcset=\"https:\/\/ozonetech.com\/wp-content\/uploads\/2021\/03\/Smell-flower-1024x683.jpg 1024w, https:\/\/ozonetech.com\/wp-content\/uploads\/2021\/03\/Smell-flower-300x200.jpg 300w, https:\/\/ozonetech.com\/wp-content\/uploads\/2021\/03\/Smell-flower-768x512.jpg 768w, https:\/\/ozonetech.com\/wp-content\/uploads\/2021\/03\/Smell-flower.jpg 1500w\" sizes=\"auto, (max-width: 1024px) 100vw, 1024px\" \/><\/h2>\n<p>S\u00f3lo a partir de lo que se ha presentado es posible entender que una medida adecuada de olores es muy compleja. Sin embargo, existen caracter\u00edsticas a\u00fan m\u00e1s avanzadas que deben tenerse en cuenta, como los \u00abefectos de enmascaramiento\u00bb y la \u00abfatiga nasal\u00bb.<\/p>\n<p>Para medir el olor con precisi\u00f3n hemos desarrollado dos alternativas. La primera es una herramienta computacional que considera la concentraci\u00f3n de compuestos y la actividad de olores, lo que da como resultado una predicci\u00f3n de los valores de olor para toda la mezcla de aire. Con nuestra herramienta se puede alcanzar una buena precisi\u00f3n para los valores de olor, con comparativas relevantes entre distintos casos (por ejemplo con y sin tratamiento de ozono).<\/p>\n<p>Nuestra segunda alternativa es una medici\u00f3n real de olores, certificada seg\u00fan al est\u00e1ndar EN 13725:2003 de an\u00e1lisis de olores. Dado que ning\u00fan instrumento puede sustituir a la nariz humana, el an\u00e1lisis es llevado a cabo por un panel de evaluadores que huelen la muestra a distintas disoluciones. Los evaluadores establecen si una determinada diluci\u00f3n todav\u00eda tiene un contenido de olor, determinando as\u00ed el valor de olor de la muestra. Esta medici\u00f3n se llevar\u00e1 a cabo en colaboraci\u00f3n con empresas asociadas e independientes.<\/p>\n        <\/div>\n    <\/div>\n<\/div>\n\n\n\n<div class=\"container-fluid editor_content content content--narrow\">\n    <div class=\"row\">\n        <div class=\"col-12 editor_content\">\n            <h3>Informe y dise\u00f1o de la soluci\u00f3n<\/h3>\n<p>Tras el an\u00e1lisis del aire y de los olores, entregaremos un informe profesional con conclusiones relevantes sobre la contaminaci\u00f3n del aire. Junto con el informe resultante, podemos proporcionar una soluci\u00f3n para el tratamiento del aire. El dise\u00f1o de la soluci\u00f3n y la descripci\u00f3n de las unidades estar\u00e1n en nuestra propuesta. La soluci\u00f3n tendr\u00e1 en cuenta los resultados del an\u00e1lisis y los requisitos del cliente para dise\u00f1ar de esta forma una soluci\u00f3n a medida y espec\u00edfica para cada caso.<\/p>\n        <\/div>\n    <\/div>\n<\/div>\n\n<\/section>\n","protected":false},"excerpt":{"rendered":"","protected":false},"author":21,"featured_media":0,"parent":37194,"menu_order":0,"comment_status":"closed","ping_status":"closed","template":"","meta":{"_acf_changed":false,"_seopress_robots_primary_cat":"","_seopress_titles_title":"","_seopress_titles_desc":"Ofrecemos an\u00e1lisis para identificar y cuantificar los contaminantes del aire, internamente y\/o en colaboraci\u00f3n con socios certificados.","_seopress_robots_index":"","inline_featured_image":false,"footnotes":""},"class_list":["post-37200","page","type-page","status-publish","hentry"],"acf":[],"_links":{"self":[{"href":"https:\/\/ozonetech.com\/es\/wp-json\/wp\/v2\/pages\/37200","targetHints":{"allow":["GET"]}}],"collection":[{"href":"https:\/\/ozonetech.com\/es\/wp-json\/wp\/v2\/pages"}],"about":[{"href":"https:\/\/ozonetech.com\/es\/wp-json\/wp\/v2\/types\/page"}],"author":[{"embeddable":true,"href":"https:\/\/ozonetech.com\/es\/wp-json\/wp\/v2\/users\/21"}],"replies":[{"embeddable":true,"href":"https:\/\/ozonetech.com\/es\/wp-json\/wp\/v2\/comments?post=37200"}],"version-history":[{"count":7,"href":"https:\/\/ozonetech.com\/es\/wp-json\/wp\/v2\/pages\/37200\/revisions"}],"predecessor-version":[{"id":40822,"href":"https:\/\/ozonetech.com\/es\/wp-json\/wp\/v2\/pages\/37200\/revisions\/40822"}],"up":[{"embeddable":true,"href":"https:\/\/ozonetech.com\/es\/wp-json\/wp\/v2\/pages\/37194"}],"wp:attachment":[{"href":"https:\/\/ozonetech.com\/es\/wp-json\/wp\/v2\/media?parent=37200"}],"curies":[{"name":"wp","href":"https:\/\/api.w.org\/{rel}","templated":true}]}}