{"id":37189,"date":"2021-01-08T15:49:23","date_gmt":"2021-01-08T14:49:23","guid":{"rendered":"https:\/\/ozonetech.com\/solutions-systems\/"},"modified":"2024-10-10T10:53:54","modified_gmt":"2024-10-10T08:53:54","slug":"soluciones-y-sistemas","status":"publish","type":"page","link":"https:\/\/ozonetech.com\/es\/soluciones-y-sistemas\/","title":{"rendered":"Soluciones y sistemas"},"content":{"rendered":"\n<section\n    class=\"block hero hero--regular\"\n    style=\"background-image: url('https:\/\/ozonetech.com\/wp-content\/uploads\/2021\/03\/close-up-ozonetech-container-1-1600x484.jpg'); --hero-opacity: 0.3\"\n>\n\n    <div class=\"container-fluid\">\n\n        <div class=\"content editor_content\">\n                         \n                <h2 class='h2'>Soluciones y sistemas<\/h2>            \n                    <\/div>\n\n            <\/div>\n<\/section>\n\n\n<section class=\"component component_breadcrumbs\">\n\t<div class=\"container-fluid\">\n  \t<\/div>\n<\/section>\n\n\n<section\n    id=\"\"\n    class=\"block content-block\"\n\tstyle=\"--cb-bg: #fff; --cb-content: #000; \"\n>\n    \n\n<div class=\"container-fluid editor_content content content--narrow\">\n    <div class=\"row\">\n        <div class=\"col-12 editor_content\">\n            <h1>Las soluciones y sistemas m\u00e1s eficientes para aplicaciones industriales y municipales<\/h1>\n<h4 style=\"text-align: left;\">SMARTOZONE\u2122<\/h4>\n<p>Ozonetech ofrece una gama completa de soluciones y sistemas de tipo conecta y reproduce de los m\u00e1s modernos, para aplicaciones industriales y municipales, basados en tecnolog\u00eda de ozono y proceso de oxidaci\u00f3n avanzada (AOP por sus siglas en ingl\u00e9s). El ozono es una tecnolog\u00eda sostenible, con un impacto medioambiental m\u00e1s bajo en comparaci\u00f3n con las tecnolog\u00edas competidoras, que a menudo utilizan sustancias qu\u00edmicas da\u00f1inas al medio ambiente.<\/p>\n<p>Las soluciones y sistemas innovadores de Ozonetech son dise\u00f1adas para tratar el aire y el agua de la manera m\u00e1s eficiente posible, tomando en cuenta criterios como el uso de energ\u00eda, el coste de almacenamiento y transporte y etc. Nuestras soluciones y sistemas cumplen siempre con los m\u00e1s altos est\u00e1ndares y con los reglamentos en vigor.<\/p>\n<p>Durante mucho tiempo, Ozonetech ha dise\u00f1ado, fabricado e instalado numerosos sistemas alrededor del mundo, para aplicaciones de tratamiento de aire industrial (lea m\u00e1s sobre nuestro sistema RENA Pro), as\u00ed como tratamiento de agua industrial y municipal (lea m\u00e1s sobre nuestros sistemas RENA Tellus, RENA Vivo y RENA Vitro). Hemos innovado tambi\u00e9n el tratamiento de de aire de escape en cocinas comerciales con nuestro sistema de alto rendimiento RENA Soluciones de cocina.<\/p>\n<p>Las soluciones y sistemas Ozonetech est\u00e1n dise\u00f1adas de acuerdo con el concepto <a href=\"https:\/\/ozonetech.com\/es\/acerca-del-ozono\/smartozone\/\"><strong>SMARTOZONE\u2122<\/strong><\/a>, para ofrecer el m\u00e1ximo rendimiento optimizado a partir de la efectividad del tratamiento, junto con los costes operativos y del ciclo de vida. Lea m\u00e1s aqu\u00ed.<\/p>\n<p>Adem\u00e1s de nuestros sistemas de marca, ofrecemos tambi\u00e9n proyectos piloto a medida, simulaciones de din\u00e1mica de fluidos computacional (CFD, por sus siglas en ingl\u00e9s) y soluciones para la destrucci\u00f3n de ozono tanto para aplicaciones de aire como de agua.<\/p>\n<p>El tratamiento de aire y agua es una tarea compleja con caracter\u00edsticas \u00fanicas, que requieren consideraci\u00f3n especial para cumplir con la legislaci\u00f3n medioambiental o con las pol\u00edticas de diversas empresas. Nos hemos dado cuenta de que nuestros clientes necesitan soluciones a medida y ofrecemos sistemas de tratamiento a escala completa, bas\u00e1ndonos en proyectos piloto, utilizando nuestra instalaci\u00f3n piloto y nuestra experiencia interna.<\/p>\n<p>M\u00e1s abajo hay informaci\u00f3n sobre cada uno de nuestras soluciones y sistemas, a partir del \u00e1rea de aplicaci\u00f3n:<\/p>\n        <\/div>\n    <\/div>\n<\/div>\n\n<\/section>\n\n\n\n<section class=\"block landing-page-grid\" style=\"--grid-bg: #fff; --grid-link: #5f5f5f; --grid-content: #000;\">\n\n    <div class=\"container-fluid grid\">\n\n                \n                    <div class=\"grid__list\">\n                                    <a class=\"item\" href=\"https:\/\/ozonetech.com\/es\/soluciones-y-sistemas\/tratamiento-de-aire\/\" target=\"\">\n                        <span class=\"item__overlay\"><\/span>\n                        <span\n                            class=\"item__background-image\"\n                            style=\"background-image: url('https:\/\/ozonetech.com\/wp-content\/uploads\/2021\/03\/tailored-pilot-projects-1.jpg');\"\n                        ><\/span>\n                        \n                        <span class=\"item__content\">\n                            <figure class=\"item__content--icon\">\n                                                            <\/figure>\n\n                            <span class=\"item__content--link\">\n                                <span>Tratamiento de aire<\/span><svg version=\"1.1\" id=\"Layer_1\" xmlns=\"http:\/\/www.w3.org\/2000\/svg\" x=\"0\" y=\"0\" viewBox=\"0 0 25 21.76\" xml:space=\"preserve\"><path fill=\"#FF691C\" d=\"M12.17 1.45l1.11-1.1c.46-.47 1.22-.47 1.68 0l9.69 9.68c.47.46.47 1.22 0 1.68l-9.69 9.69c-.46.47-1.22.47-1.68 0l-1.11-1.11c-.47-.47-.46-1.23.01-1.7l.01-.01 6-5.72h-17c-.66 0-1.2-.53-1.2-1.19v-1.6c0-.66.53-1.2 1.19-1.2h17.01l-6-5.72c-.48-.45-.5-1.2-.05-1.68.01 0 .02-.01.03-.02z\"\/><\/svg>                            <\/span>\n                        <\/span>\n                    <\/a>\n                                    <a class=\"item\" href=\"https:\/\/ozonetech.com\/es\/soluciones-y-sistemas\/tratamiento-de-agua\/\" target=\"\">\n                        <span class=\"item__overlay\"><\/span>\n                        <span\n                            class=\"item__background-image\"\n                            style=\"background-image: url('https:\/\/ozonetech.com\/wp-content\/uploads\/2021\/03\/wastewater-treatment-ozone-1.jpg');\"\n                        ><\/span>\n                        \n                        <span class=\"item__content\">\n                            <figure class=\"item__content--icon\">\n                                                            <\/figure>\n\n                            <span class=\"item__content--link\">\n                                <span>Tratamiento de agua<\/span><svg version=\"1.1\" id=\"Layer_1\" xmlns=\"http:\/\/www.w3.org\/2000\/svg\" x=\"0\" y=\"0\" viewBox=\"0 0 25 21.76\" xml:space=\"preserve\"><path fill=\"#FF691C\" d=\"M12.17 1.45l1.11-1.1c.46-.47 1.22-.47 1.68 0l9.69 9.68c.47.46.47 1.22 0 1.68l-9.69 9.69c-.46.47-1.22.47-1.68 0l-1.11-1.11c-.47-.47-.46-1.23.01-1.7l.01-.01 6-5.72h-17c-.66 0-1.2-.53-1.2-1.19v-1.6c0-.66.53-1.2 1.19-1.2h17.01l-6-5.72c-.48-.45-.5-1.2-.05-1.68.01 0 .02-.01.03-.02z\"\/><\/svg>                            <\/span>\n                        <\/span>\n                    <\/a>\n                                    <a class=\"item\" href=\"https:\/\/ozonetech.com\/es\/soluciones-y-sistemas\/extraccion-en-cocinas-comerciales\/\" target=\"\">\n                        <span class=\"item__overlay\"><\/span>\n                        <span\n                            class=\"item__background-image\"\n                            style=\"background-image: url('https:\/\/ozonetech.com\/wp-content\/uploads\/2021\/03\/kitchen-exhaust-3.jpg');\"\n                        ><\/span>\n                        \n                        <span class=\"item__content\">\n                            <figure class=\"item__content--icon\">\n                                                            <\/figure>\n\n                            <span class=\"item__content--link\">\n                                <span>Extracci\u00f3n en cocinas comerciales<\/span><svg version=\"1.1\" id=\"Layer_1\" xmlns=\"http:\/\/www.w3.org\/2000\/svg\" x=\"0\" y=\"0\" viewBox=\"0 0 25 21.76\" xml:space=\"preserve\"><path fill=\"#FF691C\" d=\"M12.17 1.45l1.11-1.1c.46-.47 1.22-.47 1.68 0l9.69 9.68c.47.46.47 1.22 0 1.68l-9.69 9.69c-.46.47-1.22.47-1.68 0l-1.11-1.11c-.47-.47-.46-1.23.01-1.7l.01-.01 6-5.72h-17c-.66 0-1.2-.53-1.2-1.19v-1.6c0-.66.53-1.2 1.19-1.2h17.01l-6-5.72c-.48-.45-.5-1.2-.05-1.68.01 0 .02-.01.03-.02z\"\/><\/svg>                            <\/span>\n                        <\/span>\n                    <\/a>\n                            <\/div>\n            <\/div>\n\n<\/section>","protected":false},"excerpt":{"rendered":"","protected":false},"author":42,"featured_media":0,"parent":0,"menu_order":0,"comment_status":"closed","ping_status":"closed","template":"","meta":{"_acf_changed":false,"_seopress_robots_primary_cat":"","_seopress_titles_title":"","_seopress_titles_desc":"We build solutions and systems tailored to the strictest requirements and regulations, based on ozone and advanced oxidation technologies.","_seopress_robots_index":"","inline_featured_image":false,"footnotes":""},"class_list":["post-37189","page","type-page","status-publish","hentry"],"acf":[],"_links":{"self":[{"href":"https:\/\/ozonetech.com\/es\/wp-json\/wp\/v2\/pages\/37189","targetHints":{"allow":["GET"]}}],"collection":[{"href":"https:\/\/ozonetech.com\/es\/wp-json\/wp\/v2\/pages"}],"about":[{"href":"https:\/\/ozonetech.com\/es\/wp-json\/wp\/v2\/types\/page"}],"author":[{"embeddable":true,"href":"https:\/\/ozonetech.com\/es\/wp-json\/wp\/v2\/users\/42"}],"replies":[{"embeddable":true,"href":"https:\/\/ozonetech.com\/es\/wp-json\/wp\/v2\/comments?post=37189"}],"version-history":[{"count":10,"href":"https:\/\/ozonetech.com\/es\/wp-json\/wp\/v2\/pages\/37189\/revisions"}],"predecessor-version":[{"id":40758,"href":"https:\/\/ozonetech.com\/es\/wp-json\/wp\/v2\/pages\/37189\/revisions\/40758"}],"wp:attachment":[{"href":"https:\/\/ozonetech.com\/es\/wp-json\/wp\/v2\/media?parent=37189"}],"curies":[{"name":"wp","href":"https:\/\/api.w.org\/{rel}","templated":true}]}}