{"id":37159,"date":"2020-06-25T06:44:27","date_gmt":"2020-06-25T06:44:27","guid":{"rendered":"https:\/\/ozonetech.com\/productos\/ozone-technology\/"},"modified":"2024-10-11T09:48:47","modified_gmt":"2024-10-11T07:48:47","slug":"tecnologia-de-ozono","status":"publish","type":"page","link":"https:\/\/ozonetech.com\/es\/productos\/tecnologia-de-ozono\/","title":{"rendered":"Tecnolog\u00eda de ozono"},"content":{"rendered":"\n<section\n    class=\"block hero hero--regular\"\n    style=\"background-image: url('https:\/\/ozonetech.com\/wp-content\/uploads\/2021\/03\/ozone-technology-4-1600x484.jpg'); --hero-opacity: 0.4\"\n>\n\n    <div class=\"container-fluid\">\n\n        <div class=\"content editor_content\">\n                         \n                <h2 class='h2'>Tecnolog\u00eda de ozono<\/h2>            \n                    <\/div>\n\n            <\/div>\n<\/section>\n\n\n<section class=\"component component_breadcrumbs\">\n\t<div class=\"container-fluid\">\n  \t<\/div>\n<\/section>\n\n\n<section\n    id=\"\"\n    class=\"block content-block\"\n\tstyle=\"--cb-bg: white; --cb-content: #000; padding-top: 30px; padding-bottom: 30px;\"\n>\n    \n\n<div class=\"container-fluid editor_content content content--narrow\">\n    <div class=\"row\">\n        <div class=\"col-12 editor_content\">\n            <h1>M\u00e9todos efectivos para generar ozono<\/h1>\n<p class=\"preamble\">La tecnolog\u00eda de generador \u00fanica de Ozonetech Systems est\u00e1 patentada y se basa el efecto corona y placas cer\u00e1micas. Cada elemento generador consiste en dos placas de cer\u00e1mica paralelas, de 100 mm x 150 mm, que provoca la descarga de corona.<\/p>\n<p>En las series ICT y DCT, cada elemento generador est\u00e1 refrigerado por agua, y genera entre 20 &#8211; 40 g \/ h seg\u00fan el tipo de sistema de enfriamiento. La presi\u00f3n del gas de alimentaci\u00f3n se sit\u00faa normalmente entre 1 &#8211; 3 bar.<\/p>\n<p><strong>Los beneficios de esta tecnolog\u00eda son:<\/strong><\/p>\n<ul>\n<li>Dise\u00f1o ultra compacto y de bajo peso<\/li>\n<li>Alta presi\u00f3n de salida<\/li>\n<li>Alta concentraci\u00f3n<\/li>\n<li>Bajo consumo de ox\u00edgeno y energ\u00eda<\/li>\n<li>Bajo nivel de ruido<\/li>\n<\/ul>\n<p>Adem\u00e1s de las caracter\u00edsticas pr\u00e1cticas de tama\u00f1o y peso que permiten una f\u00e1cil integraci\u00f3n y movilidad, la concentraci\u00f3n y presi\u00f3n de salida del gas ozono son par\u00e1metros cruciales que a menudo no se valoran plenamente.<\/p>\n<p>Tanto la presi\u00f3n como la concentraci\u00f3n est\u00e1n directamente relacionadas con la cantidad de ozono que es posible disolver en el agua, lo que a su vez est\u00e1 directamente relacionado con la potencia del ozono como sustancia oxidante.<\/p>\n<p>Doblando la concentraci\u00f3n de ozono, el nivel m\u00e1ximo de ozono disuelto se duplica tambi\u00e9n. Por ejemplo, un generador de 40 g\/h, con una concentraci\u00f3n de 6 %masa puede sustituirse a menudo por uno de 20 g\/h con un generador de 12 %masa. La misma relaci\u00f3n es v\u00e1lida para la presi\u00f3n.<\/p>\n<p>Un generador eficiente de alta concentraci\u00f3n tambi\u00e9n consume menos ox\u00edgeno y energ\u00eda en comparaci\u00f3n con una concentraci\u00f3n baja. En general, es crucial evaluar a fondo los factores mencionados anteriormente a la hora de establecer los costes de capital y de explotaci\u00f3n y hacer la mejor elecci\u00f3n de generador.<\/p>\n<p>No dude en <a href=\"https:\/\/ozonetech.com\/contact\/\"><strong>ponerse en contacto con nosotros<\/strong><\/a> si necesita ayuda<\/p>\n        <\/div>\n    <\/div>\n<\/div>\n\n<\/section>\n","protected":false},"excerpt":{"rendered":"","protected":false},"author":21,"featured_media":0,"parent":37076,"menu_order":0,"comment_status":"closed","ping_status":"closed","template":"","meta":{"_acf_changed":false,"_seopress_robots_primary_cat":"","_seopress_titles_title":"","_seopress_titles_desc":"La tecnolog\u00eda \u00fanica del generador patentada por Ozonetech se basa en el uso de la descarga de corona y las placas de cer\u00e1mica.","_seopress_robots_index":"","inline_featured_image":false,"footnotes":""},"class_list":["post-37159","page","type-page","status-publish","hentry"],"acf":[],"_links":{"self":[{"href":"https:\/\/ozonetech.com\/es\/wp-json\/wp\/v2\/pages\/37159","targetHints":{"allow":["GET"]}}],"collection":[{"href":"https:\/\/ozonetech.com\/es\/wp-json\/wp\/v2\/pages"}],"about":[{"href":"https:\/\/ozonetech.com\/es\/wp-json\/wp\/v2\/types\/page"}],"author":[{"embeddable":true,"href":"https:\/\/ozonetech.com\/es\/wp-json\/wp\/v2\/users\/21"}],"replies":[{"embeddable":true,"href":"https:\/\/ozonetech.com\/es\/wp-json\/wp\/v2\/comments?post=37159"}],"version-history":[{"count":8,"href":"https:\/\/ozonetech.com\/es\/wp-json\/wp\/v2\/pages\/37159\/revisions"}],"predecessor-version":[{"id":41153,"href":"https:\/\/ozonetech.com\/es\/wp-json\/wp\/v2\/pages\/37159\/revisions\/41153"}],"up":[{"embeddable":true,"href":"https:\/\/ozonetech.com\/es\/wp-json\/wp\/v2\/pages\/37076"}],"wp:attachment":[{"href":"https:\/\/ozonetech.com\/es\/wp-json\/wp\/v2\/media?parent=37159"}],"curies":[{"name":"wp","href":"https:\/\/api.w.org\/{rel}","templated":true}]}}