{"id":37155,"date":"2020-06-25T07:51:07","date_gmt":"2020-06-25T07:51:07","guid":{"rendered":"https:\/\/ozonetech.com\/productos\/generadores-de-ozono\/serie-ftx\/"},"modified":"2024-11-07T08:29:37","modified_gmt":"2024-11-07T07:29:37","slug":"serie-ftx","status":"publish","type":"page","link":"https:\/\/ozonetech.com\/es\/productos\/generadores-de-ozono\/serie-ftx\/","title":{"rendered":"Serie FTX"},"content":{"rendered":"\n<section\n    class=\"block hero hero--regular\"\n    style=\"background-image: url('https:\/\/ozonetech.com\/wp-content\/uploads\/2021\/03\/ftx-series-1600x484.jpg'); --hero-opacity: 0.3\"\n>\n\n    <div class=\"container-fluid\">\n\n        <div class=\"content editor_content\">\n                         \n                <h1 class='h1'>Serie FTX<\/h1>            \n                    <\/div>\n\n            <\/div>\n<\/section>\n\n\n<section class=\"component component_breadcrumbs\">\n\t<div class=\"container-fluid\">\n  \t<\/div>\n<\/section>\n\n\n<section\n    id=\"\"\n    class=\"block content-block\"\n\tstyle=\"--cb-bg: light-gray; --cb-content: #000; padding-top: 30px; padding-bottom: 30px;\"\n>\n    \n\n<div class=\"container-fluid editor_content content content--narrow\">\n    <div class=\"row\">\n        <div class=\"col-12 editor_content\">\n            <h2>La serie FTX, nuestros potentes generadores de ozono est\u00e1ndar alimentados por aire<\/h2>\n<p class=\"preamble\">El generador est\u00e1 integrado en un armario de acero inoxidable. Todos los modelos vienen con reguladores de potencia f\u00e1ciles de usar que permiten una producci\u00f3n de ozono de 0-100%. El generador se puede apagar y encender autom\u00e1ticamente cuando se usa junto con un interruptor de ozono. El generador viene con conectores de entrada digitales y de 4-20 mA, tal como una l\u00e1mpara indicadora del funcionamiento.<\/p>\n<p>&nbsp;<\/p>\n        <\/div>\n    <\/div>\n<\/div>\n\n\n<div class=\"container-fluid content content--narrow\">\n    <div class=\"row\">\n        <div class=\"col-md-6 order-1 editor_content \">\n            <h3 style=\"text-align: left;\">Ventajas<\/h3>\n<ul>\n<li>Armario de acero inoxidable<\/li>\n<li>Nivel de producci\u00f3n de ozono regulable (0-100%)<\/li>\n<li>Bajo nivel de ruido<\/li>\n<li>Rel\u00e9 y conectores de 4-20 mA<\/li>\n<li>Dise\u00f1o compacto<\/li>\n<li>Aprobado por la CE<\/li>\n<\/ul>\n<p>Para ver informaci\u00f3n detallada, por favor, haga clic en cualquiera de los siguientes productos.<\/p>\n        <\/div>\n        <div class=\"col-md-6 order-2 editor_content d-flex justify-content-center\">\n                                            <figure class=\"side-image \">\n                    <img loading=\"lazy\" decoding=\"async\" width=\"1500\" height=\"1303\" src=\"https:\/\/ozonetech.com\/wp-content\/uploads\/2021\/03\/ftx12000-ozonetech.jpg\" class=\"attachment-full size-full\" alt=\"\" srcset=\"https:\/\/ozonetech.com\/wp-content\/uploads\/2021\/03\/ftx12000-ozonetech.jpg 1500w, https:\/\/ozonetech.com\/wp-content\/uploads\/2021\/03\/ftx12000-ozonetech-300x261.jpg 300w, https:\/\/ozonetech.com\/wp-content\/uploads\/2021\/03\/ftx12000-ozonetech-1024x890.jpg 1024w, https:\/\/ozonetech.com\/wp-content\/uploads\/2021\/03\/ftx12000-ozonetech-768x667.jpg 768w\" sizes=\"auto, (max-width: 1500px) 100vw, 1500px\" \/>                                    <\/figure>\n                    <\/div>\n    <\/div>\n<\/div>\n<div class=\"container-fluid editor_content\">\n    <div class=\"row\">\n        <div class=\"col-12 editor_content table-wrapper \" style=\"--table-text-color-header: #FFFFFF; --table-text-color-rows: #000000; --table-background-color-header: #5f5f5f; --table-background-color-rows-even: #efefef; --table-background-color-rows-odd: #dfdfdf; \">\n                            \n<table id=\"tablepress-318\" class=\"tablepress tablepress-id-318\" aria-describedby=\"tablepress-318-description\">\n<thead>\n<tr class=\"row-1\">\n\t<th class=\"column-1\">Modelo<\/th><th class=\"column-2\">Producci\u00f3n (m\u00e1x)<\/th><th class=\"column-3\">Flujo de aire<\/th><th class=\"column-4\">Dimensiones (AltxAnchxProf)<\/th><th class=\"column-5\">Peso<\/th><th class=\"column-6\">PDF<\/th>\n<\/tr>\n<\/thead>\n<tbody class=\"row-striping\">\n<tr class=\"row-2\">\n\t<td class=\"column-1\">FTX-6000<\/td><td class=\"column-2\">125 W<\/td><td class=\"column-3\">40 l\/s<\/td><td class=\"column-4\">300x200x150 mm<\/td><td class=\"column-5\">6.5 kg<\/td><td class=\"column-6\"><a target=\"blank\" href=\"https:\/\/ozonetech.com\/wp-content\/uploads\/2020\/12\/Datasheet-Ozone-Generators-FTX-series-EN-v.2.0-web.pdf\" rel=\"noopener\">Ficha t\u00e9cnica<\/a><\/td>\n<\/tr>\n<tr class=\"row-3\">\n\t<td class=\"column-1\">FTX-12000<\/td><td class=\"column-2\">250 W<\/td><td class=\"column-3\">80 l\/s<\/td><td class=\"column-4\">400x400x200 mm<\/td><td class=\"column-5\">16.0 kg<\/td><td class=\"column-6\"><a target=\"blank\" href=\"https:\/\/ozonetech.com\/wp-content\/uploads\/2020\/12\/Datasheet-Ozone-Generators-FTX-series-EN-v.2.0-web.pdf\" rel=\"noopener\">Ficha t\u00e9cnica<\/a><\/td>\n<\/tr>\n<\/tbody>\n<\/table>\n<span id=\"tablepress-318-description\" class=\"tablepress-table-description tablepress-table-description-id-318\"><\/span>\n<!-- #tablepress-318 from cache -->                                <\/div>\n    <\/div>\n<\/div>\n\n\n<div class=\"container-fluid editor_content content content--narrower\">\n    <div class=\"row\">\n        <div class=\"col-12 editor_content\">\n            <p>&nbsp;<\/p>\n<h2>Solicitar presupuesto<\/h2>\n        <\/div>\n    <\/div>\n<\/div>\n\n\n\n<div class=\"container-fluid editor_content content content--narrow\">\n    <div class=\"row\">\n        <div class=\"col-12 editor_content\">\n            <p><!-- SharpSpring Form for FTX Quotation EN  --><br \/>\n<script type=\"text\/javascript\">\n    var ss_form = {'account': 'MzawMDE3MzI2BwA', 'formID': 'BcGBCQAgDAPBiQoGIsRxWt_9V_COk6ZR3WWXZ6aCKMKKzPbTBw'};\n    ss_form.width = '100%';\n    ss_form.domain = 'app-3QNJA1Z2XY.marketingautomation.services';\n    ss_form.hidden = {'field_400000003544067': 'Ozonetech.com'};\n    \/\/ ss_form.target_id = 'target'; \/\/ Optional parameter: forms will be placed inside the element with the specified id\n    \/\/ ss_form.polling = true; \/\/ Optional parameter: set to true ONLY if your page loads dynamically and the id needs to be polled continually.\n<\/script><br \/>\n<script type=\"text\/javascript\" src=\"https:\/\/koi-3QNJA1Z2XY.marketingautomation.services\/client\/form.js?ver=2.0.1\"><\/script><\/p>\n        <\/div>\n    <\/div>\n<\/div>\n\n<\/section>\n","protected":false},"excerpt":{"rendered":"","protected":false},"author":21,"featured_media":0,"parent":37129,"menu_order":0,"comment_status":"closed","ping_status":"closed","template":"","meta":{"_acf_changed":false,"_seopress_robots_primary_cat":"","_seopress_titles_title":"","_seopress_titles_desc":"Todos los modelos vienen con controles de potencia f\u00e1ciles de usar. El generador puede apagarse y ponerse en marcha autom\u00e1ticamente.","_seopress_robots_index":"","inline_featured_image":false,"footnotes":""},"class_list":["post-37155","page","type-page","status-publish","hentry"],"acf":[],"_links":{"self":[{"href":"https:\/\/ozonetech.com\/es\/wp-json\/wp\/v2\/pages\/37155","targetHints":{"allow":["GET"]}}],"collection":[{"href":"https:\/\/ozonetech.com\/es\/wp-json\/wp\/v2\/pages"}],"about":[{"href":"https:\/\/ozonetech.com\/es\/wp-json\/wp\/v2\/types\/page"}],"author":[{"embeddable":true,"href":"https:\/\/ozonetech.com\/es\/wp-json\/wp\/v2\/users\/21"}],"replies":[{"embeddable":true,"href":"https:\/\/ozonetech.com\/es\/wp-json\/wp\/v2\/comments?post=37155"}],"version-history":[{"count":4,"href":"https:\/\/ozonetech.com\/es\/wp-json\/wp\/v2\/pages\/37155\/revisions"}],"predecessor-version":[{"id":42009,"href":"https:\/\/ozonetech.com\/es\/wp-json\/wp\/v2\/pages\/37155\/revisions\/42009"}],"up":[{"embeddable":true,"href":"https:\/\/ozonetech.com\/es\/wp-json\/wp\/v2\/pages\/37129"}],"wp:attachment":[{"href":"https:\/\/ozonetech.com\/es\/wp-json\/wp\/v2\/media?parent=37155"}],"curies":[{"name":"wp","href":"https:\/\/api.w.org\/{rel}","templated":true}]}}